{"id":9917,"date":"2025-02-25T23:32:04","date_gmt":"2025-02-25T22:32:04","guid":{"rendered":"https:\/\/fintecnic.eu\/?page_id=9917"},"modified":"2025-02-27T13:29:20","modified_gmt":"2025-02-27T12:29:20","slug":"reynaers-slimwall-35","status":"publish","type":"page","link":"https:\/\/fintecnic.eu\/fr\/facades-en-aluminium\/reynaers-slimwall-35\/","title":{"rendered":"REYNAERS SlimWall 35"},"content":{"rendered":"<section id=\"\" class=\"side_image acf-block  acf-block-id-block_ecfde42a88680357efcd431aa5f854d2 acf-block--mb acf-block--mt\">\n        <div class=\"container\">\n        <div class=\"row side_image__row\">\n            <div class=\"col-12 col-lg-10 offset-lg-1\">\n                <div class=\"row\">\n                    <div class=\"col-12 col-md-4 \">\n                        <img decoding=\"async\" class=\"side_image__img\" src=\"https:\/\/fintecnic.eu\/app\/uploads\/2025\/02\/fintecnic-fenetres-en-aluminium-Pologne-Reynaers-SlimWall-35.webp\" alt=\"\" loading=\"lazy\">\n                    <\/div>\n                    <div class=\"col-12 col-md-8 \">\n                        <div class=\"side_image__description description\"><p>SlimWall 35 est un syst\u00e8me de fa\u00e7ade moderne qui allie un design minimaliste \u00e0 d&#8217;excellentes performances techniques, id\u00e9al pour les b\u00e2timents r\u00e9sidentiels et commerciaux.<\/p>\n<\/div>\n                    <\/div>\n                <\/div>\n            <\/div>\n        <\/div>\n    <\/div>\n\n<\/section>\n\n\n\n<section id=\"\" class=\"title_description acf-block  acf-block-id-block_c3748db148d18b492f594b31808bb07d acf-block--mb acf-block--mt\">\n\n            <div class=\"container\">\n    <div class=\"row\">\n        <div class=\"col-12 col-lg-10 offset-lg-1\">\n                        \n    <h2 class=\"title_description__title title\">Conception minimaliste et libert\u00e9 de cr\u00e9ation<\/h2>\n\n    <div class=\"description title_description__description\"><p>Le syst\u00e8me SlimWall 35 se caract\u00e9rise par des profil\u00e9s minces d&#8217;une largeur de seulement 35 mm, ce qui permet de cr\u00e9er des fa\u00e7ades \u00e9l\u00e9gantes et modernes. Gr\u00e2ce \u00e0 la possibilit\u00e9 de combiner avec d&#8217;autres syst\u00e8mes Reynaers Aluminium, tels que les portes coulissantes HiFinity et le rev\u00eatement de fa\u00e7ade Paralline, les architectes b\u00e9n\u00e9ficient d&#8217;une libert\u00e9 de conception illimit\u00e9e.<\/p>\n<\/div>\n        <\/div>\n    <\/div>\n<\/div>    \n<\/section>\n\n\n\n<section id=\"\" class=\"title_description acf-block  acf-block-id-block_cfb10e57b8e99e20f557a3d191af1ed1 acf-block--mb acf-block--mt\">\n\n            <div class=\"container\">\n    <div class=\"row\">\n        <div class=\"col-12 col-lg-10 offset-lg-1\">\n                        \n    <h2 class=\"title_description__title title\">Isolation thermique \u00e9lev\u00e9e<\/h2>\n\n    <div class=\"description title_description__description\"><p>SlimWall 35 offre d&#8217;excellentes performances thermiques, atteignant un Uf de 0,71 W\/m\u00b2K, ce qui en fait une solution adapt\u00e9e aux b\u00e2timents passifs. L\u2019utilisation du triple vitrage augmente encore l\u2019efficacit\u00e9 \u00e9nerg\u00e9tique, contribuant ainsi \u00e0 r\u00e9duire les co\u00fbts de chauffage et de refroidissement.<\/p>\n<\/div>\n        <\/div>\n    <\/div>\n<\/div>    \n<\/section>\n\n\n\n<section id=\"\" class=\"title_description acf-block  acf-block-id-block_61d870ebb252f22fe52faf1aa525ab8c acf-block--mb acf-block--mt\">\n\n            <div class=\"container\">\n    <div class=\"row\">\n        <div class=\"col-12 col-lg-10 offset-lg-1\">\n                        \n    <h2 class=\"title_description__title title\">S\u00e9curit\u00e9 et durabilit\u00e9<\/h2>\n\n    <div class=\"description title_description__description\"><p>Le syst\u00e8me a \u00e9t\u00e9 con\u00e7u dans un souci de s\u00e9curit\u00e9 de l&#8217;utilisateur, offrant une r\u00e9sistance \u00e0 l&#8217;effraction de classe RC2. La conception robuste permet de cr\u00e9er des hauteurs de vitrage allant jusqu&#8217;\u00e0 deux \u00e9tages, avec un poids de verre maximal de 450 kg, tout en garantissant la stabilit\u00e9 et la solidit\u00e9.<\/p>\n<\/div>\n        <\/div>\n    <\/div>\n<\/div>    \n<\/section>\n\n\n\n<section id=\"\" class=\"icon_list acf-block  acf-block-id-block_e977e48a7957a31724bae7df918023d0 acf-block--mb acf-block--mt\">\n\n    <div class=\"container\">\n        <div class=\"row justify-content-center\">\n                        <div class=\"col-12 col-md-6 col-lg-4\">\n                <div class=\"icon_list__item\">\n                    <div class=\"icon_list__item__icon\">\n                        <i class=\"fal fa-file-certificate\"><\/i>\n                    <\/div>\n                    <h3 class=\"icon_list__item__title\">Bandes de recouvrement<\/h3>\n                    <p class=\"icon_list__item__description\">Choisissez un style qui convient parfaitement au caract\u00e8re de votre b\u00e2timent.<\/p>\n                <\/div>\n            <\/div>\n                        <div class=\"col-12 col-md-6 col-lg-4\">\n                <div class=\"icon_list__item\">\n                    <div class=\"icon_list__item__icon\">\n                        <i class=\"fal fa-file-certificate\"><\/i>\n                    <\/div>\n                    <h3 class=\"icon_list__item__title\">Stores solaires<\/h3>\n                    <p class=\"icon_list__item__description\">Soutien efficace au refroidissement passif et au confort thermique.<\/p>\n                <\/div>\n            <\/div>\n                        <div class=\"col-12 col-md-6 col-lg-4\">\n                <div class=\"icon_list__item\">\n                    <div class=\"icon_list__item__icon\">\n                        <i class=\"fal fa-file-certificate\"><\/i>\n                    <\/div>\n                    <h3 class=\"icon_list__item__title\">Drainage masqu\u00e9<\/h3>\n                    <p class=\"icon_list__item__description\">Oubliez les bouchons en plastique et optez pour un design \u00e9l\u00e9gant et moderne.<\/p>\n                <\/div>\n            <\/div>\n                    <\/div>\n\n        <div class=\"row\">\n            <div class=\"col-12 col-md-12 col-lg-8 offset-lg-2 icon_list__line\"><\/div>\n        <\/div>\n    <\/div>\n\n<\/section>\n\n\n\n\n<section id=\"\" class=\"single_post acf-block  acf-block-id-block_9aff5649abe4230e77f47114f6d5f387 acf-block--mb acf-block--mt\">\n\n    <div class=\"container\">\n        <div class=\"row\">\n            <div class=\"col-12 col-md-10 offset-md-1 col-xl-8 offset-xl-2\">\n                <div class=\"single_post__content description description--bigger\"><p style=\"text-align: center;\">Les options disponibles d\u00e9pendent du choix du profil et de la configuration<\/p>\n<\/div>\n            <\/div>\n        <\/div>\n    <\/div>\n\n<\/section>\n\n\n\n<section id=\"\" class=\"title_description acf-block  acf-block-id-block_ba2d71ccf42f3739bffdf3e9719cbf62 acf-block--mb acf-block--mt\">\n\n            <div class=\"container\">\n    <div class=\"row\">\n        <div class=\"col-12 col-lg-10 offset-lg-1\">\n                        \n    <h2 class=\"title_description__title title\">D\u00e9veloppement durable<\/h2>\n\n    <div class=\"description title_description__description\"><p>Reynaers Aluminium accorde une grande importance \u00e0 la durabilit\u00e9 et optimise ses processus de production SlimWall 35 afin de minimiser les d\u00e9chets. Le syst\u00e8me est donc respectueux de l&#8217;environnement tout en r\u00e9pondant aux normes de qualit\u00e9 les plus \u00e9lev\u00e9es.<\/p>\n<\/div>\n        <\/div>\n    <\/div>\n<\/div>    \n<\/section>\n\n\n\n<section id=\"\" class=\"title_description acf-block  acf-block-id-block_f627fa73969227dddb858f226c8086b0 acf-block--mb acf-block--mt\">\n\n            <div class=\"container\">\n    <div class=\"row\">\n        <div class=\"col-12 col-lg-10 offset-lg-1\">\n                        \n    <h2 class=\"title_description__title title\">Compatibilit\u00e9 et flexibilit\u00e9<\/h2>\n\n    <div class=\"description title_description__description\"><p>SlimWall 35 peut \u00eatre facilement int\u00e9gr\u00e9 \u00e0 d&#8217;autres syst\u00e8mes Reynaers Aluminium pour cr\u00e9er des fa\u00e7ades coh\u00e9rentes et fonctionnelles. En outre, le syst\u00e8me offre des options telles que le drainage dissimul\u00e9 ou les stores solaires, ce qui am\u00e9liore le confort et l&#8217;esth\u00e9tique du b\u00e2timent.<\/p>\n<\/div>\n        <\/div>\n    <\/div>\n<\/div>    \n<\/section>\n\n\n\n<section id=\"\" class=\"side_image acf-block  acf-block-id-block_4bd5568f2b55ac52c4beaff56d095431 acf-block--mb acf-block--mt\">\n        <div class=\"container\">\n        <div class=\"row side_image__row\">\n            <div class=\"col-12 col-lg-10 offset-lg-1\">\n                <div class=\"row\">\n                    <div class=\"col-12 col-md-4 \">\n                        <img decoding=\"async\" class=\"side_image__img\" src=\"https:\/\/fintecnic.eu\/app\/uploads\/2025\/02\/fintecnic-fenetres-en-aluminium-Pologne-Reynaers-SlimWall-35_section.webp\" alt=\"\" loading=\"lazy\">\n                    <\/div>\n                    <div class=\"col-12 col-md-8 \">\n                        <div class=\"side_image__description description\"><h1>D\u00e9tails techniques<\/h1>\n<ul>\n<li><b>Isolation thermique<\/b><br \/>\nUf passif =0,71 W\/m<sup>2<\/sup>K<\/li>\n<li><b>\u00c9tanch\u00e9it\u00e9 \u00e0 l&#8217;air<\/b><br \/>\n\u00c9lev\u00e9e<\/li>\n<li><b>Poids du verre<\/b><br \/>\nMax 450 kg<\/li>\n<\/ul>\n<\/div>\n                    <\/div>\n                <\/div>\n            <\/div>\n        <\/div>\n    <\/div>\n\n<\/section>\n\n\n\n<section id=\"\" class=\"title_description acf-block  acf-block-id-block_4b68435b7f63e8c3af50309525b77709 acf-block--mb acf-block--mt\">\n\n            <div class=\"container\">\n    <div class=\"row\">\n        <div class=\"col-12 col-lg-10 offset-lg-1\">\n                        \n    <h2 class=\"title_description__title title\">R\u00e9sum\u00e9<\/h2>\n\n    <div class=\"description title_description__description\"><p>SlimWall 35 est un syst\u00e8me de fa\u00e7ade innovant qui allie un design \u00e9l\u00e9gant et minimaliste aux normes techniques les plus \u00e9lev\u00e9es. Sa polyvalence, ses excellentes performances thermiques et sa s\u00e9curit\u00e9 en font un choix id\u00e9al pour les projets architecturaux modernes qui cherchent \u00e0 combiner esth\u00e9tique et fonctionnalit\u00e9.<\/p>\n<\/div>\n        <\/div>\n    <\/div>\n<\/div>    \n<\/section>\n\n","protected":false},"excerpt":{"rendered":"","protected":false},"author":3,"featured_media":9922,"parent":9918,"menu_order":0,"comment_status":"closed","ping_status":"closed","template":"pages\/product-single.php","meta":[],"acf":[],"_links":{"self":[{"href":"https:\/\/fintecnic.eu\/fr\/wp-json\/wp\/v2\/pages\/9917"}],"collection":[{"href":"https:\/\/fintecnic.eu\/fr\/wp-json\/wp\/v2\/pages"}],"about":[{"href":"https:\/\/fintecnic.eu\/fr\/wp-json\/wp\/v2\/types\/page"}],"author":[{"embeddable":true,"href":"https:\/\/fintecnic.eu\/fr\/wp-json\/wp\/v2\/users\/3"}],"replies":[{"embeddable":true,"href":"https:\/\/fintecnic.eu\/fr\/wp-json\/wp\/v2\/comments?post=9917"}],"version-history":[{"count":3,"href":"https:\/\/fintecnic.eu\/fr\/wp-json\/wp\/v2\/pages\/9917\/revisions"}],"predecessor-version":[{"id":9929,"href":"https:\/\/fintecnic.eu\/fr\/wp-json\/wp\/v2\/pages\/9917\/revisions\/9929"}],"up":[{"embeddable":true,"href":"https:\/\/fintecnic.eu\/fr\/wp-json\/wp\/v2\/pages\/9918"}],"wp:featuredmedia":[{"embeddable":true,"href":"https:\/\/fintecnic.eu\/fr\/wp-json\/wp\/v2\/media\/9922"}],"wp:attachment":[{"href":"https:\/\/fintecnic.eu\/fr\/wp-json\/wp\/v2\/media?parent=9917"}],"curies":[{"name":"wp","href":"https:\/\/api.w.org\/{rel}","templated":true}]}}