{"id":9869,"date":"2025-02-25T23:43:35","date_gmt":"2025-02-25T22:43:35","guid":{"rendered":"https:\/\/fintecnic.eu\/?page_id=9869"},"modified":"2025-02-27T14:21:55","modified_gmt":"2025-02-27T13:21:55","slug":"reynaers-masterline-10","status":"publish","type":"page","link":"https:\/\/fintecnic.eu\/fr\/fenetres\/fenetres-en-aluminium\/reynaers-masterline-10\/","title":{"rendered":"REYNAERS MasterLine 10"},"content":{"rendered":"<section id=\"\" class=\"side_image acf-block  acf-block-id-block_7bf3d063a20be85a6f0733bb4fa3834d acf-block--mb acf-block--mt\">\n        <div class=\"container\">\n        <div class=\"row side_image__row\">\n            <div class=\"col-12 col-lg-10 offset-lg-1\">\n                <div class=\"row\">\n                    <div class=\"col-12 col-md-4 \">\n                        <img decoding=\"async\" class=\"side_image__img\" src=\"https:\/\/fintecnic.eu\/app\/uploads\/2025\/02\/fintecnic-fenetres-en-aluminium-Pologne-Reynaers-MasterLine-10.webp\" alt=\"\" loading=\"lazy\">\n                    <\/div>\n                    <div class=\"col-12 col-md-8 \">\n                        <div class=\"side_image__description description\"><p>Les fen\u00eatres en aluminium de la s\u00e9rie MasterLine 10 sont une solution avanc\u00e9e con\u00e7ue pour les b\u00e2timents \u00e0 faible consommation d&#8217;\u00e9nergie et les b\u00e2timents passifs. Le syst\u00e8me allie un design moderne aux normes les plus \u00e9lev\u00e9es en mati\u00e8re d&#8217;efficacit\u00e9 \u00e9nerg\u00e9tique, de confort et de s\u00e9curit\u00e9.<\/p>\n<\/div>\n                    <\/div>\n                <\/div>\n            <\/div>\n        <\/div>\n    <\/div>\n\n<\/section>\n\n\n\n<section id=\"\" class=\"title_description acf-block  acf-block-id-block_87d02e07c9a253729cd7893b947f0013 acf-block--mb acf-block--mt\">\n\n            <div class=\"container\">\n    <div class=\"row\">\n        <div class=\"col-12 col-lg-10 offset-lg-1\">\n                        \n    <h2 class=\"title_description__title title\">Efficacit\u00e9 \u00e9nerg\u00e9tique et certification Passive House<\/h2>\n\n    <div class=\"description title_description__description\"><p>MasterLine 10 a une excellente isolation thermique, comme le confirme le certificat Passive House. Par cons\u00e9quent, ces fen\u00eatres minimisent les pertes de chaleur, ce qui permet de r\u00e9duire consid\u00e9rablement les co\u00fbts de chauffage et d&#8217;augmenter l&#8217;efficacit\u00e9 \u00e9nerg\u00e9tique du b\u00e2timent.<\/p>\n<\/div>\n        <\/div>\n    <\/div>\n<\/div>    \n<\/section>\n\n\n\n<section id=\"\" class=\"title_description acf-block  acf-block-id-block_b60488a558b461f22efdfcb071caf232 acf-block--mb acf-block--mt\">\n\n            <div class=\"container\">\n    <div class=\"row\">\n        <div class=\"col-12 col-lg-10 offset-lg-1\">\n                        \n    <h2 class=\"title_description__title title\">Acc\u00e8s maximal \u00e0 la lumi\u00e8re du jour<\/h2>\n\n    <div class=\"description title_description__description\"><p>Les profil\u00e9s \u00e9lanc\u00e9s des fen\u00eatres MasterLine 10 permettent d\u2019utiliser de grands vitrages, apportant un maximum de lumi\u00e8re naturelle dans les int\u00e9rieurs. Cette conception am\u00e9liore non seulement le confort d\u2019utilisation des pi\u00e8ces, mais a \u00e9galement un effet positif sur le bien-\u00eatre des occupants.<\/p>\n<\/div>\n        <\/div>\n    <\/div>\n<\/div>    \n<\/section>\n\n\n\n<section id=\"\" class=\"title_description acf-block  acf-block-id-block_ecefcd9258e34093587fb97598b4b8cf acf-block--mb acf-block--mt\">\n\n            <div class=\"container\">\n    <div class=\"row\">\n        <div class=\"col-12 col-lg-10 offset-lg-1\">\n                        \n    <h2 class=\"title_description__title title\">Polyvalence et diversit\u00e9 stylistique<\/h2>\n\n    <div class=\"description title_description__description\"><p>Le syst\u00e8me MasterLine 10 offre un large \u00e9ventail de solutions, notamment des fen\u00eatres s&#8217;ouvrant vers l&#8217;int\u00e9rieur, une gamme compl\u00e8te de profil\u00e9s et de cadres, ainsi que la possibilit\u00e9 d&#8217;int\u00e9grer des syst\u00e8mes coulissants et des murs-rideaux. Des variantes esth\u00e9tiques telles que Renaissance et Deco sont \u00e9galement disponibles, permettant d\u2019adapter les fen\u00eatres \u00e0 une vari\u00e9t\u00e9 de styles architecturaux.<\/p>\n<\/div>\n        <\/div>\n    <\/div>\n<\/div>    \n<\/section>\n\n\n\n<section id=\"\" class=\"icon_list acf-block  acf-block-id-block_f815f441d31b589626af9f029d461a24 acf-block--mb acf-block--mt\">\n\n    <div class=\"container\">\n        <div class=\"row justify-content-center\">\n                        <div class=\"col-12 col-md-6 col-lg-4\">\n                <div class=\"icon_list__item\">\n                    <div class=\"icon_list__item__icon\">\n                        <i class=\"fal fa-file-certificate\"><\/i>\n                    <\/div>\n                    <h3 class=\"icon_list__item__title\">Coin de verre<\/h3>\n                    <p class=\"icon_list__item__description\">Une solution qui relie deux vitres, offrant une vue d\u00e9gag\u00e9e sur l&#8217;environnement.<\/p>\n                <\/div>\n            <\/div>\n                        <div class=\"col-12 col-md-6 col-lg-4\">\n                <div class=\"icon_list__item\">\n                    <div class=\"icon_list__item__icon\">\n                        <i class=\"fal fa-file-certificate\"><\/i>\n                    <\/div>\n                    <h3 class=\"icon_list__item__title\">Charni\u00e8res masqu\u00e9es<\/h3>\n                    <p class=\"icon_list__item__description\">Des d\u00e9tails parfaits pour un look \u00e9l\u00e9gant &#8211; les charni\u00e8res masqu\u00e9es sont l&#8217;expression d&#8217;un design moderne.<\/p>\n                <\/div>\n            <\/div>\n                        <div class=\"col-12 col-md-6 col-lg-4\">\n                <div class=\"icon_list__item\">\n                    <div class=\"icon_list__item__icon\">\n                        <i class=\"fal fa-file-certificate\"><\/i>\n                    <\/div>\n                    <h3 class=\"icon_list__item__title\">Drainage masqu\u00e9<\/h3>\n                    <p class=\"icon_list__item__description\">Oubliez les bouchons en plastique et optez pour un design minimaliste et esth\u00e9tique.<\/p>\n                <\/div>\n            <\/div>\n                        <div class=\"col-12 col-md-6 col-lg-4\">\n                <div class=\"icon_list__item\">\n                    <div class=\"icon_list__item__icon\">\n                        <i class=\"fal fa-file-certificate\"><\/i>\n                    <\/div>\n                    <h3 class=\"icon_list__item__title\">Garde-corps<\/h3>\n                    <p class=\"icon_list__item__description\">La s\u00e9curit\u00e9 en harmonie avec un design \u00e9l\u00e9gant.<\/p>\n                <\/div>\n            <\/div>\n                    <\/div>\n\n        <div class=\"row\">\n            <div class=\"col-12 col-md-12 col-lg-8 offset-lg-2 icon_list__line\"><\/div>\n        <\/div>\n    <\/div>\n\n<\/section>\n\n\n\n\n<section id=\"\" class=\"single_post acf-block  acf-block-id-block_99eedd53d5138dcf9a16a4a77c76af60 acf-block--mb acf-block--mt\">\n\n    <div class=\"container\">\n        <div class=\"row\">\n            <div class=\"col-12 col-md-10 offset-md-1 col-xl-8 offset-xl-2\">\n                <div class=\"single_post__content description description--bigger\"><p style=\"text-align: center;\">Les options disponibles d\u00e9pendent du choix du profil et de la configuration.<\/p>\n<\/div>\n            <\/div>\n        <\/div>\n    <\/div>\n\n<\/section>\n\n\n\n<section id=\"\" class=\"title_description acf-block  acf-block-id-block_af73c36c05f232db2ac516d6e3506a75 acf-block--mb acf-block--mt\">\n\n            <div class=\"container\">\n    <div class=\"row\">\n        <div class=\"col-12 col-lg-10 offset-lg-1\">\n                        \n    <h2 class=\"title_description__title title\">S\u00e9curit\u00e9 au plus haut niveau<\/h2>\n\n    <div class=\"description title_description__description\"><p>Les fen\u00eatres MasterLine 10 ont \u00e9t\u00e9 con\u00e7ues en tenant compte de la s\u00e9curit\u00e9 des utilisateurs. Le syst\u00e8me offre une protection anti-effraction de niveau RC3 qui prot\u00e8ge contre les tentatives d&#8217;effraction et accro\u00eet le sentiment de s\u00e9curit\u00e9 des habitants.<\/p>\n<\/div>\n        <\/div>\n    <\/div>\n<\/div>    \n<\/section>\n\n\n\n<section id=\"\" class=\"title_description acf-block  acf-block-id-block_dfc78206e55c763a2ae1d871a778e6bd acf-block--mb acf-block--mt\">\n\n            <div class=\"container\">\n    <div class=\"row\">\n        <div class=\"col-12 col-lg-10 offset-lg-1\">\n                        \n    <h2 class=\"title_description__title title\">Durabilit\u00e9 et r\u00e9sistance aux intemp\u00e9ries<\/h2>\n\n    <div class=\"description title_description__description\"><p>La structure en aluminium des fen\u00eatres MasterLine 10 garantit une grande durabilit\u00e9 et une r\u00e9sistance aux facteurs m\u00e9caniques et climatiques. Gr\u00e2ce \u00e0 l&#8217;utilisation d&#8217;une rupture thermique, le syst\u00e8me est id\u00e9al pour une utilisation dans les b\u00e2timents \u00e0 haute efficacit\u00e9 \u00e9nerg\u00e9tique et les b\u00e2timents passifs.<\/p>\n<\/div>\n        <\/div>\n    <\/div>\n<\/div>    \n<\/section>\n\n\n\n<section id=\"\" class=\"side_image acf-block  acf-block-id-block_f14e1b49c12017de78c00b9513773451 acf-block--mb acf-block--mt\">\n        <div class=\"container\">\n        <div class=\"row side_image__row\">\n            <div class=\"col-12 col-lg-10 offset-lg-1\">\n                <div class=\"row\">\n                    <div class=\"col-12 col-md-4 \">\n                        <img decoding=\"async\" class=\"side_image__img\" src=\"https:\/\/fintecnic.eu\/app\/uploads\/2025\/02\/fintecnic-fenetres-en-aluminium-Pologne-Reynaers-MasterLine-10-section.webp\" alt=\"\" loading=\"lazy\">\n                    <\/div>\n                    <div class=\"col-12 col-md-8 \">\n                        <div class=\"side_image__description description\"><h1>D\u00e9tails techniques<\/h1>\n<ul>\n<li><b>Isolation thermique<\/b><br \/>\nUf passif =0,99 W\/m<sup>2<\/sup>K<\/li>\n<li><b>\u00c9tanch\u00e9it\u00e9 \u00e0 l\u2019air<\/b><br \/>\nExtr\u00eame<\/li>\n<li><b>Acoustique<\/b><br \/>\nExtr\u00eame<br \/>\nRw(C;Ctr) = TUTI: 46(-1;-4) dB DC: 44(-2;-4) dB<\/li>\n<li><b>R\u00e9sistance \u00e0 l\u2019effraction<\/b><br \/>\nRC2 &#8211; RC3<\/li>\n<li><b>Hauteur de l&#8217;ouvrant<\/b><br \/>\nMin 600 mm<br \/>\nMax 2800 mm<\/li>\n<li><b>Largeur libre du cadre<\/b><br \/>\nMin 60 mm<\/li>\n<\/ul>\n<\/div>\n                    <\/div>\n                <\/div>\n            <\/div>\n        <\/div>\n    <\/div>\n\n<\/section>\n\n\n\n<section id=\"\" class=\"title_description acf-block  acf-block-id-block_1537c66d53f83d0bbafa59cbd7888417 acf-block--mb acf-block--mt\">\n\n            <div class=\"container\">\n    <div class=\"row\">\n        <div class=\"col-12 col-lg-10 offset-lg-1\">\n                        \n    <h2 class=\"title_description__title title\">Confort acoustique<\/h2>\n\n    <div class=\"description title_description__description\"><p>L&#8217;excellente isolation acoustique des fen\u00eatres MasterLine 10 prot\u00e8ge les int\u00e9rieurs des bruits ext\u00e9rieurs, ce qui est particuli\u00e8rement important dans les zones urbaines. Cela permet de cr\u00e9er un environnement calme et confortable pour travailler et se d\u00e9tendre.<\/p>\n<\/div>\n        <\/div>\n    <\/div>\n<\/div>    \n<\/section>\n\n\n\n<section id=\"\" class=\"title_description acf-block  acf-block-id-block_3590300abaa933a11f3b3d7d5a5e69af acf-block--mb acf-block--mt\">\n\n            <div class=\"container\">\n    <div class=\"row\">\n        <div class=\"col-12 col-lg-10 offset-lg-1\">\n                        \n    <h2 class=\"title_description__title title\">Durabilit\u00e9 et respect de l\u2019environnement<\/h2>\n\n    <div class=\"description title_description__description\"><p>En choisissant les fen\u00eatres MasterLine 10, les ma\u00eetres d\u2019ouvrage contribuent \u00e0 promouvoir des solutions de construction respectueuses de l&#8217;environnement. L&#8217;aluminium utilis\u00e9 pour ces fen\u00eatres est un mat\u00e9riau enti\u00e8rement recyclable, ce qui r\u00e9duit l&#8217;impact sur l&#8217;environnement.<\/p>\n<\/div>\n        <\/div>\n    <\/div>\n<\/div>    \n<\/section>\n\n\n\n<section id=\"\" class=\"title_description acf-block  acf-block-id-block_77e3f0fb64662b73b9ba60406187bd12 acf-block--mb acf-block--mt\">\n\n            <div class=\"container\">\n    <div class=\"row\">\n        <div class=\"col-12 col-lg-10 offset-lg-1\">\n                        \n    <h2 class=\"title_description__title title\">R\u00e9sum\u00e9<\/h2>\n\n    <div class=\"description title_description__description\"><p>Les fen\u00eatres en aluminium MasterLine 10 sont la solution id\u00e9ale pour ceux qui recherchent des syst\u00e8mes de fen\u00eatres modernes, \u00e9conomes en \u00e9nergie et s\u00fbrs. Leur polyvalence, leurs excellentes performances techniques et leur esth\u00e9tique en font un excellent choix pour les b\u00e2timents r\u00e9sidentiels et publics.<\/p>\n<\/div>\n        <\/div>\n    <\/div>\n<\/div>    \n<\/section>\n\n\n\n<section id=\"\" class=\"files_block image_tabs acf-block  acf-block-id-block_5c700e9a9964eba0e393938f612bcc4c acf-block--mb acf-block--mt\">\n\n    <div class=\"container\">\n        <div class=\"row\">\n            <div class=\"col-12 col-md-10 offset-md-1\">\n\n                            \n    <span class=\"files_block__title_small title-small\">DES POSSIBILIT\u00c9S INFINIES<\/span>\n    <h2 class=\"files_block__title title\">D\u00e9couvrez toutes les variantes<\/h2>\n\n\n\n                                    <div data-tabs class=\"files_block__tabs\">\n                        <div data-tabs-container class=\"files_block__tabs__buttons\"><\/div>\n                        \n                            <div data-tab=\"Deco\" class=\"image_tabs__content\">\n\n                                <div class=\"row\">\n\n                                                                            \n                                                                                    <a href=\"https:\/\/fintecnic.eu\/app\/uploads\/2025\/02\/fintecnic-fenetres-en-aluminium-Pologne-Reynaers-MasterLine-10_Deco.webp\" data-fancybox=\"tab-0\" data-caption=\"\" class=\"col-12 image_tabs__content__item\">\n                                                <figure>\n                                                    <img decoding=\"async\" src=\"https:\/\/fintecnic.eu\/app\/uploads\/2025\/02\/fintecnic-fenetres-en-aluminium-Pologne-Reynaers-MasterLine-10_Deco.webp\" alt=\"\">\n                                                    <figcaption><\/figcaption>\n                                                <\/figure>\n                                            <\/a>\n                                        \n                                    \n                                                                            <div class=\"col-12\">\n                                            <div class=\"description\">Ce produit a \u00e9t\u00e9 d\u00e9velopp\u00e9 pour imiter l&#8217;aspect des fen\u00eatres en bois et la variante Deco a un aspect plus moderne et simple.<\/div>\n                                        <\/div>\n                                    \n                                                                    <\/div>\n\n\n                            <\/div>\n\n                        \n                            <div data-tab=\"Functional\" class=\"image_tabs__content\">\n\n                                <div class=\"row\">\n\n                                                                            \n                                                                                    <a href=\"https:\/\/fintecnic.eu\/app\/uploads\/2025\/02\/fintecnic-fenetres-en-aluminium-Pologne-Reynaers-MasterLine-10_Functional.webp\" data-fancybox=\"tab-1\" data-caption=\"\" class=\"col-12 image_tabs__content__item\">\n                                                <figure>\n                                                    <img decoding=\"async\" src=\"https:\/\/fintecnic.eu\/app\/uploads\/2025\/02\/fintecnic-fenetres-en-aluminium-Pologne-Reynaers-MasterLine-10_Functional.webp\" alt=\"\">\n                                                    <figcaption><\/figcaption>\n                                                <\/figure>\n                                            <\/a>\n                                        \n                                    \n                                    \n                                                                    <\/div>\n\n\n                            <\/div>\n\n                        \n                            <div data-tab=\"Ouvrant cach\u00e9 \" class=\"image_tabs__content\">\n\n                                <div class=\"row\">\n\n                                                                            \n                                                                                    <a href=\"https:\/\/fintecnic.eu\/app\/uploads\/2025\/02\/fintecnic-fenetres-en-aluminium-Pologne-Reynaers-MasterLine-10_Ouvrant-cache.webp\" data-fancybox=\"tab-2\" data-caption=\"\" class=\"col-12 image_tabs__content__item\">\n                                                <figure>\n                                                    <img decoding=\"async\" src=\"https:\/\/fintecnic.eu\/app\/uploads\/2025\/02\/fintecnic-fenetres-en-aluminium-Pologne-Reynaers-MasterLine-10_Ouvrant-cache.webp\" alt=\"\">\n                                                    <figcaption><\/figcaption>\n                                                <\/figure>\n                                            <\/a>\n                                        \n                                    \n                                                                            <div class=\"col-12\">\n                                            <div class=\"description\">L&#8217;a\u00e9rateur dissimul\u00e9 est un \u00e9l\u00e9ment ouvrable qui appara\u00eet comme un \u00e9l\u00e9ment permanent de l&#8217;ext\u00e9rieur, offrant une plus grande sym\u00e9trie architecturale et un aspect \u00e9pur\u00e9.<\/div>\n                                        <\/div>\n                                    \n                                                                    <\/div>\n\n\n                            <\/div>\n\n                        \n                            <div data-tab=\"Renaissance\" class=\"image_tabs__content\">\n\n                                <div class=\"row\">\n\n                                                                            \n                                                                                    <a href=\"https:\/\/fintecnic.eu\/app\/uploads\/2025\/02\/fintecnic-fenetres-en-aluminium-Pologne-Reynaers-MasterLine-10_Renaissance.webp\" data-fancybox=\"tab-3\" data-caption=\"\" class=\"col-12 image_tabs__content__item\">\n                                                <figure>\n                                                    <img decoding=\"async\" src=\"https:\/\/fintecnic.eu\/app\/uploads\/2025\/02\/fintecnic-fenetres-en-aluminium-Pologne-Reynaers-MasterLine-10_Renaissance.webp\" alt=\"\">\n                                                    <figcaption><\/figcaption>\n                                                <\/figure>\n                                            <\/a>\n                                        \n                                    \n                                                                            <div class=\"col-12\">\n                                            <div class=\"description\">Ce produit a \u00e9t\u00e9 d\u00e9velopp\u00e9 pour imiter l&#8217;apparence des fen\u00eatres en bois, la variante Renaissance reproduise la forme des profil\u00e9s en bois frais\u00e9s.<\/div>\n                                        <\/div>\n                                    \n                                                                    <\/div>\n\n\n                            <\/div>\n\n                        \n                            <div data-tab=\"High Insulation +\" class=\"image_tabs__content\">\n\n                                <div class=\"row\">\n\n                                                                            \n                                                                                    <a href=\"https:\/\/fintecnic.eu\/app\/uploads\/2025\/02\/fintecnic-fenetres-en-aluminium-Pologne-Reynaers-MasterLine-10_High-Insulation-Plus.webp\" data-fancybox=\"tab-4\" data-caption=\"\" class=\"col-12 image_tabs__content__item\">\n                                                <figure>\n                                                    <img decoding=\"async\" src=\"https:\/\/fintecnic.eu\/app\/uploads\/2025\/02\/fintecnic-fenetres-en-aluminium-Pologne-Reynaers-MasterLine-10_High-Insulation-Plus.webp\" alt=\"\">\n                                                    <figcaption><\/figcaption>\n                                                <\/figure>\n                                            <\/a>\n                                        \n                                    \n                                                                            <div class=\"col-12\">\n                                            <div class=\"description\">MasteLine 10 est d\u00e9j\u00e0 connu pour sa haute isolation thermique, mais cette variante peut \u00eatre utilis\u00e9e m\u00eame dans les conditions climatiques les plus extr\u00eames.<\/div>\n                                        <\/div>\n                                    \n                                                                    <\/div>\n\n\n                            <\/div>\n\n                        \n                            <div data-tab=\"Anti-effraction\" class=\"image_tabs__content\">\n\n                                <div class=\"row\">\n\n                                                                            \n                                                                                    <a href=\"https:\/\/fintecnic.eu\/app\/uploads\/2025\/02\/fintecnic-fenetres-en-aluminium-Pologne-Reynaers-MasterLine-10_Anti-effraction.webp\" data-fancybox=\"tab-5\" data-caption=\"\" class=\"col-12 image_tabs__content__item\">\n                                                <figure>\n                                                    <img decoding=\"async\" src=\"https:\/\/fintecnic.eu\/app\/uploads\/2025\/02\/fintecnic-fenetres-en-aluminium-Pologne-Reynaers-MasterLine-10_Anti-effraction.webp\" alt=\"\">\n                                                    <figcaption><\/figcaption>\n                                                <\/figure>\n                                            <\/a>\n                                        \n                                    \n                                                                            <div class=\"col-12\">\n                                            <div class=\"description\">Le syst\u00e8me est propos\u00e9 dans une variante anti-effraction pour une plus grande tranquillit\u00e9 d&#8217;esprit.<\/div>\n                                        <\/div>\n                                    \n                                                                    <\/div>\n\n\n                            <\/div>\n\n                                            <\/div>\n                \n\n            <\/div>\n        <\/div>\n    <\/div>\n\n<\/section>\n\n","protected":false},"excerpt":{"rendered":"","protected":false},"author":3,"featured_media":10031,"parent":6705,"menu_order":0,"comment_status":"closed","ping_status":"closed","template":"pages\/product-single.php","meta":[],"acf":[],"_links":{"self":[{"href":"https:\/\/fintecnic.eu\/fr\/wp-json\/wp\/v2\/pages\/9869"}],"collection":[{"href":"https:\/\/fintecnic.eu\/fr\/wp-json\/wp\/v2\/pages"}],"about":[{"href":"https:\/\/fintecnic.eu\/fr\/wp-json\/wp\/v2\/types\/page"}],"author":[{"embeddable":true,"href":"https:\/\/fintecnic.eu\/fr\/wp-json\/wp\/v2\/users\/3"}],"replies":[{"embeddable":true,"href":"https:\/\/fintecnic.eu\/fr\/wp-json\/wp\/v2\/comments?post=9869"}],"version-history":[{"count":2,"href":"https:\/\/fintecnic.eu\/fr\/wp-json\/wp\/v2\/pages\/9869\/revisions"}],"predecessor-version":[{"id":10039,"href":"https:\/\/fintecnic.eu\/fr\/wp-json\/wp\/v2\/pages\/9869\/revisions\/10039"}],"up":[{"embeddable":true,"href":"https:\/\/fintecnic.eu\/fr\/wp-json\/wp\/v2\/pages\/6705"}],"wp:featuredmedia":[{"embeddable":true,"href":"https:\/\/fintecnic.eu\/fr\/wp-json\/wp\/v2\/media\/10031"}],"wp:attachment":[{"href":"https:\/\/fintecnic.eu\/fr\/wp-json\/wp\/v2\/media?parent=9869"}],"curies":[{"name":"wp","href":"https:\/\/api.w.org\/{rel}","templated":true}]}}