{"id":9865,"date":"2025-02-25T23:44:15","date_gmt":"2025-02-25T22:44:15","guid":{"rendered":"https:\/\/fintecnic.eu\/?page_id=9865"},"modified":"2025-02-27T14:13:14","modified_gmt":"2025-02-27T13:13:14","slug":"reynaers-slimline-38","status":"publish","type":"page","link":"https:\/\/fintecnic.eu\/fr\/fenetres\/fenetres-en-aluminium\/reynaers-slimline-38\/","title":{"rendered":"REYNAERS SlimLine 38"},"content":{"rendered":"<section id=\"\" class=\"side_image acf-block  acf-block-id-block_b5d7bc2d345b9578762207ceaf423f15 acf-block--mb acf-block--mt\">\n        <div class=\"container\">\n        <div class=\"row side_image__row\">\n            <div class=\"col-12 col-lg-10 offset-lg-1\">\n                <div class=\"row\">\n                    <div class=\"col-12 col-md-4 \">\n                        <img decoding=\"async\" class=\"side_image__img\" src=\"https:\/\/fintecnic.eu\/app\/uploads\/2025\/02\/fintecnic-fenetres-en-aluminium-Pologne-Reynaers-SlimLine-38.webp\" alt=\"\" loading=\"lazy\">\n                    <\/div>\n                    <div class=\"col-12 col-md-8 \">\n                        <div class=\"side_image__description description\"><p>Les fen\u00eatres en aluminium SlimLine 38 sont un syst\u00e8me avanc\u00e9 alliant \u00e9l\u00e9gance et haute fonctionnalit\u00e9, id\u00e9al pour les projets architecturaux modernes et la r\u00e9novation des b\u00e2timents \u00e0 ossature m\u00e9tallique.<\/p>\n<\/div>\n                    <\/div>\n                <\/div>\n            <\/div>\n        <\/div>\n    <\/div>\n\n<\/section>\n\n\n\n<section id=\"\" class=\"title_description acf-block  acf-block-id-block_bb955aed8987b0eb74c8e9ff32c8b672 acf-block--mb acf-block--mt\">\n\n            <div class=\"container\">\n    <div class=\"row\">\n        <div class=\"col-12 col-lg-10 offset-lg-1\">\n                        \n    <h2 class=\"title_description__title title\">Design inspir\u00e9 de l&#8217;acier<\/h2>\n\n    <div class=\"description title_description__description\"><p>SlimLine 38 se caract\u00e9rise par des profil\u00e9s \u00e9lanc\u00e9s rappelant les fen\u00eatres traditionnelles en acier, conf\u00e9rant aux b\u00e2timents un aspect moderne et minimaliste. Le syst\u00e8me est disponible en trois variantes esth\u00e9tiques : Classic, Ferro et Cubic, ce qui permet de les adapter \u00e0 une grande vari\u00e9t\u00e9 de styles architecturaux.<\/p>\n<\/div>\n        <\/div>\n    <\/div>\n<\/div>    \n<\/section>\n\n\n\n<section id=\"\" class=\"title_description acf-block  acf-block-id-block_dae0f581bbb23d1109c35601d7bf6b51 acf-block--mb acf-block--mt\">\n\n            <div class=\"container\">\n    <div class=\"row\">\n        <div class=\"col-12 col-lg-10 offset-lg-1\">\n                        \n    <h2 class=\"title_description__title title\">Isolation thermique \u00e9lev\u00e9e<\/h2>\n\n    <div class=\"description title_description__description\"><p>Gr\u00e2ce \u00e0 sa conception avanc\u00e9e, SlimLine 38 offre d&#8217;excellentes performances en mati\u00e8re d&#8217;isolation thermique, r\u00e9pondant ainsi aux exigences des b\u00e2timents \u00e0 haute efficacit\u00e9 \u00e9nerg\u00e9tique. La possibilit\u00e9 d&#8217;utiliser des doubles et triples vitrages permet d&#8217;atteindre un coefficient Uw de 0,96 W\/m\u00b2K, ce qui se traduit par un confort thermique int\u00e9rieur.<\/p>\n<\/div>\n        <\/div>\n    <\/div>\n<\/div>    \n<\/section>\n\n\n\n<section id=\"\" class=\"title_description acf-block  acf-block-id-block_ec863b0e601c5cff605461d7b0abfb64 acf-block--mb acf-block--mt\">\n\n            <div class=\"container\">\n    <div class=\"row\">\n        <div class=\"col-12 col-lg-10 offset-lg-1\">\n                        \n    <h2 class=\"title_description__title title\">Polyvalence<\/h2>\n\n    <div class=\"description title_description__description\"><p>Le syst\u00e8me SlimLine 38 convient aussi bien aux nouveaux b\u00e2timents qu&#8217;aux projets de r\u00e9novation, en particulier lorsque le maintien de l&#8217;aspect original de la fa\u00e7ade est crucial. Gr\u00e2ce \u00e0 leurs profils \u00e9lanc\u00e9s et \u00e0 la possibilit\u00e9 d\u2019utiliser de grands vitrages, ces fen\u00eatres s&#8217;int\u00e8grent parfaitement aux tendances architecturales modernes tout en offrant un maximum de lumi\u00e8re \u00e0 l&#8217;int\u00e9rieur.<\/p>\n<\/div>\n        <\/div>\n    <\/div>\n<\/div>    \n<\/section>\n\n\n\n<section id=\"\" class=\"icon_list acf-block  acf-block-id-block_afc9133002c07021d5112d27bf00ea9f acf-block--mb acf-block--mt\">\n\n    <div class=\"container\">\n        <div class=\"row justify-content-center\">\n                        <div class=\"col-12 col-md-6 col-lg-4\">\n                <div class=\"icon_list__item\">\n                    <div class=\"icon_list__item__icon\">\n                        <i class=\"fal fa-file-certificate\"><\/i>\n                    <\/div>\n                    <h3 class=\"icon_list__item__title\">Charni\u00e8res masqu\u00e9es<\/h3>\n                    <p class=\"icon_list__item__description\">Les d\u00e9tails sont importants &#8211; les charni\u00e8res masqu\u00e9es sont le compl\u00e9ment parfait du style moderne.<\/p>\n                <\/div>\n            <\/div>\n                        <div class=\"col-12 col-md-6 col-lg-4\">\n                <div class=\"icon_list__item\">\n                    <div class=\"icon_list__item__icon\">\n                        <i class=\"fal fa-file-certificate\"><\/i>\n                    <\/div>\n                    <h3 class=\"icon_list__item__title\">Drainage masqu\u00e9<\/h3>\n                    <p class=\"icon_list__item__description\">Oubliez les bouchons en plastique et optez pour un design minimaliste et \u00e9l\u00e9gant.<\/p>\n                <\/div>\n            <\/div>\n                        <div class=\"col-12 col-md-6 col-lg-4\">\n                <div class=\"icon_list__item\">\n                    <div class=\"icon_list__item__icon\">\n                        <i class=\"fal fa-file-certificate\"><\/i>\n                    <\/div>\n                    <h3 class=\"icon_list__item__title\">Moustiquaire<\/h3>\n                    <p class=\"icon_list__item__description\">Profitez de soir\u00e9es d&#8217;\u00e9t\u00e9 agr\u00e9ables, sans insectes nuisibles.<\/p>\n                <\/div>\n            <\/div>\n                        <div class=\"col-12 col-md-6 col-lg-4\">\n                <div class=\"icon_list__item\">\n                    <div class=\"icon_list__item__icon\">\n                        <i class=\"fal fa-file-certificate\"><\/i>\n                    <\/div>\n                    <h3 class=\"icon_list__item__title\">Garde-corps<\/h3>\n                    <p class=\"icon_list__item__description\">La s\u00e9curit\u00e9 s&#8217;allie parfaitement \u00e0 l&#8217;esth\u00e9tique.<\/p>\n                <\/div>\n            <\/div>\n                    <\/div>\n\n        <div class=\"row\">\n            <div class=\"col-12 col-md-12 col-lg-8 offset-lg-2 icon_list__line\"><\/div>\n        <\/div>\n    <\/div>\n\n<\/section>\n\n\n\n\n<section id=\"\" class=\"single_post acf-block  acf-block-id-block_b92c9e60892d07207e72de5bf1f7c069 acf-block--mb acf-block--mt\">\n\n    <div class=\"container\">\n        <div class=\"row\">\n            <div class=\"col-12 col-md-10 offset-md-1 col-xl-8 offset-xl-2\">\n                <div class=\"single_post__content description description--bigger\"><p style=\"text-align: center;\">Les options disponibles d\u00e9pendent du choix du profil et de la configuration<\/p>\n<\/div>\n            <\/div>\n        <\/div>\n    <\/div>\n\n<\/section>\n\n\n\n<section id=\"\" class=\"title_description acf-block  acf-block-id-block_92081ce422448b60857d6b5d99b4da99 acf-block--mb acf-block--mt\">\n\n            <div class=\"container\">\n    <div class=\"row\">\n        <div class=\"col-12 col-lg-10 offset-lg-1\">\n                        \n    <h2 class=\"title_description__title title\">R\u00e9sistance et s\u00e9curit\u00e9<\/h2>\n\n    <div class=\"description title_description__description\"><p>Fabriqu\u00e9es en aluminium de haute qualit\u00e9, les fen\u00eatres SlimLine 38 se caract\u00e9risent par une durabilit\u00e9 et une r\u00e9sistance aux intemp\u00e9ries exceptionnelles. En outre, le syst\u00e8me propose des options de s\u00e9curit\u00e9 anti-effraction conformes \u00e0 la norme RC2, ce qui renforce la s\u00e9curit\u00e9 des utilisateurs.<\/p>\n<\/div>\n        <\/div>\n    <\/div>\n<\/div>    \n<\/section>\n\n\n\n<section id=\"\" class=\"title_description acf-block  acf-block-id-block_dd5cabddb8ab0304149f69742f94f2ea acf-block--mb acf-block--mt\">\n\n            <div class=\"container\">\n    <div class=\"row\">\n        <div class=\"col-12 col-lg-10 offset-lg-1\">\n                        \n    <h2 class=\"title_description__title title\">Confort acoustique<\/h2>\n\n    <div class=\"description title_description__description\"><p>L&#8217;excellente isolation acoustique du syst\u00e8me SlimLine 38 prot\u00e8ge les int\u00e9rieurs des bruits ext\u00e9rieurs, ce qui est particuli\u00e8rement important dans les zones urbaines, garantissant des conditions calmes et confortables pour le travail et le repos.<\/p>\n<\/div>\n        <\/div>\n    <\/div>\n<\/div>    \n<\/section>\n\n\n\n<section id=\"\" class=\"side_image acf-block  acf-block-id-block_d3e19530d4682eba6f7545bef2d5fe05 acf-block--mb acf-block--mt\">\n        <div class=\"container\">\n        <div class=\"row side_image__row\">\n            <div class=\"col-12 col-lg-10 offset-lg-1\">\n                <div class=\"row\">\n                    <div class=\"col-12 col-md-4 \">\n                        <img decoding=\"async\" class=\"side_image__img\" src=\"https:\/\/fintecnic.eu\/app\/uploads\/2025\/02\/fintecnic-fenetres-en-aluminium-Pologne-Reynaers-SlimLine-38_section.webp\" alt=\"\" loading=\"lazy\">\n                    <\/div>\n                    <div class=\"col-12 col-md-8 \">\n                        <div class=\"side_image__description description\"><h1>D\u00e9tails techniques<\/h1>\n<ul>\n<li><b>Isolation thermique<\/b><br \/>\nUf passif =1,9 W\/m<sup>2<\/sup>K<\/li>\n<li><b>\u00c9tanch\u00e9it\u00e9 \u00e0 l&#8217;air<\/b><br \/>\n\u00c9lev\u00e9e<\/li>\n<li><b>Acoustique<\/b><br \/>\n\u00c9lev\u00e9<br \/>\nRw(C;Ctr) = 45(-1;-5) dB<\/li>\n<li><b>R\u00e9sistance \u00e0 l\u2019effraction<\/b><br \/>\nPAS 24 &#8211; RC2<\/li>\n<li><b>Hauteur de l&#8217;ouvrant<\/b><br \/>\nMin 600 mm<br \/>\nMax 2800 mm<\/li>\n<li><b>Largeur libre du cadre<\/b><br \/>\nMin 33.5 mm<\/li>\n<\/ul>\n<\/div>\n                    <\/div>\n                <\/div>\n            <\/div>\n        <\/div>\n    <\/div>\n\n<\/section>\n\n\n\n<section id=\"\" class=\"title_description acf-block  acf-block-id-block_7fef83cbe168966a81188f37eca899d7 acf-block--mb acf-block--mt\">\n\n            <div class=\"container\">\n    <div class=\"row\">\n        <div class=\"col-12 col-lg-10 offset-lg-1\">\n                        \n    <h2 class=\"title_description__title title\">D\u00e9veloppement durable<\/h2>\n\n    <div class=\"description title_description__description\"><p>En choisissant les fen\u00eatres SlimLine 38, les ma\u00eetres d\u2019ouvrage contribuent \u00e0 promouvoir des solutions de construction respectueuses de l&#8217;environnement. L&#8217;aluminium utilis\u00e9 pour ces fen\u00eatres est un mat\u00e9riau enti\u00e8rement recyclable, ce qui r\u00e9duit l&#8217;impact sur l&#8217;environnement.<\/p>\n<\/div>\n        <\/div>\n    <\/div>\n<\/div>    \n<\/section>\n\n\n\n<section id=\"\" class=\"title_description acf-block  acf-block-id-block_1a8c25aadf00881793e26ecfa7db0818 acf-block--mb acf-block--mt\">\n\n            <div class=\"container\">\n    <div class=\"row\">\n        <div class=\"col-12 col-lg-10 offset-lg-1\">\n                        \n    <h2 class=\"title_description__title title\">R\u00e9sum\u00e9<\/h2>\n\n    <div class=\"description title_description__description\"><p>Les fen\u00eatres en aluminium SlimLine 38 allient un design moderne, une fonctionnalit\u00e9 exceptionnelle et d&#8217;excellentes performances techniques. Leur polyvalence, leur durabilit\u00e9 et leur respect de l&#8217;environnement en font le choix id\u00e9al pour les clients exigeants qui recherchent des solutions de qualit\u00e9 sup\u00e9rieure pour leur maison ou leur bureau.<\/p>\n<\/div>\n        <\/div>\n    <\/div>\n<\/div>    \n<\/section>\n\n\n\n<section id=\"\" class=\"files_block image_tabs acf-block  acf-block-id-block_f526bad28901b588cd94ead30eb8e24a acf-block--mb acf-block--mt\">\n\n    <div class=\"container\">\n        <div class=\"row\">\n            <div class=\"col-12 col-md-10 offset-md-1\">\n\n                            \n    <span class=\"files_block__title_small title-small\">DES POSSIBILIT\u00c9S INFINIES<\/span>\n    <h2 class=\"files_block__title title\">D\u00e9couvrez toutes les variantes<\/h2>\n\n\n\n                                    <div data-tabs class=\"files_block__tabs\">\n                        <div data-tabs-container class=\"files_block__tabs__buttons\"><\/div>\n                        \n                            <div data-tab=\"Functional\" class=\"image_tabs__content\">\n\n                                <div class=\"row\">\n\n                                                                            \n                                                                                    <a href=\"https:\/\/fintecnic.eu\/app\/uploads\/2025\/02\/fintecnic-fenetres-en-aluminium-Pologne-Reynaers-SlimLine-38_Functional.webp\" data-fancybox=\"tab-0\" data-caption=\"\" class=\"col-12 image_tabs__content__item\">\n                                                <figure>\n                                                    <img decoding=\"async\" src=\"https:\/\/fintecnic.eu\/app\/uploads\/2025\/02\/fintecnic-fenetres-en-aluminium-Pologne-Reynaers-SlimLine-38_Functional.webp\" alt=\"\">\n                                                    <figcaption><\/figcaption>\n                                                <\/figure>\n                                            <\/a>\n                                        \n                                    \n                                                                            <div class=\"col-12\">\n                                            <div class=\"description\">La conception fonctionnelle standard s&#8217;adapte \u00e0 tous les styles de b\u00e2timents et offre une finition esth\u00e9tiquement agr\u00e9able.<\/div>\n                                        <\/div>\n                                    \n                                                                    <\/div>\n\n\n                            <\/div>\n\n                        \n                            <div data-tab=\"Classic\" class=\"image_tabs__content\">\n\n                                <div class=\"row\">\n\n                                                                            \n                                                                                    <a href=\"https:\/\/fintecnic.eu\/app\/uploads\/2025\/02\/fintecnic-fenetres-en-aluminium-Pologne-Reynaers-SlimLine-38_Classic.webp\" data-fancybox=\"tab-1\" data-caption=\"\" class=\"col-12 image_tabs__content__item\">\n                                                <figure>\n                                                    <img decoding=\"async\" src=\"https:\/\/fintecnic.eu\/app\/uploads\/2025\/02\/fintecnic-fenetres-en-aluminium-Pologne-Reynaers-SlimLine-38_Classic.webp\" alt=\"\">\n                                                    <figcaption><\/figcaption>\n                                                <\/figure>\n                                            <\/a>\n                                        \n                                    \n                                                                            <div class=\"col-12\">\n                                            <div class=\"description\">Ce syst\u00e8me a \u00e9t\u00e9 d\u00e9velopp\u00e9 pour imiter l&#8217;aspect \u00e9lanc\u00e9 des fen\u00eatres en acier, et la variante Classic a une surface inclin\u00e9e.<\/div>\n                                        <\/div>\n                                    \n                                                                    <\/div>\n\n\n                            <\/div>\n\n                        \n                            <div data-tab=\"Cubic\" class=\"image_tabs__content\">\n\n                                <div class=\"row\">\n\n                                                                            \n                                                                                    <a href=\"https:\/\/fintecnic.eu\/app\/uploads\/2025\/02\/fintecnic-fenetres-en-aluminium-Pologne-Reynaers-SlimLine-38_Cubic.webp\" data-fancybox=\"tab-2\" data-caption=\"\" class=\"col-12 image_tabs__content__item\">\n                                                <figure>\n                                                    <img decoding=\"async\" src=\"https:\/\/fintecnic.eu\/app\/uploads\/2025\/02\/fintecnic-fenetres-en-aluminium-Pologne-Reynaers-SlimLine-38_Cubic.webp\" alt=\"\">\n                                                    <figcaption><\/figcaption>\n                                                <\/figure>\n                                            <\/a>\n                                        \n                                    \n                                                                            <div class=\"col-12\">\n                                            <div class=\"description\">Ce produit a \u00e9t\u00e9 d\u00e9velopp\u00e9 pour imiter l&#8217;aspect \u00e9lanc\u00e9 des fen\u00eatres en acier, et la variante Cubic a une surface en escalier.<\/div>\n                                        <\/div>\n                                    \n                                                                    <\/div>\n\n\n                            <\/div>\n\n                        \n                            <div data-tab=\"Ferro\" class=\"image_tabs__content\">\n\n                                <div class=\"row\">\n\n                                                                            \n                                                                                    <a href=\"https:\/\/fintecnic.eu\/app\/uploads\/2025\/02\/fintecnic-fenetres-en-aluminium-Pologne-Reynaers-SlimLine-38_Ferro.webp\" data-fancybox=\"tab-3\" data-caption=\"\" class=\"col-12 image_tabs__content__item\">\n                                                <figure>\n                                                    <img decoding=\"async\" src=\"https:\/\/fintecnic.eu\/app\/uploads\/2025\/02\/fintecnic-fenetres-en-aluminium-Pologne-Reynaers-SlimLine-38_Ferro.webp\" alt=\"\">\n                                                    <figcaption><\/figcaption>\n                                                <\/figure>\n                                            <\/a>\n                                        \n                                    \n                                                                            <div class=\"col-12\">\n                                            <div class=\"description\">Ce produit a \u00e9t\u00e9 d\u00e9velopp\u00e9 pour imiter l&#8217;aspect \u00e9lanc\u00e9 des fen\u00eatres en acier. La variante Ferro se caract\u00e9rise par des lignes droites nettes et des espaces d&#8217;ombre.<\/div>\n                                        <\/div>\n                                    \n                                                                    <\/div>\n\n\n                            <\/div>\n\n                        \n                            <div data-tab=\"High Insulation\" class=\"image_tabs__content\">\n\n                                <div class=\"row\">\n\n                                                                            \n                                                                                    <a href=\"https:\/\/fintecnic.eu\/app\/uploads\/2025\/02\/fintecnic-fenetres-en-aluminium-Pologne-Reynaers-SlimLine-38_High-Insulation.webp\" data-fancybox=\"tab-4\" data-caption=\"\" class=\"col-12 image_tabs__content__item\">\n                                                <figure>\n                                                    <img decoding=\"async\" src=\"https:\/\/fintecnic.eu\/app\/uploads\/2025\/02\/fintecnic-fenetres-en-aluminium-Pologne-Reynaers-SlimLine-38_High-Insulation.webp\" alt=\"\">\n                                                    <figcaption><\/figcaption>\n                                                <\/figure>\n                                            <\/a>\n                                        \n                                    \n                                                                            <div class=\"col-12\">\n                                            <div class=\"description\">Cette ligne de produits couvre une large gamme de valeurs de l&#8217;isolation. La variante standard est d\u00e9j\u00e0 suffisante dans de nombreuses r\u00e9gions, mais la variante \u00e0 High Insulation propose des performances encore plus \u00e9lev\u00e9e.<\/div>\n                                        <\/div>\n                                    \n                                                                    <\/div>\n\n\n                            <\/div>\n\n                                            <\/div>\n                \n\n            <\/div>\n        <\/div>\n    <\/div>\n\n<\/section>\n\n","protected":false},"excerpt":{"rendered":"","protected":false},"author":3,"featured_media":9983,"parent":6705,"menu_order":0,"comment_status":"closed","ping_status":"closed","template":"pages\/product-single.php","meta":[],"acf":[],"_links":{"self":[{"href":"https:\/\/fintecnic.eu\/fr\/wp-json\/wp\/v2\/pages\/9865"}],"collection":[{"href":"https:\/\/fintecnic.eu\/fr\/wp-json\/wp\/v2\/pages"}],"about":[{"href":"https:\/\/fintecnic.eu\/fr\/wp-json\/wp\/v2\/types\/page"}],"author":[{"embeddable":true,"href":"https:\/\/fintecnic.eu\/fr\/wp-json\/wp\/v2\/users\/3"}],"replies":[{"embeddable":true,"href":"https:\/\/fintecnic.eu\/fr\/wp-json\/wp\/v2\/comments?post=9865"}],"version-history":[{"count":3,"href":"https:\/\/fintecnic.eu\/fr\/wp-json\/wp\/v2\/pages\/9865\/revisions"}],"predecessor-version":[{"id":10005,"href":"https:\/\/fintecnic.eu\/fr\/wp-json\/wp\/v2\/pages\/9865\/revisions\/10005"}],"up":[{"embeddable":true,"href":"https:\/\/fintecnic.eu\/fr\/wp-json\/wp\/v2\/pages\/6705"}],"wp:featuredmedia":[{"embeddable":true,"href":"https:\/\/fintecnic.eu\/fr\/wp-json\/wp\/v2\/media\/9983"}],"wp:attachment":[{"href":"https:\/\/fintecnic.eu\/fr\/wp-json\/wp\/v2\/media?parent=9865"}],"curies":[{"name":"wp","href":"https:\/\/api.w.org\/{rel}","templated":true}]}}