{"id":7217,"date":"2021-07-06T14:05:16","date_gmt":"2021-07-06T12:05:16","guid":{"rendered":"https:\/\/fintecnic.eu\/?page_id=7217"},"modified":"2024-04-16T10:05:25","modified_gmt":"2024-04-16T08:05:25","slug":"fenetres-coulissantes-slide","status":"publish","type":"page","link":"https:\/\/fintecnic.eu\/fr\/fenetres\/fenetres-coulissantes-en-pvc\/fenetres-coulissantes-slide\/","title":{"rendered":"Fen\u00eatres coulissantes Slide"},"content":{"rendered":"<section id=\"\" class=\"side_image acf-block  acf-block-id-block_c70d9854fc751ca84829df86f2de397c acf-block--mb acf-block--mt\">\n        <div class=\"container\">\n        <div class=\"row side_image__row\">\n            <div class=\"col-12 col-lg-10 offset-lg-1\">\n                <div class=\"row\">\n                    <div class=\"col-12 col-md-4 \">\n                        <img decoding=\"async\" class=\"side_image__img\" src=\"https:\/\/fintecnic.eu\/app\/uploads\/2021\/07\/scorrevoli-multislide-aluplast.webp\" alt=\"\" loading=\"lazy\">\n                    <\/div>\n                    <div class=\"col-12 col-md-8 \">\n                        <div class=\"side_image__description description\"><p>Ce syst\u00e8me particulier est tr\u00e8s pris\u00e9 pour ses qualit\u00e9s fonctionnelles et esth\u00e9tiques. De plus, le Sistema Slide est pr\u00e9f\u00e9r\u00e9 lorsqu&#8217;il n&#8217;y a pas d&#8217;exigences sp\u00e9cifiques en mati\u00e8re d&#8217;isolation thermique \u00e9lev\u00e9e.<\/p>\n<p>La raison principale r\u00e9side dans l&#8217;utilisation d&#8217;une seule vitre. Une approche typique consiste \u00e0 installer la vitre fixe directement dans le cadre, et non dans le battant, comme c&#8217;est le cas avec d&#8217;autres syst\u00e8mes.<\/p>\n<p>Dans ce cas, la taille de l&#8217;espace vitr\u00e9 de la partie fixe est plus grande que celle de l&#8217;ouvrant mobile, pr\u00e9cis\u00e9ment de la largeur du cadre de l&#8217;ouvrant.<\/p>\n<\/div>\n                    <\/div>\n                <\/div>\n            <\/div>\n        <\/div>\n    <\/div>\n\n<\/section>\n\n\n\n<section id=\"\" class=\"title_description_image acf-block  acf-block-id-block_fda00d74904288367c19681009098424 acf-block--mb acf-block--mt\">\n\n        \n    <div class=\"container\">\n        <div class=\"row\">\n            <div class=\"col-12 col-md-10 offset-md-1\">\n\n                <div class=\"title_description_image__heading\">\n                    <div class=\"title_description_image__heading__left\">\n\n                                \n\n\n                    <\/div>\n\n                                            <a href=\"#block_fda00d74904288367c19681009098424\" class=\"title_description_image__heading__btn btn-oval-gray\"><i class=\"fal fa-arrow-down\"><\/i><\/a>\n                                    <\/div>\n\n            <\/div>\n        <\/div>\n\n                    <div class=\"row\">\n                <div class=\"col-12\">\n                    <div class=\"title_description_image__img\" id=\"block_fda00d74904288367c19681009098424\">\n                                                <img decoding=\"async\" src=\"https:\/\/fintecnic.eu\/app\/uploads\/2023\/11\/pvc-alluminio-fintecnic-lodz-italia-finestre-finestre-dalla-polonia-finestre-scorrevoli-slide-implementazione-1460x820-c-default.webp\" alt=\"\" loading=\"lazy\"\n                             srcset=\"\n                                    https:\/\/fintecnic.eu\/app\/uploads\/2023\/11\/pvc-alluminio-fintecnic-lodz-italia-finestre-finestre-dalla-polonia-finestre-scorrevoli-slide-implementazione-365x205-c-default.webp 365w,\n                                    https:\/\/fintecnic.eu\/app\/uploads\/2023\/11\/pvc-alluminio-fintecnic-lodz-italia-finestre-finestre-dalla-polonia-finestre-scorrevoli-slide-implementazione-730x410-c-default.webp 730w,\n                                    https:\/\/fintecnic.eu\/app\/uploads\/2023\/11\/pvc-alluminio-fintecnic-lodz-italia-finestre-finestre-dalla-polonia-finestre-scorrevoli-slide-implementazione-1460x820-c-default.webp 1460w,\n                                    https:\/\/fintecnic.eu\/app\/uploads\/2023\/11\/pvc-alluminio-fintecnic-lodz-italia-finestre-finestre-dalla-polonia-finestre-scorrevoli-slide-implementazione-2920x1640-c-default.webp 2920w\"\n                        >\n                    <\/div>\n                <\/div>\n            <\/div>\n            <\/div>\n\n<\/section>\n\n","protected":false},"excerpt":{"rendered":"","protected":false},"author":3,"featured_media":1325,"parent":6618,"menu_order":0,"comment_status":"closed","ping_status":"closed","template":"pages\/product-single.php","meta":[],"acf":[],"_links":{"self":[{"href":"https:\/\/fintecnic.eu\/fr\/wp-json\/wp\/v2\/pages\/7217"}],"collection":[{"href":"https:\/\/fintecnic.eu\/fr\/wp-json\/wp\/v2\/pages"}],"about":[{"href":"https:\/\/fintecnic.eu\/fr\/wp-json\/wp\/v2\/types\/page"}],"author":[{"embeddable":true,"href":"https:\/\/fintecnic.eu\/fr\/wp-json\/wp\/v2\/users\/3"}],"replies":[{"embeddable":true,"href":"https:\/\/fintecnic.eu\/fr\/wp-json\/wp\/v2\/comments?post=7217"}],"version-history":[{"count":3,"href":"https:\/\/fintecnic.eu\/fr\/wp-json\/wp\/v2\/pages\/7217\/revisions"}],"predecessor-version":[{"id":7220,"href":"https:\/\/fintecnic.eu\/fr\/wp-json\/wp\/v2\/pages\/7217\/revisions\/7220"}],"up":[{"embeddable":true,"href":"https:\/\/fintecnic.eu\/fr\/wp-json\/wp\/v2\/pages\/6618"}],"wp:featuredmedia":[{"embeddable":true,"href":"https:\/\/fintecnic.eu\/fr\/wp-json\/wp\/v2\/media\/1325"}],"wp:attachment":[{"href":"https:\/\/fintecnic.eu\/fr\/wp-json\/wp\/v2\/media?parent=7217"}],"curies":[{"name":"wp","href":"https:\/\/api.w.org\/{rel}","templated":true}]}}