{"id":7146,"date":"2021-07-07T17:57:29","date_gmt":"2021-07-07T15:57:29","guid":{"rendered":"https:\/\/fintecnic.eu\/?page_id=7146"},"modified":"2024-04-15T10:06:40","modified_gmt":"2024-04-15T08:06:40","slug":"moustiquaires-plissees","status":"publish","type":"page","link":"https:\/\/fintecnic.eu\/fr\/moustiquaires\/moustiquaires-plissees\/","title":{"rendered":"Moustiquaires pliss\u00e9es"},"content":{"rendered":"<section id=\"\" class=\"side_image acf-block  acf-block-id-block_acaaa1cee688a6f95e1cc0ea5db0a033 acf-block--mb acf-block--mt\">\n        <div class=\"container\">\n        <div class=\"row side_image__row\">\n            <div class=\"col-12 col-lg-10 offset-lg-1\">\n                <div class=\"row\">\n                    <div class=\"col-12 col-md-4 \">\n                        <img decoding=\"async\" class=\"side_image__img\" src=\"https:\/\/fintecnic.eu\/app\/uploads\/2021\/07\/zanzariere-plissettata-fintecnic-dalla-polonia-.webp\" alt=\"\" loading=\"lazy\">\n                    <\/div>\n                    <div class=\"col-12 col-md-8 \">\n                        <div class=\"side_image__description description\"><p>Moustiquaire pliss\u00e9e est une solution recommand\u00e9e dans les endroits o\u00f9 se trouvent de grandes fen\u00eatres, par exemple, elle peut servir de porte d&#8217;entr\u00e9e vers une terrasse.<\/p>\n<p>La moustiquaire pliss\u00e9e, de construction modulaire, peut \u00eatre configur\u00e9e en syst\u00e8me \u00e0 un ou deux vantaux. De plus, la moustiquaire pliss\u00e9e de Pologne peut coulisser vers l&#8217;int\u00e9rieur ou dans une seule direction, ce qui est extr\u00eamement pratique. La conception \u00e0 seuil bas facilite le passage et, surtout, ne constitue pas un obstacle pour les personnes \u00e2g\u00e9es ou \u00e0 mobilit\u00e9 r\u00e9duite en fauteuil roulant.<\/p>\n<p>Notre moustiquaire pliss\u00e9e de Pologne se caract\u00e9rise \u00e9galement par un d\u00e9montage tr\u00e8s facile et un retrait rapide du produit, qui peut ensuite \u00eatre parfaitement prot\u00e9g\u00e9 pendant la p\u00e9riode hivernale lorsqu&#8217;elle n&#8217;est plus n\u00e9cessaire.<\/p>\n<p>Les moustiquaires pliss\u00e9es peuvent \u00e9galement \u00eatre install\u00e9es dans l&#8217;encadrement de la fen\u00eatre ou fix\u00e9es au ch\u00e2ssis de la fen\u00eatre ou \u00e0 la fa\u00e7ade du b\u00e2timent \u00e0 l&#8217;aide de montants sp\u00e9cialement con\u00e7us.<\/p>\n<\/div>\n                    <\/div>\n                <\/div>\n            <\/div>\n        <\/div>\n    <\/div>\n\n<\/section>\n\n\n\n<section id=\"\" class=\"files_block image_tabs acf-block  acf-block-id-block_b911fdcc71b9dadf17acaceb9f1eeabb acf-block--mb acf-block--mt\">\n\n    <div class=\"container\">\n        <div class=\"row\">\n            <div class=\"col-12 col-md-10 offset-md-1\">\n\n                            \n\n\n\n                                    <div data-tabs class=\"files_block__tabs\">\n                        <div data-tabs-container class=\"files_block__tabs__buttons\"><\/div>\n                        \n                            <div data-tab=\"Galerie\" class=\"image_tabs__content\">\n\n                                <div class=\"row\">\n\n                                                                            \n                                        \n                                            <a href=\"https:\/\/fintecnic.eu\/app\/uploads\/2021\/07\/zanzariere-plissettata-fintecnic-dalla-polonia-galeria-.jpg\" data-fancybox=\"tab-0\" data-caption=\"\" class=\"col-12 col-sm-6 col-md-4 image_tabs__content__item\">\n                                                <figure>\n                                                    <img decoding=\"async\" src=\"https:\/\/fintecnic.eu\/app\/uploads\/2021\/07\/zanzariere-plissettata-fintecnic-dalla-polonia-galeria--500x259-c-default.jpg\" alt=\"\">\n                                                    <figcaption><\/figcaption>\n                                                <\/figure>\n                                            <\/a>\n                                        \n                                                                            \n                                        \n                                            <a href=\"https:\/\/fintecnic.eu\/app\/uploads\/2021\/07\/zanzariere-plissettata-dalla-polonia-fintecnic.jpg\" data-fancybox=\"tab-0\" data-caption=\"\" class=\"col-12 col-sm-6 col-md-4 image_tabs__content__item\">\n                                                <figure>\n                                                    <img decoding=\"async\" src=\"https:\/\/fintecnic.eu\/app\/uploads\/2021\/07\/zanzariere-plissettata-dalla-polonia-fintecnic-500x259-c-default.jpg\" alt=\"\">\n                                                    <figcaption><\/figcaption>\n                                                <\/figure>\n                                            <\/a>\n                                        \n                                                                            \n                                        \n                                            <a href=\"https:\/\/fintecnic.eu\/app\/uploads\/2021\/07\/zanzariere-pilssetta-dalla-polonia-fintecnic.jpg\" data-fancybox=\"tab-0\" data-caption=\"\" class=\"col-12 col-sm-6 col-md-4 image_tabs__content__item\">\n                                                <figure>\n                                                    <img decoding=\"async\" src=\"https:\/\/fintecnic.eu\/app\/uploads\/2021\/07\/zanzariere-pilssetta-dalla-polonia-fintecnic-500x259-c-default.jpg\" alt=\"\">\n                                                    <figcaption><\/figcaption>\n                                                <\/figure>\n                                            <\/a>\n                                        \n                                    \n                                    \n                                                                    <\/div>\n\n\n                            <\/div>\n\n                                            <\/div>\n                \n\n            <\/div>\n        <\/div>\n    <\/div>\n\n<\/section>\n\n","protected":false},"excerpt":{"rendered":"","protected":false},"author":3,"featured_media":3652,"parent":7124,"menu_order":0,"comment_status":"closed","ping_status":"closed","template":"pages\/product-single.php","meta":[],"acf":[],"_links":{"self":[{"href":"https:\/\/fintecnic.eu\/fr\/wp-json\/wp\/v2\/pages\/7146"}],"collection":[{"href":"https:\/\/fintecnic.eu\/fr\/wp-json\/wp\/v2\/pages"}],"about":[{"href":"https:\/\/fintecnic.eu\/fr\/wp-json\/wp\/v2\/types\/page"}],"author":[{"embeddable":true,"href":"https:\/\/fintecnic.eu\/fr\/wp-json\/wp\/v2\/users\/3"}],"replies":[{"embeddable":true,"href":"https:\/\/fintecnic.eu\/fr\/wp-json\/wp\/v2\/comments?post=7146"}],"version-history":[{"count":3,"href":"https:\/\/fintecnic.eu\/fr\/wp-json\/wp\/v2\/pages\/7146\/revisions"}],"predecessor-version":[{"id":7149,"href":"https:\/\/fintecnic.eu\/fr\/wp-json\/wp\/v2\/pages\/7146\/revisions\/7149"}],"up":[{"embeddable":true,"href":"https:\/\/fintecnic.eu\/fr\/wp-json\/wp\/v2\/pages\/7124"}],"wp:featuredmedia":[{"embeddable":true,"href":"https:\/\/fintecnic.eu\/fr\/wp-json\/wp\/v2\/media\/3652"}],"wp:attachment":[{"href":"https:\/\/fintecnic.eu\/fr\/wp-json\/wp\/v2\/media?parent=7146"}],"curies":[{"name":"wp","href":"https:\/\/api.w.org\/{rel}","templated":true}]}}