{"id":7142,"date":"2021-07-07T18:20:25","date_gmt":"2021-07-07T16:20:25","guid":{"rendered":"https:\/\/fintecnic.eu\/?page_id=7142"},"modified":"2024-04-15T10:03:51","modified_gmt":"2024-04-15T08:03:51","slug":"moustiquaires-pour-portes","status":"publish","type":"page","link":"https:\/\/fintecnic.eu\/fr\/moustiquaires\/moustiquaires-pour-portes\/","title":{"rendered":"Moustiquaires pour portes"},"content":{"rendered":"<section id=\"\" class=\"side_image acf-block  acf-block-id-block_4a205424141cb74722d82e1fc8f1a8fd acf-block--mb acf-block--mt\">\n        <div class=\"container\">\n        <div class=\"row side_image__row\">\n            <div class=\"col-12 col-lg-10 offset-lg-1\">\n                <div class=\"row\">\n                    <div class=\"col-12 col-md-4 \">\n                        <img decoding=\"async\" class=\"side_image__img\" src=\"https:\/\/fintecnic.eu\/app\/uploads\/2021\/07\/xmini_zanzariera-per-la-porta-polonia-fintecnic-foto-4.jpg.pagespeed.ic_.9SPLCwfdPR.webp\" alt=\"\" loading=\"lazy\">\n                    <\/div>\n                    <div class=\"col-12 col-md-8 \">\n                        <div class=\"side_image__description description\"><p><strong>Moustiquaires pour portes<\/strong> garantissent des nuits paisibles, permettant aux portes-fen\u00eatres de rester compl\u00e8tement ouvertes lors des chaudes nuits d&#8217;\u00e9t\u00e9. Cela permet de profiter de la brise fra\u00eeche et de l&#8217;air pur chaque soir sans craindre les moustiques et autres insectes.<\/p>\n<p>Dans l&#8217;assortiment de notre magasin Fintecnic, nous proposons des moustiquaires uniques en provenance de Pologne, caract\u00e9ris\u00e9es par d&#8217;excellentes performances et une r\u00e9sistance aux conditions m\u00e9t\u00e9orologiques. Le cadre de la moustiquaire pour porte est fabriqu\u00e9 en aluminium extrud\u00e9 \u00e0 froid. Cela rend toute la moustiquaire beaucoup plus solide et s&#8217;ajuste parfaitement aux portes-fen\u00eatres. Notre moustiquaire pour porte en provenance de Pologne est r\u00e9sistante aux dommages, tr\u00e8s facile \u00e0 installer et repr\u00e9sente un investissement pour de nombreuses saisons \u00e0 venir. Disponible dans quatre couleurs populaires!<\/p>\n<\/div>\n                    <\/div>\n                <\/div>\n            <\/div>\n        <\/div>\n    <\/div>\n\n<\/section>\n\n\n\n<section id=\"\" class=\"files_block image_tabs acf-block  acf-block-id-block_d09045b25c5e10a3f85d086651f411bf acf-block--mb acf-block--mt\">\n\n    <div class=\"container\">\n        <div class=\"row\">\n            <div class=\"col-12 col-md-10 offset-md-1\">\n\n                            \n\n\n\n                                    <div data-tabs class=\"files_block__tabs\">\n                        <div data-tabs-container class=\"files_block__tabs__buttons\"><\/div>\n                        \n                            <div data-tab=\"Moustiquaires Fintecnic Galerie\" class=\"image_tabs__content\">\n\n                                <div class=\"row\">\n\n                                                                            \n                                        \n                                            <a href=\"https:\/\/fintecnic.eu\/app\/uploads\/2021\/07\/zanzariera-per-la-porta-polonia-fintecnic-foto-1.jpg\" data-fancybox=\"tab-0\" data-caption=\"\" class=\"col-12 col-sm-6 col-md-4 image_tabs__content__item\">\n                                                <figure>\n                                                    <img decoding=\"async\" src=\"https:\/\/fintecnic.eu\/app\/uploads\/2021\/07\/zanzariera-per-la-porta-polonia-fintecnic-foto-1-500x259-c-default.jpg\" alt=\"\">\n                                                    <figcaption><\/figcaption>\n                                                <\/figure>\n                                            <\/a>\n                                        \n                                                                            \n                                        \n                                            <a href=\"https:\/\/fintecnic.eu\/app\/uploads\/2021\/07\/zanzariera-per-la-porta-polonia-fintecnic-foto-2.jpg\" data-fancybox=\"tab-0\" data-caption=\"\" class=\"col-12 col-sm-6 col-md-4 image_tabs__content__item\">\n                                                <figure>\n                                                    <img decoding=\"async\" src=\"https:\/\/fintecnic.eu\/app\/uploads\/2021\/07\/zanzariera-per-la-porta-polonia-fintecnic-foto-2-500x259-c-default.jpg\" alt=\"\">\n                                                    <figcaption><\/figcaption>\n                                                <\/figure>\n                                            <\/a>\n                                        \n                                                                            \n                                        \n                                            <a href=\"https:\/\/fintecnic.eu\/app\/uploads\/2021\/07\/zanzariera-per-la-porta-polonia-fintecnic-foto-3.jpg\" data-fancybox=\"tab-0\" data-caption=\"\" class=\"col-12 col-sm-6 col-md-4 image_tabs__content__item\">\n                                                <figure>\n                                                    <img decoding=\"async\" src=\"https:\/\/fintecnic.eu\/app\/uploads\/2021\/07\/zanzariera-per-la-porta-polonia-fintecnic-foto-3-500x259-c-default.jpg\" alt=\"\">\n                                                    <figcaption><\/figcaption>\n                                                <\/figure>\n                                            <\/a>\n                                        \n                                    \n                                    \n                                                                    <\/div>\n\n\n                            <\/div>\n\n                        \n                            <div data-tab=\"Moustiquaires pour portes dans les couleurs RAL\" class=\"image_tabs__content\">\n\n                                <div class=\"row\">\n\n                                                                            \n                                                                                    <a href=\"https:\/\/fintecnic.eu\/app\/uploads\/2021\/07\/campionari-ral-zanzariere-per-la-porte-fintecnic-finestre-dalla-polonia1-scaled.jpg\" data-fancybox=\"tab-1\" data-caption=\"\" class=\"col-12 image_tabs__content__item\">\n                                                <figure>\n                                                    <img decoding=\"async\" src=\"https:\/\/fintecnic.eu\/app\/uploads\/2021\/07\/campionari-ral-zanzariere-per-la-porte-fintecnic-finestre-dalla-polonia1-scaled.jpg\" alt=\"\">\n                                                    <figcaption><\/figcaption>\n                                                <\/figure>\n                                            <\/a>\n                                        \n                                    \n                                    \n                                                                    <\/div>\n\n\n                            <\/div>\n\n                                            <\/div>\n                \n\n            <\/div>\n        <\/div>\n    <\/div>\n\n<\/section>\n\n","protected":false},"excerpt":{"rendered":"","protected":false},"author":3,"featured_media":3688,"parent":7124,"menu_order":0,"comment_status":"closed","ping_status":"closed","template":"pages\/product-single.php","meta":[],"acf":[],"_links":{"self":[{"href":"https:\/\/fintecnic.eu\/fr\/wp-json\/wp\/v2\/pages\/7142"}],"collection":[{"href":"https:\/\/fintecnic.eu\/fr\/wp-json\/wp\/v2\/pages"}],"about":[{"href":"https:\/\/fintecnic.eu\/fr\/wp-json\/wp\/v2\/types\/page"}],"author":[{"embeddable":true,"href":"https:\/\/fintecnic.eu\/fr\/wp-json\/wp\/v2\/users\/3"}],"replies":[{"embeddable":true,"href":"https:\/\/fintecnic.eu\/fr\/wp-json\/wp\/v2\/comments?post=7142"}],"version-history":[{"count":3,"href":"https:\/\/fintecnic.eu\/fr\/wp-json\/wp\/v2\/pages\/7142\/revisions"}],"predecessor-version":[{"id":7145,"href":"https:\/\/fintecnic.eu\/fr\/wp-json\/wp\/v2\/pages\/7142\/revisions\/7145"}],"up":[{"embeddable":true,"href":"https:\/\/fintecnic.eu\/fr\/wp-json\/wp\/v2\/pages\/7124"}],"wp:featuredmedia":[{"embeddable":true,"href":"https:\/\/fintecnic.eu\/fr\/wp-json\/wp\/v2\/media\/3688"}],"wp:attachment":[{"href":"https:\/\/fintecnic.eu\/fr\/wp-json\/wp\/v2\/media?parent=7142"}],"curies":[{"name":"wp","href":"https:\/\/api.w.org\/{rel}","templated":true}]}}