{"id":7138,"date":"2021-07-07T18:32:26","date_gmt":"2021-07-07T16:32:26","guid":{"rendered":"https:\/\/fintecnic.eu\/?page_id=7138"},"modified":"2024-04-15T10:02:16","modified_gmt":"2024-04-15T08:02:16","slug":"moustiquaires-fixes","status":"publish","type":"page","link":"https:\/\/fintecnic.eu\/fr\/moustiquaires\/moustiquaires-fixes\/","title":{"rendered":"Moustiquaires fixes"},"content":{"rendered":"<section id=\"\" class=\"side_image acf-block  acf-block-id-block_9b5fb51476cd7d4cbad05cba9bcb5e4c acf-block--mb acf-block--mt\">\n        <div class=\"container\">\n        <div class=\"row side_image__row\">\n            <div class=\"col-12 col-lg-10 offset-lg-1\">\n                <div class=\"row\">\n                    <div class=\"col-12 col-md-4 \">\n                        <img decoding=\"async\" class=\"side_image__img\" src=\"https:\/\/fintecnic.eu\/app\/uploads\/2021\/07\/zanzariera-fissa-dalla-polonia-fintecnic-.webp\" alt=\"\" loading=\"lazy\">\n                    <\/div>\n                    <div class=\"col-12 col-md-8 \">\n                        <div class=\"side_image__description description\"><p>Dans des dimensions r\u00e9duites (jusqu&#8217;\u00e0 1 mm), le moustiquaire fixe en provenance de Pologne est \u00e9quip\u00e9 d&#8217;un filet anti-insectes qui constitue un obstacle insurmontable pour les insectes qui p\u00e9n\u00e8trent souvent dans les pi\u00e8ces lorsque la fen\u00eatre est entrouverte. Le moustiquaire fixe est dot\u00e9 d&#8217;un filet tr\u00e8s solide et durable en fibre de verre d&#8217;environ 1 mm de diam\u00e8tre. Il repr\u00e9sente une barri\u00e8re solide contre les moustiques, les tiques, les mouches et m\u00eame les petits moucherons.<\/p>\n<p>Notre moustiquaire polonais se distingue par sa haute qualit\u00e9 de fabrication. Le cadre est en aluminium embouti, ce qui le rend hautement r\u00e9sistant \u00e0 la flexion ainsi qu&#8217;aux conditions m\u00e9t\u00e9orologiques difficiles et m\u00eame \u00e0 l&#8217;usure du temps. Compar\u00e9 aux mat\u00e9riaux utilis\u00e9s par d&#8217;autres fabricants, l&#8217;aluminium embouti est l&#8217;un des mat\u00e9riaux les plus durables utilis\u00e9s pour la fabrication des moustiquaires, garantissant ainsi fiabilit\u00e9 et durabilit\u00e9 pendant de nombreuses ann\u00e9es. Vous avez la possibilit\u00e9 de choisir l&#8217;une des cinq finitions disponibles ou de demander une couleur sp\u00e9cifique de la palette RAL, ce qui permettra \u00e0 la moustiquaire battante de s&#8217;adapter parfaitement \u00e0 la fen\u00eatre.<\/p>\n<\/div>\n                    <\/div>\n                <\/div>\n            <\/div>\n        <\/div>\n    <\/div>\n\n<\/section>\n\n\n\n<section id=\"\" class=\"files_block image_tabs acf-block  acf-block-id-block_9b0ed555e57335f393fd8b2f74a57382 acf-block--mb acf-block--mt\">\n\n    <div class=\"container\">\n        <div class=\"row\">\n            <div class=\"col-12 col-md-10 offset-md-1\">\n\n                            \n\n\n\n                                    <div data-tabs class=\"files_block__tabs\">\n                        <div data-tabs-container class=\"files_block__tabs__buttons\"><\/div>\n                        \n                            <div data-tab=\"Moustiquaires fixes Fintecnic Galerie\" class=\"image_tabs__content\">\n\n                                <div class=\"row\">\n\n                                                                            \n                                        \n                                            <a href=\"https:\/\/fintecnic.eu\/app\/uploads\/2021\/07\/zanzariera-fissa-nel-telaio-polonia-fintecnic-foto-6.jpg\" data-fancybox=\"tab-0\" data-caption=\"\" class=\"col-12 col-sm-6 col-md-4 image_tabs__content__item\">\n                                                <figure>\n                                                    <img decoding=\"async\" src=\"https:\/\/fintecnic.eu\/app\/uploads\/2021\/07\/zanzariera-fissa-nel-telaio-polonia-fintecnic-foto-6-500x259-c-default.jpg\" alt=\"\">\n                                                    <figcaption><\/figcaption>\n                                                <\/figure>\n                                            <\/a>\n                                        \n                                                                            \n                                        \n                                            <a href=\"https:\/\/fintecnic.eu\/app\/uploads\/2021\/07\/zanzariera-fissa-nel-telaio-polonia-fintecnic-foto-7.jpg\" data-fancybox=\"tab-0\" data-caption=\"\" class=\"col-12 col-sm-6 col-md-4 image_tabs__content__item\">\n                                                <figure>\n                                                    <img decoding=\"async\" src=\"https:\/\/fintecnic.eu\/app\/uploads\/2021\/07\/zanzariera-fissa-nel-telaio-polonia-fintecnic-foto-7-500x259-c-default.jpg\" alt=\"\">\n                                                    <figcaption><\/figcaption>\n                                                <\/figure>\n                                            <\/a>\n                                        \n                                    \n                                    \n                                                                    <\/div>\n\n\n                            <\/div>\n\n                        \n                            <div data-tab=\"Couleurs Ral Moustiquaires fixes\" class=\"image_tabs__content\">\n\n                                <div class=\"row\">\n\n                                                                            \n                                                                                    <a href=\"https:\/\/fintecnic.eu\/app\/uploads\/2021\/07\/campionari-ral-zanzariere-fisse-fintecnic-finestre-dalla-polonia-scaled.jpg\" data-fancybox=\"tab-1\" data-caption=\"\" class=\"col-12 image_tabs__content__item\">\n                                                <figure>\n                                                    <img decoding=\"async\" src=\"https:\/\/fintecnic.eu\/app\/uploads\/2021\/07\/campionari-ral-zanzariere-fisse-fintecnic-finestre-dalla-polonia-scaled.jpg\" alt=\"\">\n                                                    <figcaption><\/figcaption>\n                                                <\/figure>\n                                            <\/a>\n                                        \n                                    \n                                    \n                                                                    <\/div>\n\n\n                            <\/div>\n\n                        \n                            <div data-tab=\"Moustiquaire cadre fixe sans percer\" class=\"image_tabs__content\">\n\n                                <div class=\"row\">\n\n                                                                            \n                                        \n                                            <a href=\"https:\/\/fintecnic.eu\/app\/uploads\/2021\/07\/zanzariera-fissa-colore-antracite-ral-7016-fintecnic-finestre-dalla-polonia-1.jpg\" data-fancybox=\"tab-2\" data-caption=\"\" class=\"col-12 col-sm-6 col-md-4 image_tabs__content__item\">\n                                                <figure>\n                                                    <img decoding=\"async\" src=\"https:\/\/fintecnic.eu\/app\/uploads\/2021\/07\/zanzariera-fissa-colore-antracite-ral-7016-fintecnic-finestre-dalla-polonia-1-500x259-c-default.jpg\" alt=\"\">\n                                                    <figcaption><\/figcaption>\n                                                <\/figure>\n                                            <\/a>\n                                        \n                                                                            \n                                        \n                                            <a href=\"https:\/\/fintecnic.eu\/app\/uploads\/2021\/07\/zanzariera-fissa-colore-bianco-ral-9016-fintecnic-finestre-dalla-polonia-1.jpg\" data-fancybox=\"tab-2\" data-caption=\"\" class=\"col-12 col-sm-6 col-md-4 image_tabs__content__item\">\n                                                <figure>\n                                                    <img decoding=\"async\" src=\"https:\/\/fintecnic.eu\/app\/uploads\/2021\/07\/zanzariera-fissa-colore-bianco-ral-9016-fintecnic-finestre-dalla-polonia-1-500x259-c-default.jpg\" alt=\"\">\n                                                    <figcaption><\/figcaption>\n                                                <\/figure>\n                                            <\/a>\n                                        \n                                                                            \n                                        \n                                            <a href=\"https:\/\/fintecnic.eu\/app\/uploads\/2021\/07\/zanzariera-fissa-colore-marrone-scuro-ral-8017-fintecnic-finestre-dalla-polonia-1.jpg\" data-fancybox=\"tab-2\" data-caption=\"\" class=\"col-12 col-sm-6 col-md-4 image_tabs__content__item\">\n                                                <figure>\n                                                    <img decoding=\"async\" src=\"https:\/\/fintecnic.eu\/app\/uploads\/2021\/07\/zanzariera-fissa-colore-marrone-scuro-ral-8017-fintecnic-finestre-dalla-polonia-1-500x259-c-default.jpg\" alt=\"\">\n                                                    <figcaption><\/figcaption>\n                                                <\/figure>\n                                            <\/a>\n                                        \n                                                                            \n                                        \n                                            <a href=\"https:\/\/fintecnic.eu\/app\/uploads\/2021\/07\/zanzariera-fissa-colore-mogano-fintecnic-finestre-dalla-polonia.jpg\" data-fancybox=\"tab-2\" data-caption=\"\" class=\"col-12 col-sm-6 col-md-4 image_tabs__content__item\">\n                                                <figure>\n                                                    <img decoding=\"async\" src=\"https:\/\/fintecnic.eu\/app\/uploads\/2021\/07\/zanzariera-fissa-colore-mogano-fintecnic-finestre-dalla-polonia-500x259-c-default.jpg\" alt=\"\">\n                                                    <figcaption><\/figcaption>\n                                                <\/figure>\n                                            <\/a>\n                                        \n                                                                            \n                                        \n                                            <a href=\"https:\/\/fintecnic.eu\/app\/uploads\/2021\/07\/zanzariera-fissa-colore-noce-fintecnic-finestre-dalla-polonia-1.jpg\" data-fancybox=\"tab-2\" data-caption=\"\" class=\"col-12 col-sm-6 col-md-4 image_tabs__content__item\">\n                                                <figure>\n                                                    <img decoding=\"async\" src=\"https:\/\/fintecnic.eu\/app\/uploads\/2021\/07\/zanzariera-fissa-colore-noce-fintecnic-finestre-dalla-polonia-1-500x259-c-default.jpg\" alt=\"\">\n                                                    <figcaption><\/figcaption>\n                                                <\/figure>\n                                            <\/a>\n                                        \n                                                                            \n                                        \n                                            <a href=\"https:\/\/fintecnic.eu\/app\/uploads\/2021\/07\/zanzariera-fissa-colore-rovere-gold-dorato-fintecnic-finestre-dalla-polonia-1.jpg\" data-fancybox=\"tab-2\" data-caption=\"\" class=\"col-12 col-sm-6 col-md-4 image_tabs__content__item\">\n                                                <figure>\n                                                    <img decoding=\"async\" src=\"https:\/\/fintecnic.eu\/app\/uploads\/2021\/07\/zanzariera-fissa-colore-rovere-gold-dorato-fintecnic-finestre-dalla-polonia-1-500x259-c-default.jpg\" alt=\"\">\n                                                    <figcaption><\/figcaption>\n                                                <\/figure>\n                                            <\/a>\n                                        \n                                    \n                                    \n                                                                    <\/div>\n\n\n                            <\/div>\n\n                                            <\/div>\n                \n\n            <\/div>\n        <\/div>\n    <\/div>\n\n<\/section>\n\n","protected":false},"excerpt":{"rendered":"","protected":false},"author":3,"featured_media":3700,"parent":7124,"menu_order":0,"comment_status":"closed","ping_status":"closed","template":"pages\/product-single.php","meta":[],"acf":[],"_links":{"self":[{"href":"https:\/\/fintecnic.eu\/fr\/wp-json\/wp\/v2\/pages\/7138"}],"collection":[{"href":"https:\/\/fintecnic.eu\/fr\/wp-json\/wp\/v2\/pages"}],"about":[{"href":"https:\/\/fintecnic.eu\/fr\/wp-json\/wp\/v2\/types\/page"}],"author":[{"embeddable":true,"href":"https:\/\/fintecnic.eu\/fr\/wp-json\/wp\/v2\/users\/3"}],"replies":[{"embeddable":true,"href":"https:\/\/fintecnic.eu\/fr\/wp-json\/wp\/v2\/comments?post=7138"}],"version-history":[{"count":3,"href":"https:\/\/fintecnic.eu\/fr\/wp-json\/wp\/v2\/pages\/7138\/revisions"}],"predecessor-version":[{"id":7141,"href":"https:\/\/fintecnic.eu\/fr\/wp-json\/wp\/v2\/pages\/7138\/revisions\/7141"}],"up":[{"embeddable":true,"href":"https:\/\/fintecnic.eu\/fr\/wp-json\/wp\/v2\/pages\/7124"}],"wp:featuredmedia":[{"embeddable":true,"href":"https:\/\/fintecnic.eu\/fr\/wp-json\/wp\/v2\/media\/3700"}],"wp:attachment":[{"href":"https:\/\/fintecnic.eu\/fr\/wp-json\/wp\/v2\/media?parent=7138"}],"curies":[{"name":"wp","href":"https:\/\/api.w.org\/{rel}","templated":true}]}}