{"id":7134,"date":"2021-07-07T18:17:55","date_gmt":"2021-07-07T16:17:55","guid":{"rendered":"https:\/\/fintecnic.eu\/?page_id=7134"},"modified":"2024-04-15T09:59:43","modified_gmt":"2024-04-15T07:59:43","slug":"moustiquaires-enroulables","status":"publish","type":"page","link":"https:\/\/fintecnic.eu\/fr\/moustiquaires\/moustiquaires-enroulables\/","title":{"rendered":"Moustiquaires enroulables"},"content":{"rendered":"<section id=\"\" class=\"side_image acf-block  acf-block-id-block_4572e90a30cc69a0a6a805d18f7386c4 acf-block--mb acf-block--mt\">\n        <div class=\"container\">\n        <div class=\"row side_image__row\">\n            <div class=\"col-12 col-lg-10 offset-lg-1\">\n                <div class=\"row\">\n                    <div class=\"col-12 col-md-4 \">\n                        <img decoding=\"async\" class=\"side_image__img\" src=\"https:\/\/fintecnic.eu\/app\/uploads\/2021\/07\/xmini_zanzariera-avvolgibile-dalla-polonia-fintecnic-foto-4.jpg.pagespeed.ic_.eMhgA8AYRp.webp\" alt=\"\" loading=\"lazy\">\n                    <\/div>\n                    <div class=\"col-12 col-md-8 \">\n                        <div class=\"side_image__description description\"><p><strong>Moustiquaires enroulables<\/strong> de Pologne sont fabriqu\u00e9es en aluminium, ce qui les rend extr\u00eamement durables et surtout r\u00e9sistantes aux conditions m\u00e9t\u00e9orologiques difficiles telles que la pluie et le vent fort. La moustiquaire enroulable est un produit qui prot\u00e8ge efficacement une maison ou un appartement contre les insectes. Elle doit \u00eatre install\u00e9e dans la chambre ext\u00e9rieure de la fen\u00eatre, g\u00e9n\u00e9ralement sur le dormant lui-m\u00eame. L&#8217;avantage de la moustiquaire enroulable est qu&#8217;elle peut \u00eatre rapidement et facilement ajust\u00e9e en cas de besoin.<\/p>\n<p>Le bas du poids et le guide de la moustiquaire sont \u00e9quip\u00e9s d&#8217;un joint brosse, assurant une excellente \u00e9tanch\u00e9it\u00e9. Le caisson de la moustiquaire enroulable polonaise est viss\u00e9 sur le cadre de la fen\u00eatre. Les caissons et les guides sont disponibles dans diff\u00e9rents coloris : blanc, brun fonc\u00e9, gris anthracite, noyer, ch\u00eane dor\u00e9.<\/p>\n<\/div>\n                    <\/div>\n                <\/div>\n            <\/div>\n        <\/div>\n    <\/div>\n\n<\/section>\n\n\n\n<section id=\"\" class=\"files_block image_tabs acf-block  acf-block-id-block_237778d1dc2f7d970c5312ef7e72ef97 acf-block--mb acf-block--mt\">\n\n    <div class=\"container\">\n        <div class=\"row\">\n            <div class=\"col-12 col-md-10 offset-md-1\">\n\n                            \n\n\n\n                                    <div data-tabs class=\"files_block__tabs\">\n                        <div data-tabs-container class=\"files_block__tabs__buttons\"><\/div>\n                        \n                            <div data-tab=\"Moustiquaires enroulables Fintecnic Galerie\" class=\"image_tabs__content\">\n\n                                <div class=\"row\">\n\n                                                                            \n                                        \n                                            <a href=\"https:\/\/fintecnic.eu\/app\/uploads\/2021\/07\/xbig_zanzariera-avvolgibile-dalla-polonia-fintecnic-foto-1.jpg.pagespeed.ic_.4_l7EwV8es.webp\" data-fancybox=\"tab-0\" data-caption=\"\" class=\"col-12 col-sm-6 col-md-4 image_tabs__content__item\">\n                                                <figure>\n                                                    <img decoding=\"async\" src=\"https:\/\/fintecnic.eu\/app\/uploads\/2021\/07\/xbig_zanzariera-avvolgibile-dalla-polonia-fintecnic-foto-1.jpg.pagespeed.ic_.4_l7EwV8es-500x259-c-default.webp\" alt=\"\">\n                                                    <figcaption><\/figcaption>\n                                                <\/figure>\n                                            <\/a>\n                                        \n                                                                            \n                                        \n                                            <a href=\"https:\/\/fintecnic.eu\/app\/uploads\/2021\/07\/xbig_zanzariera-avvolgibile-dalla-polonia-fintecnic-foto-2.jpg.pagespeed.ic_.mbYQfq6ySk.webp\" data-fancybox=\"tab-0\" data-caption=\"\" class=\"col-12 col-sm-6 col-md-4 image_tabs__content__item\">\n                                                <figure>\n                                                    <img decoding=\"async\" src=\"https:\/\/fintecnic.eu\/app\/uploads\/2021\/07\/xbig_zanzariera-avvolgibile-dalla-polonia-fintecnic-foto-2.jpg.pagespeed.ic_.mbYQfq6ySk-500x259-c-default.webp\" alt=\"\">\n                                                    <figcaption><\/figcaption>\n                                                <\/figure>\n                                            <\/a>\n                                        \n                                                                            \n                                        \n                                            <a href=\"https:\/\/fintecnic.eu\/app\/uploads\/2021\/07\/xbig_zanzariera-avvolgibile-dalla-polonia-fintecnic-foto-3.jpg.pagespeed.ic_.-qgOaLaPA8.webp\" data-fancybox=\"tab-0\" data-caption=\"\" class=\"col-12 col-sm-6 col-md-4 image_tabs__content__item\">\n                                                <figure>\n                                                    <img decoding=\"async\" src=\"https:\/\/fintecnic.eu\/app\/uploads\/2021\/07\/xbig_zanzariera-avvolgibile-dalla-polonia-fintecnic-foto-3.jpg.pagespeed.ic_.-qgOaLaPA8-500x259-c-default.webp\" alt=\"\">\n                                                    <figcaption><\/figcaption>\n                                                <\/figure>\n                                            <\/a>\n                                        \n                                    \n                                    \n                                                                    <\/div>\n\n\n                            <\/div>\n\n                        \n                            <div data-tab=\"Films pour moustiquaire fixe\" class=\"image_tabs__content\">\n\n                                <div class=\"row\">\n\n                                                                            \n                                        \n                                            <a href=\"https:\/\/fintecnic.eu\/app\/uploads\/2021\/07\/zanzariera-fissa-colore-antracite-ral-7016-fintecnic-finestre-dalla-polonia.jpg\" data-fancybox=\"tab-1\" data-caption=\"\" class=\"col-12 col-sm-6 col-md-4 image_tabs__content__item\">\n                                                <figure>\n                                                    <img decoding=\"async\" src=\"https:\/\/fintecnic.eu\/app\/uploads\/2021\/07\/zanzariera-fissa-colore-antracite-ral-7016-fintecnic-finestre-dalla-polonia-500x259-c-default.jpg\" alt=\"\">\n                                                    <figcaption><\/figcaption>\n                                                <\/figure>\n                                            <\/a>\n                                        \n                                                                            \n                                        \n                                            <a href=\"https:\/\/fintecnic.eu\/app\/uploads\/2021\/07\/zanzariera-fissa-colore-bianco-ral-9016-fintecnic-finestre-dalla-polonia.jpg\" data-fancybox=\"tab-1\" data-caption=\"\" class=\"col-12 col-sm-6 col-md-4 image_tabs__content__item\">\n                                                <figure>\n                                                    <img decoding=\"async\" src=\"https:\/\/fintecnic.eu\/app\/uploads\/2021\/07\/zanzariera-fissa-colore-bianco-ral-9016-fintecnic-finestre-dalla-polonia-500x259-c-default.jpg\" alt=\"\">\n                                                    <figcaption><\/figcaption>\n                                                <\/figure>\n                                            <\/a>\n                                        \n                                                                            \n                                        \n                                            <a href=\"https:\/\/fintecnic.eu\/app\/uploads\/2021\/07\/zanzariera-fissa-colore-marrone-scuro-ral-8017-fintecnic-finestre-dalla-polonia.jpg\" data-fancybox=\"tab-1\" data-caption=\"\" class=\"col-12 col-sm-6 col-md-4 image_tabs__content__item\">\n                                                <figure>\n                                                    <img decoding=\"async\" src=\"https:\/\/fintecnic.eu\/app\/uploads\/2021\/07\/zanzariera-fissa-colore-marrone-scuro-ral-8017-fintecnic-finestre-dalla-polonia-500x259-c-default.jpg\" alt=\"\">\n                                                    <figcaption><\/figcaption>\n                                                <\/figure>\n                                            <\/a>\n                                        \n                                                                            \n                                        \n                                            <a href=\"https:\/\/fintecnic.eu\/app\/uploads\/2021\/07\/zanzariera-fissa-colore-noce-fintecnic-finestre-dalla-polonia.jpg\" data-fancybox=\"tab-1\" data-caption=\"\" class=\"col-12 col-sm-6 col-md-4 image_tabs__content__item\">\n                                                <figure>\n                                                    <img decoding=\"async\" src=\"https:\/\/fintecnic.eu\/app\/uploads\/2021\/07\/zanzariera-fissa-colore-noce-fintecnic-finestre-dalla-polonia-500x259-c-default.jpg\" alt=\"\">\n                                                    <figcaption><\/figcaption>\n                                                <\/figure>\n                                            <\/a>\n                                        \n                                                                            \n                                        \n                                            <a href=\"https:\/\/fintecnic.eu\/app\/uploads\/2021\/07\/zanzariera-fissa-colore-rovere-gold-dorato-fintecnic-finestre-dalla-polonia.jpg\" data-fancybox=\"tab-1\" data-caption=\"\" class=\"col-12 col-sm-6 col-md-4 image_tabs__content__item\">\n                                                <figure>\n                                                    <img decoding=\"async\" src=\"https:\/\/fintecnic.eu\/app\/uploads\/2021\/07\/zanzariera-fissa-colore-rovere-gold-dorato-fintecnic-finestre-dalla-polonia-500x259-c-default.jpg\" alt=\"\">\n                                                    <figcaption><\/figcaption>\n                                                <\/figure>\n                                            <\/a>\n                                        \n                                    \n                                    \n                                                                    <\/div>\n\n\n                            <\/div>\n\n                                            <\/div>\n                \n\n            <\/div>\n        <\/div>\n    <\/div>\n\n<\/section>\n\n","protected":false},"excerpt":{"rendered":"","protected":false},"author":3,"featured_media":3668,"parent":7124,"menu_order":0,"comment_status":"closed","ping_status":"closed","template":"pages\/product-single.php","meta":[],"acf":[],"_links":{"self":[{"href":"https:\/\/fintecnic.eu\/fr\/wp-json\/wp\/v2\/pages\/7134"}],"collection":[{"href":"https:\/\/fintecnic.eu\/fr\/wp-json\/wp\/v2\/pages"}],"about":[{"href":"https:\/\/fintecnic.eu\/fr\/wp-json\/wp\/v2\/types\/page"}],"author":[{"embeddable":true,"href":"https:\/\/fintecnic.eu\/fr\/wp-json\/wp\/v2\/users\/3"}],"replies":[{"embeddable":true,"href":"https:\/\/fintecnic.eu\/fr\/wp-json\/wp\/v2\/comments?post=7134"}],"version-history":[{"count":3,"href":"https:\/\/fintecnic.eu\/fr\/wp-json\/wp\/v2\/pages\/7134\/revisions"}],"predecessor-version":[{"id":7137,"href":"https:\/\/fintecnic.eu\/fr\/wp-json\/wp\/v2\/pages\/7134\/revisions\/7137"}],"up":[{"embeddable":true,"href":"https:\/\/fintecnic.eu\/fr\/wp-json\/wp\/v2\/pages\/7124"}],"wp:featuredmedia":[{"embeddable":true,"href":"https:\/\/fintecnic.eu\/fr\/wp-json\/wp\/v2\/media\/3668"}],"wp:attachment":[{"href":"https:\/\/fintecnic.eu\/fr\/wp-json\/wp\/v2\/media?parent=7134"}],"curies":[{"name":"wp","href":"https:\/\/api.w.org\/{rel}","templated":true}]}}