{"id":7130,"date":"2021-07-07T18:13:46","date_gmt":"2021-07-07T16:13:46","guid":{"rendered":"https:\/\/fintecnic.eu\/?page_id=7130"},"modified":"2024-04-15T09:57:48","modified_gmt":"2024-04-15T07:57:48","slug":"moustiquaire-coulissante","status":"publish","type":"page","link":"https:\/\/fintecnic.eu\/fr\/moustiquaires\/moustiquaire-coulissante\/","title":{"rendered":"Moustiquaire coulissante"},"content":{"rendered":"<section id=\"\" class=\"side_image acf-block  acf-block-id-block_df7816801cdbf4cfdb7e17e96a416c42 acf-block--mb acf-block--mt\">\n        <div class=\"container\">\n        <div class=\"row side_image__row\">\n            <div class=\"col-12 col-lg-10 offset-lg-1\">\n                <div class=\"row\">\n                    <div class=\"col-12 col-md-4 \">\n                        <img decoding=\"async\" class=\"side_image__img\" src=\"https:\/\/fintecnic.eu\/app\/uploads\/2021\/07\/zanzariere-scorrevole-fintecnic-dalla-polonia-.jpg.pagespeed.ic_.08LFwEmtDe.webp\" alt=\"\" loading=\"lazy\">\n                    <\/div>\n                    <div class=\"col-12 col-md-8 \">\n                        <div class=\"side_image__description description\"><p>Le moustiquaire coulissant est une barri\u00e8re de protection id\u00e9ale pour notre maison. Il prot\u00e8ge nos int\u00e9rieurs des insectes ind\u00e9sirables qui sont g\u00eanants et s&#8217;introduisent facilement \u00e0 l&#8217;int\u00e9rieur. Installez le moustiquaire polonais disponible chez Fintecnic exactement l\u00e0 o\u00f9 vous avez de grandes baies coulissantes, des terrasses, des vitrines ou des v\u00e9randas, et vous pourrez profiter de l&#8217;air frais et des sons de l&#8217;\u00e9t\u00e9 \u00e0 toute heure du jour et de la nuit.<\/p>\n<p>Gr\u00e2ce au syst\u00e8me de coulissement du moustiquaire, il est possible de cr\u00e9er des panneaux de tr\u00e8s grandes dimensions sans compromettre la qualit\u00e9 et la fonctionnalit\u00e9. Le moustiquaire polonais coulissant est \u00e9l\u00e9gant, stable \u00e0 l&#8217;utilisation et disponible dans de nombreuses couleurs de la palette RAL.<\/p>\n<\/div>\n                    <\/div>\n                <\/div>\n            <\/div>\n        <\/div>\n    <\/div>\n\n<\/section>\n\n\n\n<div class=\"wp-block-image\">\n<figure class=\"aligncenter size-large\"><img decoding=\"async\" src=\"https:\/\/fintecnic.eu\/app\/uploads\/2021\/07\/xbig_zanzariere-scorrevole-dalla-polonia-fintecnic.jpg.pagespeed.ic_.IcKDRbC6iI.webp\" alt=\"\" class=\"wp-image-1848\"\/><\/figure><\/div>","protected":false},"excerpt":{"rendered":"","protected":false},"author":3,"featured_media":3662,"parent":7124,"menu_order":0,"comment_status":"closed","ping_status":"closed","template":"pages\/product-single.php","meta":[],"acf":[],"_links":{"self":[{"href":"https:\/\/fintecnic.eu\/fr\/wp-json\/wp\/v2\/pages\/7130"}],"collection":[{"href":"https:\/\/fintecnic.eu\/fr\/wp-json\/wp\/v2\/pages"}],"about":[{"href":"https:\/\/fintecnic.eu\/fr\/wp-json\/wp\/v2\/types\/page"}],"author":[{"embeddable":true,"href":"https:\/\/fintecnic.eu\/fr\/wp-json\/wp\/v2\/users\/3"}],"replies":[{"embeddable":true,"href":"https:\/\/fintecnic.eu\/fr\/wp-json\/wp\/v2\/comments?post=7130"}],"version-history":[{"count":3,"href":"https:\/\/fintecnic.eu\/fr\/wp-json\/wp\/v2\/pages\/7130\/revisions"}],"predecessor-version":[{"id":7133,"href":"https:\/\/fintecnic.eu\/fr\/wp-json\/wp\/v2\/pages\/7130\/revisions\/7133"}],"up":[{"embeddable":true,"href":"https:\/\/fintecnic.eu\/fr\/wp-json\/wp\/v2\/pages\/7124"}],"wp:featuredmedia":[{"embeddable":true,"href":"https:\/\/fintecnic.eu\/fr\/wp-json\/wp\/v2\/media\/3662"}],"wp:attachment":[{"href":"https:\/\/fintecnic.eu\/fr\/wp-json\/wp\/v2\/media?parent=7130"}],"curies":[{"name":"wp","href":"https:\/\/api.w.org\/{rel}","templated":true}]}}