{"id":7126,"date":"2021-07-07T17:52:48","date_gmt":"2021-07-07T15:52:48","guid":{"rendered":"https:\/\/fintecnic.eu\/?page_id=7126"},"modified":"2024-04-15T09:56:26","modified_gmt":"2024-04-15T07:56:26","slug":"filets-anti-pollution","status":"publish","type":"page","link":"https:\/\/fintecnic.eu\/fr\/moustiquaires\/filets-anti-pollution\/","title":{"rendered":"Filets anti-pollution"},"content":{"rendered":"<section id=\"\" class=\"side_image acf-block  acf-block-id-block_5682d91dccbaad188699aa7bc0f4474b acf-block--mb acf-block--mt\">\n        <div class=\"container\">\n        <div class=\"row side_image__row\">\n            <div class=\"col-12 col-lg-10 offset-lg-1\">\n                <div class=\"row\">\n                    <div class=\"col-12 col-md-4 \">\n                        <img decoding=\"async\" class=\"side_image__img\" src=\"https:\/\/fintecnic.eu\/app\/uploads\/2021\/07\/zanzariera-fissa-fintecnic-dalla-polonia-.webp\" alt=\"\" loading=\"lazy\">\n                    <\/div>\n                    <div class=\"col-12 col-md-8 \">\n                        <div class=\"side_image__description description\"><p>Les filets anti-pollution constituent une solution id\u00e9ale contre les particules en suspension dans l&#8217;air, qualifi\u00e9es par l&#8217;Organisation mondiale de la sant\u00e9 comme l&#8217;un des principaux facteurs de risque de cancer. La pollution, les particules fines et autres micro-organismes que nous inhalons avec l&#8217;air peuvent s\u00e9rieusement affecter notre sant\u00e9, endommageant irr\u00e9versiblement notre organisme. La pollution qui tue est sans aucun doute un probl\u00e8me mondial. Nous avons d\u00e9cid\u00e9 de nous y attaquer de mani\u00e8re rationnelle ! Nous avons introduit dans notre offre des filets anti-pollution en provenance de Pologne, cr\u00e9\u00e9s selon une technologie innovante et brevet\u00e9e.<\/p>\n<p>Gr\u00e2ce aux filets anti-pollution, nous avons l&#8217;assurance que l&#8217;air contamin\u00e9 ne p\u00e9n\u00e9trera pas dans notre int\u00e9rieur. Ainsi, il est possible d&#8217;a\u00e9rer la maison sans probl\u00e8me, m\u00eame lorsque la concentration de particules en suspension est plus \u00e9lev\u00e9e que la normale. Les filets anti-pollution en provenance de Pologne constituent une solution pour ceux qui veulent prendre soin de leur sant\u00e9 et de leur bien-\u00eatre.<\/p>\n<p>Les filets anti-pollution prot\u00e8gent contre :<\/p>\n<ul>\n<li>La pollution atmosph\u00e9rique,<\/li>\n<li>Les champignons,<\/li>\n<li>Le sel marin,<\/li>\n<li>Les a\u00e9rosols,<\/li>\n<li>Les gaz d&#8217;\u00e9chappement,<\/li>\n<li>La poussi\u00e8re,<\/li>\n<li>Les spores de plantes,<\/li>\n<li>Les pollens,<\/li>\n<li>Les acariens,<\/li>\n<li>Les insectes.<\/li>\n<\/ul>\n<p>&nbsp;<br \/>\nLes filets anti-pollution en provenance de Pologne offrent une protection id\u00e9ale contre la pollution atmosph\u00e9rique en hiver. Au printemps, ils deviennent une solution pour tous les allergiques, tandis qu&#8217;en \u00e9t\u00e9, ils fonctionnent comme des moustiquaires traditionnelles, prot\u00e9geant l&#8217;habitation des insectes. Les membranes anti-poussi\u00e8re classiques ne prot\u00e8gent que contre les spores de plantes, les pollens, les acariens et les insectes. La solution propos\u00e9e par notre entreprise, Fintecnic, fabriqu\u00e9e \u00e0 partir de nanofibres, offre une efficacit\u00e9 maximale gr\u00e2ce \u00e0 la densit\u00e9 des fibres. L&#8217;efficacit\u00e9 des filets a \u00e9t\u00e9 confirm\u00e9e par des tests de filtration ind\u00e9pendants r\u00e9alis\u00e9s par le Laboratoire de recherche de l&#8217;Institut national de sant\u00e9 publique de Brno.<\/p>\n<p>Les filets anti-pollution en provenance de Pologne sont particuli\u00e8rement recommand\u00e9s pour les personnes vivant dans des zones pr\u00e9sentant un niveau \u00e9lev\u00e9 de pollution atmosph\u00e9rique, ainsi que pour les personnes allergiques. Ils conviennent pour \u00eatre install\u00e9s sur les fen\u00eatres, les portes et les syst\u00e8mes de ventilation.<\/p>\n<p>Ils conservent leurs propri\u00e9t\u00e9s de filtration pendant 3 ans. Ils sont \u00e9galement r\u00e9sistants \u00e0 l&#8217;eau et tr\u00e8s faciles \u00e0 entretenir. S&#8217;ils se salissent, il suffit de les rincer \u00e0 l&#8217;eau<\/p>\n<\/div>\n                    <\/div>\n                <\/div>\n            <\/div>\n        <\/div>\n    <\/div>\n\n<\/section>\n\n\n\n\n<p><\/p>\n","protected":false},"excerpt":{"rendered":"","protected":false},"author":3,"featured_media":3648,"parent":7124,"menu_order":0,"comment_status":"closed","ping_status":"closed","template":"pages\/product-single.php","meta":[],"acf":[],"_links":{"self":[{"href":"https:\/\/fintecnic.eu\/fr\/wp-json\/wp\/v2\/pages\/7126"}],"collection":[{"href":"https:\/\/fintecnic.eu\/fr\/wp-json\/wp\/v2\/pages"}],"about":[{"href":"https:\/\/fintecnic.eu\/fr\/wp-json\/wp\/v2\/types\/page"}],"author":[{"embeddable":true,"href":"https:\/\/fintecnic.eu\/fr\/wp-json\/wp\/v2\/users\/3"}],"replies":[{"embeddable":true,"href":"https:\/\/fintecnic.eu\/fr\/wp-json\/wp\/v2\/comments?post=7126"}],"version-history":[{"count":3,"href":"https:\/\/fintecnic.eu\/fr\/wp-json\/wp\/v2\/pages\/7126\/revisions"}],"predecessor-version":[{"id":7129,"href":"https:\/\/fintecnic.eu\/fr\/wp-json\/wp\/v2\/pages\/7126\/revisions\/7129"}],"up":[{"embeddable":true,"href":"https:\/\/fintecnic.eu\/fr\/wp-json\/wp\/v2\/pages\/7124"}],"wp:featuredmedia":[{"embeddable":true,"href":"https:\/\/fintecnic.eu\/fr\/wp-json\/wp\/v2\/media\/3648"}],"wp:attachment":[{"href":"https:\/\/fintecnic.eu\/fr\/wp-json\/wp\/v2\/media?parent=7126"}],"curies":[{"name":"wp","href":"https:\/\/api.w.org\/{rel}","templated":true}]}}