{"id":7119,"date":"2021-07-07T15:45:24","date_gmt":"2021-07-07T13:45:24","guid":{"rendered":"https:\/\/fintecnic.eu\/?page_id=7119"},"modified":"2024-04-15T09:53:44","modified_gmt":"2024-04-15T07:53:44","slug":"volets-interieurs","status":"publish","type":"page","link":"https:\/\/fintecnic.eu\/fr\/stores\/volets-interieurs\/","title":{"rendered":"Volets int\u00e9rieurs"},"content":{"rendered":"<section id=\"\" class=\"side_image acf-block  acf-block-id-block_afe078cd6b62e8cef38441ddf9a32e26 acf-block--mb acf-block--mt\">\n        <div class=\"container\">\n        <div class=\"row side_image__row\">\n            <div class=\"col-12 col-lg-10 offset-lg-1\">\n                <div class=\"row\">\n                    <div class=\"col-12 col-md-4 \">\n                        <img decoding=\"async\" class=\"side_image__img\" src=\"https:\/\/fintecnic.eu\/app\/uploads\/2021\/07\/xmini_veneziane-interne-1.jpg.pagespeed.ic_.DO4eM5ysoI.webp\" alt=\"\" loading=\"lazy\">\n                    <\/div>\n                    <div class=\"col-12 col-md-8 \">\n                        <div class=\"side_image__description description\"><p><strong>Volets int\u00e9gr\u00e9s dans le vitrage<\/strong><\/p>\n<p>Les volets horizontaux ont toujours \u00e9t\u00e9 le moyen le plus populaire de r\u00e9duire l&#8217;exc\u00e8s de lumi\u00e8re solaire dans les pi\u00e8ces. La r\u00e9gulation de la lumi\u00e8re en les soulevant ou en les abaissant permet non seulement de contr\u00f4ler l&#8217;intensit\u00e9 du rayonnement, mais aussi de limiter la visibilit\u00e9 de l&#8217;int\u00e9rieur, m\u00eame en plein soleil.<\/p>\n<p>Principaux avantages:<\/p>\n<ul>\n<li>Ne n\u00e9cessitent pas de nettoyage et ne g\u00eanent pas le nettoyage des fen\u00eatres ;<\/li>\n<li>Diminuent le coefficient de transfert thermique ;<\/li>\n<li>Peuvent \u00eatre actionn\u00e9s et contr\u00f4l\u00e9s \u00e9lectriquement ;<\/li>\n<li>Constituent un \u00e9l\u00e9ment architectural attrayant ;<\/li>\n<li>Le m\u00e9canisme permet de les utiliser dans des syst\u00e8mes \u00e0 vitrage multiple ;<\/li>\n<\/ul>\n<\/div>\n                    <\/div>\n                <\/div>\n            <\/div>\n        <\/div>\n    <\/div>\n\n<\/section>\n\n\n\n<section id=\"\" class=\"files_block image_tabs acf-block  acf-block-id-block_a2bea486795a2ceafcd598c68e60dd80 acf-block--mb acf-block--mt\">\n\n    <div class=\"container\">\n        <div class=\"row\">\n            <div class=\"col-12 col-md-10 offset-md-1\">\n\n                            \n\n\n\n                                    <div data-tabs class=\"files_block__tabs\">\n                        <div data-tabs-container class=\"files_block__tabs__buttons\"><\/div>\n                        \n                            <div data-tab=\"Fichiers\" class=\"image_tabs__content\">\n\n                                <div class=\"row\">\n\n                                    \n                                    \n                                                                            <div class=\"col-12\">\n\n                                            <div class=\"files_block__tabs__content\">\n\n                                                                                                    <a href=\"https:\/\/fintecnic.eu\/app\/uploads\/2021\/07\/veneziane-interne.pdf\" download class=\"files_block__file\" aria-label=\"Pobierz Volets int\u00e9rieurs\">\n                                                        <span class=\"files_block__file__title\">Volets int\u00e9rieurs<\/span>\n                                                        <span class=\"files_block__file__download\">T\u00e9l\u00e9charger<\/span>\n                                                    <\/a>\n                                                \n                                            <\/div>\n\n                                        <\/div>\n                                                                    <\/div>\n\n\n                            <\/div>\n\n                        \n                            <div data-tab=\"Galerie\" class=\"image_tabs__content\">\n\n                                <div class=\"row\">\n\n                                                                            \n                                        \n                                            <a href=\"https:\/\/fintecnic.eu\/app\/uploads\/2021\/07\/xmini_veneziane-intenre-2.jpg.pagespeed.ic_.dDnyoo8OHj.webp\" data-fancybox=\"tab-1\" data-caption=\"\" class=\"col-12 col-sm-6 col-md-4 image_tabs__content__item\">\n                                                <figure>\n                                                    <img decoding=\"async\" src=\"https:\/\/fintecnic.eu\/app\/uploads\/2021\/07\/xmini_veneziane-intenre-2.jpg.pagespeed.ic_.dDnyoo8OHj-500x259-c-default.webp\" alt=\"\">\n                                                    <figcaption><\/figcaption>\n                                                <\/figure>\n                                            <\/a>\n                                        \n                                                                            \n                                        \n                                            <a href=\"https:\/\/fintecnic.eu\/app\/uploads\/2021\/07\/xmini_veneziane-interne-2.webp\" data-fancybox=\"tab-1\" data-caption=\"\" class=\"col-12 col-sm-6 col-md-4 image_tabs__content__item\">\n                                                <figure>\n                                                    <img decoding=\"async\" src=\"https:\/\/fintecnic.eu\/app\/uploads\/2021\/07\/xmini_veneziane-interne-2-500x259-c-default.webp\" alt=\"\">\n                                                    <figcaption><\/figcaption>\n                                                <\/figure>\n                                            <\/a>\n                                        \n                                                                            \n                                        \n                                            <a href=\"https:\/\/fintecnic.eu\/app\/uploads\/2021\/07\/xmini_veneziane-interne-3.jpg.pagespeed.ic_.qejfdDI7lv.webp\" data-fancybox=\"tab-1\" data-caption=\"\" class=\"col-12 col-sm-6 col-md-4 image_tabs__content__item\">\n                                                <figure>\n                                                    <img decoding=\"async\" src=\"https:\/\/fintecnic.eu\/app\/uploads\/2021\/07\/xmini_veneziane-interne-3.jpg.pagespeed.ic_.qejfdDI7lv-500x259-c-default.webp\" alt=\"\">\n                                                    <figcaption><\/figcaption>\n                                                <\/figure>\n                                            <\/a>\n                                        \n                                    \n                                    \n                                                                    <\/div>\n\n\n                            <\/div>\n\n                                            <\/div>\n                \n\n            <\/div>\n        <\/div>\n    <\/div>\n\n<\/section>\n\n","protected":false},"excerpt":{"rendered":"","protected":false},"author":3,"featured_media":3582,"parent":7116,"menu_order":0,"comment_status":"closed","ping_status":"closed","template":"pages\/product-single.php","meta":[],"acf":[],"_links":{"self":[{"href":"https:\/\/fintecnic.eu\/fr\/wp-json\/wp\/v2\/pages\/7119"}],"collection":[{"href":"https:\/\/fintecnic.eu\/fr\/wp-json\/wp\/v2\/pages"}],"about":[{"href":"https:\/\/fintecnic.eu\/fr\/wp-json\/wp\/v2\/types\/page"}],"author":[{"embeddable":true,"href":"https:\/\/fintecnic.eu\/fr\/wp-json\/wp\/v2\/users\/3"}],"replies":[{"embeddable":true,"href":"https:\/\/fintecnic.eu\/fr\/wp-json\/wp\/v2\/comments?post=7119"}],"version-history":[{"count":3,"href":"https:\/\/fintecnic.eu\/fr\/wp-json\/wp\/v2\/pages\/7119\/revisions"}],"predecessor-version":[{"id":7123,"href":"https:\/\/fintecnic.eu\/fr\/wp-json\/wp\/v2\/pages\/7119\/revisions\/7123"}],"up":[{"embeddable":true,"href":"https:\/\/fintecnic.eu\/fr\/wp-json\/wp\/v2\/pages\/7116"}],"wp:featuredmedia":[{"embeddable":true,"href":"https:\/\/fintecnic.eu\/fr\/wp-json\/wp\/v2\/media\/3582"}],"wp:attachment":[{"href":"https:\/\/fintecnic.eu\/fr\/wp-json\/wp\/v2\/media?parent=7119"}],"curies":[{"name":"wp","href":"https:\/\/api.w.org\/{rel}","templated":true}]}}