{"id":7112,"date":"2021-04-09T09:46:17","date_gmt":"2021-04-09T07:46:17","guid":{"rendered":"https:\/\/fintecnic.eu\/?page_id=7112"},"modified":"2024-09-02T09:15:25","modified_gmt":"2024-09-02T07:15:25","slug":"transport","status":"publish","type":"page","link":"https:\/\/fintecnic.eu\/fr\/transport\/","title":{"rendered":"Transport"},"content":{"rendered":"<section id=\"\" class=\"title_description_image acf-block  acf-block-id-block_a5b88f7eef3d43859a00fc3acf1198c8 acf-block--mb acf-block--mt\">\n\n        \n    <div class=\"container\">\n        <div class=\"row\">\n            <div class=\"col-12 col-md-10 offset-md-1\">\n\n                <div class=\"title_description_image__heading\">\n                    <div class=\"title_description_image__heading__left\">\n\n                                \n    <span class=\"title_description_image__title_small title-small\">Transport<\/span>\n    <h2 class=\"title_description_image__title title\">Transport FinTecnic depuis la Pologne<\/h2>\n\n    <div class=\"paragraph title_description_image__description\">Pour nos partenaires en Italie, nous proposons \u00e9galement des services de transport depuis la Pologne, adapt\u00e9s \u00e0 leurs besoins sp\u00e9cifiques. Notre personnel hautement qualifi\u00e9 peut organiser des livraisons dans toute France (m\u00eame pour de petites commandes). De plus, les frais de livraison sont inclus dans le prix des fen\u00eatres*.<\/div>\n\n                    <\/div>\n\n                                            <a href=\"#block_a5b88f7eef3d43859a00fc3acf1198c8\" class=\"title_description_image__heading__btn btn-oval-gray\"><i class=\"fal fa-arrow-down\"><\/i><\/a>\n                                    <\/div>\n\n            <\/div>\n        <\/div>\n\n                    <div class=\"row\">\n                <div class=\"col-12\">\n                    <div class=\"title_description_image__img\" id=\"block_a5b88f7eef3d43859a00fc3acf1198c8\">\n                                                <img decoding=\"async\" src=\"https:\/\/fintecnic.eu\/app\/uploads\/2023\/11\/fintecnic_trasporto_polonia_finestre-1460x820-c-default.webp\" alt=\"\" loading=\"lazy\"\n                             srcset=\"\n                                    https:\/\/fintecnic.eu\/app\/uploads\/2023\/11\/fintecnic_trasporto_polonia_finestre-365x205-c-default.webp 365w,\n                                    https:\/\/fintecnic.eu\/app\/uploads\/2023\/11\/fintecnic_trasporto_polonia_finestre-730x410-c-default.webp 730w,\n                                    https:\/\/fintecnic.eu\/app\/uploads\/2023\/11\/fintecnic_trasporto_polonia_finestre-1460x820-c-default.webp 1460w,\n                                    https:\/\/fintecnic.eu\/app\/uploads\/2023\/11\/fintecnic_trasporto_polonia_finestre-2920x1640-c-default.webp 2920w\"\n                        >\n                    <\/div>\n                <\/div>\n            <\/div>\n            <\/div>\n\n<\/section>\n\n\n\n<section id=\"\" class=\"title_description acf-block  acf-block-id-block_0d6c4ad06156a7f8183f29ea52fe85a6 acf-block--mb acf-block--mt\">\n\n            <div class=\"container\">\n    <div class=\"row\">\n        <div class=\"col-12 col-lg-10 offset-lg-1\">\n                        \n\n    <div class=\"description title_description__description\"><p>Afin d&#8217;assurer un maximum de confort en mati\u00e8re de d\u00e9chargement des marchandises, <strong>nous garantissons \u00e9galement des livraisons avec des camions plus petits<\/strong> (avec une capacit\u00e9 de chargement de 1500 kg). Ces v\u00e9hicules peuvent livrer le mat\u00e9riel dans des endroits inaccessibles aux camions plus grands, tels que les poids lourds.<\/p>\n<p>Le service logistique de notre entreprise ne se contente pas de pr\u00e9parer les envois, mais s&#8217;occupe \u00e9galement d&#8217;autres aspects tr\u00e8s importants tels que <strong>l&#8217;emballage des marchandises, le contr\u00f4le qualit\u00e9 et la pr\u00e9paration des commandes<\/strong>.<\/p>\n<p>Gr\u00e2ce au haut niveau de professionnalisme de nos employ\u00e9s, nous sommes en mesure de livrer les marchandises avec une ponctualit\u00e9 et une qualit\u00e9 optimales, conform\u00e9ment aux exigences des clients.<\/p>\n<p>Pour conna\u00eetre les d\u00e9tails de nos services, veuillez contacter l&#8217;un de nos consultants.<\/p>\n<\/div>\n        <\/div>\n    <\/div>\n<\/div>    \n<\/section>\n\n\n\n<section id=\"\" class=\"title_description acf-block  acf-block-id-block_dba7ef7c1a301d4861c40a0b53108362 acf-block--mb acf-block--mt\">\n\n            <div class=\"container\">\n    <div class=\"row\">\n        <div class=\"col-12 col-lg-10 offset-lg-1\">\n                        \n    <h2 class=\"title_description__title title\">Vid\u00e9o r\u00e9alis\u00e9e par notre client en France.<\/h2>\n\n    <div class=\"description title_description__description\"><p><iframe loading=\"lazy\" title=\"Finestre dalla Polonia  - Fintecnic\" width=\"500\" height=\"281\" src=\"https:\/\/www.youtube.com\/embed\/Y10mmnn00j8?feature=oembed\" frameborder=\"0\" allow=\"accelerometer; autoplay; clipboard-write; encrypted-media; gyroscope; picture-in-picture; web-share\" referrerpolicy=\"strict-origin-when-cross-origin\" allowfullscreen><\/iframe><\/p>\n<\/div>\n        <\/div>\n    <\/div>\n<\/div>    \n<\/section>\n\n\n\n<section id=\"\" class=\"gallery acf-block  acf-block-id-block_ba5f9fbdb30a9547fee932f99f505e47 acf-block--mb acf-block--mt\">\n\n    <div class=\"container\">\n    <div class=\"row\">\n        <div class=\"col-12 col-lg-10 offset-lg-1\">\n                        \n    <h2 class=\"gallery__title title\">Flotte de v\u00e9hicules de Fintecnic &#8211; fen\u00eatres en PVC de Pologne<\/h2>\n\n        <\/div>\n    <\/div>\n<\/div>\n    <div class=\"container\">\n        <div class=\"row\">\n                                            <div class=\"col-12 col-sm-6 col-md-4\">\n                    <a href=\"https:\/\/fintecnic.eu\/app\/uploads\/2023\/11\/fintecnic_trasporto_polonia_finestre-1.jpeg\" data-fancybox=\"block_ba5f9fbdb30a9547fee932f99f505e47\" class=\"gallery__link\">\n                        <img decoding=\"async\" class=\"gallery__thumbnail\" width=\"466\" height=\"350\" src=\"https:\/\/fintecnic.eu\/app\/uploads\/2023\/11\/fintecnic_trasporto_polonia_finestre-1-466x350-c-default.webp\" loading=\"lazy\" alt=\"\" srcset=\"\n                            https:\/\/fintecnic.eu\/app\/uploads\/2023\/11\/fintecnic_trasporto_polonia_finestre-1-466x350-c-default.webp 466w,\n                            https:\/\/fintecnic.eu\/app\/uploads\/2023\/11\/fintecnic_trasporto_polonia_finestre-1-932x700-c-default.webp 932w\n                        \">\n                    <\/a>\n                <\/div>\n                                            <div class=\"col-12 col-sm-6 col-md-4\">\n                    <a href=\"https:\/\/fintecnic.eu\/app\/uploads\/2023\/11\/fintecnic_trasporto_finestredallapolonia_pv.jpg\" data-fancybox=\"block_ba5f9fbdb30a9547fee932f99f505e47\" class=\"gallery__link\">\n                        <img decoding=\"async\" class=\"gallery__thumbnail\" width=\"466\" height=\"350\" src=\"https:\/\/fintecnic.eu\/app\/uploads\/2023\/11\/fintecnic_trasporto_finestredallapolonia_pv-466x350-c-default.webp\" loading=\"lazy\" alt=\"\" srcset=\"\n                            https:\/\/fintecnic.eu\/app\/uploads\/2023\/11\/fintecnic_trasporto_finestredallapolonia_pv-466x350-c-default.webp 466w,\n                            https:\/\/fintecnic.eu\/app\/uploads\/2023\/11\/fintecnic_trasporto_finestredallapolonia_pv-932x700-c-default.webp 932w\n                        \">\n                    <\/a>\n                <\/div>\n                                            <div class=\"col-12 col-sm-6 col-md-4\">\n                    <a href=\"https:\/\/fintecnic.eu\/app\/uploads\/2023\/11\/fintecnic_trasporto_finestre-dalla-polonia.jpg\" data-fancybox=\"block_ba5f9fbdb30a9547fee932f99f505e47\" class=\"gallery__link\">\n                        <img decoding=\"async\" class=\"gallery__thumbnail\" width=\"466\" height=\"350\" src=\"https:\/\/fintecnic.eu\/app\/uploads\/2023\/11\/fintecnic_trasporto_finestre-dalla-polonia-466x350-c-default.webp\" loading=\"lazy\" alt=\"\" srcset=\"\n                            https:\/\/fintecnic.eu\/app\/uploads\/2023\/11\/fintecnic_trasporto_finestre-dalla-polonia-466x350-c-default.webp 466w,\n                            https:\/\/fintecnic.eu\/app\/uploads\/2023\/11\/fintecnic_trasporto_finestre-dalla-polonia-932x700-c-default.webp 932w\n                        \">\n                    <\/a>\n                <\/div>\n                                            <div class=\"col-12 col-sm-6 col-md-4\">\n                    <a href=\"https:\/\/fintecnic.eu\/app\/uploads\/2023\/11\/fintecnic-italia-finestre-export.jpeg\" data-fancybox=\"block_ba5f9fbdb30a9547fee932f99f505e47\" class=\"gallery__link\">\n                        <img decoding=\"async\" class=\"gallery__thumbnail\" width=\"466\" height=\"350\" src=\"https:\/\/fintecnic.eu\/app\/uploads\/2023\/11\/fintecnic-italia-finestre-export-466x350-c-default.webp\" loading=\"lazy\" alt=\"\" srcset=\"\n                            https:\/\/fintecnic.eu\/app\/uploads\/2023\/11\/fintecnic-italia-finestre-export-466x350-c-default.webp 466w,\n                            https:\/\/fintecnic.eu\/app\/uploads\/2023\/11\/fintecnic-italia-finestre-export-932x700-c-default.webp 932w\n                        \">\n                    <\/a>\n                <\/div>\n                                            <div class=\"col-12 col-sm-6 col-md-4\">\n                    <a href=\"https:\/\/fintecnic.eu\/app\/uploads\/2023\/11\/fintecnic-_-trasporto-scaled.jpg\" data-fancybox=\"block_ba5f9fbdb30a9547fee932f99f505e47\" class=\"gallery__link\">\n                        <img decoding=\"async\" class=\"gallery__thumbnail\" width=\"466\" height=\"350\" src=\"https:\/\/fintecnic.eu\/app\/uploads\/2023\/11\/fintecnic-_-trasporto-scaled-466x350-c-default.webp\" loading=\"lazy\" alt=\"\" srcset=\"\n                            https:\/\/fintecnic.eu\/app\/uploads\/2023\/11\/fintecnic-_-trasporto-scaled-466x350-c-default.webp 466w,\n                            https:\/\/fintecnic.eu\/app\/uploads\/2023\/11\/fintecnic-_-trasporto-scaled-932x700-c-default.webp 932w\n                        \">\n                    <\/a>\n                <\/div>\n                                            <div class=\"col-12 col-sm-6 col-md-4\">\n                    <a href=\"https:\/\/fintecnic.eu\/app\/uploads\/2023\/11\/fintecnic-finestre-dalla-polonia-trasporto-scaled.jpg\" data-fancybox=\"block_ba5f9fbdb30a9547fee932f99f505e47\" class=\"gallery__link\">\n                        <img decoding=\"async\" class=\"gallery__thumbnail\" width=\"466\" height=\"350\" src=\"https:\/\/fintecnic.eu\/app\/uploads\/2023\/11\/fintecnic-finestre-dalla-polonia-trasporto-scaled-466x350-c-default.webp\" loading=\"lazy\" alt=\"\" srcset=\"\n                            https:\/\/fintecnic.eu\/app\/uploads\/2023\/11\/fintecnic-finestre-dalla-polonia-trasporto-scaled-466x350-c-default.webp 466w,\n                            https:\/\/fintecnic.eu\/app\/uploads\/2023\/11\/fintecnic-finestre-dalla-polonia-trasporto-scaled-932x700-c-default.webp 932w\n                        \">\n                    <\/a>\n                <\/div>\n                                            <div class=\"col-12 col-sm-6 col-md-4\">\n                    <a href=\"https:\/\/fintecnic.eu\/app\/uploads\/2021\/07\/consegna-finestre-in-pvc-dalla-polonia-fintecnic.jpg\" data-fancybox=\"block_ba5f9fbdb30a9547fee932f99f505e47\" class=\"gallery__link\">\n                        <img decoding=\"async\" class=\"gallery__thumbnail\" width=\"466\" height=\"350\" src=\"https:\/\/fintecnic.eu\/app\/uploads\/2021\/07\/consegna-finestre-in-pvc-dalla-polonia-fintecnic-466x350-c-default.webp\" loading=\"lazy\" alt=\"\" srcset=\"\n                            https:\/\/fintecnic.eu\/app\/uploads\/2021\/07\/consegna-finestre-in-pvc-dalla-polonia-fintecnic-466x350-c-default.webp 466w,\n                            https:\/\/fintecnic.eu\/app\/uploads\/2021\/07\/consegna-finestre-in-pvc-dalla-polonia-fintecnic-932x700-c-default.webp 932w\n                        \">\n                    <\/a>\n                <\/div>\n                                            <div class=\"col-12 col-sm-6 col-md-4\">\n                    <a href=\"https:\/\/fintecnic.eu\/app\/uploads\/2021\/07\/consegna-produttori-di-finestre-dalla-polonia-fintecnic.jpg\" data-fancybox=\"block_ba5f9fbdb30a9547fee932f99f505e47\" class=\"gallery__link\">\n                        <img decoding=\"async\" class=\"gallery__thumbnail\" width=\"466\" height=\"350\" src=\"https:\/\/fintecnic.eu\/app\/uploads\/2021\/07\/consegna-produttori-di-finestre-dalla-polonia-fintecnic-466x350-c-default.webp\" loading=\"lazy\" alt=\"\" srcset=\"\n                            https:\/\/fintecnic.eu\/app\/uploads\/2021\/07\/consegna-produttori-di-finestre-dalla-polonia-fintecnic-466x350-c-default.webp 466w,\n                            https:\/\/fintecnic.eu\/app\/uploads\/2021\/07\/consegna-produttori-di-finestre-dalla-polonia-fintecnic-932x700-c-default.webp 932w\n                        \">\n                    <\/a>\n                <\/div>\n                                            <div class=\"col-12 col-sm-6 col-md-4\">\n                    <a href=\"https:\/\/fintecnic.eu\/app\/uploads\/2021\/07\/consegna-finestre-dalla-polonia-fintecnic.jpg\" data-fancybox=\"block_ba5f9fbdb30a9547fee932f99f505e47\" class=\"gallery__link\">\n                        <img decoding=\"async\" class=\"gallery__thumbnail\" width=\"466\" height=\"350\" src=\"https:\/\/fintecnic.eu\/app\/uploads\/2021\/07\/consegna-finestre-dalla-polonia-fintecnic-466x350-c-default.webp\" loading=\"lazy\" alt=\"\" srcset=\"\n                            https:\/\/fintecnic.eu\/app\/uploads\/2021\/07\/consegna-finestre-dalla-polonia-fintecnic-466x350-c-default.webp 466w,\n                            https:\/\/fintecnic.eu\/app\/uploads\/2021\/07\/consegna-finestre-dalla-polonia-fintecnic-932x700-c-default.webp 932w\n                        \">\n                    <\/a>\n                <\/div>\n                                            <div class=\"col-12 col-sm-6 col-md-4\">\n                    <a href=\"https:\/\/fintecnic.eu\/app\/uploads\/2021\/07\/img-20190912-wa0006.jpg\" data-fancybox=\"block_ba5f9fbdb30a9547fee932f99f505e47\" class=\"gallery__link\">\n                        <img decoding=\"async\" class=\"gallery__thumbnail\" width=\"466\" height=\"350\" src=\"https:\/\/fintecnic.eu\/app\/uploads\/2021\/07\/img-20190912-wa0006-466x350-c-default.webp\" loading=\"lazy\" alt=\"\" srcset=\"\n                            https:\/\/fintecnic.eu\/app\/uploads\/2021\/07\/img-20190912-wa0006-466x350-c-default.webp 466w,\n                            https:\/\/fintecnic.eu\/app\/uploads\/2021\/07\/img-20190912-wa0006-932x700-c-default.webp 932w\n                        \">\n                    <\/a>\n                <\/div>\n                                            <div class=\"col-12 col-sm-6 col-md-4\">\n                    <a href=\"https:\/\/fintecnic.eu\/app\/uploads\/2023\/11\/IMG-20230717-WA0012.jpg\" data-fancybox=\"block_ba5f9fbdb30a9547fee932f99f505e47\" class=\"gallery__link\">\n                        <img decoding=\"async\" class=\"gallery__thumbnail\" width=\"466\" height=\"350\" src=\"https:\/\/fintecnic.eu\/app\/uploads\/2023\/11\/IMG-20230717-WA0012-466x350-c-default.webp\" loading=\"lazy\" alt=\"\" srcset=\"\n                            https:\/\/fintecnic.eu\/app\/uploads\/2023\/11\/IMG-20230717-WA0012-466x350-c-default.webp 466w,\n                            https:\/\/fintecnic.eu\/app\/uploads\/2023\/11\/IMG-20230717-WA0012-932x700-c-default.webp 932w\n                        \">\n                    <\/a>\n                <\/div>\n                                            <div class=\"col-12 col-sm-6 col-md-4\">\n                    <a href=\"https:\/\/fintecnic.eu\/app\/uploads\/2021\/07\/consegna-bus-piccole-auto-finestre-dalla-polonia.jpg\" data-fancybox=\"block_ba5f9fbdb30a9547fee932f99f505e47\" class=\"gallery__link\">\n                        <img decoding=\"async\" class=\"gallery__thumbnail\" width=\"466\" height=\"350\" src=\"https:\/\/fintecnic.eu\/app\/uploads\/2021\/07\/consegna-bus-piccole-auto-finestre-dalla-polonia-466x350-c-default.webp\" loading=\"lazy\" alt=\"\" srcset=\"\n                            https:\/\/fintecnic.eu\/app\/uploads\/2021\/07\/consegna-bus-piccole-auto-finestre-dalla-polonia-466x350-c-default.webp 466w,\n                            https:\/\/fintecnic.eu\/app\/uploads\/2021\/07\/consegna-bus-piccole-auto-finestre-dalla-polonia-932x700-c-default.webp 932w\n                        \">\n                    <\/a>\n                <\/div>\n                                            <div class=\"col-12 col-sm-6 col-md-4\">\n                    <a href=\"https:\/\/fintecnic.eu\/app\/uploads\/2021\/07\/consegna-bus-piccole-auto-finestre-dalla-polonia-31.jpg\" data-fancybox=\"block_ba5f9fbdb30a9547fee932f99f505e47\" class=\"gallery__link\">\n                        <img decoding=\"async\" class=\"gallery__thumbnail\" width=\"466\" height=\"350\" src=\"https:\/\/fintecnic.eu\/app\/uploads\/2021\/07\/consegna-bus-piccole-auto-finestre-dalla-polonia-31-466x350-c-default.webp\" loading=\"lazy\" alt=\"\" srcset=\"\n                            https:\/\/fintecnic.eu\/app\/uploads\/2021\/07\/consegna-bus-piccole-auto-finestre-dalla-polonia-31-466x350-c-default.webp 466w,\n                            https:\/\/fintecnic.eu\/app\/uploads\/2021\/07\/consegna-bus-piccole-auto-finestre-dalla-polonia-31-932x700-c-default.webp 932w\n                        \">\n                    <\/a>\n                <\/div>\n                                            <div class=\"col-12 col-sm-6 col-md-4\">\n                    <a href=\"https:\/\/fintecnic.eu\/app\/uploads\/2021\/07\/trasporto-finestre-fintecnic-okna-pcv-lodz.jpg\" data-fancybox=\"block_ba5f9fbdb30a9547fee932f99f505e47\" class=\"gallery__link\">\n                        <img decoding=\"async\" class=\"gallery__thumbnail\" width=\"466\" height=\"350\" src=\"https:\/\/fintecnic.eu\/app\/uploads\/2021\/07\/trasporto-finestre-fintecnic-okna-pcv-lodz-466x350-c-default.webp\" loading=\"lazy\" alt=\"\" srcset=\"\n                            https:\/\/fintecnic.eu\/app\/uploads\/2021\/07\/trasporto-finestre-fintecnic-okna-pcv-lodz-466x350-c-default.webp 466w,\n                            https:\/\/fintecnic.eu\/app\/uploads\/2021\/07\/trasporto-finestre-fintecnic-okna-pcv-lodz-932x700-c-default.webp 932w\n                        \">\n                    <\/a>\n                <\/div>\n                                            <div class=\"col-12 col-sm-6 col-md-4\">\n                    <a href=\"https:\/\/fintecnic.eu\/app\/uploads\/2021\/07\/fotolia_79750991_m21.jpg\" data-fancybox=\"block_ba5f9fbdb30a9547fee932f99f505e47\" class=\"gallery__link\">\n                        <img decoding=\"async\" class=\"gallery__thumbnail\" width=\"466\" height=\"350\" src=\"https:\/\/fintecnic.eu\/app\/uploads\/2021\/07\/fotolia_79750991_m21-466x350-c-default.webp\" loading=\"lazy\" alt=\"\" srcset=\"\n                            https:\/\/fintecnic.eu\/app\/uploads\/2021\/07\/fotolia_79750991_m21-466x350-c-default.webp 466w,\n                            https:\/\/fintecnic.eu\/app\/uploads\/2021\/07\/fotolia_79750991_m21-932x700-c-default.webp 932w\n                        \">\n                    <\/a>\n                <\/div>\n                    <\/div>\n    <\/div>\n\n<\/section>\n\n","protected":false},"excerpt":{"rendered":"","protected":false},"author":3,"featured_media":0,"parent":0,"menu_order":0,"comment_status":"closed","ping_status":"closed","template":"","meta":[],"acf":[],"_links":{"self":[{"href":"https:\/\/fintecnic.eu\/fr\/wp-json\/wp\/v2\/pages\/7112"}],"collection":[{"href":"https:\/\/fintecnic.eu\/fr\/wp-json\/wp\/v2\/pages"}],"about":[{"href":"https:\/\/fintecnic.eu\/fr\/wp-json\/wp\/v2\/types\/page"}],"author":[{"embeddable":true,"href":"https:\/\/fintecnic.eu\/fr\/wp-json\/wp\/v2\/users\/3"}],"replies":[{"embeddable":true,"href":"https:\/\/fintecnic.eu\/fr\/wp-json\/wp\/v2\/comments?post=7112"}],"version-history":[{"count":3,"href":"https:\/\/fintecnic.eu\/fr\/wp-json\/wp\/v2\/pages\/7112\/revisions"}],"predecessor-version":[{"id":8183,"href":"https:\/\/fintecnic.eu\/fr\/wp-json\/wp\/v2\/pages\/7112\/revisions\/8183"}],"wp:attachment":[{"href":"https:\/\/fintecnic.eu\/fr\/wp-json\/wp\/v2\/media?parent=7112"}],"curies":[{"name":"wp","href":"https:\/\/api.w.org\/{rel}","templated":true}]}}