{"id":7107,"date":"2021-07-07T16:13:17","date_gmt":"2021-07-07T14:13:17","guid":{"rendered":"https:\/\/fintecnic.eu\/?page_id=7107"},"modified":"2024-04-15T09:45:29","modified_gmt":"2024-04-15T07:45:29","slug":"portes-2","status":"publish","type":"page","link":"https:\/\/fintecnic.eu\/fr\/portes-2\/","title":{"rendered":"Portes"},"content":{"rendered":"<section id=\"\" class=\"title_description acf-block  acf-block-id-block_8db46934f5f6cd7a11df1e0bb3230c94 acf-block--mb acf-block--mt\">\n\n            <div class=\"container\">\n    <div class=\"row\">\n        <div class=\"col-12 col-lg-10 offset-lg-1\">\n                        \n\n    <div class=\"description title_description__description\"><p>Fabriqu\u00e9es \u00e0 partir des meilleurs composants, les portes de garage basculantes segment\u00e9es sont stables, faciles \u00e0 installer et \u00e9quip\u00e9es d&#8217;un syst\u00e8me de fixation et de s\u00e9curit\u00e9 fiable.<\/p>\n<p>Les portes de garage se composent de plusieurs \u00e9l\u00e9ments de base :<\/p>\n<p>\u2022 le rev\u00eatement de porte (panneaux)<br \/>\n\u2022 les rails verticaux et horizontaux<br \/>\n\u2022 les ressorts<br \/>\n\u2022 le moteur \u00e9lectrique<\/p>\n<p>Ces composants sont disponibles dans de nombreuses variantes, ce qui nous permet de cr\u00e9er de nombreuses configurations de portes segment\u00e9es sur mesure en fonction des pr\u00e9f\u00e9rences du client. Nous pouvons choisir individuellement des solutions en fonction de la hauteur du linteau, de la profondeur du garage, du type de rail et du type de surface.<\/p>\n<p>Les panneaux, qui peuvent \u00eatre peints, rev\u00eatus ou \u00e9quip\u00e9s d&#8217;applications en acier inoxydable, offrent des possibilit\u00e9s de personnalisation infinies.<\/p>\n<\/div>\n        <\/div>\n    <\/div>\n<\/div>    \n<\/section>\n\n","protected":false},"excerpt":{"rendered":"","protected":false},"author":3,"featured_media":527,"parent":0,"menu_order":0,"comment_status":"closed","ping_status":"closed","template":"pages\/product-category.php","meta":[],"acf":[],"_links":{"self":[{"href":"https:\/\/fintecnic.eu\/fr\/wp-json\/wp\/v2\/pages\/7107"}],"collection":[{"href":"https:\/\/fintecnic.eu\/fr\/wp-json\/wp\/v2\/pages"}],"about":[{"href":"https:\/\/fintecnic.eu\/fr\/wp-json\/wp\/v2\/types\/page"}],"author":[{"embeddable":true,"href":"https:\/\/fintecnic.eu\/fr\/wp-json\/wp\/v2\/users\/3"}],"replies":[{"embeddable":true,"href":"https:\/\/fintecnic.eu\/fr\/wp-json\/wp\/v2\/comments?post=7107"}],"version-history":[{"count":3,"href":"https:\/\/fintecnic.eu\/fr\/wp-json\/wp\/v2\/pages\/7107\/revisions"}],"predecessor-version":[{"id":7110,"href":"https:\/\/fintecnic.eu\/fr\/wp-json\/wp\/v2\/pages\/7107\/revisions\/7110"}],"wp:featuredmedia":[{"embeddable":true,"href":"https:\/\/fintecnic.eu\/fr\/wp-json\/wp\/v2\/media\/527"}],"wp:attachment":[{"href":"https:\/\/fintecnic.eu\/fr\/wp-json\/wp\/v2\/media?parent=7107"}],"curies":[{"name":"wp","href":"https:\/\/api.w.org\/{rel}","templated":true}]}}