{"id":7103,"date":"2021-07-05T09:02:00","date_gmt":"2021-07-05T07:02:00","guid":{"rendered":"https:\/\/fintecnic.eu\/?page_id=7103"},"modified":"2024-04-12T14:59:42","modified_gmt":"2024-04-12T12:59:42","slug":"volets-roulants","status":"publish","type":"page","link":"https:\/\/fintecnic.eu\/fr\/portes-2\/volets-roulants\/","title":{"rendered":"Volets roulants"},"content":{"rendered":"<section id=\"\" class=\"title_description acf-block  acf-block-id-block_d8a89b1eb6aaa5c9ca91995d3dd1c0e5 acf-block--mb acf-block--mt\">\n\n            <div class=\"container\">\n    <div class=\"row\">\n        <div class=\"col-12 col-lg-10 offset-lg-1\">\n                        \n\n    <div class=\"description title_description__description\"><p>LE CONFORT DEVIENT LA NORME AVEC LES VOLETS ROULANTS<\/p>\n<p>Tous les <strong>volets roulants<\/strong> sont \u00e9quip\u00e9s d&#8217;un moteur standard.<\/p>\n<p>Le volet de la porte s&#8217;enroule autour d&#8217;un tambour dissimul\u00e9 dans le coffre du volet, \u00e9conomisant ainsi de l&#8217;espace sous le plafond.<\/p>\n<h2><\/h2>\n<h2>Caract\u00e9ristiques :<\/h2>\n<ul>\n<li>Volet r\u00e9alis\u00e9 avec des profils en aluminium remplis de mousse de polyur\u00e9thane sans freon<\/li>\n<li>Joint en caoutchouc s&#8217;adaptant au sol mont\u00e9 dans le profil inf\u00e9rieur<\/li>\n<li>Le volet se d\u00e9place le long de rails verticaux en aluminium et s&#8217;enroule autour du tambour<\/li>\n<li>Rails en aluminium mont\u00e9s le long des bords lat\u00e9raux de l&#8217;ouverture<\/li>\n<li>Rails \u00e9quip\u00e9s de joints bross\u00e9s<\/li>\n<li>Moteur en standard<\/li>\n<li>V\u00e9rin tubulaire mont\u00e9 sur l&#8217;arbre d&#8217;enroulement<\/li>\n<\/ul>\n<h2><\/h2>\n<h2>FONCTIONNALIT\u00c9 ET S\u00c9CURIT\u00c9<\/h2>\n<p><img decoding=\"async\" loading=\"lazy\" class=\"\"alignnone wp-image-537 size-full\"\" src=\"\"http:\/\/fineu.bkapps.pl\/app\/uploads\/2021\/07\/serrande-avvolgibili-2-fintecnic.png\"\" alt=\"\"\"\" width=\"\"540\"\" height=\"\"620\"\" \/><\/p>\n<ol class=\"\"lista-kolko\"\">\n<li><strong>Verrouillage du volet<\/strong> avec un loquet BR-77s emp\u00eachant l&#8217;ouverture du volet de l&#8217;ext\u00e9rieur.<\/li>\n<li><strong>S\u00e9curit\u00e9 d&#8217;utilisation<\/strong> assur\u00e9e par des cellules photo\u00e9lectriques et un bord de s\u00e9curit\u00e9. En cas d&#8217;obstacle, le rideau du volet retourne en position ouverte.<\/li>\n<li><strong>Bouchons garantissant<\/strong> un espace entre les panneaux lors de l&#8217;enroulement du volet, assurant un fonctionnement silencieux et prolongeant la dur\u00e9e de vie des panneaux.<\/li>\n<li><strong>Ouverture d&#8217;urgence de l&#8217;int\u00e9rieur<\/strong> En cas de panne d&#8217;alimentation, le volet peut \u00eatre ouvert manuellement \u00e0 l&#8217;aide d&#8217;une manivelle dans le loquet BR-77s et dans les volets BR-77E et BR-100E.<\/li>\n<li><strong>Ouverture d&#8217;urgence de l&#8217;ext\u00e9rieur<\/strong> utilis\u00e9e en cas de manque d&#8217;autre entr\u00e9e au garage.<\/li>\n<li><strong>Deux types de panneaux<\/strong> &#8211; AW 77, AW 100<\/li>\n<\/ol>\n<\/div>\n        <\/div>\n    <\/div>\n<\/div>    \n<\/section>\n\n\n\n<section id=\"\" class=\"files_block image_tabs acf-block  acf-block-id-block_c03ce752041c8c6742520f97938fbf89 acf-block--mb acf-block--mt\">\n\n    <div class=\"container\">\n        <div class=\"row\">\n            <div class=\"col-12 col-md-10 offset-md-1\">\n\n                            \n\n\n\n                                    <div data-tabs class=\"files_block__tabs\">\n                        <div data-tabs-container class=\"files_block__tabs__buttons\"><\/div>\n                        \n                            <div data-tab=\"Mod\u00e8les de volets roulants\" class=\"image_tabs__content\">\n\n                                <div class=\"row\">\n\n                                                                            \n                                        \n                                            <a href=\"https:\/\/fintecnic.eu\/app\/uploads\/2021\/07\/mini_serrande-avvolgibili-3.png\" data-fancybox=\"tab-0\" data-caption=\"\" class=\"col-12 col-sm-6 col-md-4 image_tabs__content__item\">\n                                                <figure>\n                                                    <img decoding=\"async\" src=\"https:\/\/fintecnic.eu\/app\/uploads\/2021\/07\/mini_serrande-avvolgibili-3-500x259-c-default.png\" alt=\"\">\n                                                    <figcaption><\/figcaption>\n                                                <\/figure>\n                                            <\/a>\n                                        \n                                                                            \n                                        \n                                            <a href=\"https:\/\/fintecnic.eu\/app\/uploads\/2021\/07\/mini_serrande-avvolgibili-2.png\" data-fancybox=\"tab-0\" data-caption=\"\" class=\"col-12 col-sm-6 col-md-4 image_tabs__content__item\">\n                                                <figure>\n                                                    <img decoding=\"async\" src=\"https:\/\/fintecnic.eu\/app\/uploads\/2021\/07\/mini_serrande-avvolgibili-2-500x259-c-default.png\" alt=\"\">\n                                                    <figcaption><\/figcaption>\n                                                <\/figure>\n                                            <\/a>\n                                        \n                                                                            \n                                        \n                                            <a href=\"https:\/\/fintecnic.eu\/app\/uploads\/2021\/07\/mini_serrande-avvolgibili-1.png\" data-fancybox=\"tab-0\" data-caption=\"\" class=\"col-12 col-sm-6 col-md-4 image_tabs__content__item\">\n                                                <figure>\n                                                    <img decoding=\"async\" src=\"https:\/\/fintecnic.eu\/app\/uploads\/2021\/07\/mini_serrande-avvolgibili-1-500x259-c-default.png\" alt=\"\">\n                                                    <figcaption><\/figcaption>\n                                                <\/figure>\n                                            <\/a>\n                                        \n                                    \n                                    \n                                                                    <\/div>\n\n\n                            <\/div>\n\n                        \n                            <div data-tab=\"Gamme de coloris\" class=\"image_tabs__content\">\n\n                                <div class=\"row\">\n\n                                                                            \n                                                                                    <a href=\"https:\/\/fintecnic.eu\/app\/uploads\/2021\/07\/serrande-portoni-gamma-di-colori-fintecnic.png\" data-fancybox=\"tab-1\" data-caption=\"\" class=\"col-12 image_tabs__content__item\">\n                                                <figure>\n                                                    <img decoding=\"async\" src=\"https:\/\/fintecnic.eu\/app\/uploads\/2021\/07\/serrande-portoni-gamma-di-colori-fintecnic.png\" alt=\"\">\n                                                    <figcaption><\/figcaption>\n                                                <\/figure>\n                                            <\/a>\n                                        \n                                    \n                                    \n                                                                    <\/div>\n\n\n                            <\/div>\n\n                                            <\/div>\n                \n\n            <\/div>\n        <\/div>\n    <\/div>\n\n<\/section>\n\n","protected":false},"excerpt":{"rendered":"","protected":false},"author":3,"featured_media":2342,"parent":7107,"menu_order":0,"comment_status":"closed","ping_status":"closed","template":"pages\/product-single.php","meta":[],"acf":[],"_links":{"self":[{"href":"https:\/\/fintecnic.eu\/fr\/wp-json\/wp\/v2\/pages\/7103"}],"collection":[{"href":"https:\/\/fintecnic.eu\/fr\/wp-json\/wp\/v2\/pages"}],"about":[{"href":"https:\/\/fintecnic.eu\/fr\/wp-json\/wp\/v2\/types\/page"}],"author":[{"embeddable":true,"href":"https:\/\/fintecnic.eu\/fr\/wp-json\/wp\/v2\/users\/3"}],"replies":[{"embeddable":true,"href":"https:\/\/fintecnic.eu\/fr\/wp-json\/wp\/v2\/comments?post=7103"}],"version-history":[{"count":3,"href":"https:\/\/fintecnic.eu\/fr\/wp-json\/wp\/v2\/pages\/7103\/revisions"}],"predecessor-version":[{"id":7106,"href":"https:\/\/fintecnic.eu\/fr\/wp-json\/wp\/v2\/pages\/7103\/revisions\/7106"}],"up":[{"embeddable":true,"href":"https:\/\/fintecnic.eu\/fr\/wp-json\/wp\/v2\/pages\/7107"}],"wp:featuredmedia":[{"embeddable":true,"href":"https:\/\/fintecnic.eu\/fr\/wp-json\/wp\/v2\/media\/2342"}],"wp:attachment":[{"href":"https:\/\/fintecnic.eu\/fr\/wp-json\/wp\/v2\/media?parent=7103"}],"curies":[{"name":"wp","href":"https:\/\/api.w.org\/{rel}","templated":true}]}}