{"id":7099,"date":"2021-07-05T10:41:02","date_gmt":"2021-07-05T08:41:02","guid":{"rendered":"https:\/\/fintecnic.eu\/?page_id=7099"},"modified":"2024-04-12T14:57:10","modified_gmt":"2024-04-12T12:57:10","slug":"unipro","status":"publish","type":"page","link":"https:\/\/fintecnic.eu\/fr\/portes-2\/portes-sectionnelles\/unipro\/","title":{"rendered":"Unipro"},"content":{"rendered":"<div class=\"wp-block-image\">\n<figure class=\"aligncenter size-full\"><img decoding=\"async\" loading=\"lazy\" width=\"900\" height=\"578\" src=\"https:\/\/fintecnic.eu\/app\/uploads\/2021\/07\/portoni-sezaionali-unipro-2.png\" alt=\"\" class=\"wp-image-610\" srcset=\"https:\/\/fintecnic.eu\/app\/uploads\/2021\/07\/portoni-sezaionali-unipro-2.png 900w, https:\/\/fintecnic.eu\/app\/uploads\/2021\/07\/portoni-sezaionali-unipro-2-300x193.png 300w, https:\/\/fintecnic.eu\/app\/uploads\/2021\/07\/portoni-sezaionali-unipro-2-768x493.png 768w\" sizes=\"(max-width: 900px) 100vw, 900px\" \/><\/figure><\/div>\n\n<section id=\"\" class=\"title_description acf-block  acf-block-id-block_d79468f3306a64e9d7534095a91b2925 acf-block--mb acf-block--mt\">\n\n            <div class=\"container\">\n    <div class=\"row\">\n        <div class=\"col-12 col-lg-10 offset-lg-1\">\n                        \n    <h2 class=\"title_description__title title\">Portes modernes con\u00e7ues et construites pour les utilisateurs exigeants.<\/h2>\n\n    <div class=\"description title_description__description\"><p>Les portes basculantes UniPro sont la solution la plus pratique pour les garages. Ce sont des portes chaudes (coefficient de transfert de chaleur Uk = 1,07 [W\/m\u00b2xK]) sp\u00e9cialement con\u00e7ues pour les garages isol\u00e9s.<\/p>\n<h2>Caract\u00e9ristiques :<\/h2>\n<ul>\n<li>Les battants sont constitu\u00e9s de panneaux en acier de 40 mm remplis de mousse de polyur\u00e9thane sans CFC<\/li>\n<li>Conception des \u00e9l\u00e9ments en acier galvanis\u00e9<\/li>\n<li>Le battant se d\u00e9place le long de rails verticaux et horizontaux sous le plafond<\/li>\n<li>Joint sur tout le p\u00e9rim\u00e8tre de la porte<\/li>\n<li>Joint au sol sur le panneau inf\u00e9rieur<\/li>\n<li>\u00c9tanch\u00e9it\u00e9 entre le panneau sup\u00e9rieur et l&#8217;appui assur\u00e9e par un joint fix\u00e9 au premier ou au deuxi\u00e8me panneau.<\/li>\n<li>Les panneaux disposent de raccords emp\u00eachant le pincement et de joints aux jonctions de deux panneaux<\/li>\n<li>Disponible en version manuelle et motoris\u00e9e<\/li>\n<\/ul>\n<p>&nbsp;<\/p>\n<h2>Fonctionnalit\u00e9 et s\u00e9curit\u00e9 :<\/h2>\n<ol class=\"\"lista-kolko\"\">\n<li><strong>Panneaux sp\u00e9cialement profil\u00e9s<\/strong> (int\u00e9rieurement et ext\u00e9rieurement) pour pr\u00e9venir le pincement des doigts aux articulations et charni\u00e8res ainsi qu&#8217;aux petites portes.<\/li>\n<li><strong>Dispositif amortisseur<\/strong> en cas de rupture des c\u00e2bles de levage<\/li>\n<li><strong>Cellules photo\u00e9lectriques<\/strong> pour bloquer la porte et la ramener en position ouverte en cas de d\u00e9tection d&#8217;un obstacle.<\/li>\n<li><strong>Dispositif de surcharge<\/strong> qui, en cas de d\u00e9tection d&#8217;un obstacle, arr\u00eate la porte et la ram\u00e8ne vers le haut, un interrupteur mont\u00e9 sur le moteur la bloque.<\/li>\n<li><strong>Dispositif de s\u00e9curit\u00e9<\/strong> Un ressort de torsion int\u00e9gr\u00e9 assure une s\u00e9curit\u00e9 maximale.<\/li>\n<li><strong>Construction robuste<\/strong> et un processus unique de formage de t\u00f4le constituent la base des portes sectionnelles bien con\u00e7ues.<\/li>\n<\/ol>\n<\/div>\n        <\/div>\n    <\/div>\n<\/div>    \n<\/section>\n\n\n\n<section id=\"\" class=\"files_block image_tabs acf-block  acf-block-id-block_f214a90700e129a8f75775e63272e7df acf-block--mb acf-block--mt\">\n\n    <div class=\"container\">\n        <div class=\"row\">\n            <div class=\"col-12 col-md-10 offset-md-1\">\n\n                            \n\n\n\n                                    <div data-tabs class=\"files_block__tabs\">\n                        <div data-tabs-container class=\"files_block__tabs__buttons\"><\/div>\n                        \n                            <div data-tab=\"Mod\u00e8les\" class=\"image_tabs__content\">\n\n                                <div class=\"row\">\n\n                                                                            \n                                        \n                                            <a href=\"https:\/\/fintecnic.eu\/app\/uploads\/2021\/07\/portane-di-pannelli-a-doghe-alte-portoni-sezionali-fintecnic.png\" data-fancybox=\"tab-0\" data-caption=\"\" class=\"col-12 col-sm-6 col-md-4 image_tabs__content__item\">\n                                                <figure>\n                                                    <img decoding=\"async\" src=\"https:\/\/fintecnic.eu\/app\/uploads\/2021\/07\/portane-di-pannelli-a-doghe-alte-portoni-sezionali-fintecnic-500x259-c-default.png\" alt=\"\">\n                                                    <figcaption><\/figcaption>\n                                                <\/figure>\n                                            <\/a>\n                                        \n                                                                            \n                                        \n                                            <a href=\"https:\/\/fintecnic.eu\/app\/uploads\/2021\/07\/portane-di-pannelli-cassettoni-portoni-sezionali-fintecnic.png\" data-fancybox=\"tab-0\" data-caption=\"\" class=\"col-12 col-sm-6 col-md-4 image_tabs__content__item\">\n                                                <figure>\n                                                    <img decoding=\"async\" src=\"https:\/\/fintecnic.eu\/app\/uploads\/2021\/07\/portane-di-pannelli-cassettoni-portoni-sezionali-fintecnic-500x259-c-default.png\" alt=\"\">\n                                                    <figcaption><\/figcaption>\n                                                <\/figure>\n                                            <\/a>\n                                        \n                                                                            \n                                        \n                                            <a href=\"https:\/\/fintecnic.eu\/app\/uploads\/2021\/07\/portone-con-elementi-decorativi-portoni-sezionali-fintecnic.png\" data-fancybox=\"tab-0\" data-caption=\"\" class=\"col-12 col-sm-6 col-md-4 image_tabs__content__item\">\n                                                <figure>\n                                                    <img decoding=\"async\" src=\"https:\/\/fintecnic.eu\/app\/uploads\/2021\/07\/portone-con-elementi-decorativi-portoni-sezionali-fintecnic-500x259-c-default.png\" alt=\"\">\n                                                    <figcaption><\/figcaption>\n                                                <\/figure>\n                                            <\/a>\n                                        \n                                                                            \n                                        \n                                            <a href=\"https:\/\/fintecnic.eu\/app\/uploads\/2021\/07\/portone-di-pannelli-a-doghe-basse-portoni-sezionali-fintecnic.png\" data-fancybox=\"tab-0\" data-caption=\"\" class=\"col-12 col-sm-6 col-md-4 image_tabs__content__item\">\n                                                <figure>\n                                                    <img decoding=\"async\" src=\"https:\/\/fintecnic.eu\/app\/uploads\/2021\/07\/portone-di-pannelli-a-doghe-basse-portoni-sezionali-fintecnic-500x259-c-default.png\" alt=\"\">\n                                                    <figcaption><\/figcaption>\n                                                <\/figure>\n                                            <\/a>\n                                        \n                                                                            \n                                        \n                                            <a href=\"https:\/\/fintecnic.eu\/app\/uploads\/2021\/07\/portone-di-pannelli-a-doghe-v-portoni-sezionali-fintecnic.png\" data-fancybox=\"tab-0\" data-caption=\"\" class=\"col-12 col-sm-6 col-md-4 image_tabs__content__item\">\n                                                <figure>\n                                                    <img decoding=\"async\" src=\"https:\/\/fintecnic.eu\/app\/uploads\/2021\/07\/portone-di-pannelli-a-doghe-v-portoni-sezionali-fintecnic-500x259-c-default.png\" alt=\"\">\n                                                    <figcaption><\/figcaption>\n                                                <\/figure>\n                                            <\/a>\n                                        \n                                                                            \n                                        \n                                            <a href=\"https:\/\/fintecnic.eu\/app\/uploads\/2021\/07\/portone-di-pannelli-senza-doghe-portoni-sezionali-fintecnic.png\" data-fancybox=\"tab-0\" data-caption=\"\" class=\"col-12 col-sm-6 col-md-4 image_tabs__content__item\">\n                                                <figure>\n                                                    <img decoding=\"async\" src=\"https:\/\/fintecnic.eu\/app\/uploads\/2021\/07\/portone-di-pannelli-senza-doghe-portoni-sezionali-fintecnic-500x259-c-default.png\" alt=\"\">\n                                                    <figcaption><\/figcaption>\n                                                <\/figure>\n                                            <\/a>\n                                        \n                                    \n                                    \n                                                                    <\/div>\n\n\n                            <\/div>\n\n                        \n                            <div data-tab=\"Structure\" class=\"image_tabs__content\">\n\n                                <div class=\"row\">\n\n                                                                            \n                                        \n                                            <a href=\"https:\/\/fintecnic.eu\/app\/uploads\/2021\/07\/struttura-sandgrain-portoni-sezionali-fintecnic.jpg\" data-fancybox=\"tab-1\" data-caption=\"\" class=\"col-12 col-sm-6 col-md-4 image_tabs__content__item\">\n                                                <figure>\n                                                    <img decoding=\"async\" src=\"https:\/\/fintecnic.eu\/app\/uploads\/2021\/07\/struttura-sandgrain-portoni-sezionali-fintecnic-500x259-c-default.jpg\" alt=\"\">\n                                                    <figcaption><\/figcaption>\n                                                <\/figure>\n                                            <\/a>\n                                        \n                                                                            \n                                        \n                                            <a href=\"https:\/\/fintecnic.eu\/app\/uploads\/2021\/07\/struttura-silkline-portoni-sezionali-fintecnic.jpg\" data-fancybox=\"tab-1\" data-caption=\"\" class=\"col-12 col-sm-6 col-md-4 image_tabs__content__item\">\n                                                <figure>\n                                                    <img decoding=\"async\" src=\"https:\/\/fintecnic.eu\/app\/uploads\/2021\/07\/struttura-silkline-portoni-sezionali-fintecnic-500x259-c-default.jpg\" alt=\"\">\n                                                    <figcaption><\/figcaption>\n                                                <\/figure>\n                                            <\/a>\n                                        \n                                                                            \n                                        \n                                            <a href=\"https:\/\/fintecnic.eu\/app\/uploads\/2021\/07\/struttura-smoothgrain-portoni-sezionali-fintecnic.jpg\" data-fancybox=\"tab-1\" data-caption=\"\" class=\"col-12 col-sm-6 col-md-4 image_tabs__content__item\">\n                                                <figure>\n                                                    <img decoding=\"async\" src=\"https:\/\/fintecnic.eu\/app\/uploads\/2021\/07\/struttura-smoothgrain-portoni-sezionali-fintecnic-500x259-c-default.jpg\" alt=\"\">\n                                                    <figcaption><\/figcaption>\n                                                <\/figure>\n                                            <\/a>\n                                        \n                                                                            \n                                        \n                                            <a href=\"https:\/\/fintecnic.eu\/app\/uploads\/2021\/07\/struttura-woodgrain-portoni-sezionali-fintecnic.jpg\" data-fancybox=\"tab-1\" data-caption=\"\" class=\"col-12 col-sm-6 col-md-4 image_tabs__content__item\">\n                                                <figure>\n                                                    <img decoding=\"async\" src=\"https:\/\/fintecnic.eu\/app\/uploads\/2021\/07\/struttura-woodgrain-portoni-sezionali-fintecnic-500x259-c-default.jpg\" alt=\"\">\n                                                    <figcaption><\/figcaption>\n                                                <\/figure>\n                                            <\/a>\n                                        \n                                    \n                                    \n                                                                    <\/div>\n\n\n                            <\/div>\n\n                        \n                            <div data-tab=\"Coloris\" class=\"image_tabs__content\">\n\n                                <div class=\"row\">\n\n                                                                            \n                                                                                    <a href=\"https:\/\/fintecnic.eu\/app\/uploads\/2021\/07\/colore-portoni-sezionali-fintecnic.png\" data-fancybox=\"tab-2\" data-caption=\"\" class=\"col-12 image_tabs__content__item\">\n                                                <figure>\n                                                    <img decoding=\"async\" src=\"https:\/\/fintecnic.eu\/app\/uploads\/2021\/07\/colore-portoni-sezionali-fintecnic.png\" alt=\"\">\n                                                    <figcaption><\/figcaption>\n                                                <\/figure>\n                                            <\/a>\n                                        \n                                    \n                                    \n                                                                    <\/div>\n\n\n                            <\/div>\n\n                                            <\/div>\n                \n\n            <\/div>\n        <\/div>\n    <\/div>\n\n<\/section>\n\n","protected":false},"excerpt":{"rendered":"","protected":false},"author":3,"featured_media":2404,"parent":7093,"menu_order":0,"comment_status":"closed","ping_status":"closed","template":"pages\/product-single.php","meta":[],"acf":[],"_links":{"self":[{"href":"https:\/\/fintecnic.eu\/fr\/wp-json\/wp\/v2\/pages\/7099"}],"collection":[{"href":"https:\/\/fintecnic.eu\/fr\/wp-json\/wp\/v2\/pages"}],"about":[{"href":"https:\/\/fintecnic.eu\/fr\/wp-json\/wp\/v2\/types\/page"}],"author":[{"embeddable":true,"href":"https:\/\/fintecnic.eu\/fr\/wp-json\/wp\/v2\/users\/3"}],"replies":[{"embeddable":true,"href":"https:\/\/fintecnic.eu\/fr\/wp-json\/wp\/v2\/comments?post=7099"}],"version-history":[{"count":3,"href":"https:\/\/fintecnic.eu\/fr\/wp-json\/wp\/v2\/pages\/7099\/revisions"}],"predecessor-version":[{"id":7102,"href":"https:\/\/fintecnic.eu\/fr\/wp-json\/wp\/v2\/pages\/7099\/revisions\/7102"}],"up":[{"embeddable":true,"href":"https:\/\/fintecnic.eu\/fr\/wp-json\/wp\/v2\/pages\/7093"}],"wp:featuredmedia":[{"embeddable":true,"href":"https:\/\/fintecnic.eu\/fr\/wp-json\/wp\/v2\/media\/2404"}],"wp:attachment":[{"href":"https:\/\/fintecnic.eu\/fr\/wp-json\/wp\/v2\/media?parent=7099"}],"curies":[{"name":"wp","href":"https:\/\/api.w.org\/{rel}","templated":true}]}}