{"id":7095,"date":"2021-07-05T11:35:34","date_gmt":"2021-07-05T09:35:34","guid":{"rendered":"https:\/\/fintecnic.eu\/?page_id=7095"},"modified":"2024-04-12T14:54:03","modified_gmt":"2024-04-12T12:54:03","slug":"prime","status":"publish","type":"page","link":"https:\/\/fintecnic.eu\/fr\/portes-2\/portes-sectionnelles\/prime\/","title":{"rendered":"PRIME"},"content":{"rendered":"<div class=\"wp-block-image\">\n<figure class=\"aligncenter size-large\"><img decoding=\"async\" loading=\"lazy\" width=\"1024\" height=\"498\" src=\"https:\/\/fintecnic.eu\/app\/uploads\/2021\/07\/portoni-sezionali-prime-1024x498.jpg\" alt=\"\" class=\"wp-image-653\" srcset=\"https:\/\/fintecnic.eu\/app\/uploads\/2021\/07\/portoni-sezionali-prime-1024x498.jpg 1024w, https:\/\/fintecnic.eu\/app\/uploads\/2021\/07\/portoni-sezionali-prime-300x146.jpg 300w, https:\/\/fintecnic.eu\/app\/uploads\/2021\/07\/portoni-sezionali-prime-768x374.jpg 768w, https:\/\/fintecnic.eu\/app\/uploads\/2021\/07\/portoni-sezionali-prime.jpg 1171w\" sizes=\"(max-width: 1024px) 100vw, 1024px\" \/><\/figure><\/div>\n\n<section id=\"\" class=\"title_description acf-block  acf-block-id-block_b6f0bf53aa314aea98cfa326e07f14e8 acf-block--mb acf-block--mt\">\n\n            <div class=\"container\">\n    <div class=\"row\">\n        <div class=\"col-12 col-lg-10 offset-lg-1\">\n                        \n    <h2 class=\"title_description__title title\">D\u00e9couvrez la perfection<\/h2>\n\n    <div class=\"description title_description__description\"><p>Imaginez une porte de garage nouvelle g\u00e9n\u00e9ration. Une porte qui n&#8217;est pas une simple transformation des solutions existantes, mais le r\u00e9sultat cr\u00e9atif d&#8217;une qu\u00eate d&#8217;\u00e9quilibre entre la technologie moderne, la qualit\u00e9, la s\u00e9curit\u00e9 et le design.<\/p>\n<p>C&#8217;est pr\u00e9cis\u00e9ment ce que sont les portes PRIME. Innovantes, soign\u00e9es dans les moindres d\u00e9tails, elles anticipent vos besoins avant m\u00eame que vous ne les d\u00e9finissiez. Ce sont des portes enti\u00e8rement \u00e9quip\u00e9es et automatis\u00e9es, vous assurant chaque jour lorsque vous atteignez la t\u00e9l\u00e9commande que vous avez choisi ce qu&#8217;il y a de mieux.<\/p>\n<h2>Soyez le premier, soyez PRIME<\/h2>\n<p>Rien n&#8217;est comparable \u00e0 PRIME, et sa ligne classique pr\u00e9figure ce qui se cache derri\u00e8re ces portes ing\u00e9nieusement con\u00e7ues.<br \/>\n<img decoding=\"async\" loading=\"lazy\" class=\"\"alignnone wp-image-639 size-full\"\" src=\"\"http:\/\/fineu.bkapps.pl\/app\/uploads\/2021\/07\/portoni-sezionali-prime-fintecnic.png\"\" alt=\"\"\"\" width=\"\"600\"\" height=\"\"492\"\" \/> <img decoding=\"async\" loading=\"lazy\" class=\"\"alignnone wp-image-640 size-full\"\" src=\"\"http:\/\/fineu.bkapps.pl\/app\/uploads\/2021\/07\/portoni-sezionali-pannello-prime-fintecnic.png\"\" alt=\"\"\"\" width=\"\"398\"\" height=\"\"500\"\" \/><\/p>\n<h2>Panel INNOVO 60mm<\/h2>\n<p>Une partie du panneau avec une protection interne, fix\u00e9e \u00e0 l&#8217;int\u00e9rieur de la couche.<\/p>\n<ol>\n<li>Protection flexible entre les panneaux<\/li>\n<li>Profil\u00e9 en aluminium pour fixer les protecteurs flexibles<\/li>\n<li>Cinq couches de t\u00f4le \u00e0 l&#8217;emplacement de la charni\u00e8re<\/li>\n<li>Joint entre les panneaux<\/li>\n<li>Charni\u00e8re dissimul\u00e9e<\/li>\n<li>Mousse de polyur\u00e9thane<\/li>\n<\/ol>\n<\/div>\n        <\/div>\n    <\/div>\n<\/div>    \n<\/section>\n\n\n\n\n<p><\/p>\n","protected":false},"excerpt":{"rendered":"","protected":false},"author":3,"featured_media":2430,"parent":7093,"menu_order":0,"comment_status":"closed","ping_status":"closed","template":"pages\/product-single.php","meta":[],"acf":[],"_links":{"self":[{"href":"https:\/\/fintecnic.eu\/fr\/wp-json\/wp\/v2\/pages\/7095"}],"collection":[{"href":"https:\/\/fintecnic.eu\/fr\/wp-json\/wp\/v2\/pages"}],"about":[{"href":"https:\/\/fintecnic.eu\/fr\/wp-json\/wp\/v2\/types\/page"}],"author":[{"embeddable":true,"href":"https:\/\/fintecnic.eu\/fr\/wp-json\/wp\/v2\/users\/3"}],"replies":[{"embeddable":true,"href":"https:\/\/fintecnic.eu\/fr\/wp-json\/wp\/v2\/comments?post=7095"}],"version-history":[{"count":3,"href":"https:\/\/fintecnic.eu\/fr\/wp-json\/wp\/v2\/pages\/7095\/revisions"}],"predecessor-version":[{"id":7098,"href":"https:\/\/fintecnic.eu\/fr\/wp-json\/wp\/v2\/pages\/7095\/revisions\/7098"}],"up":[{"embeddable":true,"href":"https:\/\/fintecnic.eu\/fr\/wp-json\/wp\/v2\/pages\/7093"}],"wp:featuredmedia":[{"embeddable":true,"href":"https:\/\/fintecnic.eu\/fr\/wp-json\/wp\/v2\/media\/2430"}],"wp:attachment":[{"href":"https:\/\/fintecnic.eu\/fr\/wp-json\/wp\/v2\/media?parent=7095"}],"curies":[{"name":"wp","href":"https:\/\/api.w.org\/{rel}","templated":true}]}}