{"id":7085,"date":"2021-07-05T09:01:00","date_gmt":"2021-07-05T07:01:00","guid":{"rendered":"https:\/\/fintecnic.eu\/?page_id=7085"},"modified":"2024-04-12T14:45:28","modified_gmt":"2024-04-12T12:45:28","slug":"porte-battante","status":"publish","type":"page","link":"https:\/\/fintecnic.eu\/fr\/portes-2\/porte-battante\/","title":{"rendered":"Porte battante"},"content":{"rendered":"<section id=\"\" class=\"title_description acf-block  acf-block-id-block_0ff3b80bbe0d284e6fcf794e957cf21f acf-block--mb acf-block--mt\">\n\n            <div class=\"container\">\n    <div class=\"row\">\n        <div class=\"col-12 col-lg-10 offset-lg-1\">\n                        \n    <h2 class=\"title_description__title title\">Une mani\u00e8re diff\u00e9rente de traiter les solutions traditionnelles<\/h2>\n\n    <div class=\"description title_description__description\"><p><strong>Portes \u00e0 battants<\/strong> sont la fermeture de garage la moins ch\u00e8re. Une garantie de prix bas et un syst\u00e8me infaillible sont une solution pour des solutions simples et \u00e9prouv\u00e9es.<\/p>\n<h2>Caract\u00e9ristiques :<\/h2>\n<ul>\n<li>Le cadre et le battant sont fabriqu\u00e9s \u00e0 partir de profils en acier galvanis\u00e9 sans rupture thermique<\/li>\n<li>Les battants sont en t\u00f4le d&#8217;acier galvanis\u00e9 &#8211; trap\u00e8ze T-10 avec un remplissage vertical, horizontal et diagonal<\/li>\n<li>Les \u00e9l\u00e9ments du cadre sont reli\u00e9s par des connexions viss\u00e9es<\/li>\n<li>Limiteur d&#8217;ouverture du battant<\/li>\n<li>Verrouillage de la porte pour limiter les mouvements incontr\u00f4l\u00e9s lors de la fermeture<\/li>\n<li>Limiteur de charni\u00e8re &#8211; protection contre la chute du battant<\/li>\n<\/ul>\n<h2>FONCTIONNALIT\u00c9 ET S\u00c9CURIT\u00c9<\/h2>\n<p><img decoding=\"async\" loading=\"lazy\" class=\"\"alignnone wp-image-564 size-full\"\" src=\"\"http:\/\/fineu.bkapps.pl\/app\/uploads\/2021\/07\/portoni-a-battente-2.png\"\" alt=\"\"\"\" width=\"\"900\"\" height=\"\"544\"\" \/><\/p>\n<ol class=\"\"lista-kolko\"\">\n<li><strong>Limiteur de charni\u00e8re<\/strong> &#8211; prot\u00e8ge contre les tentatives de soulever le battant<\/li>\n<li><strong>Limiteur d&#8217;ouverture<\/strong> &#8211; contr\u00f4le le mouvement du battant de porte et emp\u00eache une ouverture excessive<\/li>\n<li><strong>Verrouillage de la porte<\/strong> &#8211; prot\u00e8ge les portes ouvertes contre une fermeture incontr\u00f4l\u00e9e<\/li>\n<li><strong>Connexions viss\u00e9es<\/strong> &#8211; assurent la rigidit\u00e9 de toute la structure fabriqu\u00e9e \u00e0 partir de profils en acier galvanis\u00e9<\/li>\n<li><strong>Version avec portes isol\u00e9es<\/strong> &#8211; sur demande pour am\u00e9liorer l&#8217;isolation thermique du garage<\/li>\n<li><strong>Loquets automatiques<\/strong> &#8211; mont\u00e9s sur quatre points (en haut et en bas du battant de la porte) pour prot\u00e9ger contre l&#8217;ouverture non autoris\u00e9e de la porte.<\/li>\n<\/ol>\n<\/div>\n        <\/div>\n    <\/div>\n<\/div>    \n<\/section>\n\n\n\n<section id=\"\" class=\"files_block image_tabs acf-block  acf-block-id-block_fda24c9b55f5b89c507508da4f80ff6b acf-block--mb acf-block--mt\">\n\n    <div class=\"container\">\n        <div class=\"row\">\n            <div class=\"col-12 col-md-10 offset-md-1\">\n\n                            \n\n\n\n                                    <div data-tabs class=\"files_block__tabs\">\n                        <div data-tabs-container class=\"files_block__tabs__buttons\"><\/div>\n                        \n                            <div data-tab=\"Mod\u00e8les de portes\" class=\"image_tabs__content\">\n\n                                <div class=\"row\">\n\n                                                                            \n                                        \n                                            <a href=\"https:\/\/fintecnic.eu\/app\/uploads\/2021\/07\/mini_portoni-a-battente-1.png\" data-fancybox=\"tab-0\" data-caption=\"\" class=\"col-12 col-sm-6 col-md-4 image_tabs__content__item\">\n                                                <figure>\n                                                    <img decoding=\"async\" src=\"https:\/\/fintecnic.eu\/app\/uploads\/2021\/07\/mini_portoni-a-battente-1-500x259-c-default.png\" alt=\"\">\n                                                    <figcaption><\/figcaption>\n                                                <\/figure>\n                                            <\/a>\n                                        \n                                                                            \n                                        \n                                            <a href=\"https:\/\/fintecnic.eu\/app\/uploads\/2021\/07\/mini_portoni-a-battente-2.png\" data-fancybox=\"tab-0\" data-caption=\"\" class=\"col-12 col-sm-6 col-md-4 image_tabs__content__item\">\n                                                <figure>\n                                                    <img decoding=\"async\" src=\"https:\/\/fintecnic.eu\/app\/uploads\/2021\/07\/mini_portoni-a-battente-2-500x259-c-default.png\" alt=\"\">\n                                                    <figcaption><\/figcaption>\n                                                <\/figure>\n                                            <\/a>\n                                        \n                                                                            \n                                        \n                                            <a href=\"https:\/\/fintecnic.eu\/app\/uploads\/2021\/07\/mini_portoni-a-battente-3.png\" data-fancybox=\"tab-0\" data-caption=\"\" class=\"col-12 col-sm-6 col-md-4 image_tabs__content__item\">\n                                                <figure>\n                                                    <img decoding=\"async\" src=\"https:\/\/fintecnic.eu\/app\/uploads\/2021\/07\/mini_portoni-a-battente-3-500x259-c-default.png\" alt=\"\">\n                                                    <figcaption><\/figcaption>\n                                                <\/figure>\n                                            <\/a>\n                                        \n                                                                            \n                                        \n                                            <a href=\"https:\/\/fintecnic.eu\/app\/uploads\/2021\/07\/mini_portoni-a-battente-4.png\" data-fancybox=\"tab-0\" data-caption=\"\" class=\"col-12 col-sm-6 col-md-4 image_tabs__content__item\">\n                                                <figure>\n                                                    <img decoding=\"async\" src=\"https:\/\/fintecnic.eu\/app\/uploads\/2021\/07\/mini_portoni-a-battente-4-500x259-c-default.png\" alt=\"\">\n                                                    <figcaption><\/figcaption>\n                                                <\/figure>\n                                            <\/a>\n                                        \n                                                                            \n                                        \n                                            <a href=\"https:\/\/fintecnic.eu\/app\/uploads\/2021\/07\/mini_portoni-a-battente-5.png\" data-fancybox=\"tab-0\" data-caption=\"\" class=\"col-12 col-sm-6 col-md-4 image_tabs__content__item\">\n                                                <figure>\n                                                    <img decoding=\"async\" src=\"https:\/\/fintecnic.eu\/app\/uploads\/2021\/07\/mini_portoni-a-battente-5-500x259-c-default.png\" alt=\"\">\n                                                    <figcaption><\/figcaption>\n                                                <\/figure>\n                                            <\/a>\n                                        \n                                    \n                                    \n                                                                    <\/div>\n\n\n                            <\/div>\n\n                        \n                            <div data-tab=\"Gamme de coloris\" class=\"image_tabs__content\">\n\n                                <div class=\"row\">\n\n                                                                            \n                                                                                    <a href=\"https:\/\/fintecnic.eu\/app\/uploads\/2021\/07\/gamma-di-colori-portoni-a-battente-fintecnic.jpg\" data-fancybox=\"tab-1\" data-caption=\"\" class=\"col-12 image_tabs__content__item\">\n                                                <figure>\n                                                    <img decoding=\"async\" src=\"https:\/\/fintecnic.eu\/app\/uploads\/2021\/07\/gamma-di-colori-portoni-a-battente-fintecnic.jpg\" alt=\"\">\n                                                    <figcaption><\/figcaption>\n                                                <\/figure>\n                                            <\/a>\n                                        \n                                    \n                                    \n                                                                    <\/div>\n\n\n                            <\/div>\n\n                                            <\/div>\n                \n\n            <\/div>\n        <\/div>\n    <\/div>\n\n<\/section>\n\n","protected":false},"excerpt":{"rendered":"","protected":false},"author":3,"featured_media":2354,"parent":7107,"menu_order":0,"comment_status":"closed","ping_status":"closed","template":"pages\/product-single.php","meta":[],"acf":[],"_links":{"self":[{"href":"https:\/\/fintecnic.eu\/fr\/wp-json\/wp\/v2\/pages\/7085"}],"collection":[{"href":"https:\/\/fintecnic.eu\/fr\/wp-json\/wp\/v2\/pages"}],"about":[{"href":"https:\/\/fintecnic.eu\/fr\/wp-json\/wp\/v2\/types\/page"}],"author":[{"embeddable":true,"href":"https:\/\/fintecnic.eu\/fr\/wp-json\/wp\/v2\/users\/3"}],"replies":[{"embeddable":true,"href":"https:\/\/fintecnic.eu\/fr\/wp-json\/wp\/v2\/comments?post=7085"}],"version-history":[{"count":3,"href":"https:\/\/fintecnic.eu\/fr\/wp-json\/wp\/v2\/pages\/7085\/revisions"}],"predecessor-version":[{"id":7088,"href":"https:\/\/fintecnic.eu\/fr\/wp-json\/wp\/v2\/pages\/7085\/revisions\/7088"}],"up":[{"embeddable":true,"href":"https:\/\/fintecnic.eu\/fr\/wp-json\/wp\/v2\/pages\/7107"}],"wp:featuredmedia":[{"embeddable":true,"href":"https:\/\/fintecnic.eu\/fr\/wp-json\/wp\/v2\/media\/2354"}],"wp:attachment":[{"href":"https:\/\/fintecnic.eu\/fr\/wp-json\/wp\/v2\/media?parent=7085"}],"curies":[{"name":"wp","href":"https:\/\/api.w.org\/{rel}","templated":true}]}}