{"id":7069,"date":"2023-09-25T14:46:18","date_gmt":"2023-09-25T12:46:18","guid":{"rendered":"https:\/\/fintecnic.eu\/?page_id=7069"},"modified":"2024-04-12T13:18:37","modified_gmt":"2024-04-12T11:18:37","slug":"aliplast-genesis-75","status":"publish","type":"page","link":"https:\/\/fintecnic.eu\/fr\/portes\/portes-en-aluminium\/aliplast-genesis-75\/","title":{"rendered":"ALIPLAST Genesis 75"},"content":{"rendered":"<section id=\"\" class=\"side_image acf-block  acf-block-id-block_a04ddac782c99ad8a12ac9829daf25cb acf-block--mb acf-block--mt\">\n        <div class=\"container\">\n        <div class=\"row side_image__row\">\n            <div class=\"col-12 col-lg-10 offset-lg-1\">\n                <div class=\"row\">\n                    <div class=\"col-12 col-md-4 \">\n                        <img decoding=\"async\" class=\"side_image__img\" src=\"https:\/\/fintecnic.eu\/app\/uploads\/2023\/10\/pvc-alluminio-fintecnic-lodz-italia-finestre-finestre-dalla-polonia-aliplast_genesis_75_porte.webp\" alt=\"\" loading=\"lazy\">\n                    <\/div>\n                    <div class=\"col-12 col-md-8 \">\n                        <div class=\"side_image__description description\"><p>Nous utilisons les profil\u00e9s en aluminium ALIPLAST Genesis 75 pour la conception de fen\u00eatres pour des b\u00e2timents r\u00e9sidentiels et des usages publics. Ce sont des profil\u00e9s haut de gamme qui garantissent une grande efficacit\u00e9 \u00e9nerg\u00e9tique et une excellente isolation thermique.<\/p>\n<p>Les principales caract\u00e9ristiques et param\u00e8tres de ce syst\u00e8me sont:<\/p>\n<ul>\n<li>Syst\u00e8me fen\u00eatres-portes \u00e0 trois chambres destin\u00e9 aux fen\u00eatres \u00e0 haute isolation thermique<\/li>\n<li>Excellentes performances thermiques des fen\u00eatres Genesis 75 (Uw de 0,90)<\/li>\n<li>Profil\u00e9s d&#8217;une profondeur de 75 mm<\/li>\n<li>Une large gamme de formes\/profils Genesis 75 permettant la conception de fen\u00eatres, de portes et de vitrines modernes \u00e0 haute fonctionnalit\u00e9<\/li>\n<li>Un joint d&#8217;\u00e9tanch\u00e9it\u00e9 thermique suppl\u00e9mentaire offrant un degr\u00e9 \u00e9lev\u00e9 d&#8217;\u00e9tanch\u00e9it\u00e9 des fen\u00eatres (infiltration d&#8217;air, \u00e9tanch\u00e9it\u00e9 \u00e0 l&#8217;eau) ainsi qu&#8217;un aspect innovant et esth\u00e9tique<\/li>\n<li>Possibilit\u00e9 de choisir diff\u00e9rents finitions de profil\u00e9s (y compris des profil\u00e9s de r\u00e9novation), donnant \u00e0 la construction de fen\u00eatres un caract\u00e8re individuel<\/li>\n<li>Possibilit\u00e9 de r\u00e9aliser une connexion en angle droit pour tout le vitrage \u00e0 90 degr\u00e9s<\/li>\n<li>Option disponible Genesis OUT (Genesis OUT i, Genesis OUT i+) &#8211; fen\u00eatres s&#8217;ouvrant vers l&#8217;ext\u00e9rieur<\/li>\n<li>Large choix de couleurs &#8211; palette RAL (Qualicoat 1518), couleurs structur\u00e9es, couleurs Aliplast Wood Color Effect (Qualideco PL-0001), anodisation (Qualanod 1808), bicoloration<\/li>\n<li>Le syst\u00e8me Genesis 75 permet \u00e9galement la construction de structures de portes<\/li>\n<\/ul>\n<\/div>\n                    <\/div>\n                <\/div>\n            <\/div>\n        <\/div>\n    <\/div>\n\n<\/section>\n\n\n\n<section id=\"\" class=\"title_description acf-block  acf-block-id-block_c7abd7350556c11bfd7f578cae45ccd6 acf-block--mb acf-block--mt\">\n\n            <div class=\"container\">\n    <div class=\"row\">\n        <div class=\"col-12 col-lg-10 offset-lg-1\">\n                        \n    <h2 class=\"title_description__title title\">CARACT\u00c9RISTIQUES DU PRODUIT<\/h2>\n\n    <div class=\"description title_description__description\"><table border=\"\"1\"\" cellspacing=\"\"0\"\" cellpadding=\"\"0\"\" data-mce-selected=\"\"1\"\">\n<tbody>\n<tr class=\"\"overTable__TH\"\">\n<td width=\"\"150\"\"><span style=\"\"font-size: x-small; padding: 9px;\"\"> syst\u00e8me<\/span><\/td>\n<td width=\"\"135\"\"><span style=\"\"font-size: x-small; padding: 9px;\"\">mat\u00e9riau<\/span><\/td>\n<td width=\"\"177\"\"><span style=\"\"font-size: x-small; padding: 9px;\"\">\u00c9paisseur du cadre<\/span><\/td>\n<td width=\"\"157\"\"><span style=\"\"font-size: x-small; padding: 9px;\"\">\u00c9paisseur de l&#8217;ouvrant<\/span><\/td>\n<td width=\"\"184\"\"><span style=\"\"font-size: x-small; padding: 9px;\"\">\u00c9paisseur du vitrage<\/span><\/td>\n<td width=\"\"184\"\"><span style=\"\"font-size: x-small; padding: 9px;\"\"> Acoustique<\/span><\/td>\n<td width=\"\"182\"\"><span style=\"\"font-size: x-small; padding: 9px;\"\">Type de fen\u00eatre<\/span><\/td>\n<td width=\"\"182\"\"><span style=\"\"font-size: x-small; padding: 9px;\"\">Type de porte<\/span><\/td>\n<\/tr>\n<tr>\n<td><span style=\"\"font-size: x-small; padding: 9px;\"\">GN 75 portes<\/span><\/td>\n<td><span style=\"\"font-size: x-small; padding: 9px;\"\">aluminium\/polyamide<\/span><\/td>\n<td><span style=\"\"font-size: x-small; padding: 9px;\"\">75 mm <\/span><\/td>\n<td><span style=\"\"font-size: x-small; padding: 9px;\"\">75 mm<\/span><\/td>\n<td><span style=\"\"font-size: x-small; padding: 9px;\"\">1 &#8211; 59 mm <\/span><\/td>\n<td><span style=\"\"font-size: x-small; padding: 9px;\"\">44 (-1,-4) dB<\/span><\/td>\n<td width=\"\"182\"\"><span style=\"\"font-size: x-small; padding: 9px;\"\">&#8211;<\/span><\/td>\n<td width=\"\"182\"\"><span style=\"\"font-size: x-small; padding: 9px;\"\"> \u00e0 un vantail, portes \u00e0 deux vantaux, ouvrant vers l&#8217;ext\u00e9rieur, ouvrant vers l&#8217;int\u00e9rieur, portes anti-panique<\/span><\/td>\n<\/tr>\n<\/tbody>\n<\/table>\n<\/div>\n        <\/div>\n    <\/div>\n<\/div>    \n<\/section>\n\n\n\n<section id=\"\" class=\"title_description acf-block  acf-block-id-block_e6de5b96c7d2e6378d895aad530a6a19 acf-block--mb acf-block--mt\">\n\n            <div class=\"container\">\n    <div class=\"row\">\n        <div class=\"col-12 col-lg-10 offset-lg-1\">\n                        \n    <h2 class=\"title_description__title title\">ESQUISSES TECHNIQUES<\/h2>\n\n    <div class=\"description title_description__description\"><div class=\"overTable\">\n<table border=\"1\"cellspacing=\"0\" cellpadding=\"0\">\n<tbody>\n<tr class=\"overTable__TH\">\n<td><span style=\"font-size: x-small; padding: 9px;\">syst\u00e8me<\/span><\/td>\n<td><span style=\"font-size: x-small; padding: 9px;\">Isolation thermique Uf*<\/span><\/td>\n<td><span style=\"font-size: x-small; padding: 9px;\">Perm\u00e9abilit\u00e9 \u00e0 l&#8217;air<\/span><\/td>\n<td><span style=\"font-size: x-small; padding: 9px;\">Charge de vent<\/span><\/td>\n<td><span style=\"font-size: x-small; padding: 9px;\">\u00c9tanch\u00e9it\u00e9 \u00e0 l&#8217;eau<\/span><\/td>\n<\/tr>\n<tr>\n<td><span style=\"font-size: x-small; padding: 9px;\">Fen\u00eatres GN 75<\/span><\/td>\n<td><span style=\"font-size: x-small; padding: 9px;\">Uf de 1,625 W\/m<sup>2<\/sup>K <\/span><\/td>\n<td><span style=\"font-size: x-small; padding: 9px;\">Classe 4 ; PN-EN 12207<\/span><\/td>\n<td><span style=\"font-size: x-small; padding: 9px;\">Classe C5 (2000Pa) ; PN-EN12210<\/span><\/td>\n<td><span style=\"font-size: x-small; padding: 9px;\">Classe E1200 (1200Pa) ; PN-EN 12208<\/span><\/td>\n<\/tr>\n<tr>\n<td><span style=\"font-size: x-small; padding: 9px;\">GN 75 i+ portes<\/span><\/td>\n<td><span style=\"font-size: x-small; padding: 9px;\">Uf de 1,195 W\/m2K<\/span><\/td>\n<td><span style=\"font-size: x-small; padding: 9px;\">Classe 4 ; PN-EN 12207<\/span><\/td>\n<td><span style=\"font-size: x-small; padding: 9px;\">Classe C5 (2000Pa) ; PN-EN12210<\/span><\/td>\n<td><span style=\"font-size: x-small; padding: 9px;\">Classe E1200 (1200Pa) ; PN-EN 12208<\/span><\/td>\n<\/tr>\n<\/tbody>\n<\/table>\n<\/div>\n<\/div>\n        <\/div>\n    <\/div>\n<\/div>    \n<\/section>\n\n\n\n<section id=\"\" class=\"files_block image_tabs acf-block  acf-block-id-block_64d80c8cdce32790397b18d6d6a8b04b acf-block--mb acf-block--mt\">\n\n    <div class=\"container\">\n        <div class=\"row\">\n            <div class=\"col-12 col-md-10 offset-md-1\">\n\n                            \n    <h2 class=\"files_block__title title\">Esquisses techniques<\/h2>\n\n\n\n                                    <div data-tabs class=\"files_block__tabs\">\n                        <div data-tabs-container class=\"files_block__tabs__buttons\"><\/div>\n                        \n                            <div data-tab=\"Sections\" class=\"image_tabs__content\">\n\n                                <div class=\"row\">\n\n                                                                            \n                                        \n                                            <a href=\"https:\/\/fintecnic.eu\/app\/uploads\/2023\/10\/pvc-alluminio-fintecnic-lodz-italia-finestre-finestre-dalla-polonia-aliplast_genesis_75_porte-sezione.jpg\" data-fancybox=\"tab-0\" data-caption=\"\" class=\"col-12 col-sm-6 col-md-4 image_tabs__content__item\">\n                                                <figure>\n                                                    <img decoding=\"async\" src=\"https:\/\/fintecnic.eu\/app\/uploads\/2023\/10\/pvc-alluminio-fintecnic-lodz-italia-finestre-finestre-dalla-polonia-aliplast_genesis_75_porte-sezione-500x259-c-default.jpg\" alt=\"\">\n                                                    <figcaption><\/figcaption>\n                                                <\/figure>\n                                            <\/a>\n                                        \n                                    \n                                    \n                                                                    <\/div>\n\n\n                            <\/div>\n\n                        \n                            <div data-tab=\"Fichiers\" class=\"image_tabs__content\">\n\n                                <div class=\"row\">\n\n                                                                            \n                                        \n                                            <a href=\"https:\/\/fintecnic.eu\/app\/uploads\/2023\/10\/pvc-alluminio-fintecnic-lodz-italia-finestre-finestre-dalla-polonia-aliplast_genesis_75_porte-volantino.pdf\" data-fancybox=\"tab-1\" data-caption=\"\" class=\"col-12 col-sm-6 col-md-4 image_tabs__content__item\">\n                                                <figure>\n                                                    <img decoding=\"async\" src=\"https:\/\/fintecnic.eu\/app\/uploads\/2023\/10\/pvc-alluminio-fintecnic-lodz-italia-finestre-finestre-dalla-polonia-aliplast_genesis_75_porte-volantino-500x259-c-default.pdf\" alt=\"\">\n                                                    <figcaption><\/figcaption>\n                                                <\/figure>\n                                            <\/a>\n                                        \n                                    \n                                    \n                                                                    <\/div>\n\n\n                            <\/div>\n\n                                            <\/div>\n                \n\n            <\/div>\n        <\/div>\n    <\/div>\n\n<\/section>\n\n\n\n<section id=\"\" class=\"files_block image_tabs acf-block  acf-block-id-block_9f53ca93298c17892effe821c7507ead acf-block--mb acf-block--mt\">\n\n    <div class=\"container\">\n        <div class=\"row\">\n            <div class=\"col-12 col-md-10 offset-md-1\">\n\n                            \n    <h2 class=\"files_block__title title\">Exemples de projets de fabricants de profil\u00e9s<\/h2>\n\n\n\n                                    <div data-tabs class=\"files_block__tabs\">\n                        <div data-tabs-container class=\"files_block__tabs__buttons\"><\/div>\n                        \n                            <div data-tab=\"Exemples de r\u00e9alisations de fabricants\" class=\"image_tabs__content\">\n\n                                <div class=\"row\">\n\n                                                                            \n                                        \n                                            <a href=\"https:\/\/fintecnic.eu\/app\/uploads\/2023\/09\/aliplast_genesis_75_fintecnic_finestre_dalla_polonia_realizzazioni_6.jpeg\" data-fancybox=\"tab-0\" data-caption=\"\" class=\"col-12 col-sm-6 col-md-4 image_tabs__content__item\">\n                                                <figure>\n                                                    <img decoding=\"async\" src=\"https:\/\/fintecnic.eu\/app\/uploads\/2023\/09\/aliplast_genesis_75_fintecnic_finestre_dalla_polonia_realizzazioni_6-500x259-c-default.jpeg\" alt=\"\">\n                                                    <figcaption><\/figcaption>\n                                                <\/figure>\n                                            <\/a>\n                                        \n                                                                            \n                                        \n                                            <a href=\"https:\/\/fintecnic.eu\/app\/uploads\/2023\/09\/aliplast_genesis_75_fintecnic_finestre_dalla_polonia_realizzazioni_5.jpeg\" data-fancybox=\"tab-0\" data-caption=\"\" class=\"col-12 col-sm-6 col-md-4 image_tabs__content__item\">\n                                                <figure>\n                                                    <img decoding=\"async\" src=\"https:\/\/fintecnic.eu\/app\/uploads\/2023\/09\/aliplast_genesis_75_fintecnic_finestre_dalla_polonia_realizzazioni_5-500x259-c-default.jpeg\" alt=\"\">\n                                                    <figcaption><\/figcaption>\n                                                <\/figure>\n                                            <\/a>\n                                        \n                                                                            \n                                        \n                                            <a href=\"https:\/\/fintecnic.eu\/app\/uploads\/2023\/09\/aliplast_genesis_75_fintecnic_finestre_dalla_polonia_realizzazioni_4.jpeg\" data-fancybox=\"tab-0\" data-caption=\"\" class=\"col-12 col-sm-6 col-md-4 image_tabs__content__item\">\n                                                <figure>\n                                                    <img decoding=\"async\" src=\"https:\/\/fintecnic.eu\/app\/uploads\/2023\/09\/aliplast_genesis_75_fintecnic_finestre_dalla_polonia_realizzazioni_4-500x259-c-default.jpeg\" alt=\"\">\n                                                    <figcaption><\/figcaption>\n                                                <\/figure>\n                                            <\/a>\n                                        \n                                                                            \n                                        \n                                            <a href=\"https:\/\/fintecnic.eu\/app\/uploads\/2023\/09\/aliplast_genesis_75_fintecnic_finestre_dalla_polonia_realizzazioni_3.jpeg\" data-fancybox=\"tab-0\" data-caption=\"\" class=\"col-12 col-sm-6 col-md-4 image_tabs__content__item\">\n                                                <figure>\n                                                    <img decoding=\"async\" src=\"https:\/\/fintecnic.eu\/app\/uploads\/2023\/09\/aliplast_genesis_75_fintecnic_finestre_dalla_polonia_realizzazioni_3-500x259-c-default.jpeg\" alt=\"\">\n                                                    <figcaption><\/figcaption>\n                                                <\/figure>\n                                            <\/a>\n                                        \n                                                                            \n                                        \n                                            <a href=\"https:\/\/fintecnic.eu\/app\/uploads\/2023\/09\/aliplast_genesis_75_fintecnic_finestre_dalla_polonia_realizzazioni_2.jpeg\" data-fancybox=\"tab-0\" data-caption=\"\" class=\"col-12 col-sm-6 col-md-4 image_tabs__content__item\">\n                                                <figure>\n                                                    <img decoding=\"async\" src=\"https:\/\/fintecnic.eu\/app\/uploads\/2023\/09\/aliplast_genesis_75_fintecnic_finestre_dalla_polonia_realizzazioni_2-500x259-c-default.jpeg\" alt=\"\">\n                                                    <figcaption><\/figcaption>\n                                                <\/figure>\n                                            <\/a>\n                                        \n                                                                            \n                                        \n                                            <a href=\"https:\/\/fintecnic.eu\/app\/uploads\/2023\/09\/aliplast_genesis_75_fintecnic_finestre_dalla_polonia_realizzazioni_1.jpeg\" data-fancybox=\"tab-0\" data-caption=\"\" class=\"col-12 col-sm-6 col-md-4 image_tabs__content__item\">\n                                                <figure>\n                                                    <img decoding=\"async\" src=\"https:\/\/fintecnic.eu\/app\/uploads\/2023\/09\/aliplast_genesis_75_fintecnic_finestre_dalla_polonia_realizzazioni_1-500x259-c-default.jpeg\" alt=\"\">\n                                                    <figcaption><\/figcaption>\n                                                <\/figure>\n                                            <\/a>\n                                        \n                                    \n                                    \n                                                                    <\/div>\n\n\n                            <\/div>\n\n                                            <\/div>\n                \n\n            <\/div>\n        <\/div>\n    <\/div>\n\n<\/section>\n\n","protected":false},"excerpt":{"rendered":"","protected":false},"author":3,"featured_media":5043,"parent":7041,"menu_order":1,"comment_status":"closed","ping_status":"closed","template":"pages\/product-single.php","meta":[],"acf":[],"_links":{"self":[{"href":"https:\/\/fintecnic.eu\/fr\/wp-json\/wp\/v2\/pages\/7069"}],"collection":[{"href":"https:\/\/fintecnic.eu\/fr\/wp-json\/wp\/v2\/pages"}],"about":[{"href":"https:\/\/fintecnic.eu\/fr\/wp-json\/wp\/v2\/types\/page"}],"author":[{"embeddable":true,"href":"https:\/\/fintecnic.eu\/fr\/wp-json\/wp\/v2\/users\/3"}],"replies":[{"embeddable":true,"href":"https:\/\/fintecnic.eu\/fr\/wp-json\/wp\/v2\/comments?post=7069"}],"version-history":[{"count":3,"href":"https:\/\/fintecnic.eu\/fr\/wp-json\/wp\/v2\/pages\/7069\/revisions"}],"predecessor-version":[{"id":7072,"href":"https:\/\/fintecnic.eu\/fr\/wp-json\/wp\/v2\/pages\/7069\/revisions\/7072"}],"up":[{"embeddable":true,"href":"https:\/\/fintecnic.eu\/fr\/wp-json\/wp\/v2\/pages\/7041"}],"wp:featuredmedia":[{"embeddable":true,"href":"https:\/\/fintecnic.eu\/fr\/wp-json\/wp\/v2\/media\/5043"}],"wp:attachment":[{"href":"https:\/\/fintecnic.eu\/fr\/wp-json\/wp\/v2\/media?parent=7069"}],"curies":[{"name":"wp","href":"https:\/\/api.w.org\/{rel}","templated":true}]}}