{"id":7065,"date":"2023-10-30T14:47:06","date_gmt":"2023-10-30T13:47:06","guid":{"rendered":"https:\/\/fintecnic.eu\/?page_id=7065"},"modified":"2024-06-10T12:10:59","modified_gmt":"2024-06-10T10:10:59","slug":"yawal-systeme-tm-77-hi","status":"publish","type":"page","link":"https:\/\/fintecnic.eu\/fr\/portes\/portes-en-aluminium\/yawal-systeme-tm-77-hi\/","title":{"rendered":"Yawal  Syst\u00e8me TM 77 HI"},"content":{"rendered":"<section id=\"\" class=\"side_image acf-block  acf-block-id-block_9639bbca2386dbfae1d0b8dc48c69ce9 acf-block--mb acf-block--mt\">\n        <div class=\"container\">\n        <div class=\"row side_image__row\">\n            <div class=\"col-12 col-lg-10 offset-lg-1\">\n                <div class=\"row\">\n                    <div class=\"col-12 col-md-4 \">\n                        <img decoding=\"async\" class=\"side_image__img\" src=\"https:\/\/fintecnic.eu\/app\/uploads\/2023\/10\/pvc-alluminio-fintecnic-lodz-italia-finestre-finestre-dalla-polonia-yawal_tm_77hi_porte.webp\" alt=\"\" loading=\"lazy\">\n                    <\/div>\n                    <div class=\"col-12 col-md-8 \">\n                        <div class=\"side_image__description description\"><p>Le syst\u00e8me TM 77HI est une solution s\u00e9curis\u00e9e et innovante offrant une excellente isolation thermique et acoustique, une protection contre le vent et l&#8217;eau, tout en garantissant la s\u00e9curit\u00e9.<\/p>\n<p>Gr\u00e2ce \u00e0 l&#8217;utilisation de cales entre les profils en aluminium, d&#8217;excellentes valeurs d&#8217;isolation thermique ont \u00e9t\u00e9 obtenues.<\/p>\n<p>Les isolants sp\u00e9cifiques \u00e0 chambre dans le syst\u00e8me, ainsi que le remplissage, assurent le r\u00f4le d&#8217;isolation thermique.<\/p>\n<ul>\n<li>Possibilit\u00e9 de r\u00e9duire consid\u00e9rablement les co\u00fbts de chauffage<\/li>\n<li>Capacit\u00e9 de cr\u00e9er de grandes structures permettant une organisation moderne des fa\u00e7ades et des int\u00e9rieurs<\/li>\n<li>Compatibilit\u00e9 avec une large gamme d&#8217;accessoires et d&#8217;\u00e9l\u00e9ments de contr\u00f4le<\/li>\n<li>Possibilit\u00e9 d&#8217;appliquer des solutions de construction modernes dans diff\u00e9rentes configurations et agencements<\/li>\n<li>Excellente valeur du coefficient de transmission thermique Uf 0,8 W\/m2K<\/li>\n<li>Possibilit\u00e9 de portes-fen\u00eatres avec seuil bas<\/li>\n<li>Les cales thermiques divis\u00e9es emp\u00eachent la d\u00e9formation des portes sous l&#8217;effet de temp\u00e9ratures \u00e9lev\u00e9es<\/li>\n<li>Possibilit\u00e9 d&#8217;utiliser un angle enti\u00e8rement vitr\u00e9<\/li>\n<\/ul>\n<\/div>\n                    <\/div>\n                <\/div>\n            <\/div>\n        <\/div>\n    <\/div>\n\n<\/section>\n\n\n\n<section id=\"\" class=\"title_description acf-block  acf-block-id-block_30fd1b85235d8274153fcfc9a5038278 acf-block--mb acf-block--mt\">\n\n            <div class=\"container\">\n    <div class=\"row\">\n        <div class=\"col-12 col-lg-10 offset-lg-1\">\n                        \n    <h2 class=\"title_description__title title\">Caract\u00e9ristiques techniques<\/h2>\n\n    <div class=\"description title_description__description\"><div class=\"\"overTable\"\">\n<table border=\"\"1\"\" cellspacing=\"\"0\"\" cellpadding=\"\"0\"\">\n<tbody>\n<tr class=\"\"overTable__TH\"\">\n<td><span style=\"\"font-size: x-small; padding: 9px;\"\"><\/span><\/td>\n<td><span style=\"\"font-size: x-small; padding: 9px;\"\">Fen\u00eatres<\/span><\/td>\n<\/tr>\n<tr>\n<td><span style=\"\"font-size: x-small; padding: 9px;\"\">Isolation thermique EN 10077-2<\/span><\/td>\n<td><span style=\"\"font-size: x-small; padding: 9px;\"\">Uw da 0,8 W\/m<sup>2<\/sup>K<\/span><\/td>\n<\/tr>\n<tr>\n<td><span style=\"\"font-size: x-small; padding: 9px;\"\">Isolation acoustique EN ISO 140-3<\/span><\/td>\n<td><span style=\"\"font-size: x-small; padding: 9px;\"\">Rw = 36 \u00f7 45 dB<\/span><\/td>\n<\/tr>\n<tr>\n<td><span style=\"\"font-size: x-small; padding: 9px;\"\">Perm\u00e9abilit\u00e9 \u00e0 l\u2019air EN 12207<\/span><\/td>\n<td><span style=\"\"font-size: x-small; padding: 9px;\"\">Classe 4<\/span><\/td>\n<\/tr>\n<tr>\n<td><span style=\"\"font-size: x-small; padding: 9px;\"\">\u00c9tanch\u00e9it\u00e9 \u00e0 l\u2019eau EN 12208<\/span><\/td>\n<td><span style=\"\"font-size: x-small; padding: 9px;\"\">E900<\/span><\/td>\n<\/tr>\n<tr>\n<td><span style=\"\"font-size: x-small; padding: 9px;\"\">R\u00e9sistance \u00e0 la charge du vent EN 12210<\/span><\/td>\n<td><span style=\"\"font-size: x-small; padding: 9px;\"\">Classe C5\/B5<\/span><\/td>\n<\/tr>\n<tr>\n<td><span style=\"\"font-size: x-small; padding: 9px;\"\">R\u00e9sistance au cambriolage EN 1627<\/span><\/td>\n<td><span style=\"\"font-size: x-small; padding: 9px;\"\">RC2, RC3<\/span><\/td>\n<\/tr>\n<\/tbody>\n<\/table>\n<\/div>\n<\/div>\n        <\/div>\n    <\/div>\n<\/div>    \n<\/section>\n\n\n\n<section id=\"\" class=\"title_description acf-block  acf-block-id-block_83ef8781b88cc699487cca841e5e50ab acf-block--mb acf-block--mt\">\n\n            <div class=\"container\">\n    <div class=\"row\">\n        <div class=\"col-12 col-lg-10 offset-lg-1\">\n                        \n    <h2 class=\"title_description__title title\">Caract\u00e9ristiques du syst\u00e8me<\/h2>\n\n    <div class=\"description title_description__description\"><div class=\"overTable\">\n<table border=\"1\" cellspacing=\"0\" cellpadding=\"0\">\n<tbody>\n<tr class=\"overTable__TH\">\n<td><span style=\"font-size: x-small; padding: 9px;\"><\/span><\/td>\n<td><span style=\"font-size: x-small; padding: 9px;\">Portes<\/span><\/td>\n<\/tr>\n<tr>\n<td><span style=\"font-size: x-small; padding: 9px;\">Profondeur de construction du cadre<\/span><\/td>\n<td><span style=\"font-size: x-small; padding: 9px;\">77 mm<\/span><\/td>\n<\/tr>\n<tr>\n<td><span style=\"font-size: x-small; padding: 9px;\">Profondeur de construction du ventail<\/span><\/td>\n<td><span style=\"font-size: x-small; padding: 9px;\">77 mm<\/span><\/td>\n<\/tr>\n<tr>\n<td><span style=\"font-size: x-small; padding: 9px;\">\u00c9paisseur du remplissage<\/span><\/td>\n<td><span style=\"font-size: x-small; padding: 9px;\">35 \u00f7 67 mm<\/span><\/td>\n<\/tr>\n<tr>\n<td><span style=\"font-size: x-small; padding: 9px;\">Dimensions maximales du vantaila L x H<\/span><\/td>\n<td><span style=\"font-size: x-small; padding: 9px;\">1400 x 3000 mm\/ 2400 x 2900 mm<\/span><\/td>\n<\/tr>\n<tr>\n<td><span style=\"font-size: x-small; padding: 9px;\">Poids maximale du vantail<\/span><\/td>\n<td><span style=\"font-size: x-small; padding: 9px;\">250 kg<\/span><\/td>\n<\/tr>\n<tr>\n<td><span style=\"font-size: x-small; padding: 9px;\">Type de construction<\/span><\/td>\n<td><span style=\"font-size: x-small; padding: 9px;\">\u00e0 un ventail ou deux vantaux avec imposte et imposte vitr\u00e9e<\/span><\/td>\n<\/tr>\n<\/tbody>\n<\/table>\n<\/div>\n<\/div>\n        <\/div>\n    <\/div>\n<\/div>    \n<\/section>\n\n\n\n<section id=\"\" class=\"files_block image_tabs acf-block  acf-block-id-block_191bd669c83155383b3f4c7980f1458e acf-block--mb acf-block--mt\">\n\n    <div class=\"container\">\n        <div class=\"row\">\n            <div class=\"col-12 col-md-10 offset-md-1\">\n\n                            \n\n\n\n                                    <div data-tabs class=\"files_block__tabs\">\n                        <div data-tabs-container class=\"files_block__tabs__buttons\"><\/div>\n                        \n                            <div data-tab=\"Fichiers\" class=\"image_tabs__content\">\n\n                                <div class=\"row\">\n\n                                                                            \n                                        \n                                            <a href=\"https:\/\/fintecnic.eu\/app\/uploads\/2023\/10\/pvc-alluminio-fintecnic-lodz-italia-finestre-finestre-dalla-polonia-yawal_77_HI_sistema-porte-volantino-tm_77hi.pdf\" data-fancybox=\"tab-0\" data-caption=\"\" class=\"col-12 col-sm-6 col-md-4 image_tabs__content__item\">\n                                                <figure>\n                                                    <img decoding=\"async\" src=\"https:\/\/fintecnic.eu\/app\/uploads\/2023\/10\/pvc-alluminio-fintecnic-lodz-italia-finestre-finestre-dalla-polonia-yawal_77_HI_sistema-porte-volantino-tm_77hi-500x259-c-default.pdf\" alt=\"\">\n                                                    <figcaption><\/figcaption>\n                                                <\/figure>\n                                            <\/a>\n                                        \n                                    \n                                    \n                                                                    <\/div>\n\n\n                            <\/div>\n\n                                            <\/div>\n                \n\n            <\/div>\n        <\/div>\n    <\/div>\n\n<\/section>\n\n","protected":false},"excerpt":{"rendered":"","protected":false},"author":3,"featured_media":5241,"parent":7041,"menu_order":0,"comment_status":"closed","ping_status":"closed","template":"pages\/product-single.php","meta":[],"acf":[],"_links":{"self":[{"href":"https:\/\/fintecnic.eu\/fr\/wp-json\/wp\/v2\/pages\/7065"}],"collection":[{"href":"https:\/\/fintecnic.eu\/fr\/wp-json\/wp\/v2\/pages"}],"about":[{"href":"https:\/\/fintecnic.eu\/fr\/wp-json\/wp\/v2\/types\/page"}],"author":[{"embeddable":true,"href":"https:\/\/fintecnic.eu\/fr\/wp-json\/wp\/v2\/users\/3"}],"replies":[{"embeddable":true,"href":"https:\/\/fintecnic.eu\/fr\/wp-json\/wp\/v2\/comments?post=7065"}],"version-history":[{"count":2,"href":"https:\/\/fintecnic.eu\/fr\/wp-json\/wp\/v2\/pages\/7065\/revisions"}],"predecessor-version":[{"id":7428,"href":"https:\/\/fintecnic.eu\/fr\/wp-json\/wp\/v2\/pages\/7065\/revisions\/7428"}],"up":[{"embeddable":true,"href":"https:\/\/fintecnic.eu\/fr\/wp-json\/wp\/v2\/pages\/7041"}],"wp:featuredmedia":[{"embeddable":true,"href":"https:\/\/fintecnic.eu\/fr\/wp-json\/wp\/v2\/media\/5241"}],"wp:attachment":[{"href":"https:\/\/fintecnic.eu\/fr\/wp-json\/wp\/v2\/media?parent=7065"}],"curies":[{"name":"wp","href":"https:\/\/api.w.org\/{rel}","templated":true}]}}