{"id":7060,"date":"2024-04-12T13:01:51","date_gmt":"2024-04-12T11:01:51","guid":{"rendered":"https:\/\/fintecnic.eu\/?page_id=7060"},"modified":"2024-04-12T13:06:35","modified_gmt":"2024-04-12T11:06:35","slug":"yawal-systeme-tm-74-hi","status":"publish","type":"page","link":"https:\/\/fintecnic.eu\/fr\/portes\/portes-en-aluminium\/yawal-systeme-tm-74-hi\/","title":{"rendered":"Yawal  Syst\u00e8me TM 74 HI"},"content":{"rendered":"<section id=\"\" class=\"side_image acf-block  acf-block-id-block_941d38f2343322d7eea33f6408d0021d acf-block--mb acf-block--mt\">\n        <div class=\"container\">\n        <div class=\"row side_image__row\">\n            <div class=\"col-12 col-lg-10 offset-lg-1\">\n                <div class=\"row\">\n                    <div class=\"col-12 col-md-4 \">\n                        <img decoding=\"async\" class=\"side_image__img\" src=\"https:\/\/fintecnic.eu\/app\/uploads\/2023\/10\/pvc-alluminio-fintecnic-lodz-italia-finestre-finestre-dalla-polonia-yawal_tm_74_hi_sistema_porte.webp\" alt=\"\" loading=\"lazy\">\n                    <\/div>\n                    <div class=\"col-12 col-md-8 \">\n                        <div class=\"side_image__description description\"><p>Le syst\u00e8me est utilis\u00e9 pour la construction de fen\u00eatres, de portes, et de vitrines avec des performances \u00e9lev\u00e9es en termes d&#8217;isolation thermique pour une utilisation dans les b\u00e2timents r\u00e9sidentiels, publics et industriels.<\/p>\n<p>Les isolants thermiques utilis\u00e9s dans le syst\u00e8me (fabriqu\u00e9s \u00e0 partir de polyamide renforc\u00e9 de fibres de verre) ainsi que l&#8217;espace entre eux sont remplis de mousse de polyur\u00e9thane.<\/p>\n<p>Le syst\u00e8me permet la r\u00e9alisation de grandes structures gr\u00e2ce \u00e0 l&#8217;utilisation de profils renforc\u00e9s \u00e0 la fois \u00e0 l&#8217;ext\u00e9rieur et \u00e0 l&#8217;int\u00e9rieur.<\/p>\n<ul>\n<li>profils pliables<\/li>\n<li>possibilit\u00e9 de montage de fen\u00eatres dans des syst\u00e8mes de fa\u00e7ade<\/li>\n<li>possibilit\u00e9 de construire des ensembles de structures connect\u00e9es \u00e0 n&#8217;importe quel angle<\/li>\n<li>possibilit\u00e9 d&#8217;utiliser des serrures \u00e9lectriques<\/li>\n<li>possibilit\u00e9 d&#8217;utiliser des charni\u00e8res en surface, dissimul\u00e9es ou \u00e0 rouleaux<\/li>\n<li>possibilit\u00e9 d&#8217;utiliser toute une gamme de quincaillerie moderne et de poign\u00e9es ou de poign\u00e9es individuelles en utilisant diff\u00e9rentes largeurs de profil<\/li>\n<\/ul>\n<\/div>\n                    <\/div>\n                <\/div>\n            <\/div>\n        <\/div>\n    <\/div>\n\n<\/section>\n\n\n\n<section id=\"\" class=\"title_description acf-block  acf-block-id-block_ca487c65ecc00d74886d0a72c6bd4afc acf-block--mb acf-block--mt\">\n\n            <div class=\"container\">\n    <div class=\"row\">\n        <div class=\"col-12 col-lg-10 offset-lg-1\">\n                        \n    <h2 class=\"title_description__title title\">Sp\u00e9cifications techniques<\/h2>\n\n    <div class=\"description title_description__description\"><div class=\"\"overTable\"\">\n<table border\"\"\"\"1\"\" cellspacing=\"\"0\"\" cellpadding=\"\"0\"\">\n<tbody>\n<tr class=\"\"overTable__TH\"\">\n<td><span style=\"\"font-size: x-small; padding: 9px;\"\"><\/span><\/td>\n<td><span style=\"\"font-size: x-small; padding: 9px;\"\">Portes<\/span><\/td>\n<\/tr>\n<tr>\n<td><span style=\"\"font-size: x-small; padding: 9px;\"\">Isolation thermique EN 10077-2<\/span><\/td>\n<td><span style=\"\"font-size: x-small; padding: 9px;\"\">Uw \u00e0 partir de 1,0 W\/m<sup>2<\/sup>K<\/span><\/td>\n<\/tr>\n<tr>\n<td><span style=\"\"font-size: x-small; padding: 9px;\"\">Isolation acoustique EN ISO 140-3<\/span><\/td>\n<td><span style=\"\"font-size: x-small; padding: 9px;\"\">Rw = 24 \u00f7 42 dB<\/span><\/td>\n<\/tr>\n<tr>\n<td><span style=\"\"font-size: x-small; padding: 9px;\"\">Perm\u00e9abilit\u00e9 \u00e0 l&#8217;air EN 12207<\/span><\/td>\n<td><span style=\"\"font-size: x-small; padding: 9px;\"\">Classe 4<\/span><\/td>\n<\/tr>\n<tr>\n<td><span style=\"\"font-size: x-small; padding: 9px;\"\">\u00c9tanch\u00e9it\u00e9 \u00e0 l&#8217;eau EN 12208<\/span><\/td>\n<td><span style=\"\"font-size: x-small; padding: 9px;\"\">E900<\/span><\/td>\n<\/tr>\n<tr>\n<td><span style=\"\"font-size: x-small; padding: 9px;\"\">R\u00e9sistance au vent EN 12210<\/span><\/td>\n<td><span style=\"\"font-size: x-small; padding: 9px;\"\">Classe C5\/B5<\/span><\/td>\n<\/tr>\n<tr>\n<td><span style=\"\"font-size: x-small; padding: 9px;\"\">R\u00e9sistance \u00e0 l&#8217;effraction EN 1627<\/span><\/td>\n<td><span style=\"\"font-size: x-small; padding: 9px;\"\">RC2, RC2N, RC3<\/span><\/td>\n<\/tr>\n<\/tbody>\n<\/table>\n<\/div>\n<\/div>\n        <\/div>\n    <\/div>\n<\/div>    \n<\/section>\n\n\n\n<section id=\"\" class=\"title_description acf-block  acf-block-id-block_4d3fe7f523b37b874ca3b8e0099bbd23 acf-block--mb acf-block--mt\">\n\n            <div class=\"container\">\n    <div class=\"row\">\n        <div class=\"col-12 col-lg-10 offset-lg-1\">\n                        \n    <h2 class=\"title_description__title title\">Caract\u00e9ristiques du syst\u00e8me<\/h2>\n\n    <div class=\"description title_description__description\"><div class=\"\"overTable\"\">\n<table border=\"\"1\"\" cellspacing=\"\"0\"\" cellpadding=\"\"0\"\">\n<tbody>\n<tr class=\"\"overTable__TH\"\">\n<td><span style=\"\"font-size: x-small; padding: 9px;\"\"><\/span><\/td>\n<td><span style=\"\"font-size: x-small; padding: 9px;\"\">Portes<\/span><\/td>\n<\/tr>\n<tr>\n<td><span style=\"\"font-size: x-small; padding: 9px;\"\">Profondeur de la construction du cadre<\/span><\/td>\n<td><span style=\"\"font-size: x-small; padding: 9px;\"\">74 mm<\/span><\/td>\n<\/tr>\n<tr>\n<td><span style=\"\"font-size: x-small; padding: 9px;\"\">Profondeur de construction de ventail<\/span><\/td>\n<td><span style=\"\"font-size: x-small; padding: 9px;\"\">74 mm<\/span><\/td>\n<\/tr>\n<tr>\n<td><span style=\"\"font-size: x-small; padding: 9px;\"\">\u00c9paisseur du remplissage<\/span><\/td>\n<td><span style=\"\"font-size: x-small; padding: 9px;\"\"\"\">35 \u00f7 69 mm<\/span><\/td>\n<\/tr>\n<tr>\n<td><span style=\"\"font-size: x-small; padding: 9px;\"\">Dimensions maximales de ventail L x H<\/span><\/td>\n<td><span style=\"\"font-size: x-small; padding: 9px;\"\">1400 x 2800 mm \/ 2300 x 2700 mm<\/span><\/td>\n<\/tr>\n<tr>\n<td><span style=\"\"font-size: x-small; padding: 9px;\"\">Poids maximal de ventail<\/span><\/td>\n<td><span style=\"\"font-size: x-small; padding: 9px;\"\">250 kg<\/span><\/td>\n<\/tr>\n<tr>\n<td><span style=\"\"font-size: x-small; padding: 9px;\"\">Type de construction<\/span><\/td>\n<td><span style=\"\"font-size: x-small; padding: 9px;\"\">Fen\u00eatre fixe, \u00e0 ouverture oscillant-battant<br \/>\nOuverture \u00e0 la fran\u00e7aise et basculante<\/span><\/td>\n<\/tr>\n<\/tbody>\n<\/table>\n<\/div>\n<\/div>\n        <\/div>\n    <\/div>\n<\/div>    \n<\/section>\n\n\n\n<section id=\"\" class=\"files_block image_tabs acf-block  acf-block-id-block_4ee84a32ae52cf6637d7a33d823f62c9 acf-block--mb acf-block--mt\">\n\n    <div class=\"container\">\n        <div class=\"row\">\n            <div class=\"col-12 col-md-10 offset-md-1\">\n\n                            \n\n\n\n                                    <div data-tabs class=\"files_block__tabs\">\n                        <div data-tabs-container class=\"files_block__tabs__buttons\"><\/div>\n                        \n                            <div data-tab=\"Section\" class=\"image_tabs__content\">\n\n                                <div class=\"row\">\n\n                                                                            \n                                                                                    <a href=\"https:\/\/fintecnic.eu\/app\/uploads\/2023\/10\/pvc-alluminio-fintecnic-lodz-italia-finestre-finestre-dalla-polonia-yawal_74_HI_sistema_sezione-porte-tm-74hi.jpg\" data-fancybox=\"tab-0\" data-caption=\"\" class=\"col-12 image_tabs__content__item\">\n                                                <figure>\n                                                    <img decoding=\"async\" src=\"https:\/\/fintecnic.eu\/app\/uploads\/2023\/10\/pvc-alluminio-fintecnic-lodz-italia-finestre-finestre-dalla-polonia-yawal_74_HI_sistema_sezione-porte-tm-74hi.jpg\" alt=\"\">\n                                                    <figcaption><\/figcaption>\n                                                <\/figure>\n                                            <\/a>\n                                        \n                                                                            \n                                                                                    <a href=\"https:\/\/fintecnic.eu\/app\/uploads\/2023\/10\/pvc-alluminio-fintecnic-lodz-italia-finestre-finestre-dalla-polonia-yawal_74_HI_sistema_sezione_porte_tm_74hi.png\" data-fancybox=\"tab-0\" data-caption=\"\" class=\"col-12 image_tabs__content__item\">\n                                                <figure>\n                                                    <img decoding=\"async\" src=\"https:\/\/fintecnic.eu\/app\/uploads\/2023\/10\/pvc-alluminio-fintecnic-lodz-italia-finestre-finestre-dalla-polonia-yawal_74_HI_sistema_sezione_porte_tm_74hi.png\" alt=\"\">\n                                                    <figcaption><\/figcaption>\n                                                <\/figure>\n                                            <\/a>\n                                        \n                                                                            \n                                                                                    <a href=\"https:\/\/fintecnic.eu\/app\/uploads\/2023\/10\/pvc-alluminio-fintecnic-lodz-italia-finestre-finestre-dalla-polonia-yawal_74_HI_sistema_sezione_tm_74hi.png\" data-fancybox=\"tab-0\" data-caption=\"\" class=\"col-12 image_tabs__content__item\">\n                                                <figure>\n                                                    <img decoding=\"async\" src=\"https:\/\/fintecnic.eu\/app\/uploads\/2023\/10\/pvc-alluminio-fintecnic-lodz-italia-finestre-finestre-dalla-polonia-yawal_74_HI_sistema_sezione_tm_74hi.png\" alt=\"\">\n                                                    <figcaption><\/figcaption>\n                                                <\/figure>\n                                            <\/a>\n                                        \n                                    \n                                    \n                                                                    <\/div>\n\n\n                            <\/div>\n\n                        \n                            <div data-tab=\"Fichiers\" class=\"image_tabs__content\">\n\n                                <div class=\"row\">\n\n                                                                            \n                                        \n                                            <a href=\"https:\/\/fintecnic.eu\/app\/uploads\/2023\/10\/pvc-alluminio-fintecnic-lodz-italia-finestre-finestre-dalla-polonia-yawal_74_HI_sistema_volantino_tm_74hi_porte.pdf\" data-fancybox=\"tab-1\" data-caption=\"\" class=\"col-12 col-sm-6 col-md-4 image_tabs__content__item\">\n                                                <figure>\n                                                    <img decoding=\"async\" src=\"https:\/\/fintecnic.eu\/app\/uploads\/2023\/10\/pvc-alluminio-fintecnic-lodz-italia-finestre-finestre-dalla-polonia-yawal_74_HI_sistema_volantino_tm_74hi_porte-500x259-c-default.pdf\" alt=\"\">\n                                                    <figcaption><\/figcaption>\n                                                <\/figure>\n                                            <\/a>\n                                        \n                                    \n                                    \n                                                                    <\/div>\n\n\n                            <\/div>\n\n                                            <\/div>\n                \n\n            <\/div>\n        <\/div>\n    <\/div>\n\n<\/section>\n\n","protected":false},"excerpt":{"rendered":"","protected":false},"author":3,"featured_media":5296,"parent":7041,"menu_order":0,"comment_status":"closed","ping_status":"closed","template":"","meta":[],"acf":[],"_links":{"self":[{"href":"https:\/\/fintecnic.eu\/fr\/wp-json\/wp\/v2\/pages\/7060"}],"collection":[{"href":"https:\/\/fintecnic.eu\/fr\/wp-json\/wp\/v2\/pages"}],"about":[{"href":"https:\/\/fintecnic.eu\/fr\/wp-json\/wp\/v2\/types\/page"}],"author":[{"embeddable":true,"href":"https:\/\/fintecnic.eu\/fr\/wp-json\/wp\/v2\/users\/3"}],"replies":[{"embeddable":true,"href":"https:\/\/fintecnic.eu\/fr\/wp-json\/wp\/v2\/comments?post=7060"}],"version-history":[{"count":3,"href":"https:\/\/fintecnic.eu\/fr\/wp-json\/wp\/v2\/pages\/7060\/revisions"}],"predecessor-version":[{"id":7064,"href":"https:\/\/fintecnic.eu\/fr\/wp-json\/wp\/v2\/pages\/7060\/revisions\/7064"}],"up":[{"embeddable":true,"href":"https:\/\/fintecnic.eu\/fr\/wp-json\/wp\/v2\/pages\/7041"}],"wp:featuredmedia":[{"embeddable":true,"href":"https:\/\/fintecnic.eu\/fr\/wp-json\/wp\/v2\/media\/5296"}],"wp:attachment":[{"href":"https:\/\/fintecnic.eu\/fr\/wp-json\/wp\/v2\/media?parent=7060"}],"curies":[{"name":"wp","href":"https:\/\/api.w.org\/{rel}","templated":true}]}}