{"id":7056,"date":"2023-10-30T09:07:19","date_gmt":"2023-10-30T08:07:19","guid":{"rendered":"https:\/\/fintecnic.eu\/?page_id=7056"},"modified":"2024-04-12T12:10:25","modified_gmt":"2024-04-12T10:10:25","slug":"aluprof-systeme-mb-86n-si","status":"publish","type":"page","link":"https:\/\/fintecnic.eu\/fr\/portes\/portes-en-aluminium\/aluprof-systeme-mb-86n-si\/","title":{"rendered":"Aluprof  Syst\u00e8me MB 86N SI"},"content":{"rendered":"<section id=\"\" class=\"side_image acf-block  acf-block-id-block_f581d762dcc8056d320e9fcad745b506 acf-block--mb acf-block--mt\">\n        <div class=\"container\">\n        <div class=\"row side_image__row\">\n            <div class=\"col-12 col-lg-10 offset-lg-1\">\n                <div class=\"row\">\n                    <div class=\"col-12 col-md-4 \">\n                        <img decoding=\"async\" class=\"side_image__img\" src=\"https:\/\/fintecnic.eu\/app\/uploads\/2023\/10\/pvc-alluminio-fintecnic-lodz-italia-finestre-finestre-dalla-polonia-aluprof_mb_79N_porte.webp\" alt=\"\" loading=\"lazy\">\n                    <\/div>\n                    <div class=\"col-12 col-md-8 \">\n                        <div class=\"side_image__description description\"><p>Le syst\u00e8me de fen\u00eatres et de portes MB-86N est un produit dot\u00e9 de param\u00e8tres excellents, capable de r\u00e9pondre \u00e0 divers besoins des utilisateurs. La construction de ses profils est r\u00e9alis\u00e9e en 2 variantes selon les exigences d&#8217;efficacit\u00e9 \u00e9nerg\u00e9tique: ST et SI. Le MB-86N est un syst\u00e8me offrant des performances techniques et d&#8217;\u00e9tanch\u00e9it\u00e9 optimales.<\/p>\n<p>De plus, le syst\u00e8me MB-86N se distingue par la r\u00e9sistance \u00e9lev\u00e9e de ses profil\u00e9s, permettant la construction de structures grandes et lourdes. Disponible en version MB-86US, avec vantail cach\u00e9, ainsi que MB-86 Casement, avec une barri\u00e8re thermique. Le syst\u00e8me MB-86B a \u00e9t\u00e9 con\u00e7u pour r\u00e9pondre aux besoins sp\u00e9cifiques du march\u00e9 belge.<\/p>\n<p>Les caract\u00e9ristiques importantes pour la fonctionnalit\u00e9 et l&#8217;esth\u00e9tique des structures r\u00e9alis\u00e9es avec le syst\u00e8me MB-86N sont :<\/p>\n<ul>\n<li>Une large gamme de profil\u00e9s offrant \u00e9l\u00e9gance et r\u00e9sistance \u00e0 la construction<\/li>\n<li>Des coupures thermiques larges et innovantes augmentant consid\u00e9rablement le niveau d&#8217;isolation thermique<\/li>\n<li>Un joint central \u00e0 deux composants assurant l&#8217;\u00e9tanch\u00e9it\u00e9 et l&#8217;isolation thermique de la liaison entre le vantail et le dormant<\/li>\n<li>Des moulures vitr\u00e9es disponibles en trois variantes: Standard, Prestige et Style<\/li>\n<li>Des profils adapt\u00e9s \u00e0 diff\u00e9rents types de ferrures p\u00e9riph\u00e9riques, y compris les charni\u00e8res cach\u00e9es<\/li>\n<li>Une large gamme de vitrages permettant l&#8217;utilisation de tous les types de triples vitrages disponibles sur le march\u00e9, acoustiques ou anti-effraction<\/li>\n<li>Un drainage de l&#8217;eau des profils disponible en deux variantes: traditionnelle ou encastr\u00e9e<\/li>\n<li>Syst\u00e8me de fen\u00eatres ouvrant vers l&#8217;ext\u00e9rieur<\/li>\n<li>Fen\u00eatres MB-86US avec des vantaux invisibles depuis l&#8217;ext\u00e9rieur<\/li>\n<li>Le syst\u00e8me MB-86B avec le certificat ATG de l&#8217;Institut de recherche belge UBAtc<\/li>\n<li>Des portes et des fen\u00eatres anti-effraction dans les classes RC1 &#8211; RC4<\/li>\n<\/ul>\n<p><strong>Gr\u00e2ce au syst\u00e8me MB-86N, il est \u00e9galement possible de cr\u00e9er des portes \u00e0 panneaux offrant de nombreuses possibilit\u00e9s esth\u00e9tiques pour r\u00e9pondre aux attentes des clients les plus exigeants.<\/strong><\/p>\n<\/div>\n                    <\/div>\n                <\/div>\n            <\/div>\n        <\/div>\n    <\/div>\n\n<\/section>\n\n\n\n\n<p><\/p>\n\n\n<section id=\"\" class=\"files_block image_tabs acf-block  acf-block-id-block_2141a2479a0b041386072dd58a471dd0 acf-block--mb acf-block--mt\">\n\n    <div class=\"container\">\n        <div class=\"row\">\n            <div class=\"col-12 col-md-10 offset-md-1\">\n\n                            \n\n\n\n                                    <div data-tabs class=\"files_block__tabs\">\n                        <div data-tabs-container class=\"files_block__tabs__buttons\"><\/div>\n                        \n                            <div data-tab=\"Section\" class=\"image_tabs__content\">\n\n                                <div class=\"row\">\n\n                                                                            \n                                                                                    <a href=\"https:\/\/fintecnic.eu\/app\/uploads\/2023\/10\/pvc-alluminio-fintecnic-lodz-italia-finestre-finestre-dalla-polonia-aluprof_mb_86N_SI_finestre-e-porte_MB-86N-SI_porte_1.jpg\" data-fancybox=\"tab-0\" data-caption=\"\" class=\"col-12 image_tabs__content__item\">\n                                                <figure>\n                                                    <img decoding=\"async\" src=\"https:\/\/fintecnic.eu\/app\/uploads\/2023\/10\/pvc-alluminio-fintecnic-lodz-italia-finestre-finestre-dalla-polonia-aluprof_mb_86N_SI_finestre-e-porte_MB-86N-SI_porte_1.jpg\" alt=\"\">\n                                                    <figcaption><\/figcaption>\n                                                <\/figure>\n                                            <\/a>\n                                        \n                                                                            \n                                                                                    <a href=\"https:\/\/fintecnic.eu\/app\/uploads\/2023\/10\/pvc-alluminio-fintecnic-lodz-italia-finestre-finestre-dalla-polonia-aluprof_mb_86N_SI_finestre-e-porte_MB-86N-SI_porte_2.jpg\" data-fancybox=\"tab-0\" data-caption=\"\" class=\"col-12 image_tabs__content__item\">\n                                                <figure>\n                                                    <img decoding=\"async\" src=\"https:\/\/fintecnic.eu\/app\/uploads\/2023\/10\/pvc-alluminio-fintecnic-lodz-italia-finestre-finestre-dalla-polonia-aluprof_mb_86N_SI_finestre-e-porte_MB-86N-SI_porte_2.jpg\" alt=\"\">\n                                                    <figcaption><\/figcaption>\n                                                <\/figure>\n                                            <\/a>\n                                        \n                                                                            \n                                                                                    <a href=\"https:\/\/fintecnic.eu\/app\/uploads\/2023\/10\/pvc-alluminio-fintecnic-lodz-italia-finestre-finestre-dalla-polonia-aluprof_mb_86N_SI_finestre-e-porte_-MB-86N-ST_porte_2.jpg\" data-fancybox=\"tab-0\" data-caption=\"\" class=\"col-12 image_tabs__content__item\">\n                                                <figure>\n                                                    <img decoding=\"async\" src=\"https:\/\/fintecnic.eu\/app\/uploads\/2023\/10\/pvc-alluminio-fintecnic-lodz-italia-finestre-finestre-dalla-polonia-aluprof_mb_86N_SI_finestre-e-porte_-MB-86N-ST_porte_2.jpg\" alt=\"\">\n                                                    <figcaption><\/figcaption>\n                                                <\/figure>\n                                            <\/a>\n                                        \n                                                                            \n                                                                                    <a href=\"https:\/\/fintecnic.eu\/app\/uploads\/2023\/10\/pvc-alluminio-fintecnic-lodz-italia-finestre-finestre-dalla-polonia-aluprof_mb_86N_SI_finestre-e-porte_MB-86N-ST_porte.jpg\" data-fancybox=\"tab-0\" data-caption=\"\" class=\"col-12 image_tabs__content__item\">\n                                                <figure>\n                                                    <img decoding=\"async\" src=\"https:\/\/fintecnic.eu\/app\/uploads\/2023\/10\/pvc-alluminio-fintecnic-lodz-italia-finestre-finestre-dalla-polonia-aluprof_mb_86N_SI_finestre-e-porte_MB-86N-ST_porte.jpg\" alt=\"\">\n                                                    <figcaption><\/figcaption>\n                                                <\/figure>\n                                            <\/a>\n                                        \n                                                                            \n                                                                                    <a href=\"https:\/\/fintecnic.eu\/app\/uploads\/2023\/10\/pvc-alluminio-fintecnic-lodz-italia-finestre-finestre-dalla-polonia-aluprof_mb_86N_SI_finestre-e-porte_MB-86N-SI.jpg\" data-fancybox=\"tab-0\" data-caption=\"\" class=\"col-12 image_tabs__content__item\">\n                                                <figure>\n                                                    <img decoding=\"async\" src=\"https:\/\/fintecnic.eu\/app\/uploads\/2023\/10\/pvc-alluminio-fintecnic-lodz-italia-finestre-finestre-dalla-polonia-aluprof_mb_86N_SI_finestre-e-porte_MB-86N-SI.jpg\" alt=\"\">\n                                                    <figcaption><\/figcaption>\n                                                <\/figure>\n                                            <\/a>\n                                        \n                                                                            \n                                                                                    <a href=\"https:\/\/fintecnic.eu\/app\/uploads\/2023\/10\/pvc-alluminio-fintecnic-lodz-italia-finestre-finestre-dalla-polonia-aluprof_mb_86N_SI_finestre-e-porte_MB-86N-ST.jpg\" data-fancybox=\"tab-0\" data-caption=\"\" class=\"col-12 image_tabs__content__item\">\n                                                <figure>\n                                                    <img decoding=\"async\" src=\"https:\/\/fintecnic.eu\/app\/uploads\/2023\/10\/pvc-alluminio-fintecnic-lodz-italia-finestre-finestre-dalla-polonia-aluprof_mb_86N_SI_finestre-e-porte_MB-86N-ST.jpg\" alt=\"\">\n                                                    <figcaption><\/figcaption>\n                                                <\/figure>\n                                            <\/a>\n                                        \n                                    \n                                    \n                                                                    <\/div>\n\n\n                            <\/div>\n\n                                            <\/div>\n                \n\n            <\/div>\n        <\/div>\n    <\/div>\n\n<\/section>\n\n","protected":false},"excerpt":{"rendered":"","protected":false},"author":3,"featured_media":5074,"parent":7041,"menu_order":0,"comment_status":"closed","ping_status":"closed","template":"pages\/product-single.php","meta":[],"acf":[],"_links":{"self":[{"href":"https:\/\/fintecnic.eu\/fr\/wp-json\/wp\/v2\/pages\/7056"}],"collection":[{"href":"https:\/\/fintecnic.eu\/fr\/wp-json\/wp\/v2\/pages"}],"about":[{"href":"https:\/\/fintecnic.eu\/fr\/wp-json\/wp\/v2\/types\/page"}],"author":[{"embeddable":true,"href":"https:\/\/fintecnic.eu\/fr\/wp-json\/wp\/v2\/users\/3"}],"replies":[{"embeddable":true,"href":"https:\/\/fintecnic.eu\/fr\/wp-json\/wp\/v2\/comments?post=7056"}],"version-history":[{"count":3,"href":"https:\/\/fintecnic.eu\/fr\/wp-json\/wp\/v2\/pages\/7056\/revisions"}],"predecessor-version":[{"id":7059,"href":"https:\/\/fintecnic.eu\/fr\/wp-json\/wp\/v2\/pages\/7056\/revisions\/7059"}],"up":[{"embeddable":true,"href":"https:\/\/fintecnic.eu\/fr\/wp-json\/wp\/v2\/pages\/7041"}],"wp:featuredmedia":[{"embeddable":true,"href":"https:\/\/fintecnic.eu\/fr\/wp-json\/wp\/v2\/media\/5074"}],"wp:attachment":[{"href":"https:\/\/fintecnic.eu\/fr\/wp-json\/wp\/v2\/media?parent=7056"}],"curies":[{"name":"wp","href":"https:\/\/api.w.org\/{rel}","templated":true}]}}