{"id":7049,"date":"2023-10-30T08:14:15","date_gmt":"2023-10-30T07:14:15","guid":{"rendered":"https:\/\/fintecnic.eu\/?page_id=7049"},"modified":"2024-04-12T12:05:54","modified_gmt":"2024-04-12T10:05:54","slug":"aluprof-systeme-mb-60e","status":"publish","type":"page","link":"https:\/\/fintecnic.eu\/fr\/portes\/portes-en-aluminium\/aluprof-systeme-mb-60e\/","title":{"rendered":"Aluprof Syst\u00e8me MB 60E"},"content":{"rendered":"<section id=\"\" class=\"side_image acf-block  acf-block-id-block_68e869f2ebc079a9fe91ca8a448d9355 acf-block--mb acf-block--mt\">\n        <div class=\"container\">\n        <div class=\"row side_image__row\">\n            <div class=\"col-12 col-lg-10 offset-lg-1\">\n                <div class=\"row\">\n                    <div class=\"col-12 col-md-4 \">\n                        <img decoding=\"async\" class=\"side_image__img\" src=\"https:\/\/fintecnic.eu\/app\/uploads\/2023\/10\/pvc-alluminio-fintecnic-lodz-italia-finestre-finestre-dalla-polonia-aluprof_mb_60_porte.webp\" alt=\"\" loading=\"lazy\">\n                    <\/div>\n                    <div class=\"col-12 col-md-8 \">\n                        <div class=\"side_image__description description\"><p>Le syst\u00e8me MB-60E est adapt\u00e9 \u00e0 la construction de portes \u00e0 rupture de pont thermique ainsi qu&#8217;\u00e0 la fabrication de structures fen\u00eatres-portes. Ce syst\u00e8me permet la cr\u00e9ation de structures aux bonnes performances techniques et efficaces, garantissant des co\u00fbts de production r\u00e9duits, une commodit\u00e9 et une r\u00e9duction du temps de montage des portes, \u00e9l\u00e9ment essentiel lorsque l&#8217;objectif est d&#8217;optimiser le temps et l&#8217;efficacit\u00e9 \u00e0 chaque \u00e9tape.<\/p>\n<p>Le MB-60E fait partie du populaire syst\u00e8me fen\u00eatres-portes MB-60, caract\u00e9ris\u00e9 par son lien \u00e9troit avec d&#8217;autres syst\u00e8mes fen\u00eatres-portes de ALUPROF S.A., permettant l&#8217;utilisation de quincaillerie commune et de profils de vitrage. Le syst\u00e8me utilise des profil\u00e9s \u00e0 3 chambres d&#8217;une \u00e9paisseur de 60 mm. Cette profondeur permet d&#8217;obtenir une plan\u00e9it\u00e9 des ouvrants et des dormant \u00e0 la fois \u00e0 l&#8217;int\u00e9rieur et \u00e0 l&#8217;ext\u00e9rieur. Les vitrages et remplissages utilis\u00e9s dans le syst\u00e8me MB-60E peuvent avoir une \u00e9paisseur de 5 mm \u00e0 41 mm, leur fixation \u00e0 l&#8217;aide de joints \u00e0 &#8220;precuting&#8221; r\u00e9duit au minimum le nombre de d\u00e9coupes et garantit une \u00e9tanch\u00e9it\u00e9 \u00e9lev\u00e9e.<\/p>\n<p>Le syst\u00e8me permet l&#8217;installation de quincaillerie, de serrures et de charni\u00e8res conformes aux normes europ\u00e9ennes. Gr\u00e2ce \u00e0 la conception appropri\u00e9e des profil\u00e9s, il est possible d&#8217;installer des serrures et des loquets en surface &#8211; rapides \u00e0 installer et \u00e0 remplacer. De plus, nous proposons de nombreuses variantes de seuils et de verrous inf\u00e9rieurs pour les vantaux des portes. Malgr\u00e9 l&#8217;id\u00e9e re\u00e7ue selon laquelle le syst\u00e8me MB-60E est un produit \u00e9conomique, son isolation thermique n&#8217;est pas inf\u00e9rieure \u00e0 celle du syst\u00e8me de base MB-60. Une autre caract\u00e9ristique de ce nouveau produit est la possibilit\u00e9 de cintrer les profil\u00e9s pour obtenir diff\u00e9rentes formes et structures d&#8217;arches.<\/p>\n<p>Les fen\u00eatres dans le syst\u00e8me MB-60E peuvent \u00eatre fabriqu\u00e9es dans une version \u00e0 isolation thermique renforc\u00e9e MB-60E HI. Une isolation thermique \u00e9lev\u00e9e est obtenue en pla\u00e7ant dans les chambres centrales des profil\u00e9s en aluminium des inserts sp\u00e9ciaux \u00e0 faible coefficient de transfert thermique, limitant ainsi le flux de chaleur \u00e0 travers la structure. La position centrale des inserts limite \u00e9galement la convection et le rayonnement thermique.<\/p>\n<ul>\n<li>fen\u00eatres disponibles en version fixes, oscillo-battantes, coulissantes et pivotantes<\/li>\n<li>option de charni\u00e8res cach\u00e9es<\/li>\n<li>portes \u00e0 1 ou 2 vantaux, ouverture vers l&#8217;int\u00e9rieur ou vers l&#8217;ext\u00e9rieur<\/li>\n<li>possibilit\u00e9 de r\u00e9aliser des portes de grandes dimensions<\/li>\n<li>vitrages jusqu&#8217;\u00e0 50 mm<\/li>\n<li>options de fen\u00eatres et portes anti-effraction<\/li>\n<li>options de double couleur<\/li>\n<li>option de portes \u00e9conomiques<\/li>\n<li>nombreuses options de finition<\/li>\n<li>serrure \u00e0 points multiples<\/li>\n<li>rainure euro \u00e9largissant le choix de quincaillerie disponible<\/li>\n<li>compatibilit\u00e9 avec d&#8217;autres syst\u00e8mes MB d&#8217;Aluprof, offrant une flexibilit\u00e9 totale dans la conception et les solutions de conception<\/li>\n<li>conformit\u00e9 aux exigences de marquage CE<\/li>\n<\/ul>\n<\/div>\n                    <\/div>\n                <\/div>\n            <\/div>\n        <\/div>\n    <\/div>\n\n<\/section>\n\n\n\n<section id=\"\" class=\"files_block image_tabs acf-block  acf-block-id-block_a21950e5966f731bc36aaa42ea966676 acf-block--mb acf-block--mt\">\n\n    <div class=\"container\">\n        <div class=\"row\">\n            <div class=\"col-12 col-md-10 offset-md-1\">\n\n                            \n\n\n\n                                    <div data-tabs class=\"files_block__tabs\">\n                        <div data-tabs-container class=\"files_block__tabs__buttons\"><\/div>\n                        \n                            <div data-tab=\"Sections\" class=\"image_tabs__content\">\n\n                                <div class=\"row\">\n\n                                                                            \n                                                                                    <a href=\"https:\/\/fintecnic.eu\/app\/uploads\/2023\/10\/pvc-alluminio-fintecnic-lodz-italia-finestre-finestre-dalla-polonia-aluprof_mb_60_porte-sezione.jpg\" data-fancybox=\"tab-0\" data-caption=\"\" class=\"col-12 image_tabs__content__item\">\n                                                <figure>\n                                                    <img decoding=\"async\" src=\"https:\/\/fintecnic.eu\/app\/uploads\/2023\/10\/pvc-alluminio-fintecnic-lodz-italia-finestre-finestre-dalla-polonia-aluprof_mb_60_porte-sezione.jpg\" alt=\"\">\n                                                    <figcaption><\/figcaption>\n                                                <\/figure>\n                                            <\/a>\n                                        \n                                    \n                                    \n                                                                    <\/div>\n\n\n                            <\/div>\n\n                        \n                            <div data-tab=\"Fichiers\" class=\"image_tabs__content\">\n\n                                <div class=\"row\">\n\n                                                                            \n                                        \n                                            <a href=\"https:\/\/fintecnic.eu\/app\/uploads\/2023\/10\/pvc-alluminio-fintecnic-lodz-italia-finestre-finestre-dalla-polonia-aluprof_mb_60_porte-volantino.pdf\" data-fancybox=\"tab-1\" data-caption=\"\" class=\"col-12 col-sm-6 col-md-4 image_tabs__content__item\">\n                                                <figure>\n                                                    <img decoding=\"async\" src=\"https:\/\/fintecnic.eu\/app\/uploads\/2023\/10\/pvc-alluminio-fintecnic-lodz-italia-finestre-finestre-dalla-polonia-aluprof_mb_60_porte-volantino-500x259-c-default.pdf\" alt=\"\">\n                                                    <figcaption><\/figcaption>\n                                                <\/figure>\n                                            <\/a>\n                                        \n                                    \n                                    \n                                                                    <\/div>\n\n\n                            <\/div>\n\n                                            <\/div>\n                \n\n            <\/div>\n        <\/div>\n    <\/div>\n\n<\/section>\n\n","protected":false},"excerpt":{"rendered":"","protected":false},"author":3,"featured_media":5060,"parent":7041,"menu_order":0,"comment_status":"closed","ping_status":"closed","template":"pages\/product-single.php","meta":[],"acf":[],"_links":{"self":[{"href":"https:\/\/fintecnic.eu\/fr\/wp-json\/wp\/v2\/pages\/7049"}],"collection":[{"href":"https:\/\/fintecnic.eu\/fr\/wp-json\/wp\/v2\/pages"}],"about":[{"href":"https:\/\/fintecnic.eu\/fr\/wp-json\/wp\/v2\/types\/page"}],"author":[{"embeddable":true,"href":"https:\/\/fintecnic.eu\/fr\/wp-json\/wp\/v2\/users\/3"}],"replies":[{"embeddable":true,"href":"https:\/\/fintecnic.eu\/fr\/wp-json\/wp\/v2\/comments?post=7049"}],"version-history":[{"count":2,"href":"https:\/\/fintecnic.eu\/fr\/wp-json\/wp\/v2\/pages\/7049\/revisions"}],"predecessor-version":[{"id":7051,"href":"https:\/\/fintecnic.eu\/fr\/wp-json\/wp\/v2\/pages\/7049\/revisions\/7051"}],"up":[{"embeddable":true,"href":"https:\/\/fintecnic.eu\/fr\/wp-json\/wp\/v2\/pages\/7041"}],"wp:featuredmedia":[{"embeddable":true,"href":"https:\/\/fintecnic.eu\/fr\/wp-json\/wp\/v2\/media\/5060"}],"wp:attachment":[{"href":"https:\/\/fintecnic.eu\/fr\/wp-json\/wp\/v2\/media?parent=7049"}],"curies":[{"name":"wp","href":"https:\/\/api.w.org\/{rel}","templated":true}]}}