{"id":7045,"date":"2023-10-27T13:31:04","date_gmt":"2023-10-27T11:31:04","guid":{"rendered":"https:\/\/fintecnic.eu\/?page_id=7045"},"modified":"2024-04-12T12:00:35","modified_gmt":"2024-04-12T10:00:35","slug":"aluprof-systeme-mb-45","status":"publish","type":"page","link":"https:\/\/fintecnic.eu\/fr\/portes\/portes-en-aluminium\/aluprof-systeme-mb-45\/","title":{"rendered":"Aluprof Syst\u00e8me MB 45"},"content":{"rendered":"<section id=\"\" class=\"side_image acf-block  acf-block-id-block_3e985a1f72957c42a2324c9389c3a459 acf-block--mb acf-block--mt\">\n        <div class=\"container\">\n        <div class=\"row side_image__row\">\n            <div class=\"col-12 col-lg-10 offset-lg-1\">\n                <div class=\"row\">\n                    <div class=\"col-12 col-md-4 \">\n                        <img decoding=\"async\" class=\"side_image__img\" src=\"https:\/\/fintecnic.eu\/app\/uploads\/2023\/10\/pvc-alluminio-fintecnic-lodz-italia-finestre-finestre-dalla-polonia-aluprof_mb_45_porte.webp\" alt=\"\" loading=\"lazy\">\n                    <\/div>\n                    <div class=\"col-12 col-md-8 \">\n                        <div class=\"side_image__description description\"><p>MB-45 est un syst\u00e8me aluminium moderne utilis\u00e9 pour cr\u00e9er des structures internes et externes ne n\u00e9cessitant pas de sp\u00e9cifications particuli\u00e8res en mati\u00e8re d&#8217;isolation thermique, telles que : des cloisons de diff\u00e9rents types, des fen\u00eatres, des portes, y compris des portes coulissantes \u00e0 ouverture automatique ou manuelle, des portes suspendues, des halls d&#8217;entr\u00e9e, des vitrines de magasins, des caisses-palettes, des vitrines en verre, des structures spatiales.<\/p>\n<p>Les \u00e9paisseurs des profils de fen\u00eatres sont : 45 mm (ch\u00e2ssis), 54 mm (ouvrant), pour les portes, ces mesures sont respectivement de : 45 mm et 45 mm. Ces profondeurs de ch\u00e2ssis et d&#8217;ouvrant, dans le cas des fen\u00eatres, permettent de maintenir la coplanarit\u00e9 des ouvrants et des ch\u00e2ssis du c\u00f4t\u00e9 ext\u00e9rieur, et dans le cas des portes, \u00e0 la fois du c\u00f4t\u00e9 int\u00e9rieur et ext\u00e9rieur. La forme des profils permet de cr\u00e9er des structures \u00e9lanc\u00e9es tout en \u00e9tant tr\u00e8s rigides.<\/p>\n<p>Un avantage important du syst\u00e8me MB-45 est la possibilit\u00e9 de r\u00e9aliser diff\u00e9rentes formes et structures courb\u00e9es en pliant les profils tels que les ch\u00e2ssis, les ouvrants et les traverses.  <\/p>\n<ul>\n<li>Les options de fen\u00eatres disponibles comprennent les fen\u00eatres battantes, les fen\u00eatres oscillo-battantes, les fen\u00eatres coulissantes et les fen\u00eatres coulissantes oscillo-battantes.<\/li>\n<li>Les portes sont disponibles en version un vantail et deux vantaux avec une ouverture battante et oscillo-battante.<\/li>\n<li>Construction l\u00e9g\u00e8re, facile \u00e0 monter.<\/li>\n<li>Option de quincaillerie filet\u00e9e.<\/li>\n<\/ul>\n<\/div>\n                    <\/div>\n                <\/div>\n            <\/div>\n        <\/div>\n    <\/div>\n\n<\/section>\n\n\n\n<section id=\"\" class=\"files_block image_tabs acf-block  acf-block-id-block_b5d2cbb1dd7b89cf69a0e4ba701353fa acf-block--mb acf-block--mt\">\n\n    <div class=\"container\">\n        <div class=\"row\">\n            <div class=\"col-12 col-md-10 offset-md-1\">\n\n                            \n\n    <div class=\"description files_block__description\">Une excellente \u00e9tanch\u00e9it\u00e9 est assur\u00e9e par un joint sp\u00e9cial en EPDM r\u00e9sistant au vieillissement.<br \/>\r\n<br \/>\r\nUne des caract\u00e9ristiques du syst\u00e8me est son lien \u00e9troit avec les syst\u00e8mes de fen\u00eatres et de portes MB-60 et MB-70. Il existe un large \u00e9ventail de solutions technologiques disponibles, telles que des joints inf\u00e9rieurs d&#8217;ouvrant, des joints pour portes coulissantes et suspendues, des formes de profils de vitrage, des formes et hauteurs de seuils.<br \/>\r\n<br \/>\r\nLe syst\u00e8me permet l&#8217;utilisation de diff\u00e9rents syst\u00e8mes de montage de vitrages d&#8217;une \u00e9paisseur de 2 mm \u00e0 35 mm pour les ouvrants et de 2 mm \u00e0 26 mm pour les fen\u00eatres et portes fixes.<br \/>\r\n<br \/>\r\nLe syst\u00e8me MB-45 offre \u00e9galement la possibilit\u00e9 de r\u00e9aliser des constructions sp\u00e9ciales : des cloisons et des portes coupe-feu MB-45D (en classe S30) et des portes &#8220;&#8221;\u00e0 recouvrement&#8221;&#8221; MB-45S.<br \/>\r\n<br \/>\r\nLe MB-45 peut \u00e9galement \u00eatre utilis\u00e9 pour des portes coupe-feu dans les classes S<sub>a<\/sub> et S<sub>200<\/sub><\/div>\n\n\n                                    <div data-tabs class=\"files_block__tabs\">\n                        <div data-tabs-container class=\"files_block__tabs__buttons\"><\/div>\n                        \n                            <div data-tab=\"Section\" class=\"image_tabs__content\">\n\n                                <div class=\"row\">\n\n                                                                            \n                                                                                    <a href=\"https:\/\/fintecnic.eu\/app\/uploads\/2023\/10\/pvc-alluminio-fintecnic-lodz-italia-finestre-finestre-dalla-polonia-aluprof_mb_45_porte-sezione.jpg\" data-fancybox=\"tab-0\" data-caption=\"\" class=\"col-12 image_tabs__content__item\">\n                                                <figure>\n                                                    <img decoding=\"async\" src=\"https:\/\/fintecnic.eu\/app\/uploads\/2023\/10\/pvc-alluminio-fintecnic-lodz-italia-finestre-finestre-dalla-polonia-aluprof_mb_45_porte-sezione.jpg\" alt=\"\">\n                                                    <figcaption><\/figcaption>\n                                                <\/figure>\n                                            <\/a>\n                                        \n                                    \n                                    \n                                                                    <\/div>\n\n\n                            <\/div>\n\n                        \n                            <div data-tab=\"Fichiers\" class=\"image_tabs__content\">\n\n                                <div class=\"row\">\n\n                                                                            \n                                        \n                                            <a href=\"https:\/\/fintecnic.eu\/app\/uploads\/2023\/10\/pvc-alluminio-fintecnic-lodz-italia-finestre-finestre-dalla-polonia-aluprof_mb_45_porte-volantino_mb-45_en.pdf\" data-fancybox=\"tab-1\" data-caption=\"\" class=\"col-12 col-sm-6 col-md-4 image_tabs__content__item\">\n                                                <figure>\n                                                    <img decoding=\"async\" src=\"https:\/\/fintecnic.eu\/app\/uploads\/2023\/10\/pvc-alluminio-fintecnic-lodz-italia-finestre-finestre-dalla-polonia-aluprof_mb_45_porte-volantino_mb-45_en-500x259-c-default.pdf\" alt=\"\">\n                                                    <figcaption><\/figcaption>\n                                                <\/figure>\n                                            <\/a>\n                                        \n                                    \n                                    \n                                                                    <\/div>\n\n\n                            <\/div>\n\n                                            <\/div>\n                \n\n            <\/div>\n        <\/div>\n    <\/div>\n\n<\/section>\n\n","protected":false},"excerpt":{"rendered":"","protected":false},"author":3,"featured_media":5029,"parent":7041,"menu_order":0,"comment_status":"closed","ping_status":"closed","template":"pages\/product-single.php","meta":[],"acf":[],"_links":{"self":[{"href":"https:\/\/fintecnic.eu\/fr\/wp-json\/wp\/v2\/pages\/7045"}],"collection":[{"href":"https:\/\/fintecnic.eu\/fr\/wp-json\/wp\/v2\/pages"}],"about":[{"href":"https:\/\/fintecnic.eu\/fr\/wp-json\/wp\/v2\/types\/page"}],"author":[{"embeddable":true,"href":"https:\/\/fintecnic.eu\/fr\/wp-json\/wp\/v2\/users\/3"}],"replies":[{"embeddable":true,"href":"https:\/\/fintecnic.eu\/fr\/wp-json\/wp\/v2\/comments?post=7045"}],"version-history":[{"count":3,"href":"https:\/\/fintecnic.eu\/fr\/wp-json\/wp\/v2\/pages\/7045\/revisions"}],"predecessor-version":[{"id":7048,"href":"https:\/\/fintecnic.eu\/fr\/wp-json\/wp\/v2\/pages\/7045\/revisions\/7048"}],"up":[{"embeddable":true,"href":"https:\/\/fintecnic.eu\/fr\/wp-json\/wp\/v2\/pages\/7041"}],"wp:featuredmedia":[{"embeddable":true,"href":"https:\/\/fintecnic.eu\/fr\/wp-json\/wp\/v2\/media\/5029"}],"wp:attachment":[{"href":"https:\/\/fintecnic.eu\/fr\/wp-json\/wp\/v2\/media?parent=7045"}],"curies":[{"name":"wp","href":"https:\/\/api.w.org\/{rel}","templated":true}]}}