{"id":7027,"date":"2021-07-07T14:28:04","date_gmt":"2021-07-07T12:28:04","guid":{"rendered":"https:\/\/fintecnic.eu\/?page_id=7027"},"modified":"2024-04-12T11:24:32","modified_gmt":"2024-04-12T09:24:32","slug":"persiennes-pliantes","status":"publish","type":"page","link":"https:\/\/fintecnic.eu\/fr\/persiennes\/persiennes-pliantes\/","title":{"rendered":"Persiennes pliantes"},"content":{"rendered":"<section id=\"\" class=\"side_image acf-block  acf-block-id-block_fdf5c3c8a4e36d02d2abaf6b1488c45d acf-block--mb acf-block--mt\">\n        <div class=\"container\">\n        <div class=\"row side_image__row\">\n            <div class=\"col-12 col-lg-10 offset-lg-1\">\n                <div class=\"row\">\n                    <div class=\"col-12 col-md-4 \">\n                        <img decoding=\"async\" class=\"side_image__img\" src=\"https:\/\/fintecnic.eu\/app\/uploads\/2021\/07\/persiane-pieghevoli-richiudibili.webp\" alt=\"\" loading=\"lazy\">\n                    <\/div>\n                    <div class=\"col-12 col-md-8 \">\n                        <div class=\"side_image__description description\"><p>En montant diff\u00e9rents types de charni\u00e8res sur les battants des persiennes et en les fixant aux supports, nous obtenons des persiennes pr\u00eates \u00e0 \u00eatre ouvertes. Ce type de persiennes peut \u00eatre install\u00e9 dans une niche murale ou sur le cadre de fen\u00eatre.<\/p>\n<\/div>\n                    <\/div>\n                <\/div>\n            <\/div>\n        <\/div>\n    <\/div>\n\n<\/section>\n\n","protected":false},"excerpt":{"rendered":"","protected":false},"author":3,"featured_media":3564,"parent":7005,"menu_order":0,"comment_status":"closed","ping_status":"closed","template":"pages\/product-single.php","meta":[],"acf":[],"_links":{"self":[{"href":"https:\/\/fintecnic.eu\/fr\/wp-json\/wp\/v2\/pages\/7027"}],"collection":[{"href":"https:\/\/fintecnic.eu\/fr\/wp-json\/wp\/v2\/pages"}],"about":[{"href":"https:\/\/fintecnic.eu\/fr\/wp-json\/wp\/v2\/types\/page"}],"author":[{"embeddable":true,"href":"https:\/\/fintecnic.eu\/fr\/wp-json\/wp\/v2\/users\/3"}],"replies":[{"embeddable":true,"href":"https:\/\/fintecnic.eu\/fr\/wp-json\/wp\/v2\/comments?post=7027"}],"version-history":[{"count":3,"href":"https:\/\/fintecnic.eu\/fr\/wp-json\/wp\/v2\/pages\/7027\/revisions"}],"predecessor-version":[{"id":7030,"href":"https:\/\/fintecnic.eu\/fr\/wp-json\/wp\/v2\/pages\/7027\/revisions\/7030"}],"up":[{"embeddable":true,"href":"https:\/\/fintecnic.eu\/fr\/wp-json\/wp\/v2\/pages\/7005"}],"wp:featuredmedia":[{"embeddable":true,"href":"https:\/\/fintecnic.eu\/fr\/wp-json\/wp\/v2\/media\/3564"}],"wp:attachment":[{"href":"https:\/\/fintecnic.eu\/fr\/wp-json\/wp\/v2\/media?parent=7027"}],"curies":[{"name":"wp","href":"https:\/\/api.w.org\/{rel}","templated":true}]}}