{"id":7023,"date":"2021-07-07T14:52:30","date_gmt":"2021-07-07T12:52:30","guid":{"rendered":"https:\/\/fintecnic.eu\/?page_id=7023"},"modified":"2024-04-12T11:23:22","modified_gmt":"2024-04-12T09:23:22","slug":"persiennes-decoratives","status":"publish","type":"page","link":"https:\/\/fintecnic.eu\/fr\/persiennes\/persiennes-decoratives\/","title":{"rendered":"Persiennes d\u00e9coratives"},"content":{"rendered":"<section id=\"\" class=\"title_description acf-block  acf-block-id-block_590957f4d8f3a3e8ce3e7dd2e1a5e363 acf-block--mb acf-block--mt\">\n\n            <div class=\"container\">\n    <div class=\"row\">\n        <div class=\"col-12 col-lg-10 offset-lg-1\">\n                        \n\n    <div class=\"description title_description__description\"><p>Ce sont des volets mont\u00e9s en permanence sur la fa\u00e7ade. Ils ont uniquement une fonction d\u00e9corative<\/p>\n<\/div>\n        <\/div>\n    <\/div>\n<\/div>    \n<\/section>\n\n\n\n<div class=\"wp-block-image\">\n<figure class=\"aligncenter size-large\"><img decoding=\"async\" loading=\"lazy\" width=\"1024\" height=\"659\" src=\"https:\/\/fintecnic.eu\/app\/uploads\/2021\/07\/persiane-decorative-1024x659.png\" alt=\"\" class=\"wp-image-1730\" srcset=\"https:\/\/fintecnic.eu\/app\/uploads\/2021\/07\/persiane-decorative-1024x659.png 1024w, https:\/\/fintecnic.eu\/app\/uploads\/2021\/07\/persiane-decorative-300x193.png 300w, https:\/\/fintecnic.eu\/app\/uploads\/2021\/07\/persiane-decorative-768x494.png 768w, https:\/\/fintecnic.eu\/app\/uploads\/2021\/07\/persiane-decorative-1536x989.png 1536w, https:\/\/fintecnic.eu\/app\/uploads\/2021\/07\/persiane-decorative.png 1706w\" sizes=\"(max-width: 1024px) 100vw, 1024px\" \/><\/figure><\/div>","protected":false},"excerpt":{"rendered":"","protected":false},"author":3,"featured_media":3570,"parent":7005,"menu_order":0,"comment_status":"closed","ping_status":"closed","template":"pages\/product-single.php","meta":[],"acf":[],"_links":{"self":[{"href":"https:\/\/fintecnic.eu\/fr\/wp-json\/wp\/v2\/pages\/7023"}],"collection":[{"href":"https:\/\/fintecnic.eu\/fr\/wp-json\/wp\/v2\/pages"}],"about":[{"href":"https:\/\/fintecnic.eu\/fr\/wp-json\/wp\/v2\/types\/page"}],"author":[{"embeddable":true,"href":"https:\/\/fintecnic.eu\/fr\/wp-json\/wp\/v2\/users\/3"}],"replies":[{"embeddable":true,"href":"https:\/\/fintecnic.eu\/fr\/wp-json\/wp\/v2\/comments?post=7023"}],"version-history":[{"count":3,"href":"https:\/\/fintecnic.eu\/fr\/wp-json\/wp\/v2\/pages\/7023\/revisions"}],"predecessor-version":[{"id":7026,"href":"https:\/\/fintecnic.eu\/fr\/wp-json\/wp\/v2\/pages\/7023\/revisions\/7026"}],"up":[{"embeddable":true,"href":"https:\/\/fintecnic.eu\/fr\/wp-json\/wp\/v2\/pages\/7005"}],"wp:featuredmedia":[{"embeddable":true,"href":"https:\/\/fintecnic.eu\/fr\/wp-json\/wp\/v2\/media\/3570"}],"wp:attachment":[{"href":"https:\/\/fintecnic.eu\/fr\/wp-json\/wp\/v2\/media?parent=7023"}],"curies":[{"name":"wp","href":"https:\/\/api.w.org\/{rel}","templated":true}]}}