{"id":7019,"date":"2021-07-07T15:21:36","date_gmt":"2021-07-07T13:21:36","guid":{"rendered":"https:\/\/fintecnic.eu\/?page_id=7019"},"modified":"2024-04-12T11:22:08","modified_gmt":"2024-04-12T09:22:08","slug":"persiennes-a-cadre-de-pologne","status":"publish","type":"page","link":"https:\/\/fintecnic.eu\/fr\/persiennes\/persiennes-a-cadre-de-pologne\/","title":{"rendered":"Persiennes \u00e0 cadre de Pologne"},"content":{"rendered":"<section id=\"\" class=\"side_image acf-block  acf-block-id-block_558bcddab4c0af1cff3aad00b5d4ea6d acf-block--mb acf-block--mt\">\n        <div class=\"container\">\n        <div class=\"row side_image__row\">\n            <div class=\"col-12 col-lg-10 offset-lg-1\">\n                <div class=\"row\">\n                    <div class=\"col-12 col-md-4 \">\n                        <img decoding=\"async\" class=\"side_image__img\" src=\"https:\/\/fintecnic.eu\/app\/uploads\/2021\/07\/persiane-con-telaio-fintecnic.webp\" alt=\"\" loading=\"lazy\">\n                    <\/div>\n                    <div class=\"col-12 col-md-8 \">\n                        <div class=\"side_image__description description\"><p>Les persiennes \u00e0 cadre sont \u00e9quip\u00e9es d&#8217;un cadre et d&#8217;un syst\u00e8me d&#8217;\u00e9tanch\u00e9it\u00e9 qui garantit une meilleure \u00e9tanch\u00e9it\u00e9.<\/p>\n<p>Les persiennes \u00e0 cadre sont des persiennes o\u00f9 nous pouvons utiliser n&#8217;importe quel type d&#8217;ouvrant produit.<\/p>\n<\/div>\n                    <\/div>\n                <\/div>\n            <\/div>\n        <\/div>\n    <\/div>\n\n<\/section>\n\n\n\n<section id=\"\" class=\"title_description acf-block  acf-block-id-block_b214b5b09517513be6ca7483f5e87a9c acf-block--mb acf-block--mt\">\n\n            <div class=\"container\">\n    <div class=\"row\">\n        <div class=\"col-12 col-lg-10 offset-lg-1\">\n                        \n\n    <div class=\"description title_description__description\"><p style=\"\"text-align: center;\"\"><strong>Les persiennes produites poss\u00e8dent :<\/strong><\/p>\n<p style=\"\"text-align: center;\"\">un choix de types de vantaux avec le cadre<\/p>\n<\/div>\n        <\/div>\n    <\/div>\n<\/div>    \n<\/section>\n\n\n\n<div class=\"wp-block-image\">\n<figure class=\"aligncenter size-large\"><img decoding=\"async\" loading=\"lazy\" width=\"600\" height=\"353\" src=\"https:\/\/fintecnic.eu\/app\/uploads\/2021\/07\/persiane-pieghevoli-richiudibili-fintecnic-2-1.png\" alt=\"\" class=\"wp-image-1756\" srcset=\"https:\/\/fintecnic.eu\/app\/uploads\/2021\/07\/persiane-pieghevoli-richiudibili-fintecnic-2-1.png 600w, https:\/\/fintecnic.eu\/app\/uploads\/2021\/07\/persiane-pieghevoli-richiudibili-fintecnic-2-1-300x177.png 300w\" sizes=\"(max-width: 600px) 100vw, 600px\" \/><\/figure><\/div>\n\n<section id=\"\" class=\"title_description acf-block  acf-block-id-block_d4f62efc268d9a96eb2f1a419311efe8 acf-block--mb acf-block--mt\">\n\n            <div class=\"container\">\n    <div class=\"row\">\n        <div class=\"col-12 col-lg-10 offset-lg-1\">\n                        \n\n    <div class=\"description title_description__description\"><p style=\"text-align: center;\">quincailles compl\u00e8tes (fermeture \u00e0 poign\u00e9e)<\/p>\n<\/div>\n        <\/div>\n    <\/div>\n<\/div>    \n<\/section>\n\n\n\n<div class=\"wp-block-image\">\n<figure class=\"aligncenter size-large\"><img decoding=\"async\" src=\"https:\/\/fintecnic.eu\/app\/uploads\/2021\/07\/xmini_persiane-con-telaio-ferramenta.jpg.pagespeed.ic_.lqUYi1-yk1.webp\" alt=\"\" class=\"wp-image-1763\"\/><\/figure><\/div>","protected":false},"excerpt":{"rendered":"","protected":false},"author":3,"featured_media":3572,"parent":7005,"menu_order":0,"comment_status":"closed","ping_status":"closed","template":"pages\/product-single.php","meta":[],"acf":[],"_links":{"self":[{"href":"https:\/\/fintecnic.eu\/fr\/wp-json\/wp\/v2\/pages\/7019"}],"collection":[{"href":"https:\/\/fintecnic.eu\/fr\/wp-json\/wp\/v2\/pages"}],"about":[{"href":"https:\/\/fintecnic.eu\/fr\/wp-json\/wp\/v2\/types\/page"}],"author":[{"embeddable":true,"href":"https:\/\/fintecnic.eu\/fr\/wp-json\/wp\/v2\/users\/3"}],"replies":[{"embeddable":true,"href":"https:\/\/fintecnic.eu\/fr\/wp-json\/wp\/v2\/comments?post=7019"}],"version-history":[{"count":3,"href":"https:\/\/fintecnic.eu\/fr\/wp-json\/wp\/v2\/pages\/7019\/revisions"}],"predecessor-version":[{"id":7022,"href":"https:\/\/fintecnic.eu\/fr\/wp-json\/wp\/v2\/pages\/7019\/revisions\/7022"}],"up":[{"embeddable":true,"href":"https:\/\/fintecnic.eu\/fr\/wp-json\/wp\/v2\/pages\/7005"}],"wp:featuredmedia":[{"embeddable":true,"href":"https:\/\/fintecnic.eu\/fr\/wp-json\/wp\/v2\/media\/3572"}],"wp:attachment":[{"href":"https:\/\/fintecnic.eu\/fr\/wp-json\/wp\/v2\/media?parent=7019"}],"curies":[{"name":"wp","href":"https:\/\/api.w.org\/{rel}","templated":true}]}}