{"id":7011,"date":"2021-07-07T14:01:04","date_gmt":"2021-07-07T12:01:04","guid":{"rendered":"https:\/\/fintecnic.eu\/?page_id=7011"},"modified":"2024-04-12T11:18:52","modified_gmt":"2024-04-12T09:18:52","slug":"stores-a-lames-reglables","status":"publish","type":"page","link":"https:\/\/fintecnic.eu\/fr\/persiennes\/stores-a-lames-reglables\/","title":{"rendered":"Stores \u00e0 lames r\u00e9glables"},"content":{"rendered":"<section id=\"\" class=\"side_image acf-block  acf-block-id-block_8259e16175f64a179a76217a65391431 acf-block--mb acf-block--mt\">\n        <div class=\"container\">\n        <div class=\"row side_image__row\">\n            <div class=\"col-12 col-lg-10 offset-lg-1\">\n                <div class=\"row\">\n                    <div class=\"col-12 col-md-4 \">\n                        <img decoding=\"async\" class=\"side_image__img\" src=\"https:\/\/fintecnic.eu\/app\/uploads\/2021\/07\/persiane-con-lamella-orientabile-fintecnic-polonia.webp\" alt=\"\" loading=\"lazy\">\n                    <\/div>\n                    <div class=\"col-12 col-md-8 \">\n                        <div class=\"side_image__description description\"><p>Ce sont des stores o\u00f9 nous pouvons ajuster la luminosit\u00e9 et le flux d&#8217;air en modifiant l&#8217;angle des lames sans avoir \u00e0 ouvrir compl\u00e8tement les stores.<\/p>\n<p>Chaque lame est munie d&#8217;un joint sp\u00e9cial, assurant une \u00e9tanch\u00e9it\u00e9 totale une fois les lames ferm\u00e9es.<\/p>\n<p>Les joints en caoutchouc am\u00e9liorent les performances d&#8217;isolation thermique. L&#8217;angle d&#8217;inclinaison des lames est r\u00e9glable \u00e0 l&#8217;aide d&#8217;une poign\u00e9e ou d&#8217;un bouton.<\/p>\n<\/div>\n                    <\/div>\n                <\/div>\n            <\/div>\n        <\/div>\n    <\/div>\n\n<\/section>\n\n","protected":false},"excerpt":{"rendered":"","protected":false},"author":3,"featured_media":3556,"parent":7005,"menu_order":0,"comment_status":"closed","ping_status":"closed","template":"pages\/product-single.php","meta":[],"acf":[],"_links":{"self":[{"href":"https:\/\/fintecnic.eu\/fr\/wp-json\/wp\/v2\/pages\/7011"}],"collection":[{"href":"https:\/\/fintecnic.eu\/fr\/wp-json\/wp\/v2\/pages"}],"about":[{"href":"https:\/\/fintecnic.eu\/fr\/wp-json\/wp\/v2\/types\/page"}],"author":[{"embeddable":true,"href":"https:\/\/fintecnic.eu\/fr\/wp-json\/wp\/v2\/users\/3"}],"replies":[{"embeddable":true,"href":"https:\/\/fintecnic.eu\/fr\/wp-json\/wp\/v2\/comments?post=7011"}],"version-history":[{"count":3,"href":"https:\/\/fintecnic.eu\/fr\/wp-json\/wp\/v2\/pages\/7011\/revisions"}],"predecessor-version":[{"id":7014,"href":"https:\/\/fintecnic.eu\/fr\/wp-json\/wp\/v2\/pages\/7011\/revisions\/7014"}],"up":[{"embeddable":true,"href":"https:\/\/fintecnic.eu\/fr\/wp-json\/wp\/v2\/pages\/7005"}],"wp:featuredmedia":[{"embeddable":true,"href":"https:\/\/fintecnic.eu\/fr\/wp-json\/wp\/v2\/media\/3556"}],"wp:attachment":[{"href":"https:\/\/fintecnic.eu\/fr\/wp-json\/wp\/v2\/media?parent=7011"}],"curies":[{"name":"wp","href":"https:\/\/api.w.org\/{rel}","templated":true}]}}