{"id":7001,"date":"2021-07-16T16:27:16","date_gmt":"2021-07-16T14:27:16","guid":{"rendered":"https:\/\/fintecnic.eu\/?page_id=7001"},"modified":"2024-04-12T11:12:13","modified_gmt":"2024-04-12T09:12:13","slug":"franchise-de-fintecnic","status":"publish","type":"page","link":"https:\/\/fintecnic.eu\/fr\/partenaires\/franchise-de-fintecnic\/","title":{"rendered":"Franchise de Fintecnic"},"content":{"rendered":"<section id=\"\" class=\"title_description_image acf-block  acf-block-id-block_6346ca6e2f2238596cbe6c9e94a5e3e2 acf-block--mb acf-block--mt\">\n\n        \n    <div class=\"container\">\n        <div class=\"row\">\n            <div class=\"col-12 col-md-10 offset-md-1\">\n\n                <div class=\"title_description_image__heading\">\n                    <div class=\"title_description_image__heading__left\">\n\n                                \n\n\n                    <\/div>\n\n                                            <a href=\"#block_6346ca6e2f2238596cbe6c9e94a5e3e2\" class=\"title_description_image__heading__btn btn-oval-gray\"><i class=\"fal fa-arrow-down\"><\/i><\/a>\n                                    <\/div>\n\n            <\/div>\n        <\/div>\n\n                    <div class=\"row\">\n                <div class=\"col-12\">\n                    <div class=\"title_description_image__img\" id=\"block_6346ca6e2f2238596cbe6c9e94a5e3e2\">\n                                                <img decoding=\"async\" src=\"https:\/\/fintecnic.eu\/app\/uploads\/2021\/07\/xfintecnic-finestre-dalla-polonia-premium-partner.jpg.pagespeed.ic_.FWHqhxjiAd-1460x820-c-default.webp\" alt=\"\" loading=\"lazy\"\n                             srcset=\"\n                                    https:\/\/fintecnic.eu\/app\/uploads\/2021\/07\/xfintecnic-finestre-dalla-polonia-premium-partner.jpg.pagespeed.ic_.FWHqhxjiAd-365x205-c-default.webp 365w,\n                                    https:\/\/fintecnic.eu\/app\/uploads\/2021\/07\/xfintecnic-finestre-dalla-polonia-premium-partner.jpg.pagespeed.ic_.FWHqhxjiAd-730x410-c-default.webp 730w,\n                                    https:\/\/fintecnic.eu\/app\/uploads\/2021\/07\/xfintecnic-finestre-dalla-polonia-premium-partner.jpg.pagespeed.ic_.FWHqhxjiAd-1460x820-c-default.webp 1460w,\n                                    https:\/\/fintecnic.eu\/app\/uploads\/2021\/07\/xfintecnic-finestre-dalla-polonia-premium-partner.jpg.pagespeed.ic_.FWHqhxjiAd-2920x1640-c-default.webp 2920w\"\n                        >\n                    <\/div>\n                <\/div>\n            <\/div>\n            <\/div>\n\n<\/section>\n\n\n\n<section id=\"\" class=\"title_description acf-block  acf-block-id-block_216d9f2d834e051fbced56b61e94be59 acf-block--mb acf-block--mt\">\n\n            <div class=\"container\">\n    <div class=\"row\">\n        <div class=\"col-12 col-lg-10 offset-lg-1\">\n                        \n    <h2 class=\"title_description__title title\">Fen\u00eatres en PVC Fintecnic de Pologne, partenaire de qualit\u00e9 sup\u00e9rieure<\/h2>\n\n    <div class=\"description title_description__description\"><p><strong>Offre de franchise<\/strong><\/p>\n<p>FinTecnic est une entreprise en pleine expansion sur le march\u00e9 polonais des fen\u00eatres et des portes. Forte des comp\u00e9tences acquises au fil des ann\u00e9es dans la vente, la gestion et la promotion des produits propos\u00e9s, ainsi que d&#8217;une connaissance approfondie du secteur des fen\u00eatres, nous souhaitons continuer \u00e0 d\u00e9velopper notre entreprise gr\u00e2ce \u00e0 la franchise.<\/p>\n<p><strong>Qui recherchons-nous pour collaborer ?<\/strong><br \/>\nLa franchise est une excellente opportunit\u00e9 pour diriger son propre entreprise avec une marque bien reconnue par les clients. Nous recherchons des personnes de toute la Pologne capables de diriger ind\u00e9pendamment une entreprise selon les principes de la franchise, disposant du capital n\u00e9cessaire ainsi que de la volont\u00e9 et de la motivation pour travailler. Nous appr\u00e9cions l&#8217;exp\u00e9rience dans la gestion d&#8217;une entreprise, mais nous partagerons \u00e9galement nos connaissances et notre exp\u00e9rience avec les d\u00e9butants, m\u00eame en dehors du secteur des fen\u00eatres.<\/p>\n<p><strong>Conditions int\u00e9ressantes de collaboration et plus encore<\/strong><br \/>\nDans le cadre de la franchise, nous proposons des solutions commerciales modernes qui satisferont tout franchis\u00e9. Nous souhaitons transmettre nos connaissances dans le domaine des fen\u00eatres et nos comp\u00e9tences acquises au fil des ann\u00e9es \u00e0 nos partenaires sous forme de formations appropri\u00e9es, soit le savoir-faire. De plus, nous offrons :<\/p>\n<p>exclusivit\u00e9 pour une r\u00e9gion de 50 000 \u00e0 100 000 habitants,<br \/>\n\u00e9valuation du projet de showroom,<br \/>\nsignal\u00e9tique de base pour le point de vente,<br \/>\ncarte de visite individuelle sur notre site internet,<br \/>\nsoutien marketing,<br \/>\nactions de relations publiques dans les m\u00e9dias locaux, la presse et les portails sp\u00e9cialis\u00e9s.<br \/>\n<strong>Ce que nous attendons de nos partenaires franchis\u00e9s<\/strong><br \/>\nOutre la volont\u00e9 et la motivation de travailler dans leur propre entreprise et de promouvoir l&#8217;image de notre soci\u00e9t\u00e9, nous attendons surtout de nos partenaires potentiels un espace de vente de 40 \u00e0 120 m\u00b2 dans un emplacement attractif. De plus, des liquidit\u00e9s seront n\u00e9cessaires pour couvrir les co\u00fbts de r\u00e9novation et d&#8217;adaptation, qui, selon la taille et l&#8217;\u00e9tat du local, s&#8217;\u00e9l\u00e8veront \u00e0 plusieurs milliers d&#8217;euros. Pour r\u00e9pondre aux attentes de nos partenaires franchis\u00e9s, nous sommes pr\u00eats \u00e0 offrir un cr\u00e9dit acheteur pour les marchandises n\u00e9cessaires au d\u00e9marrage de l&#8217;activit\u00e9.<\/p>\n<p><strong>Nous vous invitons \u00e0 coop\u00e9rer.<\/strong><\/p>\n<p><strong>Service client :<\/strong><br \/>\nT\u00e9l. : <a href=\"\"\"\"tel:0048 881 952 330\"\"\"\">0048 881 952 330<\/a><\/p>\n<\/div>\n        <\/div>\n    <\/div>\n<\/div>    \n<\/section>\n\n","protected":false},"excerpt":{"rendered":"","protected":false},"author":3,"featured_media":0,"parent":6995,"menu_order":0,"comment_status":"closed","ping_status":"closed","template":"pages\/product-single.php","meta":[],"acf":[],"_links":{"self":[{"href":"https:\/\/fintecnic.eu\/fr\/wp-json\/wp\/v2\/pages\/7001"}],"collection":[{"href":"https:\/\/fintecnic.eu\/fr\/wp-json\/wp\/v2\/pages"}],"about":[{"href":"https:\/\/fintecnic.eu\/fr\/wp-json\/wp\/v2\/types\/page"}],"author":[{"embeddable":true,"href":"https:\/\/fintecnic.eu\/fr\/wp-json\/wp\/v2\/users\/3"}],"replies":[{"embeddable":true,"href":"https:\/\/fintecnic.eu\/fr\/wp-json\/wp\/v2\/comments?post=7001"}],"version-history":[{"count":3,"href":"https:\/\/fintecnic.eu\/fr\/wp-json\/wp\/v2\/pages\/7001\/revisions"}],"predecessor-version":[{"id":7004,"href":"https:\/\/fintecnic.eu\/fr\/wp-json\/wp\/v2\/pages\/7001\/revisions\/7004"}],"up":[{"embeddable":true,"href":"https:\/\/fintecnic.eu\/fr\/wp-json\/wp\/v2\/pages\/6995"}],"wp:attachment":[{"href":"https:\/\/fintecnic.eu\/fr\/wp-json\/wp\/v2\/media?parent=7001"}],"curies":[{"name":"wp","href":"https:\/\/api.w.org\/{rel}","templated":true}]}}