{"id":6997,"date":"2021-07-15T16:43:00","date_gmt":"2021-07-15T14:43:00","guid":{"rendered":"https:\/\/fintecnic.eu\/?page_id=6997"},"modified":"2024-04-12T11:10:25","modified_gmt":"2024-04-12T09:10:25","slug":"bologna-arredi-e-infissi-di-calabrese","status":"publish","type":"page","link":"https:\/\/fintecnic.eu\/fr\/partenaires\/bologna-arredi-e-infissi-di-calabrese\/","title":{"rendered":"Bologna &#8211; Arredi E Infissi Di Calabrese"},"content":{"rendered":"<section id=\"\" class=\"gallery acf-block  acf-block-id-block_8a07355a1b1b78318e21fe4fe5a4e76b acf-block--mb acf-block--mt\">\n\n    <div class=\"container\">\n    <div class=\"row\">\n        <div class=\"col-12 col-lg-10 offset-lg-1\">\n                        \n\n        <\/div>\n    <\/div>\n<\/div>\n    <div class=\"container\">\n        <div class=\"row\">\n                                            <div class=\"col-12 col-sm-6 col-md-4\">\n                    <a href=\"https:\/\/fintecnic.eu\/app\/uploads\/2021\/07\/cassonetti-da-restauro-bologna-calabrese-infissi.jpg\" data-fancybox=\"block_8a07355a1b1b78318e21fe4fe5a4e76b\" class=\"gallery__link\">\n                        <img decoding=\"async\" class=\"gallery__thumbnail\" width=\"466\" height=\"350\" src=\"https:\/\/fintecnic.eu\/app\/uploads\/2021\/07\/cassonetti-da-restauro-bologna-calabrese-infissi-466x350-c-default.webp\" loading=\"lazy\" alt=\"\" srcset=\"\n                            https:\/\/fintecnic.eu\/app\/uploads\/2021\/07\/cassonetti-da-restauro-bologna-calabrese-infissi-466x350-c-default.webp 466w,\n                            https:\/\/fintecnic.eu\/app\/uploads\/2021\/07\/cassonetti-da-restauro-bologna-calabrese-infissi-932x700-c-default.webp 932w\n                        \">\n                    <\/a>\n                <\/div>\n                                            <div class=\"col-12 col-sm-6 col-md-4\">\n                    <a href=\"https:\/\/fintecnic.eu\/app\/uploads\/2021\/07\/finestre-alluminio-bologna-calabrese-infissi.jpg\" data-fancybox=\"block_8a07355a1b1b78318e21fe4fe5a4e76b\" class=\"gallery__link\">\n                        <img decoding=\"async\" class=\"gallery__thumbnail\" width=\"466\" height=\"350\" src=\"https:\/\/fintecnic.eu\/app\/uploads\/2021\/07\/finestre-alluminio-bologna-calabrese-infissi-466x350-c-default.webp\" loading=\"lazy\" alt=\"\" srcset=\"\n                            https:\/\/fintecnic.eu\/app\/uploads\/2021\/07\/finestre-alluminio-bologna-calabrese-infissi-466x350-c-default.webp 466w,\n                            https:\/\/fintecnic.eu\/app\/uploads\/2021\/07\/finestre-alluminio-bologna-calabrese-infissi-932x700-c-default.webp 932w\n                        \">\n                    <\/a>\n                <\/div>\n                                            <div class=\"col-12 col-sm-6 col-md-4\">\n                    <a href=\"https:\/\/fintecnic.eu\/app\/uploads\/2021\/07\/finestre-e-infissi-pvc-bologna-calabrese-infissi.jpg\" data-fancybox=\"block_8a07355a1b1b78318e21fe4fe5a4e76b\" class=\"gallery__link\">\n                        <img decoding=\"async\" class=\"gallery__thumbnail\" width=\"466\" height=\"350\" src=\"https:\/\/fintecnic.eu\/app\/uploads\/2021\/07\/finestre-e-infissi-pvc-bologna-calabrese-infissi-466x350-c-default.webp\" loading=\"lazy\" alt=\"\" srcset=\"\n                            https:\/\/fintecnic.eu\/app\/uploads\/2021\/07\/finestre-e-infissi-pvc-bologna-calabrese-infissi-466x350-c-default.webp 466w,\n                            https:\/\/fintecnic.eu\/app\/uploads\/2021\/07\/finestre-e-infissi-pvc-bologna-calabrese-infissi-932x700-c-default.webp 932w\n                        \">\n                    <\/a>\n                <\/div>\n                                            <div class=\"col-12 col-sm-6 col-md-4\">\n                    <a href=\"https:\/\/fintecnic.eu\/app\/uploads\/2021\/07\/finestre-pvc-bologna-calabrese-infissi.jpg\" data-fancybox=\"block_8a07355a1b1b78318e21fe4fe5a4e76b\" class=\"gallery__link\">\n                        <img decoding=\"async\" class=\"gallery__thumbnail\" width=\"466\" height=\"350\" src=\"https:\/\/fintecnic.eu\/app\/uploads\/2021\/07\/finestre-pvc-bologna-calabrese-infissi-466x350-c-default.webp\" loading=\"lazy\" alt=\"\" srcset=\"\n                            https:\/\/fintecnic.eu\/app\/uploads\/2021\/07\/finestre-pvc-bologna-calabrese-infissi-466x350-c-default.webp 466w,\n                            https:\/\/fintecnic.eu\/app\/uploads\/2021\/07\/finestre-pvc-bologna-calabrese-infissi-932x700-c-default.webp 932w\n                        \">\n                    <\/a>\n                <\/div>\n                                            <div class=\"col-12 col-sm-6 col-md-4\">\n                    <a href=\"https:\/\/fintecnic.eu\/app\/uploads\/2021\/07\/infissi-e-finestre-pvc-bologna-calabrese-infissi.jpg\" data-fancybox=\"block_8a07355a1b1b78318e21fe4fe5a4e76b\" class=\"gallery__link\">\n                        <img decoding=\"async\" class=\"gallery__thumbnail\" width=\"466\" height=\"350\" src=\"https:\/\/fintecnic.eu\/app\/uploads\/2021\/07\/infissi-e-finestre-pvc-bologna-calabrese-infissi-466x350-c-default.webp\" loading=\"lazy\" alt=\"\" srcset=\"\n                            https:\/\/fintecnic.eu\/app\/uploads\/2021\/07\/infissi-e-finestre-pvc-bologna-calabrese-infissi-466x350-c-default.webp 466w,\n                            https:\/\/fintecnic.eu\/app\/uploads\/2021\/07\/infissi-e-finestre-pvc-bologna-calabrese-infissi-932x700-c-default.webp 932w\n                        \">\n                    <\/a>\n                <\/div>\n                                            <div class=\"col-12 col-sm-6 col-md-4\">\n                    <a href=\"https:\/\/fintecnic.eu\/app\/uploads\/2021\/07\/persiane-in-alluminio-bologna-calabrese-infissi.jpg\" data-fancybox=\"block_8a07355a1b1b78318e21fe4fe5a4e76b\" class=\"gallery__link\">\n                        <img decoding=\"async\" class=\"gallery__thumbnail\" width=\"466\" height=\"350\" src=\"https:\/\/fintecnic.eu\/app\/uploads\/2021\/07\/persiane-in-alluminio-bologna-calabrese-infissi-466x350-c-default.webp\" loading=\"lazy\" alt=\"\" srcset=\"\n                            https:\/\/fintecnic.eu\/app\/uploads\/2021\/07\/persiane-in-alluminio-bologna-calabrese-infissi-466x350-c-default.webp 466w,\n                            https:\/\/fintecnic.eu\/app\/uploads\/2021\/07\/persiane-in-alluminio-bologna-calabrese-infissi-932x700-c-default.webp 932w\n                        \">\n                    <\/a>\n                <\/div>\n                    <\/div>\n    <\/div>\n\n<\/section>\n\n\n\n<section id=\"\" class=\"title_description acf-block  acf-block-id-block_d258c4683f77bdf1a453d7e536193255 acf-block--mb acf-block--mt\">\n\n            <div class=\"container\">\n    <div class=\"row\">\n        <div class=\"col-12 col-lg-10 offset-lg-1\">\n                        \n\n    <div class=\"description title_description__description\"><p style=\"text-align: center;\"><strong>Donn\u00e9es de l&#8217;entreprise :<\/strong><\/p>\n<p style=\"text-align: center;\">Notre entreprise est pr\u00e9sente \u00e0 Bologne depuis 1999.<\/p>\n<p style=\"text-align: center;\">Nous sommes reconnus pour la qualit\u00e9 de nos produits, le professionnalisme de notre \u00e9quipe et des conseils techniques pr\u00e9cieux, accompagnant le client tout au long de son travail, offrant aide et ponctualit\u00e9.<\/p>\n<p style=\"text-align: center;\">Nous nous occupons des proc\u00e9dures et des questions fiscales, offrant un service complet \u00e0 un prix avantageux, lib\u00e9rant le client de toute obligation bureaucratique.<\/p>\n<p style=\"text-align: center;\">Nous fabriquons des fen\u00eatres PVC &#8211; PVC, PVC\/ALUMINIUM, BOIS ET ALUMINIUM, PORTES INT\u00c9RIEURES, STORES, MOUSTIQUAIRES, PORTES ANTI-EFFRACTION, PORTAILS DE S\u00c9CURIT\u00c9 ET \u00c9QUIPEMENTS.<\/p>\n<p style=\"text-align: center;\">Retrouvez notre showroom \u00e0 Bologne, au 42\/A Via Bellaria, 40139 Bologne.<\/p>\n<p style=\"\"text-align: center;\"\"><strong>T\u00e9l.<\/strong> <a href=\"\"tel:+39 0512815854\"\">+39 0512815854<\/a><\/p>\n<p><iframe src=\"\"https:\/\/www.google.com\/maps\/embed?pb=!1m18!1m12!1m3!1d2846.9439372719476!2d11.388700199999999!3d44.4753219!2m3!1f0!2f0!3f0!3m2!1i1024!2i768!4f13.1!3m3!1m2!1s0x477e2b1987d40a73%3A0x8ff69a93e4b45c50!2sVia%20Bellaria%2C%2042%2C%2040139%20Bologna%20BO%2C%20Italia!5e0!3m2!1sit!2spl!4v1685435472698!5m2!1sit!2spl\"\" width=\"\"100%\"\" height=\"\"450\"\" style=\"\"border:0;\"\" allowfullscreen=\"\"\"\" loading=\"\"lazy\"\" referrerpolicy=\"\"no-referrer-when-downgrade\"\"><\/iframe><\/p>\n<\/div>\n        <\/div>\n    <\/div>\n<\/div>    \n<\/section>\n\n","protected":false},"excerpt":{"rendered":"","protected":false},"author":3,"featured_media":0,"parent":6995,"menu_order":0,"comment_status":"closed","ping_status":"closed","template":"pages\/product-single.php","meta":[],"acf":[],"_links":{"self":[{"href":"https:\/\/fintecnic.eu\/fr\/wp-json\/wp\/v2\/pages\/6997"}],"collection":[{"href":"https:\/\/fintecnic.eu\/fr\/wp-json\/wp\/v2\/pages"}],"about":[{"href":"https:\/\/fintecnic.eu\/fr\/wp-json\/wp\/v2\/types\/page"}],"author":[{"embeddable":true,"href":"https:\/\/fintecnic.eu\/fr\/wp-json\/wp\/v2\/users\/3"}],"replies":[{"embeddable":true,"href":"https:\/\/fintecnic.eu\/fr\/wp-json\/wp\/v2\/comments?post=6997"}],"version-history":[{"count":3,"href":"https:\/\/fintecnic.eu\/fr\/wp-json\/wp\/v2\/pages\/6997\/revisions"}],"predecessor-version":[{"id":7000,"href":"https:\/\/fintecnic.eu\/fr\/wp-json\/wp\/v2\/pages\/6997\/revisions\/7000"}],"up":[{"embeddable":true,"href":"https:\/\/fintecnic.eu\/fr\/wp-json\/wp\/v2\/pages\/6995"}],"wp:attachment":[{"href":"https:\/\/fintecnic.eu\/fr\/wp-json\/wp\/v2\/media?parent=6997"}],"curies":[{"name":"wp","href":"https:\/\/api.w.org\/{rel}","templated":true}]}}