{"id":6979,"date":"2021-04-09T09:46:26","date_gmt":"2021-04-09T07:46:26","guid":{"rendered":"https:\/\/fintecnic.eu\/?page_id=6979"},"modified":"2024-04-12T10:53:38","modified_gmt":"2024-04-12T08:53:38","slug":"montage","status":"publish","type":"page","link":"https:\/\/fintecnic.eu\/fr\/montage\/","title":{"rendered":"Montage"},"content":{"rendered":"<section id=\"\" class=\"title_description_image title_description_video acf-block  acf-block-id-block_231c18d6bafc6c7feadb475d1744e697 acf-block--mb acf-block--mt\">\n\n                                    \n    <div class=\"container\">\n        <div class=\"row\">\n            <div class=\"col-12 col-md-10 offset-md-1\">\n\n                <div class=\"title_description_image__heading\">\n                    <div class=\"title_description_image__heading__left\">\n\n                                \n    <span class=\"title_description_image__title_small title-small\">Montage<\/span>\n    <h2 class=\"title_description_image__title title\">M\u00eame les meilleures fen\u00eatres ne rempliront pas leur fonction sans une installation correcte.<\/h2>\n\n    <div class=\"paragraph title_description_image__description\">Une installation correcte des fen\u00eatres est obtenue en s\u00e9curisant la mousse de polyur\u00e9thane, c&#8217;est-\u00e0-dire en r\u00e9alisant un joint d&#8217;\u00e9tanch\u00e9it\u00e9 suppl\u00e9mentaire \u00e0 l&#8217;int\u00e9rieur et \u00e0 l&#8217;ext\u00e9rieur de la jonction de la fen\u00eatre, ou en utilisant un ruban adh\u00e9sif multifonctionnel et impr\u00e9gn\u00e9 &#8211; un seul produit r\u00e9pondant aux exigences des trois couches d&#8217;\u00e9tanch\u00e9it\u00e9 simultan\u00e9ment.<\/div>\n\n                    <\/div>\n\n                                            <a href=\"#block_231c18d6bafc6c7feadb475d1744e697\" class=\"title_description_image__heading__btn btn-oval-gray\"><i class=\"fal fa-arrow-down\"><\/i><\/a>\n                                    <\/div>\n\n            <\/div>\n        <\/div>\n\n        \t\t\t<div class=\"row\">\n\t\t\t\t<div class=\"col-12\">\n\t\t\t\t\t<div id=\"block_231c18d6bafc6c7feadb475d1744e697\" class=\"video_section__video\" data-video=\"https:\/\/fintecnic.eu\/app\/uploads\/2021\/04\/FinTecnic_lores_2_FINAL.mov\">\n\t\t\t\t\t\t\t\t\t\t\t\t\t\t\t\t\t<div class=\"cover\">\n\t\t\t\t\t\t\t<img decoding=\"async\" class=\"video_section__video__cover\" width=\"1210\" height=\"678\" src=\"https:\/\/fintecnic.eu\/app\/uploads\/2021\/04\/video_section-scaled-1210x678-c-default.webp\" loading=\"lazy\" alt=\"\" srcset=\"\n\t\t\t\t\t\t\t\thttps:\/\/fintecnic.eu\/app\/uploads\/2021\/04\/video_section-scaled-605x339-c-default.webp 605w,\n\t\t\t\t\t\t\t\thttps:\/\/fintecnic.eu\/app\/uploads\/2021\/04\/video_section-scaled-1210x678-c-default.webp 1210w,\n\t\t\t\t\t\t\t\thttps:\/\/fintecnic.eu\/app\/uploads\/2021\/04\/video_section-scaled-2420x1356-c-default.webp 2420w\n\t\t\t\t\t\t\t\">\n\t\t\t\t\t\t<\/div>\n\n\t\t\t\t\t\t<button class=\"video_section__video__play\" aria-label=\"\" data-video-play>\n\t\t\t\t\t\t\t<i class=\"fas fa-play\"><\/i>\n\t\t\t\t\t\t<\/button>\n\t\t\t\t\t\t\t\t\t<\/div>\n\t\t\t<\/div>\n            <\/div>\n\n<\/section>\n\n","protected":false},"excerpt":{"rendered":"","protected":false},"author":3,"featured_media":0,"parent":0,"menu_order":0,"comment_status":"closed","ping_status":"closed","template":"","meta":[],"acf":[],"_links":{"self":[{"href":"https:\/\/fintecnic.eu\/fr\/wp-json\/wp\/v2\/pages\/6979"}],"collection":[{"href":"https:\/\/fintecnic.eu\/fr\/wp-json\/wp\/v2\/pages"}],"about":[{"href":"https:\/\/fintecnic.eu\/fr\/wp-json\/wp\/v2\/types\/page"}],"author":[{"embeddable":true,"href":"https:\/\/fintecnic.eu\/fr\/wp-json\/wp\/v2\/users\/3"}],"replies":[{"embeddable":true,"href":"https:\/\/fintecnic.eu\/fr\/wp-json\/wp\/v2\/comments?post=6979"}],"version-history":[{"count":4,"href":"https:\/\/fintecnic.eu\/fr\/wp-json\/wp\/v2\/pages\/6979\/revisions"}],"predecessor-version":[{"id":6983,"href":"https:\/\/fintecnic.eu\/fr\/wp-json\/wp\/v2\/pages\/6979\/revisions\/6983"}],"wp:attachment":[{"href":"https:\/\/fintecnic.eu\/fr\/wp-json\/wp\/v2\/media?parent=6979"}],"curies":[{"name":"wp","href":"https:\/\/api.w.org\/{rel}","templated":true}]}}