{"id":6781,"date":"2021-07-07T08:53:00","date_gmt":"2021-07-07T06:53:00","guid":{"rendered":"https:\/\/fintecnic.eu\/?page_id=6781"},"modified":"2024-03-29T11:49:41","modified_gmt":"2024-03-29T10:49:41","slug":"vitrage-de-fenetre","status":"publish","type":"page","link":"https:\/\/fintecnic.eu\/fr\/fenetres\/accessoires-pour-fenetres\/vitrage-de-fenetre\/","title":{"rendered":"Vitrage de fen\u00eatre"},"content":{"rendered":"<section id=\"\" class=\"side_image acf-block  acf-block-id-block_353058f0f812991c99ea8a1c9c06cc15 acf-block--mb acf-block--mt\">\n        <div class=\"container\">\n        <div class=\"row side_image__row\">\n            <div class=\"col-12 col-lg-10 offset-lg-1\">\n                <div class=\"row\">\n                    <div class=\"col-12 col-md-4 \">\n                        <img decoding=\"async\" class=\"side_image__img\" src=\"https:\/\/fintecnic.eu\/app\/uploads\/2021\/07\/vetri-risparmio-energetico.webp\" alt=\"\" loading=\"lazy\">\n                    <\/div>\n                    <div class=\"col-12 col-md-8 \">\n                        <div class=\"side_image__description description\"><p><strong>Les vitres \u00e0 haute efficacit\u00e9 \u00e9nerg\u00e9tique<\/strong> sont compos\u00e9es de doubles ou triples vitrages s\u00e9par\u00e9s du cadre par des barrettes thermiques, o\u00f9 une ou deux plaques de verre contiennent une couche thermo-isolante \u00e0 faible \u00e9missivit\u00e9 invisible (compos\u00e9e d&#8217;une combinaison de m\u00e9taux nobles). Cette couche permet le passage total de la lumi\u00e8re et de l&#8217;\u00e9nergie solaire \u00e0 travers la structure int\u00e9rieure, tout en emp\u00eachant la perte de chaleur vers l&#8217;ext\u00e9rieur. Entre les panneaux de verre se trouve un gaz noble (g\u00e9n\u00e9ralement de l&#8217;argon), qui r\u00e9duit davantage le coefficient de transmission thermique. Le coefficient de transmission thermique des vitres lamin\u00e9es d\u00e9pend de la surface vitr\u00e9e, de la construction et de l&#8217;\u00e9paisseur du vitrage isolant.<\/p>\n<\/div>\n                    <\/div>\n                <\/div>\n            <\/div>\n        <\/div>\n    <\/div>\n\n<\/section>\n\n\n\n<section id=\"\" class=\"side_image acf-block  acf-block-id-block_0a5ff1a2b35613426b574ea823430cf7 acf-block--mb acf-block--mt\">\n        <div class=\"container\">\n        <div class=\"row side_image__row\">\n            <div class=\"col-12 col-lg-10 offset-lg-1\">\n                <div class=\"row\">\n                    <div class=\"col-12 col-md-4 order-2\">\n                        <img decoding=\"async\" class=\"side_image__img\" src=\"https:\/\/fintecnic.eu\/app\/uploads\/2021\/07\/vetri-laminati-antinfortunio-p.webp\" alt=\"\" loading=\"lazy\">\n                    <\/div>\n                    <div class=\"col-12 col-md-8 order-1\">\n                        <div class=\"side_image__description description\"><p><strong>Verre lamin\u00e9<\/strong> : Ils assurent la s\u00e9curit\u00e9 lors de l&#8217;utilisation, par exemple en rendant difficile la cassure du verre lorsqu&#8217;il est frapp\u00e9 contre le cadre ou en le frappant directement, prot\u00e9geant ainsi contre les dommages ou les blessures. Ils offrent \u00e9galement une protection temporaire potentielle lors d&#8217;une tentative de cambriolage. En cas de dommage, le verre ne se brise pas en morceaux tranchants et reste intact dans son enveloppe (comme le pare-brise d&#8217;une voiture lors d&#8217;un accident).<\/p>\n<\/div>\n                    <\/div>\n                <\/div>\n            <\/div>\n        <\/div>\n    <\/div>\n\n<\/section>\n\n\n\n<section id=\"\" class=\"side_image acf-block  acf-block-id-block_45db94cc737ed2361e099fcd17b6b3af acf-block--mb acf-block--mt\">\n        <div class=\"container\">\n        <div class=\"row side_image__row\">\n            <div class=\"col-12 col-lg-10 offset-lg-1\">\n                <div class=\"row\">\n                    <div class=\"col-12 col-md-4 \">\n                        <img decoding=\"async\" class=\"side_image__img\" src=\"https:\/\/fintecnic.eu\/app\/uploads\/2021\/07\/vetri-laminati-antisfondamento.webp\" alt=\"\" loading=\"lazy\">\n                    <\/div>\n                    <div class=\"col-12 col-md-8 \">\n                        <div class=\"side_image__description description\"><p><strong>Verre lamin\u00e9 r\u00e9sistant aux bris<\/strong> : Il s&#8217;agit de vitres de protection offrant une r\u00e9sistance accrue aux tentatives d&#8217;effraction. Elles sont lamin\u00e9es, tout comme le verre de s\u00e9curit\u00e9. Elles se composent de grandes plaques de verre lamin\u00e9 entre lesquelles se trouve un film sp\u00e9cial. Par exemple, un verre de classe P4A peut remplacer une grille avec un trou de 15 cm de diam\u00e8tre fabriqu\u00e9e en acier de 10 mm d&#8217;\u00e9paisseur.<\/p>\n<\/div>\n                    <\/div>\n                <\/div>\n            <\/div>\n        <\/div>\n    <\/div>\n\n<\/section>\n\n\n\n<section id=\"\" class=\"side_image acf-block  acf-block-id-block_855d2d604eda7dad9d92e5b3c25eed34 acf-block--mb acf-block--mt\">\n        <div class=\"container\">\n        <div class=\"row side_image__row\">\n            <div class=\"col-12 col-lg-10 offset-lg-1\">\n                <div class=\"row\">\n                    <div class=\"col-12 col-md-4 order-2\">\n                        <img decoding=\"async\" class=\"side_image__img\" src=\"https:\/\/fintecnic.eu\/app\/uploads\/2021\/07\/vetri-laminati-fonoassorbenti.webp\" alt=\"\" loading=\"lazy\">\n                    <\/div>\n                    <div class=\"col-12 col-md-8 order-1\">\n                        <div class=\"side_image__description description\"><p><strong>Verre lamin\u00e9 feuillet\u00e9 acoustique<\/strong> : En plus des propri\u00e9t\u00e9s d&#8217;isolation thermique qui font partie de l&#8217;\u00e9quipement standard, ils poss\u00e8dent des propri\u00e9t\u00e9s d&#8217;isolation acoustique contre le bruit ext\u00e9rieur. Ces vitres sont construites de mani\u00e8re \u00e0 pr\u00e9senter des diff\u00e9rences d&#8217;\u00e9paisseur entre les panneaux de verre dans la chambre \u00e0 air. Par exemple, le vitrage ext\u00e9rieur peut \u00eatre compos\u00e9 de deux grandes plaques de verre lamin\u00e9 reli\u00e9es par un film PVB sp\u00e9cial att\u00e9nuant le bruit, tandis que le vitrage int\u00e9rieur peut \u00eatre thermo-isolant avec une couche \u00e0 faible \u00e9missivit\u00e9. En fonction de la construction de ces fen\u00eatres, une isolation acoustique variable peut \u00eatre obtenue.<\/p>\n<\/div>\n                    <\/div>\n                <\/div>\n            <\/div>\n        <\/div>\n    <\/div>\n\n<\/section>\n\n\n\n<section id=\"\" class=\"title_description acf-block  acf-block-id-block_1f63762c43e7770ea863711d2ca74d52 acf-block--mb acf-block--mt\">\n\n            <div class=\"container\">\n    <div class=\"row\">\n        <div class=\"col-12 col-lg-10 offset-lg-1\">\n                        \n\n    <div class=\"description title_description__description\"><p><strong>Verre d\u00e9coratif transparent<\/strong> : Il r\u00e9duit la visibilit\u00e9 \u00e0 travers le verre tout en conservant une bonne transmission de la lumi\u00e8re. Un motif est imprim\u00e9 \u00e0 la surface du verre. Ce type de verre joue \u00e9galement un r\u00f4le d\u00e9coratif. Des exemples de verre d\u00e9coratif incluent le verre delta, le verre sable et le verre \u00e9corce.<\/p>\n<p><strong>Vitrages solaires<\/strong> : Ce sont des verres absorbants qui capturent une partie de l&#8217;\u00e9nergie du rayonnement solaire et prot\u00e8gent les pi\u00e8ces contre la surchauffe. Il s&#8217;agit de verre flott\u00e9 teint\u00e9 dans la masse ; les couleurs disponibles sont le gris, le brun, le bleu et le vert.<\/p>\n<\/div>\n        <\/div>\n    <\/div>\n<\/div>    \n<\/section>\n\n\n\n<section id=\"\" class=\"files_block image_tabs acf-block  acf-block-id-block_dfcd9033476160ab4de17f27c724f30f acf-block--mb acf-block--mt\">\n\n    <div class=\"container\">\n        <div class=\"row\">\n            <div class=\"col-12 col-md-10 offset-md-1\">\n\n                            \n\n\n\n                                    <div data-tabs class=\"files_block__tabs\">\n                        <div data-tabs-container class=\"files_block__tabs__buttons\"><\/div>\n                        \n                            <div data-tab=\"Verre\" class=\"image_tabs__content\">\n\n                                <div class=\"row\">\n\n                                                                            \n                                        \n                                            <a href=\"https:\/\/fintecnic.eu\/app\/uploads\/2021\/07\/vetro-chinchilla.png\" data-fancybox=\"tab-0\" data-caption=\"\" class=\"col-12 col-sm-6 col-md-4 image_tabs__content__item\">\n                                                <figure>\n                                                    <img decoding=\"async\" src=\"https:\/\/fintecnic.eu\/app\/uploads\/2021\/07\/vetro-chinchilla-500x259-c-default.png\" alt=\"\">\n                                                    <figcaption><\/figcaption>\n                                                <\/figure>\n                                            <\/a>\n                                        \n                                                                            \n                                        \n                                            <a href=\"https:\/\/fintecnic.eu\/app\/uploads\/2021\/07\/vetro-crepi.png\" data-fancybox=\"tab-0\" data-caption=\"\" class=\"col-12 col-sm-6 col-md-4 image_tabs__content__item\">\n                                                <figure>\n                                                    <img decoding=\"async\" src=\"https:\/\/fintecnic.eu\/app\/uploads\/2021\/07\/vetro-crepi-500x259-c-default.png\" alt=\"\">\n                                                    <figcaption><\/figcaption>\n                                                <\/figure>\n                                            <\/a>\n                                        \n                                                                            \n                                        \n                                            <a href=\"https:\/\/fintecnic.eu\/app\/uploads\/2021\/07\/vetro-delta-mat.png\" data-fancybox=\"tab-0\" data-caption=\"\" class=\"col-12 col-sm-6 col-md-4 image_tabs__content__item\">\n                                                <figure>\n                                                    <img decoding=\"async\" src=\"https:\/\/fintecnic.eu\/app\/uploads\/2021\/07\/vetro-delta-mat-500x259-c-default.png\" alt=\"\">\n                                                    <figcaption><\/figcaption>\n                                                <\/figure>\n                                            <\/a>\n                                        \n                                                                            \n                                        \n                                            <a href=\"https:\/\/fintecnic.eu\/app\/uploads\/2021\/07\/vetro-mastercare.png\" data-fancybox=\"tab-0\" data-caption=\"\" class=\"col-12 col-sm-6 col-md-4 image_tabs__content__item\">\n                                                <figure>\n                                                    <img decoding=\"async\" src=\"https:\/\/fintecnic.eu\/app\/uploads\/2021\/07\/vetro-mastercare-500x259-c-default.png\" alt=\"\">\n                                                    <figcaption><\/figcaption>\n                                                <\/figure>\n                                            <\/a>\n                                        \n                                                                            \n                                        \n                                            <a href=\"https:\/\/fintecnic.eu\/app\/uploads\/2021\/07\/vetro-niagara.png\" data-fancybox=\"tab-0\" data-caption=\"\" class=\"col-12 col-sm-6 col-md-4 image_tabs__content__item\">\n                                                <figure>\n                                                    <img decoding=\"async\" src=\"https:\/\/fintecnic.eu\/app\/uploads\/2021\/07\/vetro-niagara-500x259-c-default.png\" alt=\"\">\n                                                    <figcaption><\/figcaption>\n                                                <\/figure>\n                                            <\/a>\n                                        \n                                                                            \n                                        \n                                            <a href=\"https:\/\/fintecnic.eu\/app\/uploads\/2021\/07\/vetro-satinato.png\" data-fancybox=\"tab-0\" data-caption=\"\" class=\"col-12 col-sm-6 col-md-4 image_tabs__content__item\">\n                                                <figure>\n                                                    <img decoding=\"async\" src=\"https:\/\/fintecnic.eu\/app\/uploads\/2021\/07\/vetro-satinato-500x259-c-default.png\" alt=\"\">\n                                                    <figcaption><\/figcaption>\n                                                <\/figure>\n                                            <\/a>\n                                        \n                                    \n                                    \n                                                                    <\/div>\n\n\n                            <\/div>\n\n                                            <\/div>\n                \n\n            <\/div>\n        <\/div>\n    <\/div>\n\n<\/section>\n\n","protected":false},"excerpt":{"rendered":"","protected":false},"author":3,"featured_media":3480,"parent":6746,"menu_order":0,"comment_status":"closed","ping_status":"closed","template":"pages\/product-single.php","meta":[],"acf":[],"_links":{"self":[{"href":"https:\/\/fintecnic.eu\/fr\/wp-json\/wp\/v2\/pages\/6781"}],"collection":[{"href":"https:\/\/fintecnic.eu\/fr\/wp-json\/wp\/v2\/pages"}],"about":[{"href":"https:\/\/fintecnic.eu\/fr\/wp-json\/wp\/v2\/types\/page"}],"author":[{"embeddable":true,"href":"https:\/\/fintecnic.eu\/fr\/wp-json\/wp\/v2\/users\/3"}],"replies":[{"embeddable":true,"href":"https:\/\/fintecnic.eu\/fr\/wp-json\/wp\/v2\/comments?post=6781"}],"version-history":[{"count":3,"href":"https:\/\/fintecnic.eu\/fr\/wp-json\/wp\/v2\/pages\/6781\/revisions"}],"predecessor-version":[{"id":6784,"href":"https:\/\/fintecnic.eu\/fr\/wp-json\/wp\/v2\/pages\/6781\/revisions\/6784"}],"up":[{"embeddable":true,"href":"https:\/\/fintecnic.eu\/fr\/wp-json\/wp\/v2\/pages\/6746"}],"wp:featuredmedia":[{"embeddable":true,"href":"https:\/\/fintecnic.eu\/fr\/wp-json\/wp\/v2\/media\/3480"}],"wp:attachment":[{"href":"https:\/\/fintecnic.eu\/fr\/wp-json\/wp\/v2\/media?parent=6781"}],"curies":[{"name":"wp","href":"https:\/\/api.w.org\/{rel}","templated":true}]}}