{"id":6768,"date":"2021-07-07T08:50:09","date_gmt":"2021-07-07T06:50:09","guid":{"rendered":"https:\/\/fintecnic.eu\/?page_id=6768"},"modified":"2024-03-29T11:41:05","modified_gmt":"2024-03-29T10:41:05","slug":"poignee-de-porte-cachee","status":"publish","type":"page","link":"https:\/\/fintecnic.eu\/fr\/fenetres\/accessoires-pour-fenetres\/poignee-de-porte-cachee\/","title":{"rendered":"Poign\u00e9e de porte cach\u00e9e"},"content":{"rendered":"<section id=\"\" class=\"title_description acf-block  acf-block-id-block_e7b51a4eade65692fca3c00299d58d3a acf-block--mb acf-block--mt\">\n\n            <div class=\"container\">\n    <div class=\"row\">\n        <div class=\"col-12 col-lg-10 offset-lg-1\">\n                        \n\n    <div class=\"description title_description__description\"><p>En r\u00e9pondant aux attentes de nos clients, nous avons lanc\u00e9 sur le march\u00e9 <strong>la POIGN\u00c9E CACH\u00c9E MACO TENTAZIONE<\/strong>.<\/p>\n<p>Cette solution est tr\u00e8s esth\u00e9tique tout en conservant la fonctionnalit\u00e9 d&#8217;une poign\u00e9e ordinaire, constituant ainsi une excellente alternative \u00e0 la poign\u00e9e encastr\u00e9e pour les portes coulissantes.<\/p>\n<p>La <strong>poign\u00e9e cach\u00e9e<\/strong> est disponible sp\u00e9cialement pour les syst\u00e8mes Multislide et Jetline (portes coulissantes en applique), ainsi que pour les portes coulissantes avec les profils Aluplast et Salamander. Les couleurs disponibles pour les poign\u00e9es sont le chrome satin\u00e9, l&#8217;or brillant et le blanc.<\/p>\n<\/div>\n        <\/div>\n    <\/div>\n<\/div>    \n<\/section>\n\n\n\n<section id=\"\" class=\"files_block image_tabs acf-block  acf-block-id-block_1487279821022d0baf34a06f38b8500d acf-block--mb acf-block--mt\">\n\n    <div class=\"container\">\n        <div class=\"row\">\n            <div class=\"col-12 col-md-10 offset-md-1\">\n\n                            \n\n\n\n                                    <div data-tabs class=\"files_block__tabs\">\n                        <div data-tabs-container class=\"files_block__tabs__buttons\"><\/div>\n                        \n                            <div data-tab=\"Poign\u00e9e cach\u00e9e Galerie\" class=\"image_tabs__content\">\n\n                                <div class=\"row\">\n\n                                                                            \n                                        \n                                            <a href=\"https:\/\/fintecnic.eu\/app\/uploads\/2021\/07\/la-maniglia-a-scomparsa-psk-patio-tentazione-1-fintecnic-polonia.jpeg\" data-fancybox=\"tab-0\" data-caption=\"\" class=\"col-12 col-sm-6 col-md-4 image_tabs__content__item\">\n                                                <figure>\n                                                    <img decoding=\"async\" src=\"https:\/\/fintecnic.eu\/app\/uploads\/2021\/07\/la-maniglia-a-scomparsa-psk-patio-tentazione-1-fintecnic-polonia-500x259-c-default.jpeg\" alt=\"\">\n                                                    <figcaption><\/figcaption>\n                                                <\/figure>\n                                            <\/a>\n                                        \n                                                                            \n                                        \n                                            <a href=\"https:\/\/fintecnic.eu\/app\/uploads\/2021\/07\/la-maniglia-a-scomparsa-psk-patio-tentazione-fintecnic-finestre-polonia.jpeg\" data-fancybox=\"tab-0\" data-caption=\"\" class=\"col-12 col-sm-6 col-md-4 image_tabs__content__item\">\n                                                <figure>\n                                                    <img decoding=\"async\" src=\"https:\/\/fintecnic.eu\/app\/uploads\/2021\/07\/la-maniglia-a-scomparsa-psk-patio-tentazione-fintecnic-finestre-polonia-500x259-c-default.jpeg\" alt=\"\">\n                                                    <figcaption><\/figcaption>\n                                                <\/figure>\n                                            <\/a>\n                                        \n                                    \n                                    \n                                                                    <\/div>\n\n\n                            <\/div>\n\n                        \n                            <div data-tab=\"Section technique\" class=\"image_tabs__content\">\n\n                                <div class=\"row\">\n\n                                                                            \n                                                                                    <a href=\"https:\/\/fintecnic.eu\/app\/uploads\/2021\/07\/la-maniglia-a-scomparsa-psk-patio-tentazione-fintecnic-finestre-polonia1.jpeg\" data-fancybox=\"tab-1\" data-caption=\"\" class=\"col-12 image_tabs__content__item\">\n                                                <figure>\n                                                    <img decoding=\"async\" src=\"https:\/\/fintecnic.eu\/app\/uploads\/2021\/07\/la-maniglia-a-scomparsa-psk-patio-tentazione-fintecnic-finestre-polonia1.jpeg\" alt=\"\">\n                                                    <figcaption><\/figcaption>\n                                                <\/figure>\n                                            <\/a>\n                                        \n                                    \n                                    \n                                                                    <\/div>\n\n\n                            <\/div>\n\n                                            <\/div>\n                \n\n            <\/div>\n        <\/div>\n    <\/div>\n\n<\/section>\n\n","protected":false},"excerpt":{"rendered":"","protected":false},"author":3,"featured_media":3550,"parent":6746,"menu_order":0,"comment_status":"closed","ping_status":"closed","template":"pages\/product-single.php","meta":[],"acf":[],"_links":{"self":[{"href":"https:\/\/fintecnic.eu\/fr\/wp-json\/wp\/v2\/pages\/6768"}],"collection":[{"href":"https:\/\/fintecnic.eu\/fr\/wp-json\/wp\/v2\/pages"}],"about":[{"href":"https:\/\/fintecnic.eu\/fr\/wp-json\/wp\/v2\/types\/page"}],"author":[{"embeddable":true,"href":"https:\/\/fintecnic.eu\/fr\/wp-json\/wp\/v2\/users\/3"}],"replies":[{"embeddable":true,"href":"https:\/\/fintecnic.eu\/fr\/wp-json\/wp\/v2\/comments?post=6768"}],"version-history":[{"count":3,"href":"https:\/\/fintecnic.eu\/fr\/wp-json\/wp\/v2\/pages\/6768\/revisions"}],"predecessor-version":[{"id":6771,"href":"https:\/\/fintecnic.eu\/fr\/wp-json\/wp\/v2\/pages\/6768\/revisions\/6771"}],"up":[{"embeddable":true,"href":"https:\/\/fintecnic.eu\/fr\/wp-json\/wp\/v2\/pages\/6746"}],"wp:featuredmedia":[{"embeddable":true,"href":"https:\/\/fintecnic.eu\/fr\/wp-json\/wp\/v2\/media\/3550"}],"wp:attachment":[{"href":"https:\/\/fintecnic.eu\/fr\/wp-json\/wp\/v2\/media?parent=6768"}],"curies":[{"name":"wp","href":"https:\/\/api.w.org\/{rel}","templated":true}]}}