{"id":6764,"date":"2021-07-07T08:58:37","date_gmt":"2021-07-07T06:58:37","guid":{"rendered":"https:\/\/fintecnic.eu\/?page_id=6764"},"modified":"2024-03-29T11:36:10","modified_gmt":"2024-03-29T10:36:10","slug":"meneaux","status":"publish","type":"page","link":"https:\/\/fintecnic.eu\/fr\/fenetres\/accessoires-pour-fenetres\/meneaux\/","title":{"rendered":"Meneaux"},"content":{"rendered":"<section id=\"\" class=\"side_image acf-block  acf-block-id-block_5b3812ad4eadb9bce73b4fc2bb915415 acf-block--mb acf-block--mt\">\n        <div class=\"container\">\n        <div class=\"row side_image__row\">\n            <div class=\"col-12 col-lg-10 offset-lg-1\">\n                <div class=\"row\">\n                    <div class=\"col-12 col-md-4 \">\n                        <img decoding=\"async\" class=\"side_image__img\" src=\"https:\/\/fintecnic.eu\/app\/uploads\/2021\/07\/inglesine-per-le-finestre.webp\" alt=\"\" loading=\"lazy\">\n                    <\/div>\n                    <div class=\"col-12 col-md-8 \">\n                        <div class=\"side_image__description description\"><p><strong>Meneaux<\/strong> sont des barres et des montants qui divisent la surface vitr\u00e9e en plusieurs parties, ils sont utilis\u00e9s \u00e0 des fins d\u00e9coratives et sont souvent assortis \u00e0 la palette de couleurs des fen\u00eatres.<\/p>\n<p><strong>MENEAUX INT\u00c9RIEURS :<\/strong> sont plac\u00e9s \u00e0 l&#8217;int\u00e9rieur du verre pendant le processus de production. Nous proposons des meneaux int\u00e9rieurs de largeurs : 8, 18, 26, 45 mm. Les meneaux int\u00e9rieurs peuvent \u00eatre rev\u00eatus d&#8217;un film imitation bois ou peints dans n&#8217;importe quelle couleur de la palette RAL. Il est \u00e9galement possible d&#8217;appliquer une double couleur, une couleur sera visible de l&#8217;int\u00e9rieur et une autre de l&#8217;ext\u00e9rieur de la pi\u00e8ce.<\/p>\n<\/div>\n                    <\/div>\n                <\/div>\n            <\/div>\n        <\/div>\n    <\/div>\n\n<\/section>\n\n\n\n<section id=\"\" class=\"side_image acf-block  acf-block-id-block_5d85f632d63215bf3763ecc1ca9b189d acf-block--mb acf-block--mt\">\n        <div class=\"container\">\n        <div class=\"row side_image__row\">\n            <div class=\"col-12 col-lg-10 offset-lg-1\">\n                <div class=\"row\">\n                    <div class=\"col-12 col-md-4 order-2\">\n                        <img decoding=\"async\" class=\"side_image__img\" src=\"https:\/\/fintecnic.eu\/app\/uploads\/2021\/07\/inglesine-interne-per-le-finestre.webp\" alt=\"\" loading=\"lazy\">\n                    <\/div>\n                    <div class=\"col-12 col-md-8 order-1\">\n                        <div class=\"side_image__description description\"><p><strong>LES BANDES ADH\u00c9SIVES :<\/strong> sont plac\u00e9es directement sur le verre. Ces bandes adh\u00e9sives peuvent \u00eatre coll\u00e9es et chang\u00e9es pendant l&#8217;utilisation des fen\u00eatres. Dans notre offre, nous proposons des bandes adh\u00e9sives d&#8217;une largeur de : 25, 35, 55 mm. Les couleurs des bandes adh\u00e9sives correspondent \u00e0 la couleur des fen\u00eatres en PVC. Les bandes adh\u00e9sives sont \u00e9galement disponibles en tant que bandes viennoises avec un cadre en aluminium \u00e0 l&#8217;int\u00e9rieur du vitrage.<\/p>\n<\/div>\n                    <\/div>\n                <\/div>\n            <\/div>\n        <\/div>\n    <\/div>\n\n<\/section>\n\n\n\n<section id=\"\" class=\"side_image acf-block  acf-block-id-block_70906bf6015c68627384bb51c6188cec acf-block--mb acf-block--mt\">\n        <div class=\"container\">\n        <div class=\"row side_image__row\">\n            <div class=\"col-12 col-lg-10 offset-lg-1\">\n                <div class=\"row\">\n                    <div class=\"col-12 col-md-4 \">\n                        <img decoding=\"async\" class=\"side_image__img\" src=\"https:\/\/fintecnic.eu\/app\/uploads\/2021\/07\/inglesine.webp\" alt=\"\" loading=\"lazy\">\n                    <\/div>\n                    <div class=\"col-12 col-md-8 \">\n                        <div class=\"side_image__description description\"><p><strong>MENEAUX STRUCTURAUX :<\/strong> font partie du cadre de la fen\u00eatre. Ils n\u00e9cessitent l&#8217;utilisation d&#8217;autant de petites vitres qu&#8217;il y a de compartiments sur toute la surface de la fen\u00eatre. De plus, les meneaux structurels renforcent la rigidit\u00e9 du cadre de la fen\u00eatre.<\/p>\n<\/div>\n                    <\/div>\n                <\/div>\n            <\/div>\n        <\/div>\n    <\/div>\n\n<\/section>\n\n","protected":false},"excerpt":{"rendered":"","protected":false},"author":3,"featured_media":3402,"parent":6746,"menu_order":0,"comment_status":"closed","ping_status":"closed","template":"pages\/product-single.php","meta":[],"acf":[],"_links":{"self":[{"href":"https:\/\/fintecnic.eu\/fr\/wp-json\/wp\/v2\/pages\/6764"}],"collection":[{"href":"https:\/\/fintecnic.eu\/fr\/wp-json\/wp\/v2\/pages"}],"about":[{"href":"https:\/\/fintecnic.eu\/fr\/wp-json\/wp\/v2\/types\/page"}],"author":[{"embeddable":true,"href":"https:\/\/fintecnic.eu\/fr\/wp-json\/wp\/v2\/users\/3"}],"replies":[{"embeddable":true,"href":"https:\/\/fintecnic.eu\/fr\/wp-json\/wp\/v2\/comments?post=6764"}],"version-history":[{"count":3,"href":"https:\/\/fintecnic.eu\/fr\/wp-json\/wp\/v2\/pages\/6764\/revisions"}],"predecessor-version":[{"id":6767,"href":"https:\/\/fintecnic.eu\/fr\/wp-json\/wp\/v2\/pages\/6764\/revisions\/6767"}],"up":[{"embeddable":true,"href":"https:\/\/fintecnic.eu\/fr\/wp-json\/wp\/v2\/pages\/6746"}],"wp:featuredmedia":[{"embeddable":true,"href":"https:\/\/fintecnic.eu\/fr\/wp-json\/wp\/v2\/media\/3402"}],"wp:attachment":[{"href":"https:\/\/fintecnic.eu\/fr\/wp-json\/wp\/v2\/media?parent=6764"}],"curies":[{"name":"wp","href":"https:\/\/api.w.org\/{rel}","templated":true}]}}