{"id":6752,"date":"2021-07-07T08:59:12","date_gmt":"2021-07-07T06:59:12","guid":{"rendered":"https:\/\/fintecnic.eu\/?page_id=6752"},"modified":"2024-03-29T11:29:41","modified_gmt":"2024-03-29T10:29:41","slug":"cadre-thermique","status":"publish","type":"page","link":"https:\/\/fintecnic.eu\/fr\/fenetres\/accessoires-pour-fenetres\/cadre-thermique\/","title":{"rendered":"Cadre thermique"},"content":{"rendered":"<section id=\"\" class=\"side_image acf-block  acf-block-id-block_1b0531b519ff7a7df95fd4a047135242 acf-block--mb acf-block--mt\">\n        <div class=\"container\">\n        <div class=\"row side_image__row\">\n            <div class=\"col-12 col-lg-10 offset-lg-1\">\n                <div class=\"row\">\n                    <div class=\"col-12 col-md-4 \">\n                        <img decoding=\"async\" class=\"side_image__img\" src=\"https:\/\/fintecnic.eu\/app\/uploads\/2021\/07\/canalina-calda-img.webp\" alt=\"\" loading=\"lazy\">\n                    <\/div>\n                    <div class=\"col-12 col-md-8 \">\n                        <div class=\"side_image__description description\"><p><strong>Cadre thermique:<\/strong> situ\u00e9 entre les vitres (dans une fen\u00eatre \u00e0 double vitrage).<\/p>\n<p>Nos cadres thermiques propos\u00e9s sont fabriqu\u00e9s en mat\u00e9riau synth\u00e9tique pr\u00e9sentant d&#8217;excellentes propri\u00e9t\u00e9s de conductivit\u00e9 thermique, r\u00e9duisant ainsi les pertes de chaleur entre le profil du ch\u00e2ssis \u00e0 double vitrage et le bord de la vitre.<\/p>\n<p>En plus de r\u00e9duire le coefficient de transfert thermique des fen\u00eatres, le cadre thermique contribue \u00e0 augmenter la temp\u00e9rature de la fen\u00eatre \u00e0 l&#8217;int\u00e9rieur de la pi\u00e8ce, entre le cadre et la vitre, ce qui contribue \u00e0 r\u00e9duire consid\u00e9rablement la condensation de la vapeur d&#8217;eau dans cet espace.<\/p>\n<p>L&#8217;utilisation du cadre thermique affecte deux param\u00e8tres importants de la fen\u00eatre : le transfert de chaleur, responsable de la r\u00e9duction des pertes d&#8217;\u00e9nergie, et la temp\u00e9rature de point de condensation de la vapeur d&#8217;eau au niveau de la jonction entre la vitre et le cadre de la fen\u00eatre (r\u00e9duction de la condensation de la vapeur d&#8217;eau), am\u00e9liorant ainsi le confort d&#8217;utilisation.<\/p>\n<p>Les cadres thermiques sont disponibles dans les couleurs suivantes : blanc, gris clair, gris fonc\u00e9, marron.<\/p>\n<\/div>\n                    <\/div>\n                <\/div>\n            <\/div>\n        <\/div>\n    <\/div>\n\n<\/section>\n\n","protected":false},"excerpt":{"rendered":"","protected":false},"author":3,"featured_media":3400,"parent":6746,"menu_order":0,"comment_status":"closed","ping_status":"closed","template":"pages\/product-single.php","meta":[],"acf":[],"_links":{"self":[{"href":"https:\/\/fintecnic.eu\/fr\/wp-json\/wp\/v2\/pages\/6752"}],"collection":[{"href":"https:\/\/fintecnic.eu\/fr\/wp-json\/wp\/v2\/pages"}],"about":[{"href":"https:\/\/fintecnic.eu\/fr\/wp-json\/wp\/v2\/types\/page"}],"author":[{"embeddable":true,"href":"https:\/\/fintecnic.eu\/fr\/wp-json\/wp\/v2\/users\/3"}],"replies":[{"embeddable":true,"href":"https:\/\/fintecnic.eu\/fr\/wp-json\/wp\/v2\/comments?post=6752"}],"version-history":[{"count":3,"href":"https:\/\/fintecnic.eu\/fr\/wp-json\/wp\/v2\/pages\/6752\/revisions"}],"predecessor-version":[{"id":6755,"href":"https:\/\/fintecnic.eu\/fr\/wp-json\/wp\/v2\/pages\/6752\/revisions\/6755"}],"up":[{"embeddable":true,"href":"https:\/\/fintecnic.eu\/fr\/wp-json\/wp\/v2\/pages\/6746"}],"wp:featuredmedia":[{"embeddable":true,"href":"https:\/\/fintecnic.eu\/fr\/wp-json\/wp\/v2\/media\/3400"}],"wp:attachment":[{"href":"https:\/\/fintecnic.eu\/fr\/wp-json\/wp\/v2\/media?parent=6752"}],"curies":[{"name":"wp","href":"https:\/\/api.w.org\/{rel}","templated":true}]}}