{"id":6742,"date":"2023-09-25T14:19:26","date_gmt":"2023-09-25T12:19:26","guid":{"rendered":"https:\/\/fintecnic.eu\/?page_id=6742"},"modified":"2024-03-29T11:24:55","modified_gmt":"2024-03-29T10:24:55","slug":"aliplast-genesis-75","status":"publish","type":"page","link":"https:\/\/fintecnic.eu\/fr\/fenetres\/fenetres-en-aluminium\/aliplast-genesis-75\/","title":{"rendered":"ALIPLAST Genesis 75"},"content":{"rendered":"<section id=\"\" class=\"side_image acf-block  acf-block-id-block_26cbd2c4aa8970580be224318b4cc288 acf-block--mb acf-block--mt\">\n        <div class=\"container\">\n        <div class=\"row side_image__row\">\n            <div class=\"col-12 col-lg-10 offset-lg-1\">\n                <div class=\"row\">\n                    <div class=\"col-12 col-md-4 \">\n                        <img decoding=\"async\" class=\"side_image__img\" src=\"https:\/\/fintecnic.eu\/app\/uploads\/2023\/09\/aliplast_genesis_75_fintecnic_finestre_dalla_polonia.webp\" alt=\"\" loading=\"lazy\">\n                    <\/div>\n                    <div class=\"col-12 col-md-8 \">\n                        <div class=\"side_image__description description\"><p>Les profil\u00e9s en aluminium Genesis 75 de la soci\u00e9t\u00e9 ALIPLAST sont utilis\u00e9s dans la conception de fen\u00eatres pour les b\u00e2timents r\u00e9sidentiels et les espaces publics. Ce sont des profil\u00e9s haut de gamme garantissant une grande efficacit\u00e9 \u00e9nerg\u00e9tique et d&#8217;excellentes performances thermiques.<\/p>\n<p>Les principales caract\u00e9ristiques de ce syst\u00e8me sont :<\/p>\n<ul>\n<li>Syst\u00e8me de fen\u00eatres et de portes \u00e0 trois chambres con\u00e7u pour la construction de fen\u00eatres \u00e0 isolation thermique renforc\u00e9e<\/li>\n<li>Excellentes performances thermiques des fen\u00eatres Genesis 75 (Uw \u00e0 partir de 0,90)<\/li>\n<li>B\u00e2ti d&#8217;une profondeur de 75 mm<\/li>\n<li>Une large gamme de profils Genesis 75 permet de concevoir des fen\u00eatres modernes, des portes et des vitrines de magasin tr\u00e8s fonctionnelles<\/li>\n<li>Joint thermique suppl\u00e9mentaire assurant une \u00e9tanch\u00e9it\u00e9 tr\u00e8s \u00e9lev\u00e9e des fen\u00eatres (perm\u00e9abilit\u00e9 \u00e0 l&#8217;air, \u00e9tanch\u00e9it\u00e9 \u00e0 l&#8217;eau) ainsi qu&#8217;un design innovant et esth\u00e9tique<\/li>\n<li>Possibilit\u00e9 de choisir diff\u00e9rents finis de profil\u00e9s (y compris des finitions de r\u00e9novation) pour donner un caract\u00e8re individuel \u00e0 la construction de la fen\u00eatre<\/li>\n<li>Possibilit\u00e9 de raccordement \u00e0 angle droit avec des vitrages complets<\/li>\n<li>Option disponible Genesis OUT (Genesis OUT i, Genesis OUT i+) &#8211; fen\u00eatres s&#8217;ouvrant vers l&#8217;ext\u00e9rieur<\/li>\n<li>Large \u00e9ventail de couleurs &#8211; RAL (Qualicoat 1518), couleurs structur\u00e9es, couleurs effet bois Aliplast Wood Color Effect (Qualideco PL-0001), anodisation (Qualanod 1808), bicolores<\/li>\n<li>Genesis 75 permet \u00e9galement la construction de portes<\/li>\n<\/ul>\n<\/div>\n                    <\/div>\n                <\/div>\n            <\/div>\n        <\/div>\n    <\/div>\n\n<\/section>\n\n\n\n<section id=\"\" class=\"title_description acf-block  acf-block-id-block_b76d242840cb0c18950cabc10e1faa24 acf-block--mb acf-block--mt\">\n\n            <div class=\"container\">\n    <div class=\"row\">\n        <div class=\"col-12 col-lg-10 offset-lg-1\">\n                        \n    <h2 class=\"title_description__title title\">SP\u00c9CIFICATIONS DU PRODUIT<\/h2>\n\n    <div class=\"description title_description__description\"><table border=\"1\" cellspacing=\"0\" cellpadding=\"0\" data-mce-selected=\"1\">\n<tbody>\n<tr class=\"overTable__TH\">\n<td width=\"150\"><span style=\"font-size: x-small; padding: 9px;\">syst\u00e8me<\/span><\/td>\n<td width=\"135\"><span style=\"font-size: x-small; padding: 9px;\">mat\u00e9riau<\/span><\/td>\n<td width=\"177\"><span style=\"font-size: x-small; padding: 9px;\">Profondeur du cadre<\/span><\/td>\n<td width=\"157\"><span style=\"font-size: x-small; padding: 9px;\">profondeur du vantail<\/span><\/td>\n<td width=\"184\"><span style=\"font-size: x-small; padding: 9px;\">\u00e9paisseur du verre<\/span><\/td>\n<td width=\"182\"><span style=\"font-size: x-small; padding: 9px;\">type de fen\u00eatre<\/span><\/td>\n<td width=\"182\"><span style=\"font-size: x-small; padding: 9px;\">type de porte<\/span><\/td>\n<\/tr>\n<tr>\n<td><span style=\"font-size: x-small; padding: 9px;\">GN 75 fen\u00eatres<br \/><\/span><\/td>\n<td><span style=\"font-size: x-small; padding: 9px;\">aluminium\/mat\u00e9riau isolant<\/span><\/td>\n<td><span style=\"font-size: x-small; padding: 9px;\">75 mm<\/span><\/td>\n<td><span style=\"font-size: x-small; padding: 9px;\">84 mm<\/span><\/td>\n<td><span style=\"font-size: x-small; padding: 9px;\">fix 1 &#8211; 56 mm \/ 9-65 mm<\/span><\/td>\n<td width=\"182\"><span style=\"font-size: x-small; padding: 9px;\">murs, fen\u00eatres fixes et \u00e0 battants<\/span><\/td>\n<td width=\"182\"><span style=\"font-size: x-small; padding: 9px;\">&#8211;<\/span><\/td>\n<\/tr>\n<tr>\n<td><span style=\"font-size: x-small; padding: 9px;\">GN 75 portes<\/span><\/td>\n<td><span style=\"font-size: x-small; padding: 9px;\">aluminium\/polyamide<\/span><\/td>\n<td><span style=\"font-size: x-small; padding: 9px;\">75 mm <\/span><\/td>\n<td><span style=\"font-size: x-small; padding: 9px;\">75 mm<\/span><\/td>\n<td><span style=\"font-size: x-small; padding: 9px;\">1 &#8211; 59 mm <\/span><\/td>\n<td width=\"182\"><span style=\"font-size: x-small; padding: 9px;\">&#8211;<\/span><\/td>\n<td width=\"182\"><span style=\"font-size: x-small; padding: 9px;\"> \u00e0 un vantail, \u00e0 deux vantaux, s&#8217;ouvrant vers l&#8217;ext\u00e9rieur, s&#8217;ouvrant vers l&#8217;int\u00e9rieur, portes anti-panique<\/span><\/td>\n<\/tr>\n<\/tbody>\n<\/table>\n<\/div>\n        <\/div>\n    <\/div>\n<\/div>    \n<\/section>\n\n\n\n<section id=\"\" class=\"title_description acf-block  acf-block-id-block_8422d475e0be18e9b497e458bbe13774 acf-block--mb acf-block--mt\">\n\n            <div class=\"container\">\n    <div class=\"row\">\n        <div class=\"col-12 col-lg-10 offset-lg-1\">\n                        \n    <h2 class=\"title_description__title title\">CARACT\u00c9RISTIQUES TECHNIQUES<\/h2>\n\n    <div class=\"description title_description__description\"><div class=\"overTable\">\n<table border=\"1\" cellspacing=\"0\" cellpadding=\"0\">\n<tbody>\n<tr class=\"overTable__TH\">\n<td><span style=\"font-size: x-small; padding: 9px;\">syst\u00e8me<\/span><\/td>\n<td><span style=\"font-size: x-small; padding: 9px;\">isolation thermique Uf*<\/span><\/td>\n<td><span style=\"font-size: x-small; padding: 9px;\">perm\u00e9abilit\u00e9 \u00e0 l&#8217;air<\/span><\/td>\n<td><span style=\"font-size: x-small; padding: 9px;\">charge du vent<\/span><\/td>\n<td><span style=\"font-size: x-small; padding: 9px;\">\u00e9tanch\u00e9it\u00e9 \u00e0 l&#8217;eau<\/span><\/td>\n<\/tr>\n<tr>\n<td><span style=\"font-size: x-small; padding: 9px;\">GN 75 fen\u00eatres<br \/>\n<\/span><\/td>\n<td><span style=\"font-size: x-small; padding: 9px;\">Uf \u00e0 partir de 0,84 W\/m<sup>2<\/sup>K\u00a0<\/span><\/td>\n<td><span style=\"font-size: x-small; padding: 9px;\">Classe 4; PN-EN 12207<\/span><\/td>\n<td><span style=\"font-size: x-small; padding: 9px;\">Classe C4 (2400 Pa); PN-EN 12210<\/span><\/td>\n<td><span style=\"font-size: x-small; padding: 9px;\">E2400 (2400Pa); PN-EN 12208<\/span><\/td>\n<\/tr>\n<tr>\n<td><span style=\"font-size: x-small; padding: 9px;\">GN portes<\/span><\/td>\n<td><span style=\"font-size: x-small; padding: 9px;\">Uf \u00e0 partir de 1,625 W\/m2K<\/span><\/td>\n<td><span style=\"font-size: x-small; padding: 9px;\">Classe 4; PN-EN 12207<\/span><\/td>\n<td><span style=\"font-size: x-small; padding: 9px;\">Classe C5 (2000Pa); PN-EN12210<\/span><\/td>\n<td><span style=\"font-size: x-small; padding: 9px;\">E1200 (1200Pa); PN-EN 12208<\/span><\/td>\n<\/tr>\n<tr>\n<td><span style=\"font-size: x-small; padding: 9px;\">GN i+ portes<\/span><\/td>\n<td><span style=\"font-size: x-small; padding: 9px;\">Uf \u00e0 partir de 1,195 W\/m2K<\/span><\/td>\n<td><span style=\"font-size: x-small; padding: 9px;\">Classe 4; PN-EN 12207<\/span><\/td>\n<td><span style=\"font-size: x-small; padding: 9px;\">Classe C5 (2000Pa); PN-EN12210<\/span><\/td>\n<td><span style=\"font-size: x-small; padding: 9px;\">E1200 (1200Pa); PN-EN 12208<\/span><\/td>\n<\/tr>\n<\/tbody>\n<\/table>\n<\/div>\n<\/div>\n        <\/div>\n    <\/div>\n<\/div>    \n<\/section>\n\n\n\n<section id=\"\" class=\"files_block image_tabs acf-block  acf-block-id-block_508cd599f26827d0c2e511762cedb590 acf-block--mb acf-block--mt\">\n\n    <div class=\"container\">\n        <div class=\"row\">\n            <div class=\"col-12 col-md-10 offset-md-1\">\n\n                            \n    <h2 class=\"files_block__title title\">Esquisses techniques<\/h2>\n\n\n\n                                    <div data-tabs class=\"files_block__tabs\">\n                        <div data-tabs-container class=\"files_block__tabs__buttons\"><\/div>\n                        \n                            <div data-tab=\"Sections\" class=\"image_tabs__content\">\n\n                                <div class=\"row\">\n\n                                                                            \n                                        \n                                            <a href=\"https:\/\/fintecnic.eu\/app\/uploads\/2023\/09\/aliplast_genesis_75_fintecnic_finestre_dalla_polonia_scheme_3.png\" data-fancybox=\"tab-0\" data-caption=\"\" class=\"col-12 col-sm-6 col-md-4 image_tabs__content__item\">\n                                                <figure>\n                                                    <img decoding=\"async\" src=\"https:\/\/fintecnic.eu\/app\/uploads\/2023\/09\/aliplast_genesis_75_fintecnic_finestre_dalla_polonia_scheme_3-500x259-c-default.png\" alt=\"\">\n                                                    <figcaption><\/figcaption>\n                                                <\/figure>\n                                            <\/a>\n                                        \n                                                                            \n                                        \n                                            <a href=\"https:\/\/fintecnic.eu\/app\/uploads\/2023\/09\/aliplast_genesis_75_fintecnic_finestre_dalla_polonia_scheme_2.jpeg\" data-fancybox=\"tab-0\" data-caption=\"\" class=\"col-12 col-sm-6 col-md-4 image_tabs__content__item\">\n                                                <figure>\n                                                    <img decoding=\"async\" src=\"https:\/\/fintecnic.eu\/app\/uploads\/2023\/09\/aliplast_genesis_75_fintecnic_finestre_dalla_polonia_scheme_2-500x259-c-default.jpeg\" alt=\"\">\n                                                    <figcaption><\/figcaption>\n                                                <\/figure>\n                                            <\/a>\n                                        \n                                                                            \n                                        \n                                            <a href=\"https:\/\/fintecnic.eu\/app\/uploads\/2023\/09\/aliplast_genesis_75_fintecnic_finestre_dalla_polonia_scheme_1.jpeg\" data-fancybox=\"tab-0\" data-caption=\"\" class=\"col-12 col-sm-6 col-md-4 image_tabs__content__item\">\n                                                <figure>\n                                                    <img decoding=\"async\" src=\"https:\/\/fintecnic.eu\/app\/uploads\/2023\/09\/aliplast_genesis_75_fintecnic_finestre_dalla_polonia_scheme_1-500x259-c-default.jpeg\" alt=\"\">\n                                                    <figcaption><\/figcaption>\n                                                <\/figure>\n                                            <\/a>\n                                        \n                                    \n                                    \n                                                                    <\/div>\n\n\n                            <\/div>\n\n                                            <\/div>\n                \n\n            <\/div>\n        <\/div>\n    <\/div>\n\n<\/section>\n\n\n\n<section id=\"\" class=\"files_block image_tabs acf-block  acf-block-id-block_5e84359ddd864c47dcde155f20dcfa9c acf-block--mb acf-block--mt\">\n\n    <div class=\"container\">\n        <div class=\"row\">\n            <div class=\"col-12 col-md-10 offset-md-1\">\n\n                            \n    <h2 class=\"files_block__title title\">Exemples de projets du fabricant de profils<\/h2>\n\n\n\n                                    <div data-tabs class=\"files_block__tabs\">\n                        <div data-tabs-container class=\"files_block__tabs__buttons\"><\/div>\n                        \n                            <div data-tab=\"Exemples de d\u00e9ploiements du fabricant\" class=\"image_tabs__content\">\n\n                                <div class=\"row\">\n\n                                                                            \n                                        \n                                            <a href=\"https:\/\/fintecnic.eu\/app\/uploads\/2023\/09\/aliplast_genesis_75_fintecnic_finestre_dalla_polonia_realizzazioni_6.jpeg\" data-fancybox=\"tab-0\" data-caption=\"\" class=\"col-12 col-sm-6 col-md-4 image_tabs__content__item\">\n                                                <figure>\n                                                    <img decoding=\"async\" src=\"https:\/\/fintecnic.eu\/app\/uploads\/2023\/09\/aliplast_genesis_75_fintecnic_finestre_dalla_polonia_realizzazioni_6-500x259-c-default.jpeg\" alt=\"\">\n                                                    <figcaption><\/figcaption>\n                                                <\/figure>\n                                            <\/a>\n                                        \n                                                                            \n                                        \n                                            <a href=\"https:\/\/fintecnic.eu\/app\/uploads\/2023\/09\/aliplast_genesis_75_fintecnic_finestre_dalla_polonia_realizzazioni_5.jpeg\" data-fancybox=\"tab-0\" data-caption=\"\" class=\"col-12 col-sm-6 col-md-4 image_tabs__content__item\">\n                                                <figure>\n                                                    <img decoding=\"async\" src=\"https:\/\/fintecnic.eu\/app\/uploads\/2023\/09\/aliplast_genesis_75_fintecnic_finestre_dalla_polonia_realizzazioni_5-500x259-c-default.jpeg\" alt=\"\">\n                                                    <figcaption><\/figcaption>\n                                                <\/figure>\n                                            <\/a>\n                                        \n                                                                            \n                                        \n                                            <a href=\"https:\/\/fintecnic.eu\/app\/uploads\/2023\/09\/aliplast_genesis_75_fintecnic_finestre_dalla_polonia_realizzazioni_4.jpeg\" data-fancybox=\"tab-0\" data-caption=\"\" class=\"col-12 col-sm-6 col-md-4 image_tabs__content__item\">\n                                                <figure>\n                                                    <img decoding=\"async\" src=\"https:\/\/fintecnic.eu\/app\/uploads\/2023\/09\/aliplast_genesis_75_fintecnic_finestre_dalla_polonia_realizzazioni_4-500x259-c-default.jpeg\" alt=\"\">\n                                                    <figcaption><\/figcaption>\n                                                <\/figure>\n                                            <\/a>\n                                        \n                                                                            \n                                        \n                                            <a href=\"https:\/\/fintecnic.eu\/app\/uploads\/2023\/09\/aliplast_genesis_75_fintecnic_finestre_dalla_polonia_realizzazioni_3.jpeg\" data-fancybox=\"tab-0\" data-caption=\"\" class=\"col-12 col-sm-6 col-md-4 image_tabs__content__item\">\n                                                <figure>\n                                                    <img decoding=\"async\" src=\"https:\/\/fintecnic.eu\/app\/uploads\/2023\/09\/aliplast_genesis_75_fintecnic_finestre_dalla_polonia_realizzazioni_3-500x259-c-default.jpeg\" alt=\"\">\n                                                    <figcaption><\/figcaption>\n                                                <\/figure>\n                                            <\/a>\n                                        \n                                                                            \n                                        \n                                            <a href=\"https:\/\/fintecnic.eu\/app\/uploads\/2023\/09\/aliplast_genesis_75_fintecnic_finestre_dalla_polonia_realizzazioni_2.jpeg\" data-fancybox=\"tab-0\" data-caption=\"\" class=\"col-12 col-sm-6 col-md-4 image_tabs__content__item\">\n                                                <figure>\n                                                    <img decoding=\"async\" src=\"https:\/\/fintecnic.eu\/app\/uploads\/2023\/09\/aliplast_genesis_75_fintecnic_finestre_dalla_polonia_realizzazioni_2-500x259-c-default.jpeg\" alt=\"\">\n                                                    <figcaption><\/figcaption>\n                                                <\/figure>\n                                            <\/a>\n                                        \n                                                                            \n                                        \n                                            <a href=\"https:\/\/fintecnic.eu\/app\/uploads\/2023\/09\/aliplast_genesis_75_fintecnic_finestre_dalla_polonia_realizzazioni_1.jpeg\" data-fancybox=\"tab-0\" data-caption=\"\" class=\"col-12 col-sm-6 col-md-4 image_tabs__content__item\">\n                                                <figure>\n                                                    <img decoding=\"async\" src=\"https:\/\/fintecnic.eu\/app\/uploads\/2023\/09\/aliplast_genesis_75_fintecnic_finestre_dalla_polonia_realizzazioni_1-500x259-c-default.jpeg\" alt=\"\">\n                                                    <figcaption><\/figcaption>\n                                                <\/figure>\n                                            <\/a>\n                                        \n                                    \n                                    \n                                                                    <\/div>\n\n\n                            <\/div>\n\n                                            <\/div>\n                \n\n            <\/div>\n        <\/div>\n    <\/div>\n\n<\/section>\n\n","protected":false},"excerpt":{"rendered":"","protected":false},"author":3,"featured_media":4770,"parent":6705,"menu_order":1,"comment_status":"closed","ping_status":"closed","template":"pages\/product-single.php","meta":[],"acf":[],"_links":{"self":[{"href":"https:\/\/fintecnic.eu\/fr\/wp-json\/wp\/v2\/pages\/6742"}],"collection":[{"href":"https:\/\/fintecnic.eu\/fr\/wp-json\/wp\/v2\/pages"}],"about":[{"href":"https:\/\/fintecnic.eu\/fr\/wp-json\/wp\/v2\/types\/page"}],"author":[{"embeddable":true,"href":"https:\/\/fintecnic.eu\/fr\/wp-json\/wp\/v2\/users\/3"}],"replies":[{"embeddable":true,"href":"https:\/\/fintecnic.eu\/fr\/wp-json\/wp\/v2\/comments?post=6742"}],"version-history":[{"count":3,"href":"https:\/\/fintecnic.eu\/fr\/wp-json\/wp\/v2\/pages\/6742\/revisions"}],"predecessor-version":[{"id":6745,"href":"https:\/\/fintecnic.eu\/fr\/wp-json\/wp\/v2\/pages\/6742\/revisions\/6745"}],"up":[{"embeddable":true,"href":"https:\/\/fintecnic.eu\/fr\/wp-json\/wp\/v2\/pages\/6705"}],"wp:featuredmedia":[{"embeddable":true,"href":"https:\/\/fintecnic.eu\/fr\/wp-json\/wp\/v2\/media\/4770"}],"wp:attachment":[{"href":"https:\/\/fintecnic.eu\/fr\/wp-json\/wp\/v2\/media?parent=6742"}],"curies":[{"name":"wp","href":"https:\/\/api.w.org\/{rel}","templated":true}]}}