{"id":6734,"date":"2023-10-30T11:51:51","date_gmt":"2023-10-30T10:51:51","guid":{"rendered":"https:\/\/fintecnic.eu\/?page_id=6734"},"modified":"2024-03-29T11:18:49","modified_gmt":"2024-03-29T10:18:49","slug":"yawal-systeme-tm-74-hi","status":"publish","type":"page","link":"https:\/\/fintecnic.eu\/fr\/fenetres\/fenetres-en-aluminium\/yawal-systeme-tm-74-hi\/","title":{"rendered":"Yawal Syst\u00e8me TM 74 HI"},"content":{"rendered":"<section id=\"\" class=\"side_image acf-block  acf-block-id-block_5edef8f0e06b876c0630b86c1af203c0 acf-block--mb acf-block--mt\">\n        <div class=\"container\">\n        <div class=\"row side_image__row\">\n            <div class=\"col-12 col-lg-10 offset-lg-1\">\n                <div class=\"row\">\n                    <div class=\"col-12 col-md-4 \">\n                        <img decoding=\"async\" class=\"side_image__img\" src=\"https:\/\/fintecnic.eu\/app\/uploads\/2023\/10\/pvc-alluminio-fintecnic-lodz-italia-finestre-finestre-dalla-polonia-yawal_tm_74_HI_sistema.webp\" alt=\"\" loading=\"lazy\">\n                    <\/div>\n                    <div class=\"col-12 col-md-8 \">\n                        <div class=\"side_image__description description\"><p>Ce syst\u00e8me est destin\u00e9 \u00e0 la construction de fen\u00eatres, de portes, et de vitrines avec des performances \u00e9lev\u00e9es en termes d&#8217;isolation thermique, pour une utilisation dans des b\u00e2timents r\u00e9sidentiels, publics et industriels.<\/p>\n<p>Les isolateurs thermiques utilis\u00e9s dans ce syst\u00e8me (fabriqu\u00e9s \u00e0 partir de polyamide renforc\u00e9 de fibre de verre) ainsi que l&#8217;espace entre eux sont remplis de mousse de polyur\u00e9thane.<\/p>\n<p>Ce syst\u00e8me permet la r\u00e9alisation de grandes structures gr\u00e2ce \u00e0 l&#8217;utilisation de profils renforc\u00e9s \u00e0 la fois dans la configuration externe et interne.<\/p>\n<ul>\n<li>Profils pliables<\/li>\n<li>Possibilit\u00e9 de montage des fen\u00eatres dans des syst\u00e8mes de fa\u00e7ade<\/li>\n<li>Possibilit\u00e9 de construire des ensembles de structures connect\u00e9es sous n&#8217;importe quel angle<\/li>\n<li>Possibilit\u00e9 d&#8217;utilisation de serrures \u00e9lectriques<\/li>\n<li>Possibilit\u00e9 d&#8217;utilisation de charni\u00e8res en applique, cach\u00e9es ou \u00e0 rouleaux<\/li>\n<li>Possibilit\u00e9 d&#8217;utiliser une gamme compl\u00e8te de quincaillerie moderne et de poign\u00e9es individuelles ou de poign\u00e9es en utilisant diff\u00e9rentes largeurs de profils<\/li>\n<\/ul>\n<\/div>\n                    <\/div>\n                <\/div>\n            <\/div>\n        <\/div>\n    <\/div>\n\n<\/section>\n\n\n\n<section id=\"\" class=\"title_description acf-block  acf-block-id-block_0e5aefc200598a55824f97c3cc9d0181 acf-block--mb acf-block--mt\">\n\n            <div class=\"container\">\n    <div class=\"row\">\n        <div class=\"col-12 col-lg-10 offset-lg-1\">\n                        \n    <h2 class=\"title_description__title title\">Caract\u00e9ristiques techniques<\/h2>\n\n    <div class=\"description title_description__description\"><div class=\"overTable\">\n<table border=\"1\" cellspacing=\"0\" cellpadding=\"0\">\n<tbody>\n<tr class=\"overTable__TH\">\n<td><span style=\"font-size: x-small; padding: 9px;\"><\/span><\/td>\n<td><span style=\"font-size: x-small; padding: 9px;\">Fen\u00eatres<\/span><\/td>\n<\/tr>\n<tr>\n<td><span style=\"font-size: x-small; padding: 9px;\">Isolation termique EN 10077-2<\/span><\/td>\n<td><span style=\"font-size: x-small; padding: 9px;\">Uw de 0,75 W\/m<sup>2<\/sup>K<\/span><\/td>\n<\/tr>\n<tr>\n<td><span style=\"font-size: x-small; padding: 9px;\">Isolation aqustique EN ISO 140-3<\/span><\/td>\n<td><span style=\"font-size: x-small; padding: 9px;\">Rw = 31 \u00f7 44 dB<\/span><\/td>\n<\/tr>\n<tr>\n<td><span style=\"font-size: x-small; padding: 9px;\">Perm\u00e9abilit\u00e9 \u00e0 l&#8217;air EN 12207<\/span><\/td>\n<td><span style=\"font-size: x-small; padding: 9px;\">Classe 4<\/span><\/td>\n<\/tr>\n<tr>\n<td><span style=\"font-size: x-small; padding: 9px;\">\u00c9tanch\u00e9it\u00e9 EN 12208<\/span><\/td>\n<td><span style=\"font-size: x-small; padding: 9px;\">E2100<\/span><\/td>\n<\/tr>\n<tr>\n<td><span style=\"font-size: x-small; padding: 9px;\">R\u00e9sistance \u00e0 la charge du vent EN 12210<\/span><\/td>\n<td><span style=\"font-size: x-small; padding: 9px;\">Classe C4\/B4<\/span><\/td>\n<\/tr>\n<tr>\n<td><span style=\"font-size: x-small; padding: 9px;\">R\u00e9sistance au cambriolage EN 1627 <\/span><\/td>\n<td><span style=\"font-size: x-small; padding: 9px;\">RC2, RC2N, RC3<\/span><\/td>\n<\/tr>\n<\/tbody>\n<\/table>\n<\/div>\n<\/div>\n        <\/div>\n    <\/div>\n<\/div>    \n<\/section>\n\n\n\n<section id=\"\" class=\"title_description acf-block  acf-block-id-block_2002a3af388150d242b69bbad03c1084 acf-block--mb acf-block--mt\">\n\n            <div class=\"container\">\n    <div class=\"row\">\n        <div class=\"col-12 col-lg-10 offset-lg-1\">\n                        \n    <h2 class=\"title_description__title title\">Caract\u00e9ristiques du syst\u00e8me<\/h2>\n\n    <div class=\"description title_description__description\"><div class=\"overTable\">\n<table border=\"1\" cellspacing=\"0\" cellpadding=\"0\">\n<tbody>\n<tr class=\"overTable__TH\">\n<td><span style=\"font-size: x-small; padding: 9px;\"><\/span><\/td>\n<td><span style=\"font-size: x-small; padding: 9px;\">Fen\u00eatres<\/span><\/td>\n<\/tr>\n<tr>\n<td><span style=\"font-size: x-small; padding: 9px;\">Profondeur de la construction du cadre<\/span><\/td>\n<td><span style=\"font-size: x-small; padding: 9px;\">74 mm<\/span><\/td>\n<\/tr>\n<tr>\n<td><span style=\"font-size: x-small; padding: 9px;\">Profondeur structurelle du vantail<\/span><\/td>\n<td><span style=\"font-size: x-small; padding: 9px;\">83,4 mm<\/span><\/td>\n<\/tr>\n<tr>\n<td><span style=\"font-size: x-small; padding: 9px;\">\u00c9paisseur du remplissage<\/span><\/td>\n<td><span style=\"font-size: x-small; padding: 9px;\">16 \u00f7 66 mm<\/span><\/td>\n<\/tr>\n<tr>\n<td><span style=\"font-size: x-small; padding: 9px;\">Dimensions maximales du vantail L x H<\/span><\/td>\n<td><span style=\"font-size: x-small; padding: 9px;\">1300 x 2800 mm<\/span><\/td>\n<\/tr>\n<tr>\n<td><span style=\"font-size: x-small; padding: 9px;\">Poids maximale du vantail<\/span><\/td>\n<td><span style=\"font-size: x-small; padding: 9px;\">180 kg<\/span><\/td>\n<\/tr>\n<tr>\n<td><span style=\"font-size: x-small; padding: 9px;\">Type de construction<\/span><\/td>\n<td><span style=\"font-size: x-small; padding: 9px;\">Fen\u00eatre fixe, oscillo-battante et tournante<br \/>\nTournante et pivotante<\/span><\/td>\n<\/tr>\n<\/tbody>\n<\/table>\n<\/div>\n<\/div>\n        <\/div>\n    <\/div>\n<\/div>    \n<\/section>\n\n\n\n<section id=\"\" class=\"files_block image_tabs acf-block  acf-block-id-block_e4485ca42e1c866226106466187f0a84 acf-block--mb acf-block--mt\">\n\n    <div class=\"container\">\n        <div class=\"row\">\n            <div class=\"col-12 col-md-10 offset-md-1\">\n\n                            \n\n\n\n                                    <div data-tabs class=\"files_block__tabs\">\n                        <div data-tabs-container class=\"files_block__tabs__buttons\"><\/div>\n                        \n                            <div data-tab=\"Sections\" class=\"image_tabs__content\">\n\n                                <div class=\"row\">\n\n                                                                            \n                                                                                    <a href=\"https:\/\/fintecnic.eu\/app\/uploads\/2023\/10\/pvc-alluminio-fintecnic-lodz-italia-finestre-finestre-dalla-polonia-yawal_74_HI_sistema-finestre-tm-74hi.jpg\" data-fancybox=\"tab-0\" data-caption=\"\" class=\"col-12 image_tabs__content__item\">\n                                                <figure>\n                                                    <img decoding=\"async\" src=\"https:\/\/fintecnic.eu\/app\/uploads\/2023\/10\/pvc-alluminio-fintecnic-lodz-italia-finestre-finestre-dalla-polonia-yawal_74_HI_sistema-finestre-tm-74hi.jpg\" alt=\"\">\n                                                    <figcaption><\/figcaption>\n                                                <\/figure>\n                                            <\/a>\n                                        \n                                                                            \n                                                                                    <a href=\"https:\/\/fintecnic.eu\/app\/uploads\/2023\/10\/pvc-alluminio-fintecnic-lodz-italia-finestre-finestre-dalla-polonia-yawal_74_HI_sistema-tm-74hi.jpg\" data-fancybox=\"tab-0\" data-caption=\"\" class=\"col-12 image_tabs__content__item\">\n                                                <figure>\n                                                    <img decoding=\"async\" src=\"https:\/\/fintecnic.eu\/app\/uploads\/2023\/10\/pvc-alluminio-fintecnic-lodz-italia-finestre-finestre-dalla-polonia-yawal_74_HI_sistema-tm-74hi.jpg\" alt=\"\">\n                                                    <figcaption><\/figcaption>\n                                                <\/figure>\n                                            <\/a>\n                                        \n                                                                            \n                                                                                    <a href=\"https:\/\/fintecnic.eu\/app\/uploads\/2023\/10\/pvc-alluminio-fintecnic-lodz-italia-finestre-finestre-dalla-polonia-yawal_74_HI_sistema_finestre_tm_74hi.png\" data-fancybox=\"tab-0\" data-caption=\"\" class=\"col-12 image_tabs__content__item\">\n                                                <figure>\n                                                    <img decoding=\"async\" src=\"https:\/\/fintecnic.eu\/app\/uploads\/2023\/10\/pvc-alluminio-fintecnic-lodz-italia-finestre-finestre-dalla-polonia-yawal_74_HI_sistema_finestre_tm_74hi.png\" alt=\"\">\n                                                    <figcaption><\/figcaption>\n                                                <\/figure>\n                                            <\/a>\n                                        \n                                    \n                                    \n                                                                    <\/div>\n\n\n                            <\/div>\n\n                        \n                            <div data-tab=\"Fichiers\" class=\"image_tabs__content\">\n\n                                <div class=\"row\">\n\n                                                                            \n                                        \n                                            <a href=\"https:\/\/fintecnic.eu\/app\/uploads\/2023\/10\/pvc-alluminio-fintecnic-lodz-italia-finestre-finestre-dalla-polonia-yawal_74_HI_sistema_volantino_tm_74hi_finestre.pdf\" data-fancybox=\"tab-1\" data-caption=\"\" class=\"col-12 col-sm-6 col-md-4 image_tabs__content__item\">\n                                                <figure>\n                                                    <img decoding=\"async\" src=\"https:\/\/fintecnic.eu\/app\/uploads\/2023\/10\/pvc-alluminio-fintecnic-lodz-italia-finestre-finestre-dalla-polonia-yawal_74_HI_sistema_volantino_tm_74hi_finestre-500x259-c-default.pdf\" alt=\"\">\n                                                    <figcaption><\/figcaption>\n                                                <\/figure>\n                                            <\/a>\n                                        \n                                    \n                                    \n                                                                    <\/div>\n\n\n                            <\/div>\n\n                                            <\/div>\n                \n\n            <\/div>\n        <\/div>\n    <\/div>\n\n<\/section>\n\n","protected":false},"excerpt":{"rendered":"","protected":false},"author":3,"featured_media":5180,"parent":6705,"menu_order":0,"comment_status":"closed","ping_status":"closed","template":"pages\/product-single.php","meta":[],"acf":[],"_links":{"self":[{"href":"https:\/\/fintecnic.eu\/fr\/wp-json\/wp\/v2\/pages\/6734"}],"collection":[{"href":"https:\/\/fintecnic.eu\/fr\/wp-json\/wp\/v2\/pages"}],"about":[{"href":"https:\/\/fintecnic.eu\/fr\/wp-json\/wp\/v2\/types\/page"}],"author":[{"embeddable":true,"href":"https:\/\/fintecnic.eu\/fr\/wp-json\/wp\/v2\/users\/3"}],"replies":[{"embeddable":true,"href":"https:\/\/fintecnic.eu\/fr\/wp-json\/wp\/v2\/comments?post=6734"}],"version-history":[{"count":3,"href":"https:\/\/fintecnic.eu\/fr\/wp-json\/wp\/v2\/pages\/6734\/revisions"}],"predecessor-version":[{"id":6737,"href":"https:\/\/fintecnic.eu\/fr\/wp-json\/wp\/v2\/pages\/6734\/revisions\/6737"}],"up":[{"embeddable":true,"href":"https:\/\/fintecnic.eu\/fr\/wp-json\/wp\/v2\/pages\/6705"}],"wp:featuredmedia":[{"embeddable":true,"href":"https:\/\/fintecnic.eu\/fr\/wp-json\/wp\/v2\/media\/5180"}],"wp:attachment":[{"href":"https:\/\/fintecnic.eu\/fr\/wp-json\/wp\/v2\/media?parent=6734"}],"curies":[{"name":"wp","href":"https:\/\/api.w.org\/{rel}","templated":true}]}}