{"id":6730,"date":"2021-07-06T13:26:06","date_gmt":"2021-07-06T11:26:06","guid":{"rendered":"https:\/\/fintecnic.eu\/?page_id=6730"},"modified":"2024-03-29T11:12:41","modified_gmt":"2024-03-29T10:12:41","slug":"systeme-mb-86","status":"publish","type":"page","link":"https:\/\/fintecnic.eu\/fr\/fenetres\/fenetres-en-aluminium\/systeme-mb-86\/","title":{"rendered":"Syst\u00e8me MB 86"},"content":{"rendered":"<section id=\"\" class=\"title_description acf-block  acf-block-id-block_5337c73ec19d3b2263643200845ee89f acf-block--mb acf-block--mt\">\n\n            <div class=\"container\">\n    <div class=\"row\">\n        <div class=\"col-12 col-lg-10 offset-lg-1\">\n                        \n\n    <div class=\"description title_description__description\"><p>Syst\u00e8me MB-86 est un produit caract\u00e9ris\u00e9 par d&#8217;excellentes performances r\u00e9pondant aux exigences diverses des utilisateurs. Le MB-86 est le premier syst\u00e8me de fen\u00eatres et portes en aluminium au monde dans lequel de l&#8217;a\u00e9rogel a \u00e9t\u00e9 utilis\u00e9 &#8211; un mat\u00e9riau offrant une excellente isolation thermique.<\/p>\n<ul>\n<li>Joint central \u00e0 deux composants assurant une excellente \u00e9tanch\u00e9it\u00e9 et isolation thermique<\/li>\n<li>Profondeur du profil : 86 mm<\/li>\n<li>Drainage des profils disponible en deux variantes : traditionnelle ou cach\u00e9e<\/li>\n<\/ul>\n<\/div>\n        <\/div>\n    <\/div>\n<\/div>    \n<\/section>\n\n\n\n<section id=\"\" class=\"files_block image_tabs acf-block  acf-block-id-block_ff8fc66c1af4e5ad442db96a98575597 acf-block--mb acf-block--mt\">\n\n    <div class=\"container\">\n        <div class=\"row\">\n            <div class=\"col-12 col-md-10 offset-md-1\">\n\n                            \n\n\n\n                                    <div data-tabs class=\"files_block__tabs\">\n                        <div data-tabs-container class=\"files_block__tabs__buttons\"><\/div>\n                        \n                            <div data-tab=\"Section\" class=\"image_tabs__content\">\n\n                                <div class=\"row\">\n\n                                                                            \n                                                                                    <a href=\"https:\/\/fintecnic.eu\/app\/uploads\/2021\/07\/sistema-mb-86-sezione.jpeg\" data-fancybox=\"tab-0\" data-caption=\"\" class=\"col-12 image_tabs__content__item\">\n                                                <figure>\n                                                    <img decoding=\"async\" src=\"https:\/\/fintecnic.eu\/app\/uploads\/2021\/07\/sistema-mb-86-sezione.jpeg\" alt=\"\">\n                                                    <figcaption><\/figcaption>\n                                                <\/figure>\n                                            <\/a>\n                                        \n                                    \n                                    \n                                                                    <\/div>\n\n\n                            <\/div>\n\n                                            <\/div>\n                \n\n            <\/div>\n        <\/div>\n    <\/div>\n\n<\/section>\n\n","protected":false},"excerpt":{"rendered":"","protected":false},"author":3,"featured_media":3224,"parent":6705,"menu_order":0,"comment_status":"closed","ping_status":"closed","template":"pages\/product-single.php","meta":[],"acf":[],"_links":{"self":[{"href":"https:\/\/fintecnic.eu\/fr\/wp-json\/wp\/v2\/pages\/6730"}],"collection":[{"href":"https:\/\/fintecnic.eu\/fr\/wp-json\/wp\/v2\/pages"}],"about":[{"href":"https:\/\/fintecnic.eu\/fr\/wp-json\/wp\/v2\/types\/page"}],"author":[{"embeddable":true,"href":"https:\/\/fintecnic.eu\/fr\/wp-json\/wp\/v2\/users\/3"}],"replies":[{"embeddable":true,"href":"https:\/\/fintecnic.eu\/fr\/wp-json\/wp\/v2\/comments?post=6730"}],"version-history":[{"count":3,"href":"https:\/\/fintecnic.eu\/fr\/wp-json\/wp\/v2\/pages\/6730\/revisions"}],"predecessor-version":[{"id":6733,"href":"https:\/\/fintecnic.eu\/fr\/wp-json\/wp\/v2\/pages\/6730\/revisions\/6733"}],"up":[{"embeddable":true,"href":"https:\/\/fintecnic.eu\/fr\/wp-json\/wp\/v2\/pages\/6705"}],"wp:featuredmedia":[{"embeddable":true,"href":"https:\/\/fintecnic.eu\/fr\/wp-json\/wp\/v2\/media\/3224"}],"wp:attachment":[{"href":"https:\/\/fintecnic.eu\/fr\/wp-json\/wp\/v2\/media?parent=6730"}],"curies":[{"name":"wp","href":"https:\/\/api.w.org\/{rel}","templated":true}]}}