{"id":6726,"date":"2021-07-06T13:27:57","date_gmt":"2021-07-06T11:27:57","guid":{"rendered":"https:\/\/fintecnic.eu\/?page_id=6726"},"modified":"2024-03-29T11:07:44","modified_gmt":"2024-03-29T10:07:44","slug":"systeme-mb-70","status":"publish","type":"page","link":"https:\/\/fintecnic.eu\/fr\/fenetres\/fenetres-en-aluminium\/systeme-mb-70\/","title":{"rendered":"Syst\u00e8me MB 70"},"content":{"rendered":"<section id=\"\" class=\"side_image acf-block  acf-block-id-block_9e0c69fba52009da4666f56014fde62a acf-block--mb acf-block--mt\">\n        <div class=\"container\">\n        <div class=\"row side_image__row\">\n            <div class=\"col-12 col-lg-10 offset-lg-1\">\n                <div class=\"row\">\n                    <div class=\"col-12 col-md-4 \">\n                        <img decoding=\"async\" class=\"side_image__img\" src=\"https:\/\/fintecnic.eu\/app\/uploads\/2023\/06\/finestre-in-alluminio-aluprof-mb-70.webp\" alt=\"\" loading=\"lazy\">\n                    <\/div>\n                    <div class=\"col-12 col-md-8 \">\n                        <div class=\"side_image__description description\"><p>Syst\u00e8me MB 70 permet l&#8217;utilisation de vitrages d&#8217;une \u00e9paisseur de 21 mm \u00e0 57 mm dans les fen\u00eatres fixes et les battants de portes d&#8217;une \u00e9paisseur de 12 mm \u00e0 48 mm. Une large gamme d&#8217;\u00e9paisseurs de remplissage permet l&#8217;utilisation de tous les types de verre standards et non standards. L&#8217;\u00e9tanch\u00e9it\u00e9 est assur\u00e9e gr\u00e2ce \u00e0 l&#8217;utilisation de joints sp\u00e9ciaux en caoutchouc synth\u00e9tique EPDM \u00e0 deux composants.<\/p>\n<ul>\n<li>Structure du profil &#8211; trois chambres<\/li>\n<li>Profondeur du profil : 70 mm<\/li>\n<li>Joints en caoutchouc sp\u00e9cial \u00e0 deux composants<\/li>\n<\/ul>\n<\/div>\n                    <\/div>\n                <\/div>\n            <\/div>\n        <\/div>\n    <\/div>\n\n<\/section>\n\n\n\n<section id=\"\" class=\"files_block image_tabs acf-block  acf-block-id-block_9554ec427fa9b18faa66987ebbfa1d81 acf-block--mb acf-block--mt\">\n\n    <div class=\"container\">\n        <div class=\"row\">\n            <div class=\"col-12 col-md-10 offset-md-1\">\n\n                            \n\n\n\n                                    <div data-tabs class=\"files_block__tabs\">\n                        <div data-tabs-container class=\"files_block__tabs__buttons\"><\/div>\n                        \n                            <div data-tab=\"Section\" class=\"image_tabs__content\">\n\n                                <div class=\"row\">\n\n                                                                            \n                                                                                    <a href=\"https:\/\/fintecnic.eu\/app\/uploads\/2021\/07\/mb-70-sezione.jpeg\" data-fancybox=\"tab-0\" data-caption=\"\" class=\"col-12 image_tabs__content__item\">\n                                                <figure>\n                                                    <img decoding=\"async\" src=\"https:\/\/fintecnic.eu\/app\/uploads\/2021\/07\/mb-70-sezione.jpeg\" alt=\"\">\n                                                    <figcaption><\/figcaption>\n                                                <\/figure>\n                                            <\/a>\n                                        \n                                    \n                                    \n                                                                    <\/div>\n\n\n                            <\/div>\n\n                                            <\/div>\n                \n\n            <\/div>\n        <\/div>\n    <\/div>\n\n<\/section>\n\n","protected":false},"excerpt":{"rendered":"","protected":false},"author":3,"featured_media":3220,"parent":6705,"menu_order":0,"comment_status":"closed","ping_status":"closed","template":"pages\/product-single.php","meta":[],"acf":[],"_links":{"self":[{"href":"https:\/\/fintecnic.eu\/fr\/wp-json\/wp\/v2\/pages\/6726"}],"collection":[{"href":"https:\/\/fintecnic.eu\/fr\/wp-json\/wp\/v2\/pages"}],"about":[{"href":"https:\/\/fintecnic.eu\/fr\/wp-json\/wp\/v2\/types\/page"}],"author":[{"embeddable":true,"href":"https:\/\/fintecnic.eu\/fr\/wp-json\/wp\/v2\/users\/3"}],"replies":[{"embeddable":true,"href":"https:\/\/fintecnic.eu\/fr\/wp-json\/wp\/v2\/comments?post=6726"}],"version-history":[{"count":3,"href":"https:\/\/fintecnic.eu\/fr\/wp-json\/wp\/v2\/pages\/6726\/revisions"}],"predecessor-version":[{"id":6729,"href":"https:\/\/fintecnic.eu\/fr\/wp-json\/wp\/v2\/pages\/6726\/revisions\/6729"}],"up":[{"embeddable":true,"href":"https:\/\/fintecnic.eu\/fr\/wp-json\/wp\/v2\/pages\/6705"}],"wp:featuredmedia":[{"embeddable":true,"href":"https:\/\/fintecnic.eu\/fr\/wp-json\/wp\/v2\/media\/3220"}],"wp:attachment":[{"href":"https:\/\/fintecnic.eu\/fr\/wp-json\/wp\/v2\/media?parent=6726"}],"curies":[{"name":"wp","href":"https:\/\/api.w.org\/{rel}","templated":true}]}}