{"id":6722,"date":"2021-07-06T13:28:14","date_gmt":"2021-07-06T11:28:14","guid":{"rendered":"https:\/\/fintecnic.eu\/?page_id=6722"},"modified":"2024-03-29T11:05:57","modified_gmt":"2024-03-29T10:05:57","slug":"systeme-mb-60","status":"publish","type":"page","link":"https:\/\/fintecnic.eu\/fr\/fenetres\/fenetres-en-aluminium\/systeme-mb-60\/","title":{"rendered":"Syst\u00e8me MB 60"},"content":{"rendered":"<section id=\"\" class=\"side_image acf-block  acf-block-id-block_529f5368a91bc17f66f4c031e42c0b99 acf-block--mb acf-block--mt\">\n        <div class=\"container\">\n        <div class=\"row side_image__row\">\n            <div class=\"col-12 col-lg-10 offset-lg-1\">\n                <div class=\"row\">\n                    <div class=\"col-12 col-md-4 \">\n                        <img decoding=\"async\" class=\"side_image__img\" src=\"https:\/\/fintecnic.eu\/app\/uploads\/2023\/06\/finestre-in-alluminio-aluprof-mb-60.webp\" alt=\"\" loading=\"lazy\">\n                    <\/div>\n                    <div class=\"col-12 col-md-8 \">\n                        <div class=\"side_image__description description\"><p>MB-60 est un syst\u00e8me souvent utilis\u00e9 dans les constructions ext\u00e9rieures n\u00e9cessitant une isolation thermique et acoustique. Les profils du syst\u00e8me se composent de trois chambres. La caract\u00e9ristique distinctive de ce syst\u00e8me est son lien \u00e9troit avec les syst\u00e8mes de fen\u00eatres MB-45, MB-59S et MB-70. L&#8217;adoption d&#8217;une telle hypoth\u00e8se de conception a permis d&#8217;obtenir et d&#8217;appliquer dans ces syst\u00e8mes de nombreux \u00e9l\u00e9ments compatibles, tels que des traverses de vitrage communes, des coins et des l\u00e8vres d&#8217;\u00e9tanch\u00e9it\u00e9.<\/p>\n<ul>\n<li>Structure du profil &#8211; trois chambres<\/li>\n<li>Profondeur du profil : 60 mm<\/li>\n<li>Jointures thermiques profil\u00e9es d&#8217;une \u00e9paisseur de 24 mm<\/li>\n<\/ul>\n<\/div>\n                    <\/div>\n                <\/div>\n            <\/div>\n        <\/div>\n    <\/div>\n\n<\/section>\n\n\n\n<section id=\"\" class=\"files_block image_tabs acf-block  acf-block-id-block_f223ad8562e139f8872f663943cd58e5 acf-block--mb acf-block--mt\">\n\n    <div class=\"container\">\n        <div class=\"row\">\n            <div class=\"col-12 col-md-10 offset-md-1\">\n\n                            \n\n\n\n                                    <div data-tabs class=\"files_block__tabs\">\n                        <div data-tabs-container class=\"files_block__tabs__buttons\"><\/div>\n                        \n                            <div data-tab=\"Section\" class=\"image_tabs__content\">\n\n                                <div class=\"row\">\n\n                                                                            \n                                                                                    <a href=\"https:\/\/fintecnic.eu\/app\/uploads\/2021\/07\/sistema-mb-60-sezione.jpeg\" data-fancybox=\"tab-0\" data-caption=\"\" class=\"col-12 image_tabs__content__item\">\n                                                <figure>\n                                                    <img decoding=\"async\" src=\"https:\/\/fintecnic.eu\/app\/uploads\/2021\/07\/sistema-mb-60-sezione.jpeg\" alt=\"\">\n                                                    <figcaption><\/figcaption>\n                                                <\/figure>\n                                            <\/a>\n                                        \n                                    \n                                    \n                                                                    <\/div>\n\n\n                            <\/div>\n\n                                            <\/div>\n                \n\n            <\/div>\n        <\/div>\n    <\/div>\n\n<\/section>\n\n","protected":false},"excerpt":{"rendered":"","protected":false},"author":3,"featured_media":3214,"parent":6705,"menu_order":0,"comment_status":"closed","ping_status":"closed","template":"pages\/product-single.php","meta":[],"acf":[],"_links":{"self":[{"href":"https:\/\/fintecnic.eu\/fr\/wp-json\/wp\/v2\/pages\/6722"}],"collection":[{"href":"https:\/\/fintecnic.eu\/fr\/wp-json\/wp\/v2\/pages"}],"about":[{"href":"https:\/\/fintecnic.eu\/fr\/wp-json\/wp\/v2\/types\/page"}],"author":[{"embeddable":true,"href":"https:\/\/fintecnic.eu\/fr\/wp-json\/wp\/v2\/users\/3"}],"replies":[{"embeddable":true,"href":"https:\/\/fintecnic.eu\/fr\/wp-json\/wp\/v2\/comments?post=6722"}],"version-history":[{"count":3,"href":"https:\/\/fintecnic.eu\/fr\/wp-json\/wp\/v2\/pages\/6722\/revisions"}],"predecessor-version":[{"id":6725,"href":"https:\/\/fintecnic.eu\/fr\/wp-json\/wp\/v2\/pages\/6722\/revisions\/6725"}],"up":[{"embeddable":true,"href":"https:\/\/fintecnic.eu\/fr\/wp-json\/wp\/v2\/pages\/6705"}],"wp:featuredmedia":[{"embeddable":true,"href":"https:\/\/fintecnic.eu\/fr\/wp-json\/wp\/v2\/media\/3214"}],"wp:attachment":[{"href":"https:\/\/fintecnic.eu\/fr\/wp-json\/wp\/v2\/media?parent=6722"}],"curies":[{"name":"wp","href":"https:\/\/api.w.org\/{rel}","templated":true}]}}