{"id":6718,"date":"2021-07-06T13:29:42","date_gmt":"2021-07-06T11:29:42","guid":{"rendered":"https:\/\/fintecnic.eu\/?page_id=6718"},"modified":"2024-03-29T11:03:56","modified_gmt":"2024-03-29T10:03:56","slug":"systeme-mb-45","status":"publish","type":"page","link":"https:\/\/fintecnic.eu\/fr\/fenetres\/fenetres-en-aluminium\/systeme-mb-45\/","title":{"rendered":"Syst\u00e8me MB 45"},"content":{"rendered":"<section id=\"\" class=\"side_image acf-block  acf-block-id-block_434dd3d440a917116d9e61e954ce3fc9 acf-block--mb acf-block--mt\">\n        <div class=\"container\">\n        <div class=\"row side_image__row\">\n            <div class=\"col-12 col-lg-10 offset-lg-1\">\n                <div class=\"row\">\n                    <div class=\"col-12 col-md-4 \">\n                        <img decoding=\"async\" class=\"side_image__img\" src=\"https:\/\/fintecnic.eu\/app\/uploads\/2023\/06\/finestre-in-alluminio-aluprof-mb-45s.webp\" alt=\"\" loading=\"lazy\">\n                    <\/div>\n                    <div class=\"col-12 col-md-8 \">\n                        <div class=\"side_image__description description\"><p>MB-45 est un syst\u00e8me aluminium moderne utilis\u00e9 principalement pour la construction d&#8217;\u00e9l\u00e9ments architecturaux internes &#8211; divers types de cloisons, fen\u00eatres et portes comme les portes coulissantes manuelles et automatiques, les portes suspendues, les vestiaires ou les vitrines. La forme des profils permet la cr\u00e9ation de structures fines et r\u00e9sistantes. La surface des profils aluminium peut \u00eatre finie avec des techniques de peinture par poudrage ou d&#8217;anodisation.<\/p>\n<ul>\n<li>Structure du profil &#8211; une seule chambre<\/li>\n<li>Profondeur du profil : 45 mm<\/li>\n<li>\u00c9paisseur de remplissage de 2 \u00e0 25 mm<\/li>\n<\/ul>\n<\/div>\n                    <\/div>\n                <\/div>\n            <\/div>\n        <\/div>\n    <\/div>\n\n<\/section>\n\n\n\n<section id=\"\" class=\"files_block image_tabs acf-block  acf-block-id-block_c2208edaba86cb5ca7f602fe43f72be4 acf-block--mb acf-block--mt\">\n\n    <div class=\"container\">\n        <div class=\"row\">\n            <div class=\"col-12 col-md-10 offset-md-1\">\n\n                            \n\n\n\n                                    <div data-tabs class=\"files_block__tabs\">\n                        <div data-tabs-container class=\"files_block__tabs__buttons\"><\/div>\n                        \n                            <div data-tab=\"Section\" class=\"image_tabs__content\">\n\n                                <div class=\"row\">\n\n                                                                            \n                                                                                    <a href=\"https:\/\/fintecnic.eu\/app\/uploads\/2021\/07\/sistema-mb-45-sezione.jpeg\" data-fancybox=\"tab-0\" data-caption=\"\" class=\"col-12 image_tabs__content__item\">\n                                                <figure>\n                                                    <img decoding=\"async\" src=\"https:\/\/fintecnic.eu\/app\/uploads\/2021\/07\/sistema-mb-45-sezione.jpeg\" alt=\"\">\n                                                    <figcaption><\/figcaption>\n                                                <\/figure>\n                                            <\/a>\n                                        \n                                    \n                                    \n                                                                    <\/div>\n\n\n                            <\/div>\n\n                                            <\/div>\n                \n\n            <\/div>\n        <\/div>\n    <\/div>\n\n<\/section>\n\n","protected":false},"excerpt":{"rendered":"","protected":false},"author":3,"featured_media":3210,"parent":6705,"menu_order":0,"comment_status":"closed","ping_status":"closed","template":"pages\/product-single.php","meta":[],"acf":[],"_links":{"self":[{"href":"https:\/\/fintecnic.eu\/fr\/wp-json\/wp\/v2\/pages\/6718"}],"collection":[{"href":"https:\/\/fintecnic.eu\/fr\/wp-json\/wp\/v2\/pages"}],"about":[{"href":"https:\/\/fintecnic.eu\/fr\/wp-json\/wp\/v2\/types\/page"}],"author":[{"embeddable":true,"href":"https:\/\/fintecnic.eu\/fr\/wp-json\/wp\/v2\/users\/3"}],"replies":[{"embeddable":true,"href":"https:\/\/fintecnic.eu\/fr\/wp-json\/wp\/v2\/comments?post=6718"}],"version-history":[{"count":3,"href":"https:\/\/fintecnic.eu\/fr\/wp-json\/wp\/v2\/pages\/6718\/revisions"}],"predecessor-version":[{"id":6721,"href":"https:\/\/fintecnic.eu\/fr\/wp-json\/wp\/v2\/pages\/6718\/revisions\/6721"}],"up":[{"embeddable":true,"href":"https:\/\/fintecnic.eu\/fr\/wp-json\/wp\/v2\/pages\/6705"}],"wp:featuredmedia":[{"embeddable":true,"href":"https:\/\/fintecnic.eu\/fr\/wp-json\/wp\/v2\/media\/3210"}],"wp:attachment":[{"href":"https:\/\/fintecnic.eu\/fr\/wp-json\/wp\/v2\/media?parent=6718"}],"curies":[{"name":"wp","href":"https:\/\/api.w.org\/{rel}","templated":true}]}}