{"id":6715,"date":"2021-07-06T13:30:46","date_gmt":"2021-07-06T11:30:46","guid":{"rendered":"https:\/\/fintecnic.eu\/?page_id=6715"},"modified":"2024-03-29T10:59:28","modified_gmt":"2024-03-29T09:59:28","slug":"systeme-econoline","status":"publish","type":"page","link":"https:\/\/fintecnic.eu\/fr\/fenetres\/fenetres-en-aluminium\/systeme-econoline\/","title":{"rendered":"Syst\u00e8me Econoline"},"content":{"rendered":"<section id=\"\" class=\"title_description acf-block  acf-block-id-block_cb0b6723863d98cbc7905b1773e629c0 acf-block--mb acf-block--mt\">\n\n            <div class=\"container\">\n    <div class=\"row\">\n        <div class=\"col-12 col-lg-10 offset-lg-1\">\n                        \n\n    <div class=\"description title_description__description\"><p>Econoline est un syst\u00e8me aluminium moderne principalement utilis\u00e9 pour la construction d&#8217;\u00e9l\u00e9ments architecturaux int\u00e9rieurs tels que divers types de cloisons, fen\u00eatres et portes comme les portes coulissantes manuelles et automatiques, les portes suspendues, les vestiaires ou les vitrines. La forme des profils permet la cr\u00e9ation de structures fines et r\u00e9sistantes. La surface des profils aluminium peut \u00eatre finie avec des techniques de peinture par poudrage ou d&#8217;anodisation.<\/p>\n<ul>\n<li>Structure du profil &#8211; une seule chambre<\/li>\n<li>Profondeur du profil : 51 mm<\/li>\n<li>\u00c9paisseur de remplissage de 2 \u00e0 37 mm<\/li>\n<\/ul>\n<\/div>\n        <\/div>\n    <\/div>\n<\/div>    \n<\/section>\n\n\n\n<section id=\"\" class=\"files_block image_tabs acf-block  acf-block-id-block_7e2d1eaf8e38738319e171ea43348967 acf-block--mb acf-block--mt\">\n\n    <div class=\"container\">\n        <div class=\"row\">\n            <div class=\"col-12 col-md-10 offset-md-1\">\n\n                            \n\n\n\n                                    <div data-tabs class=\"files_block__tabs\">\n                        <div data-tabs-container class=\"files_block__tabs__buttons\"><\/div>\n                        \n                            <div data-tab=\"Exemples de projets\" class=\"image_tabs__content\">\n\n                                <div class=\"row\">\n\n                                                                            \n                                        \n                                            <a href=\"https:\/\/fintecnic.eu\/app\/uploads\/2021\/07\/implementazione-1-fintecnic.jpeg\" data-fancybox=\"tab-0\" data-caption=\"\" class=\"col-12 col-sm-6 col-md-4 image_tabs__content__item\">\n                                                <figure>\n                                                    <img decoding=\"async\" src=\"https:\/\/fintecnic.eu\/app\/uploads\/2021\/07\/implementazione-1-fintecnic-500x259-c-default.jpeg\" alt=\"\">\n                                                    <figcaption><\/figcaption>\n                                                <\/figure>\n                                            <\/a>\n                                        \n                                                                            \n                                        \n                                            <a href=\"https:\/\/fintecnic.eu\/app\/uploads\/2021\/07\/implementazione-2-fintecnic.jpeg\" data-fancybox=\"tab-0\" data-caption=\"\" class=\"col-12 col-sm-6 col-md-4 image_tabs__content__item\">\n                                                <figure>\n                                                    <img decoding=\"async\" src=\"https:\/\/fintecnic.eu\/app\/uploads\/2021\/07\/implementazione-2-fintecnic-500x259-c-default.jpeg\" alt=\"\">\n                                                    <figcaption><\/figcaption>\n                                                <\/figure>\n                                            <\/a>\n                                        \n                                                                            \n                                        \n                                            <a href=\"https:\/\/fintecnic.eu\/app\/uploads\/2021\/07\/implementazione-3-fintecnic.jpeg\" data-fancybox=\"tab-0\" data-caption=\"\" class=\"col-12 col-sm-6 col-md-4 image_tabs__content__item\">\n                                                <figure>\n                                                    <img decoding=\"async\" src=\"https:\/\/fintecnic.eu\/app\/uploads\/2021\/07\/implementazione-3-fintecnic-500x259-c-default.jpeg\" alt=\"\">\n                                                    <figcaption><\/figcaption>\n                                                <\/figure>\n                                            <\/a>\n                                        \n                                    \n                                    \n                                                                    <\/div>\n\n\n                            <\/div>\n\n                        \n                            <div data-tab=\"Sections techniques\" class=\"image_tabs__content\">\n\n                                <div class=\"row\">\n\n                                                                            \n                                        \n                                            <a href=\"https:\/\/fintecnic.eu\/app\/uploads\/2021\/07\/sezione-tecnica-1-fintecnic-produttore-di-finestre-alluminio.jpeg\" data-fancybox=\"tab-1\" data-caption=\"\" class=\"col-12 col-sm-6 col-md-4 image_tabs__content__item\">\n                                                <figure>\n                                                    <img decoding=\"async\" src=\"https:\/\/fintecnic.eu\/app\/uploads\/2021\/07\/sezione-tecnica-1-fintecnic-produttore-di-finestre-alluminio-500x259-c-default.jpeg\" alt=\"\">\n                                                    <figcaption><\/figcaption>\n                                                <\/figure>\n                                            <\/a>\n                                        \n                                                                            \n                                        \n                                            <a href=\"https:\/\/fintecnic.eu\/app\/uploads\/2021\/07\/sezione-tecnica-2-fintecnic-produttore-di-finestre-alluminio.jpeg\" data-fancybox=\"tab-1\" data-caption=\"\" class=\"col-12 col-sm-6 col-md-4 image_tabs__content__item\">\n                                                <figure>\n                                                    <img decoding=\"async\" src=\"https:\/\/fintecnic.eu\/app\/uploads\/2021\/07\/sezione-tecnica-2-fintecnic-produttore-di-finestre-alluminio-500x259-c-default.jpeg\" alt=\"\">\n                                                    <figcaption><\/figcaption>\n                                                <\/figure>\n                                            <\/a>\n                                        \n                                                                            \n                                        \n                                            <a href=\"https:\/\/fintecnic.eu\/app\/uploads\/2021\/07\/sezione-tecnica-3-fintecnic-produttore-di-finestre-alluminio.jpeg\" data-fancybox=\"tab-1\" data-caption=\"\" class=\"col-12 col-sm-6 col-md-4 image_tabs__content__item\">\n                                                <figure>\n                                                    <img decoding=\"async\" src=\"https:\/\/fintecnic.eu\/app\/uploads\/2021\/07\/sezione-tecnica-3-fintecnic-produttore-di-finestre-alluminio-500x259-c-default.jpeg\" alt=\"\">\n                                                    <figcaption><\/figcaption>\n                                                <\/figure>\n                                            <\/a>\n                                        \n                                    \n                                    \n                                                                    <\/div>\n\n\n                            <\/div>\n\n                        \n                            <div data-tab=\"\u00c9chantillons\" class=\"image_tabs__content\">\n\n                                <div class=\"row\">\n\n                                                                            \n                                                                                    <a href=\"https:\/\/fintecnic.eu\/app\/uploads\/2021\/07\/campionari-finestre-in-allumio.jpeg\" data-fancybox=\"tab-2\" data-caption=\"\" class=\"col-12 image_tabs__content__item\">\n                                                <figure>\n                                                    <img decoding=\"async\" src=\"https:\/\/fintecnic.eu\/app\/uploads\/2021\/07\/campionari-finestre-in-allumio.jpeg\" alt=\"\">\n                                                    <figcaption><\/figcaption>\n                                                <\/figure>\n                                            <\/a>\n                                        \n                                    \n                                    \n                                                                    <\/div>\n\n\n                            <\/div>\n\n                                            <\/div>\n                \n\n            <\/div>\n        <\/div>\n    <\/div>\n\n<\/section>\n\n","protected":false},"excerpt":{"rendered":"","protected":false},"author":3,"featured_media":3208,"parent":6705,"menu_order":0,"comment_status":"closed","ping_status":"closed","template":"pages\/product-single.php","meta":[],"acf":[],"_links":{"self":[{"href":"https:\/\/fintecnic.eu\/fr\/wp-json\/wp\/v2\/pages\/6715"}],"collection":[{"href":"https:\/\/fintecnic.eu\/fr\/wp-json\/wp\/v2\/pages"}],"about":[{"href":"https:\/\/fintecnic.eu\/fr\/wp-json\/wp\/v2\/types\/page"}],"author":[{"embeddable":true,"href":"https:\/\/fintecnic.eu\/fr\/wp-json\/wp\/v2\/users\/3"}],"replies":[{"embeddable":true,"href":"https:\/\/fintecnic.eu\/fr\/wp-json\/wp\/v2\/comments?post=6715"}],"version-history":[{"count":2,"href":"https:\/\/fintecnic.eu\/fr\/wp-json\/wp\/v2\/pages\/6715\/revisions"}],"predecessor-version":[{"id":6717,"href":"https:\/\/fintecnic.eu\/fr\/wp-json\/wp\/v2\/pages\/6715\/revisions\/6717"}],"up":[{"embeddable":true,"href":"https:\/\/fintecnic.eu\/fr\/wp-json\/wp\/v2\/pages\/6705"}],"wp:featuredmedia":[{"embeddable":true,"href":"https:\/\/fintecnic.eu\/fr\/wp-json\/wp\/v2\/media\/3208"}],"wp:attachment":[{"href":"https:\/\/fintecnic.eu\/fr\/wp-json\/wp\/v2\/media?parent=6715"}],"curies":[{"name":"wp","href":"https:\/\/api.w.org\/{rel}","templated":true}]}}