{"id":6711,"date":"2023-10-30T09:50:20","date_gmt":"2023-10-30T08:50:20","guid":{"rendered":"https:\/\/fintecnic.eu\/?page_id=6711"},"modified":"2024-03-29T10:42:27","modified_gmt":"2024-03-29T09:42:27","slug":"aluprof-systeme-mb-104-passif","status":"publish","type":"page","link":"https:\/\/fintecnic.eu\/fr\/fenetres\/fenetres-en-aluminium\/aluprof-systeme-mb-104-passif\/","title":{"rendered":"Aluprof Syst\u00e8me MB 104 Passif"},"content":{"rendered":"<section id=\"\" class=\"side_image acf-block  acf-block-id-block_ded923c8f3a84a2fb330c2de49839422 acf-block--mb acf-block--mt\">\n        <div class=\"container\">\n        <div class=\"row side_image__row\">\n            <div class=\"col-12 col-lg-10 offset-lg-1\">\n                <div class=\"row\">\n                    <div class=\"col-12 col-md-4 \">\n                        <img decoding=\"async\" class=\"side_image__img\" src=\"https:\/\/fintecnic.eu\/app\/uploads\/2023\/10\/pvc-alluminio-fintecnic-lodz-italia-finestre-finestre-dalla-polonia-aluprof_mb_104_Passive_finestre.webp\" alt=\"\" loading=\"lazy\">\n                    <\/div>\n                    <div class=\"col-12 col-md-8 \">\n                        <div class=\"side_image__description description\"><p>Syst\u00e8me de fen\u00eatre passif avec cadre thermique MB-104, gr\u00e2ce \u00e0 d&#8217;excellents param\u00e8tres d&#8217;isolation, r\u00e9pond \u00e0 toutes les exigences pos\u00e9es aux \u00e9l\u00e9ments de la construction passive.<\/p>\n<p>Le syst\u00e8me est utilis\u00e9 pour cr\u00e9er des \u00e9l\u00e9ments externes de structures architecturales, tels que divers types de fen\u00eatres, des auvents, des vitrines et des structures spatiales caract\u00e9ris\u00e9es non seulement par une excellente isolation thermique et acoustique, mais aussi par une \u00e9tanch\u00e9it\u00e9 \u00e9lev\u00e9e \u00e0 l&#8217;eau et \u00e0 l&#8217;air ainsi qu&#8217;une excellente r\u00e9sistance structurelle.<\/p>\n<p>La conception des profils du syst\u00e8me MB-104 Passive est disponible en deux variantes en fonction des exigences d&#8217;efficacit\u00e9 \u00e9nerg\u00e9tique : il s&#8217;agit des variantes SI et AERO.<\/p>\n<p>Les param\u00e8tres des fen\u00eatres du syst\u00e8me MB-104 Passive d\u00e9passent les normes et r\u00e9glementations les plus strictes actuellement en vigueur, c&#8217;est pourquoi le syst\u00e8me MB-104 Passive est d\u00e9di\u00e9 \u00e0 la construction \u00e9conome en \u00e9nergie et passive.<\/p>\n<ul>\n<li>Les fen\u00eatres sont certifi\u00e9es par l&#8217;Institut de la Maison Passive de Darmstadt pour les versions MB-104 Passive SI et MB-104 Passive Aero<\/li>\n<li>Isolation thermique \u00e9lev\u00e9e pour une fen\u00eatre ouverte U<sub>W<\/sub> \u00e0 partir de 0,53 W\/(m<sup>2<\/sup>K)<\/li>\n<li>Param\u00e8tres thermiques et d&#8217;isolation sup\u00e9rieurs \u00e0 la norme<\/li>\n<li>Large gamme de vitrage jusqu&#8217;\u00e0 81 mm<\/li>\n<\/ul>\n<ul>\n<li>Excellents param\u00e8tres d&#8217;isolation thermique<\/li>\n<li>Profondeur du profil de 95 mm<\/li>\n<li>Dimensions maximales de 2900&#215;1700 mm<\/li>\n<\/ul>\n<ul>\n<li>Joint central \u00e0 deux composants assurant une \u00e9tanch\u00e9it\u00e9 et une isolation thermique excellentes<\/li>\n<li>Profondeur du profil de 86 mm<\/li>\n<li>Drainage profil\u00e9 disponible en deux versions : traditionnelle ou dissimul\u00e9e<\/li>\n<\/ul>\n<\/div>\n                    <\/div>\n                <\/div>\n            <\/div>\n        <\/div>\n    <\/div>\n\n<\/section>\n\n\n\n<section id=\"\" class=\"title_description_image title_description_video acf-block  acf-block-id-block_2b98c9094aef1ce0a2612e69937016d7 acf-block--mb acf-block--mt\">\n\n                            \n    <div class=\"container\">\n        <div class=\"row\">\n            <div class=\"col-12 col-md-10 offset-md-1\">\n\n                <div class=\"title_description_image__heading\">\n                    <div class=\"title_description_image__heading__left\">\n\n                                \n    <h2 class=\"title_description_image__title title\">MB-104 Passive Aero<\/h2>\n\n\n                    <\/div>\n\n                                            <a href=\"#block_2b98c9094aef1ce0a2612e69937016d7\" class=\"title_description_image__heading__btn btn-oval-gray\"><i class=\"fal fa-arrow-down\"><\/i><\/a>\n                                    <\/div>\n\n            <\/div>\n        <\/div>\n\n        \t\t\t<div class=\"row\">\n\t\t\t\t<div class=\"col-12\">\n\t\t\t\t\t<div id=\"block_2b98c9094aef1ce0a2612e69937016d7\" class=\"video_section__video\" data-youtube=\"https:\/\/www.youtube.com\/watch?v=S_6uP8PEJ28&#038;embeds_referring_euri=https%3A%2F%2Faluprof.com%2F&#038;source_ve_path=MjM4NTE&#038;feature=emb_title\">\n\t\t\t\t\t\t\t\t\t\t\t\t\t\t\t\t\t<div class=\"cover\">\n\t\t\t\t\t\t\t<img decoding=\"async\" class=\"video_section__video__cover\" width=\"1210\" height=\"678\" src=\"https:\/\/fintecnic.eu\/app\/uploads\/2023\/10\/pvc-alluminio-fintecnic-lodz-italia-finestre-finestre-dalla-polonia-aluprof_mb_104_Passive_finestre-yt-1210x678-c-default.webp\" loading=\"lazy\" alt=\"\" srcset=\"\n\t\t\t\t\t\t\t\thttps:\/\/fintecnic.eu\/app\/uploads\/2023\/10\/pvc-alluminio-fintecnic-lodz-italia-finestre-finestre-dalla-polonia-aluprof_mb_104_Passive_finestre-yt-605x339-c-default.webp 605w,\n\t\t\t\t\t\t\t\thttps:\/\/fintecnic.eu\/app\/uploads\/2023\/10\/pvc-alluminio-fintecnic-lodz-italia-finestre-finestre-dalla-polonia-aluprof_mb_104_Passive_finestre-yt-1210x678-c-default.webp 1210w,\n\t\t\t\t\t\t\t\thttps:\/\/fintecnic.eu\/app\/uploads\/2023\/10\/pvc-alluminio-fintecnic-lodz-italia-finestre-finestre-dalla-polonia-aluprof_mb_104_Passive_finestre-yt-2420x1356-c-default.webp 2420w\n\t\t\t\t\t\t\t\">\n\t\t\t\t\t\t<\/div>\n\n\t\t\t\t\t\t<button class=\"video_section__video__play\" aria-label=\"\" data-youtube-play>\n\t\t\t\t\t\t\t<i class=\"fas fa-play\"><\/i>\n\t\t\t\t\t\t<\/button>\n\t\t\t\t\t\t\t\t\t<\/div>\n\t\t\t<\/div>\n            <\/div>\n\n<\/section>\n\n\n\n<section id=\"\" class=\"files_block image_tabs acf-block  acf-block-id-block_a97f79f34770cf43ea2ee42b61a87bcb acf-block--mb acf-block--mt\">\n\n    <div class=\"container\">\n        <div class=\"row\">\n            <div class=\"col-12 col-md-10 offset-md-1\">\n\n                            \n\n\n\n                                    <div data-tabs class=\"files_block__tabs\">\n                        <div data-tabs-container class=\"files_block__tabs__buttons\"><\/div>\n                        \n                            <div data-tab=\"Sections\" class=\"image_tabs__content\">\n\n                                <div class=\"row\">\n\n                                                                            \n                                                                                    <a href=\"https:\/\/fintecnic.eu\/app\/uploads\/2023\/10\/pvc-alluminio-fintecnic-lodz-italia-finestre-finestre-dalla-polonia-aluprof_mb_104_Passive_finestre-sezione_mb-104-passive-porte-aero.jpg\" data-fancybox=\"tab-0\" data-caption=\"\" class=\"col-12 image_tabs__content__item\">\n                                                <figure>\n                                                    <img decoding=\"async\" src=\"https:\/\/fintecnic.eu\/app\/uploads\/2023\/10\/pvc-alluminio-fintecnic-lodz-italia-finestre-finestre-dalla-polonia-aluprof_mb_104_Passive_finestre-sezione_mb-104-passive-porte-aero.jpg\" alt=\"\">\n                                                    <figcaption><\/figcaption>\n                                                <\/figure>\n                                            <\/a>\n                                        \n                                                                            \n                                                                                    <a href=\"https:\/\/fintecnic.eu\/app\/uploads\/2023\/10\/pvc-alluminio-fintecnic-lodz-italia-finestre-finestre-dalla-polonia-aluprof_mb_104_Passive_finestre-sezione_mb-104-passive-porte-si.jpg\" data-fancybox=\"tab-0\" data-caption=\"\" class=\"col-12 image_tabs__content__item\">\n                                                <figure>\n                                                    <img decoding=\"async\" src=\"https:\/\/fintecnic.eu\/app\/uploads\/2023\/10\/pvc-alluminio-fintecnic-lodz-italia-finestre-finestre-dalla-polonia-aluprof_mb_104_Passive_finestre-sezione_mb-104-passive-porte-si.jpg\" alt=\"\">\n                                                    <figcaption><\/figcaption>\n                                                <\/figure>\n                                            <\/a>\n                                        \n                                                                            \n                                                                                    <a href=\"https:\/\/fintecnic.eu\/app\/uploads\/2023\/10\/pvc-alluminio-fintecnic-lodz-italia-finestre-finestre-dalla-polonia-aluprof_mb_104_Passive_finestre-sezione_mb-104-passive-aero.jpg\" data-fancybox=\"tab-0\" data-caption=\"\" class=\"col-12 image_tabs__content__item\">\n                                                <figure>\n                                                    <img decoding=\"async\" src=\"https:\/\/fintecnic.eu\/app\/uploads\/2023\/10\/pvc-alluminio-fintecnic-lodz-italia-finestre-finestre-dalla-polonia-aluprof_mb_104_Passive_finestre-sezione_mb-104-passive-aero.jpg\" alt=\"\">\n                                                    <figcaption><\/figcaption>\n                                                <\/figure>\n                                            <\/a>\n                                        \n                                                                            \n                                                                                    <a href=\"https:\/\/fintecnic.eu\/app\/uploads\/2023\/10\/pvc-alluminio-fintecnic-lodz-italia-finestre-finestre-dalla-polonia-aluprof_mb_104_Passive_finestre-sezione_mb-104-passive-si.jpg\" data-fancybox=\"tab-0\" data-caption=\"\" class=\"col-12 image_tabs__content__item\">\n                                                <figure>\n                                                    <img decoding=\"async\" src=\"https:\/\/fintecnic.eu\/app\/uploads\/2023\/10\/pvc-alluminio-fintecnic-lodz-italia-finestre-finestre-dalla-polonia-aluprof_mb_104_Passive_finestre-sezione_mb-104-passive-si.jpg\" alt=\"\">\n                                                    <figcaption><\/figcaption>\n                                                <\/figure>\n                                            <\/a>\n                                        \n                                    \n                                    \n                                                                    <\/div>\n\n\n                            <\/div>\n\n                        \n                            <div data-tab=\"Fichiers\" class=\"image_tabs__content\">\n\n                                <div class=\"row\">\n\n                                                                            \n                                        \n                                            <a href=\"https:\/\/fintecnic.eu\/app\/uploads\/2023\/10\/pvc-alluminio-fintecnic-lodz-italia-finestre-finestre-dalla-polonia-aluprof_mb_104_Passive_finestre-volantino_MB-104_Passive_A3_EN.pdf\" data-fancybox=\"tab-1\" data-caption=\"\" class=\"col-12 col-sm-6 col-md-4 image_tabs__content__item\">\n                                                <figure>\n                                                    <img decoding=\"async\" src=\"https:\/\/fintecnic.eu\/app\/uploads\/2023\/10\/pvc-alluminio-fintecnic-lodz-italia-finestre-finestre-dalla-polonia-aluprof_mb_104_Passive_finestre-volantino_MB-104_Passive_A3_EN-500x259-c-default.pdf\" alt=\"\">\n                                                    <figcaption><\/figcaption>\n                                                <\/figure>\n                                            <\/a>\n                                        \n                                    \n                                    \n                                                                    <\/div>\n\n\n                            <\/div>\n\n                                            <\/div>\n                \n\n            <\/div>\n        <\/div>\n    <\/div>\n\n<\/section>\n\n","protected":false},"excerpt":{"rendered":"","protected":false},"author":3,"featured_media":5137,"parent":6705,"menu_order":0,"comment_status":"closed","ping_status":"closed","template":"pages\/product-single.php","meta":[],"acf":[],"_links":{"self":[{"href":"https:\/\/fintecnic.eu\/fr\/wp-json\/wp\/v2\/pages\/6711"}],"collection":[{"href":"https:\/\/fintecnic.eu\/fr\/wp-json\/wp\/v2\/pages"}],"about":[{"href":"https:\/\/fintecnic.eu\/fr\/wp-json\/wp\/v2\/types\/page"}],"author":[{"embeddable":true,"href":"https:\/\/fintecnic.eu\/fr\/wp-json\/wp\/v2\/users\/3"}],"replies":[{"embeddable":true,"href":"https:\/\/fintecnic.eu\/fr\/wp-json\/wp\/v2\/comments?post=6711"}],"version-history":[{"count":3,"href":"https:\/\/fintecnic.eu\/fr\/wp-json\/wp\/v2\/pages\/6711\/revisions"}],"predecessor-version":[{"id":6714,"href":"https:\/\/fintecnic.eu\/fr\/wp-json\/wp\/v2\/pages\/6711\/revisions\/6714"}],"up":[{"embeddable":true,"href":"https:\/\/fintecnic.eu\/fr\/wp-json\/wp\/v2\/pages\/6705"}],"wp:featuredmedia":[{"embeddable":true,"href":"https:\/\/fintecnic.eu\/fr\/wp-json\/wp\/v2\/media\/5137"}],"wp:attachment":[{"href":"https:\/\/fintecnic.eu\/fr\/wp-json\/wp\/v2\/media?parent=6711"}],"curies":[{"name":"wp","href":"https:\/\/api.w.org\/{rel}","templated":true}]}}