{"id":6707,"date":"2023-10-30T10:26:50","date_gmt":"2023-10-30T09:26:50","guid":{"rendered":"https:\/\/fintecnic.eu\/?page_id=6707"},"modified":"2024-03-29T10:40:18","modified_gmt":"2024-03-29T09:40:18","slug":"aluprof-mb-slide-systeme-de-coulissement","status":"publish","type":"page","link":"https:\/\/fintecnic.eu\/fr\/fenetres\/fenetres-en-aluminium\/aluprof-mb-slide-systeme-de-coulissement\/","title":{"rendered":"Aluprof MB-Slide syst\u00e8me de coulissement"},"content":{"rendered":"<section id=\"\" class=\"side_image acf-block  acf-block-id-block_0e0f0d1f1fc28e380b3940875de56bab acf-block--mb acf-block--mt\">\n        <div class=\"container\">\n        <div class=\"row side_image__row\">\n            <div class=\"col-12 col-lg-10 offset-lg-1\">\n                <div class=\"row\">\n                    <div class=\"col-12 col-md-4 \">\n                        <img decoding=\"async\" class=\"side_image__img\" src=\"https:\/\/fintecnic.eu\/app\/uploads\/2023\/10\/pvc-alluminio-fintecnic-lodz-italia-finestre-finestre-dalla-polonia-aluprof_mb_slide_sistema_scorrevole.webp\" alt=\"\" loading=\"lazy\">\n                    <\/div>\n                    <div class=\"col-12 col-md-8 \">\n                        <div class=\"side_image__description description\"><p>Les syst\u00e8mes conviennent \u00e0 la r\u00e9alisation de portes et de fen\u00eatres coulissantes thermiquement isol\u00e9es, qui peuvent \u00eatre int\u00e9gr\u00e9es \u00e0 des murs, des fa\u00e7ades en aluminium, des v\u00e9randas et des vitrines construites selon les syst\u00e8mes MB-59S ou MB-59S \u00e0 battants. Les grandes portes coulissantes agrandissent visuellement l&#8217;espace de vie en cr\u00e9ant une continuit\u00e9 entre l&#8217;int\u00e9rieur et les terrasses ou jardins.<\/p>\n<p>Les syst\u00e8mes de portes coulissantes MB-Slide et MB-Slide ST offrent de vastes possibilit\u00e9s d&#8217;organisation int\u00e9rieure: les dimensions maximales des portes sont: hauteur 2600 mm, largeur 1800 mm, poids maximal 160 kg, disponibles en trois variantes de cadre diff\u00e9rentes: de 2 \u00e0 6 modules. Le syst\u00e8me permet l&#8217;utilisation de verre jusqu&#8217;\u00e0 26 mm d&#8217;\u00e9paisseur. Gr\u00e2ce \u00e0 l&#8217;utilisation de cales thermiques en plastique, une isolation ad\u00e9quate des profil\u00e9s en aluminium est obtenue, tandis que les joints brosse ou en TPE ainsi que les joints d&#8217;\u00e9tanch\u00e9it\u00e9 EPDM permettent d&#8217;obtenir une \u00e9tanch\u00e9it\u00e9 excellente de la structure.<\/p>\n<p>La profondeur du profil de l&#8217;ouvrant est de 37 mm (sauf pour les profils horizontaux du syst\u00e8me MB-Slide ST), et les profils du dormant sont respectivement de 50 mm (2 rails) et 97 mm (3 rails). Cette m\u00eame profondeur des profils \u00e0 2 rails du dormant du syst\u00e8me MB-Slide ainsi que des profils de dormant des fen\u00eatres et portes des syst\u00e8mes MB-59S, MB-59S \u00e0 battants, MB-59S pivotantes et MB-59SE permet une connexion directe des produits construits selon ces syst\u00e8mes. Les profils de dormant d&#8217;une profondeur autre que 50 mm peuvent \u00eatre connect\u00e9s entre eux \u00e0 l&#8217;aide d&#8217;un poteau interm\u00e9diaire renforc\u00e9 sp\u00e9cifique.<\/p>\n<p>Les principales diff\u00e9rences entre les syst\u00e8mes MB-Slide et MB-Slide ST r\u00e9sident dans la forme des profils d&#8217;ouvrant ainsi que dans la technologie de production et le syst\u00e8me de vitrage. Dans le syst\u00e8me MB-Slide, les profils d&#8217;ouvrant sont des profils \u00e0 3 chambres coup\u00e9s \u00e0 un angle de 45\u00b0 et assembl\u00e9s \u00e0 l&#8217;aide d&#8217;angles appropri\u00e9s, qui sont ensuite serr\u00e9s. Le vitrage est mont\u00e9 dans le cadre de l&#8217;ouvrant \u00e0 l&#8217;aide de listels et de joints d&#8217;\u00e9tanch\u00e9it\u00e9. Dans le syst\u00e8me MB-Slide ST, les profils d&#8217;ouvrant sont monocam\u00e9raux et sont assembl\u00e9s les uns aux autres apr\u00e8s la fixation des profils verticaux et horizontaux \u00e0 l&#8217;aide de vis sp\u00e9ciales. Le vitrage est mont\u00e9 apr\u00e8s la fixation des profils d&#8217;ouvrant.<\/p>\n<p>Les deux syst\u00e8mes de portes coulissantes se caract\u00e9risent par une grande compatibilit\u00e9 avec d&#8217;autres syst\u00e8mes propos\u00e9s par la soci\u00e9t\u00e9 ALUPROF S.A., permettant l&#8217;utilisation de nombreux profils, accessoires et processus technologiques interchangeables. Tous les composants des syst\u00e8mes de portes coulissantes sont conformes aux r\u00e9glementations, normes et standards en vigueur.<\/p>\n<\/div>\n                    <\/div>\n                <\/div>\n            <\/div>\n        <\/div>\n    <\/div>\n\n<\/section>\n\n\n\n<section id=\"\" class=\"files_block image_tabs acf-block  acf-block-id-block_c71acbb994cd6061ee467d14e173301f acf-block--mb acf-block--mt\">\n\n    <div class=\"container\">\n        <div class=\"row\">\n            <div class=\"col-12 col-md-10 offset-md-1\">\n\n                            \n\n\n\n                                    <div data-tabs class=\"files_block__tabs\">\n                        <div data-tabs-container class=\"files_block__tabs__buttons\"><\/div>\n                        \n                            <div data-tab=\"Sections\" class=\"image_tabs__content\">\n\n                                <div class=\"row\">\n\n                                                                            \n                                                                                    <a href=\"https:\/\/fintecnic.eu\/app\/uploads\/2023\/10\/pvc-alluminio-fintecnic-lodz-italia-finestre-finestre-dalla-polonia-aluprof_mb_slide_sistema_scorrevole-sezione.jpg\" data-fancybox=\"tab-0\" data-caption=\"\" class=\"col-12 image_tabs__content__item\">\n                                                <figure>\n                                                    <img decoding=\"async\" src=\"https:\/\/fintecnic.eu\/app\/uploads\/2023\/10\/pvc-alluminio-fintecnic-lodz-italia-finestre-finestre-dalla-polonia-aluprof_mb_slide_sistema_scorrevole-sezione.jpg\" alt=\"\">\n                                                    <figcaption><\/figcaption>\n                                                <\/figure>\n                                            <\/a>\n                                        \n                                    \n                                    \n                                                                    <\/div>\n\n\n                            <\/div>\n\n                        \n                            <div data-tab=\"Fichiers\" class=\"image_tabs__content\">\n\n                                <div class=\"row\">\n\n                                                                            \n                                        \n                                            <a href=\"https:\/\/fintecnic.eu\/app\/uploads\/2023\/10\/pvc-alluminio-fintecnic-lodz-italia-finestre-finestre-dalla-polonia-aluprof_mb_slide_sistema_scorrevole_volantino.pdf\" data-fancybox=\"tab-1\" data-caption=\"\" class=\"col-12 col-sm-6 col-md-4 image_tabs__content__item\">\n                                                <figure>\n                                                    <img decoding=\"async\" src=\"https:\/\/fintecnic.eu\/app\/uploads\/2023\/10\/pvc-alluminio-fintecnic-lodz-italia-finestre-finestre-dalla-polonia-aluprof_mb_slide_sistema_scorrevole_volantino-500x259-c-default.pdf\" alt=\"\">\n                                                    <figcaption><\/figcaption>\n                                                <\/figure>\n                                            <\/a>\n                                        \n                                    \n                                    \n                                                                    <\/div>\n\n\n                            <\/div>\n\n                                            <\/div>\n                \n\n            <\/div>\n        <\/div>\n    <\/div>\n\n<\/section>\n\n","protected":false},"excerpt":{"rendered":"","protected":false},"author":3,"featured_media":5166,"parent":6705,"menu_order":0,"comment_status":"closed","ping_status":"closed","template":"pages\/product-single.php","meta":[],"acf":[],"_links":{"self":[{"href":"https:\/\/fintecnic.eu\/fr\/wp-json\/wp\/v2\/pages\/6707"}],"collection":[{"href":"https:\/\/fintecnic.eu\/fr\/wp-json\/wp\/v2\/pages"}],"about":[{"href":"https:\/\/fintecnic.eu\/fr\/wp-json\/wp\/v2\/types\/page"}],"author":[{"embeddable":true,"href":"https:\/\/fintecnic.eu\/fr\/wp-json\/wp\/v2\/users\/3"}],"replies":[{"embeddable":true,"href":"https:\/\/fintecnic.eu\/fr\/wp-json\/wp\/v2\/comments?post=6707"}],"version-history":[{"count":3,"href":"https:\/\/fintecnic.eu\/fr\/wp-json\/wp\/v2\/pages\/6707\/revisions"}],"predecessor-version":[{"id":6710,"href":"https:\/\/fintecnic.eu\/fr\/wp-json\/wp\/v2\/pages\/6707\/revisions\/6710"}],"up":[{"embeddable":true,"href":"https:\/\/fintecnic.eu\/fr\/wp-json\/wp\/v2\/pages\/6705"}],"wp:featuredmedia":[{"embeddable":true,"href":"https:\/\/fintecnic.eu\/fr\/wp-json\/wp\/v2\/media\/5166"}],"wp:attachment":[{"href":"https:\/\/fintecnic.eu\/fr\/wp-json\/wp\/v2\/media?parent=6707"}],"curies":[{"name":"wp","href":"https:\/\/api.w.org\/{rel}","templated":true}]}}