{"id":6705,"date":"2021-07-06T07:26:02","date_gmt":"2021-07-06T05:26:02","guid":{"rendered":"https:\/\/fintecnic.eu\/?page_id=6705"},"modified":"2024-03-29T10:29:29","modified_gmt":"2024-03-29T09:29:29","slug":"fenetres-en-aluminium","status":"publish","type":"page","link":"https:\/\/fintecnic.eu\/fr\/fenetres\/fenetres-en-aluminium\/","title":{"rendered":"Fen\u00eatres en aluminium"},"content":{"rendered":"\n<h2 class=\"wp-block-heading\">Fen\u00eatre en aluminium &#8211; technologie moderne, qualit\u00e9 sup\u00e9rieure<\/h2>\n\n\n\n<p>Pour beaucoup de gens, les fen\u00eatres en aluminium sont souvent associ\u00e9es uniquement aux grands b\u00e2timents modernistes. Cependant, le nombre de partisans des fen\u00eatres en aluminium pour les appartements ne cesse d&#8217;augmenter, et gr\u00e2ce aux technologies modernes de leur fabrication, ce sont des fen\u00eatres en aluminium \u00e0 isolation thermique. Cela change la perception ant\u00e9rieure selon laquelle il s&#8217;agissait d&#8217;un syst\u00e8me froid. Elles s&#8217;int\u00e8grent parfaitement aux crit\u00e8res de la construction \u00e0 haute efficacit\u00e9 \u00e9nerg\u00e9tique et passive, r\u00e9duisant ainsi \u00e9galement les co\u00fbts de chauffage en tant que fen\u00eatres en aluminium pour la maison.<\/p>\n\n\n\n<h2 class=\"wp-block-heading\">Structure et caract\u00e9ristiques des fen\u00eatres en aluminium<\/h2>\n\n\n\n<p>Les fen\u00eatres en aluminium actuellement produites diff\u00e8rent consid\u00e9rablement de celles que nous connaissions par le pass\u00e9. Gr\u00e2ce \u00e0 l&#8217;utilisation des technologies les plus r\u00e9centes et de mat\u00e9riaux d&#8217;isolation de haute qualit\u00e9, elles poss\u00e8dent d&#8217;excellentes propri\u00e9t\u00e9s d&#8217;isolation thermique. En utilisant des ruptures thermiques avec de la fibre de verre et des espaces combl\u00e9s de poly\u00e9thyl\u00e8ne ou d&#8217;a\u00e9rogel, elles sont extr\u00eamement \u00e9tanches \u00e0 l&#8217;air et \u00e9co\u00e9nerg\u00e9tiques. Le coefficient de transfert de chaleur dans les fen\u00eatres en aluminium peut \u00eatre aussi bas que 0,8 [W\/m2K], ce qui en fait un choix id\u00e9al pour la construction \u00e9co\u00e9nerg\u00e9tique et passive. Pour ceux qui souhaitent renforcer la s\u00e9curit\u00e9, nous recommandons des accessoires suppl\u00e9mentaires offrant une protection accrue, tels que des poign\u00e9es anti-effraction ou des serrures.<\/p>\n\n\n\n<figure class=\"wp-block-table\"><table><tbody><tr><td>FinTecnic propose des fen\u00eatres en aluminium \u00e0 simple et triple vitrage. La fen\u00eatre aluminium standard de la s\u00e9rie Superial est un mod\u00e8le de base qui, gr\u00e2ce \u00e0 ses deux joints d&#8217;\u00e9tanch\u00e9it\u00e9 et \u00e0 ses excellentes performances d&#8217;\u00e9tanch\u00e9it\u00e9 \u00e0 l&#8217;eau, constitue une option id\u00e9ale pour les fen\u00eatres \u00e9co\u00e9nerg\u00e9tiques. Une autre variante est repr\u00e9sent\u00e9e par les fen\u00eatres aluminium Retro, qui ressemblent aux fen\u00eatres en bois. Elles se caract\u00e9risent par une meilleure isolation acoustique et un faible coefficient de transmission thermique<\/td><\/tr><\/tbody><\/table><\/figure>\n\n\n\n<h2 class=\"wp-block-heading\">Fen\u00eatres en aluminium &#8211; les grandes vitres ne leur font pas peur<\/h2>\n\n\n\n<p>Une caract\u00e9ristique unique des fen\u00eatres \u00e0 profil\u00e9s en aluminium est leur grande r\u00e9sistance et leur stabilit\u00e9 remarquable. Gr\u00e2ce \u00e0 ces fen\u00eatres, nous avons la possibilit\u00e9 de cr\u00e9er des fen\u00eatres ou des baies vitr\u00e9es en aluminium spectaculaires. Les grandes cadres de fen\u00eatres peuvent cr\u00e9er des fen\u00eatres mesurant jusqu&#8217;\u00e0 170 x 290 cm. L&#8217;aluminium se distingue \u00e9galement par sa l\u00e9g\u00e8ret\u00e9, son excellente mall\u00e9abilit\u00e9 et sa r\u00e9sistance \u00e0 la corrosion.<\/p>\n\n\n\n<h2 class=\"wp-block-heading\">Vous pouvez choisir parmi une vari\u00e9t\u00e9 de couleurs et de formes.<\/h2>\n\n\n\n<p>En tant que fabricant de fen\u00eatres en aluminium en Pologne, nous avons pr\u00e9par\u00e9 une large gamme de mod\u00e8les parmi lesquels choisir. Un autre avantage ind\u00e9niable de ces fen\u00eatres est la possibilit\u00e9 de les fa\u00e7onner selon vos d\u00e9sirs. Notre gamme comprend des fen\u00eatres en aluminium rectangulaires, carr\u00e9es et m\u00eame rondes. Ces formes conf\u00e8rent aux fen\u00eatres une esth\u00e9tique, une repr\u00e9sentativit\u00e9 et une \u00e9l\u00e9gance remarquables. Notre fabricant de fen\u00eatres en aluminium propose \u00e9galement des fen\u00eatres arqu\u00e9es, devenant de belles pi\u00e8ces d\u00e9coratives pour les espaces int\u00e9rieurs.<\/p>\n\n\n\n<p>Il est \u00e9galement possible de fabriquer des profil\u00e9s bicolores &#8211; avec une couleur diff\u00e9rente \u00e0 l&#8217;ext\u00e9rieur et \u00e0 l&#8217;int\u00e9rieur, et m\u00eame de choisir leur structure &#8211; mate, brillante ou m\u00e9tallis\u00e9e. Un avantage ind\u00e9niable des cadres en aluminium est leur facilit\u00e9 d&#8217;entretien &#8211; ils ne n\u00e9cessitent pas de maintenance et se nettoient facilement avec des d\u00e9tergents courants.<\/p>\n\n\n\n<h2 class=\"wp-block-heading\">Jardin d&#8217;hiver en aluminium &#8211; un coin de verdure en toute saison<\/h2>\n\n\n\n<p>Un jardin d&#8217;hiver est un espace cr\u00e9\u00e9 sp\u00e9cialement pour les personnes qui, m\u00eame en hiver, ne veulent pas s&#8217;isoler de la verdure et aiment s&#8217;entourer de plantes. Cette pi\u00e8ce ne doit cependant pas \u00eatre enti\u00e8rement remplie: elle peut tout aussi bien servir de bureau \u00e0 domicile, de salle \u00e0 manger ou de coin de m\u00e9ditation. Les profil\u00e9s en aluminium sont les mieux adapt\u00e9s aux jardins d&#8217;hiver, d&#8217;o\u00f9 le terme de jardin d&#8217;hiver en aluminium.<\/p>\n\n\n\n<p>Les fen\u00eatres en aluminium sont id\u00e9ales pour un jardin d&#8217;hiver pour de nombreuses raisons: elles sont r\u00e9sistantes \u00e0 l&#8217;humidit\u00e9, aux fluctuations de temp\u00e9rature, \u00e0 la d\u00e9formation et \u00e0 la rouille. Leur faible poids les rend faciles \u00e0 installer et leur grande r\u00e9sistance permet d&#8217;utiliser des profil\u00e9s \u00e9troits, gr\u00e2ce auxquels la surface vitr\u00e9e est plus grande et la structure acquiert une forme moderniste et \u00e9lanc\u00e9e.<\/p>\n\n\n\n<h2 class=\"wp-block-heading\">Fen\u00eatres en aluminium &#8211; exemples d&#8217;utilisations<\/h2>\n\n\n\n<ul>\n<li>Fen\u00eatres en aluminium pour jardins d&#8217;hiver<\/li>\n\n\n\n<li>Fen\u00eatres de terrasse en aluminium<\/li>\n\n\n\n<li>Fen\u00eatres coulissantes en aluminium pour le jardin<\/li>\n\n\n\n<li>Fen\u00eatres en aluminium anti-effraction dans les magasins<\/li>\n\n\n\n<li>Fen\u00eatres en aluminium dans les b\u00e2timents publics (bureaux, institutions)<\/li>\n\n\n\n<li>Fen\u00eatres en aluminium dans les b\u00e2timents modernes (h\u00f4tels, immeubles de bureaux)<\/li>\n<\/ul>\n\n\n\n<h2 class=\"wp-block-heading\">Prix des fen\u00eatres en aluminium<\/h2>\n\n\n\n<p>Les prix des fen\u00eatres en aluminium ne sont pas parmi les plus bas. Les fen\u00eatres en PVC sont les moins ch\u00e8res sur le march\u00e9, les fen\u00eatres en bois co\u00fbtent environ 30 \u00e0 40% de plus, tandis que les fen\u00eatres en aluminium sont d\u00e9j\u00e0 de 50 \u00e0 70% plus ch\u00e8res. Ce ne sont cependant que des chiffres approximatifs, car le prix des fen\u00eatres en aluminium en Pologne d\u00e9pend de nombreux facteurs tels que la taille de la fen\u00eatre en aluminium, la technologie de fabrication des vitrages, la m\u00e9thode de remplissage des profil\u00e9s, les caract\u00e9ristiques de la fen\u00eatre ou une commande individuelle pour une forme atypique. Il n&#8217;est cependant pas recommand\u00e9 de l\u00e9siner sur la qualit\u00e9 \u00e9lev\u00e9e &#8211; cela signifie les meilleurs mat\u00e9riaux, une durabilit\u00e9 maximale, un fonctionnement sans faille et sans probl\u00e8me pendant de nombreuses ann\u00e9es!<\/p>\n\n\n\n<h2 class=\"wp-block-heading\">Fabricant de fen\u00eatres en aluminium FinTecnic<\/h2>\n\n\n\n<p>FinTecnic est l&#8217;un des principaux fabricants de fen\u00eatres en aluminium en Pologne. Il propose des produits de la plus haute qualit\u00e9 utilisant les solutions technologiques les plus r\u00e9centes. Chaque produit allie fonctionnalit\u00e9, fiabilit\u00e9 et esth\u00e9tique. FinTecnic accorde une attention particuli\u00e8re \u00e0 la menuiserie en aluminium, qui poss\u00e8de un \u00e9norme potentiel et est de plus en plus populaire. La soci\u00e9t\u00e9 peut se vanter de milliers de clients satisfaits, que ce soit avec des fen\u00eatres en aluminium pour l&#8217;int\u00e9rieur des maisons ou des fen\u00eatres en aluminium profil\u00e9es pour les h\u00f4tels ou les gratte-ciel.<\/p>\n","protected":false},"excerpt":{"rendered":"<p>Fen\u00eatre en aluminium &#8211; technologie moderne, qualit\u00e9 sup\u00e9rieure Pour beaucoup de gens, les fen\u00eatres en aluminium sont souvent associ\u00e9es uniquement aux grands b\u00e2timents modernistes. Cependant, le nombre de partisans des fen\u00eatres en aluminium pour les appartements ne cesse d&#8217;augmenter, et gr\u00e2ce aux technologies modernes de leur fabrication, ce sont des fen\u00eatres en aluminium \u00e0 isolation [&hellip;]<\/p>\n","protected":false},"author":3,"featured_media":2722,"parent":5890,"menu_order":4,"comment_status":"closed","ping_status":"closed","template":"pages\/product-category.php","meta":[],"acf":[],"_links":{"self":[{"href":"https:\/\/fintecnic.eu\/fr\/wp-json\/wp\/v2\/pages\/6705"}],"collection":[{"href":"https:\/\/fintecnic.eu\/fr\/wp-json\/wp\/v2\/pages"}],"about":[{"href":"https:\/\/fintecnic.eu\/fr\/wp-json\/wp\/v2\/types\/page"}],"author":[{"embeddable":true,"href":"https:\/\/fintecnic.eu\/fr\/wp-json\/wp\/v2\/users\/3"}],"replies":[{"embeddable":true,"href":"https:\/\/fintecnic.eu\/fr\/wp-json\/wp\/v2\/comments?post=6705"}],"version-history":[{"count":1,"href":"https:\/\/fintecnic.eu\/fr\/wp-json\/wp\/v2\/pages\/6705\/revisions"}],"predecessor-version":[{"id":6706,"href":"https:\/\/fintecnic.eu\/fr\/wp-json\/wp\/v2\/pages\/6705\/revisions\/6706"}],"up":[{"embeddable":true,"href":"https:\/\/fintecnic.eu\/fr\/wp-json\/wp\/v2\/pages\/5890"}],"wp:featuredmedia":[{"embeddable":true,"href":"https:\/\/fintecnic.eu\/fr\/wp-json\/wp\/v2\/media\/2722"}],"wp:attachment":[{"href":"https:\/\/fintecnic.eu\/fr\/wp-json\/wp\/v2\/media?parent=6705"}],"curies":[{"name":"wp","href":"https:\/\/api.w.org\/{rel}","templated":true}]}}