{"id":6701,"date":"2021-07-06T13:03:59","date_gmt":"2021-07-06T11:03:59","guid":{"rendered":"https:\/\/fintecnic.eu\/?page_id=6701"},"modified":"2024-03-29T09:58:53","modified_gmt":"2024-03-29T08:58:53","slug":"systeme-vertical","status":"publish","type":"page","link":"https:\/\/fintecnic.eu\/fr\/fenetres\/fenetres-en-bois\/systeme-vertical\/","title":{"rendered":"Syst\u00e8me Vertical"},"content":{"rendered":"<section id=\"\" class=\"side_image acf-block  acf-block-id-block_b264323c5b7ad2a1dc40314e442299ce acf-block--mb acf-block--mt\">\n        <div class=\"container\">\n        <div class=\"row side_image__row\">\n            <div class=\"col-12 col-lg-10 offset-lg-1\">\n                <div class=\"row\">\n                    <div class=\"col-12 col-md-4 \">\n                        <img decoding=\"async\" class=\"side_image__img\" src=\"https:\/\/fintecnic.eu\/app\/uploads\/2021\/07\/finestra-in-legno-verticale-modello.webp\" alt=\"\" loading=\"lazy\">\n                    <\/div>\n                    <div class=\"col-12 col-md-8 \">\n                        <div class=\"side_image__description description\"><p>Ce syst\u00e8me particulier permet une ouverture verticale totalement polyvalente, r\u00e9solvant ainsi les probl\u00e8mes li\u00e9s \u00e0 la taille, \u00e0 la robustesse, \u00e0 la s\u00e9curit\u00e9 et au design, qui sont actuellement essentiels dans l&#8217;architecture moderne. Les fen\u00eatres \u00e0 ouverture verticale sont tr\u00e8s populaires sur le march\u00e9 britannique.<\/p>\n<ul>\n<li>Syst\u00e8me coulissant haut-bas<\/li>\n<li>Contrepoids traditionnels en fonte ou ressorts<\/li>\n<li>\u00c9maux \u00e9cologiques et r\u00e9sistants \u00e0 l&#8217;eau<\/li>\n<\/ul>\n<\/div>\n                    <\/div>\n                <\/div>\n            <\/div>\n        <\/div>\n    <\/div>\n\n<\/section>\n\n","protected":false},"excerpt":{"rendered":"","protected":false},"author":3,"featured_media":3180,"parent":6669,"menu_order":0,"comment_status":"closed","ping_status":"closed","template":"pages\/product-single.php","meta":[],"acf":[],"_links":{"self":[{"href":"https:\/\/fintecnic.eu\/fr\/wp-json\/wp\/v2\/pages\/6701"}],"collection":[{"href":"https:\/\/fintecnic.eu\/fr\/wp-json\/wp\/v2\/pages"}],"about":[{"href":"https:\/\/fintecnic.eu\/fr\/wp-json\/wp\/v2\/types\/page"}],"author":[{"embeddable":true,"href":"https:\/\/fintecnic.eu\/fr\/wp-json\/wp\/v2\/users\/3"}],"replies":[{"embeddable":true,"href":"https:\/\/fintecnic.eu\/fr\/wp-json\/wp\/v2\/comments?post=6701"}],"version-history":[{"count":3,"href":"https:\/\/fintecnic.eu\/fr\/wp-json\/wp\/v2\/pages\/6701\/revisions"}],"predecessor-version":[{"id":6704,"href":"https:\/\/fintecnic.eu\/fr\/wp-json\/wp\/v2\/pages\/6701\/revisions\/6704"}],"up":[{"embeddable":true,"href":"https:\/\/fintecnic.eu\/fr\/wp-json\/wp\/v2\/pages\/6669"}],"wp:featuredmedia":[{"embeddable":true,"href":"https:\/\/fintecnic.eu\/fr\/wp-json\/wp\/v2\/media\/3180"}],"wp:attachment":[{"href":"https:\/\/fintecnic.eu\/fr\/wp-json\/wp\/v2\/media?parent=6701"}],"curies":[{"name":"wp","href":"https:\/\/api.w.org\/{rel}","templated":true}]}}