{"id":6686,"date":"2021-07-06T13:07:43","date_gmt":"2021-07-06T11:07:43","guid":{"rendered":"https:\/\/fintecnic.eu\/?page_id=6686"},"modified":"2024-03-29T09:23:58","modified_gmt":"2024-03-29T08:23:58","slug":"systeme-retro-iv68","status":"publish","type":"page","link":"https:\/\/fintecnic.eu\/fr\/fenetres\/fenetres-en-bois\/systeme-retro-iv68\/","title":{"rendered":"Syst\u00e8me r\u00e9tro IV68"},"content":{"rendered":"<section id=\"\" class=\"side_image acf-block  acf-block-id-block_279df81f8659a007a2cbf297b460cf67 acf-block--mb acf-block--mt\">\n        <div class=\"container\">\n        <div class=\"row side_image__row\">\n            <div class=\"col-12 col-lg-10 offset-lg-1\">\n                <div class=\"row\">\n                    <div class=\"col-12 col-md-4 \">\n                        <img decoding=\"async\" class=\"side_image__img\" src=\"https:\/\/fintecnic.eu\/app\/uploads\/2021\/07\/finestra-in-legno-iv68-retro.webp\" alt=\"\" loading=\"lazy\">\n                    <\/div>\n                    <div class=\"col-12 col-md-8 \">\n                        <div class=\"side_image__description description\"><p>Le syst\u00e8me IV 68 mod\u00e8le R\u00e9tro conserve l&#8217;apparence typique des fen\u00eatres du XIXe si\u00e8cle. Une \u00e9paisseur de profil de 68 mm garantit \u00e9galement une excellente \u00e9tanch\u00e9it\u00e9 \u00e0 l&#8217;air et \u00e0 l&#8217;eau. Les fen\u00eatres de la s\u00e9rie R\u00e9tro sont souvent install\u00e9es dans des b\u00e2timents historiques et des villas.<\/p>\n<ul>\n<li>Syst\u00e8me \u00e0 2 joints d&#8217;\u00e9tanch\u00e9it\u00e9<\/li>\n<li>Style r\u00e9tro<\/li>\n<li>Largueur du cadre : 68 mm<\/li>\n<li>Bordure thermique sur le cadre<\/li>\n<\/ul>\n<\/div>\n                    <\/div>\n                <\/div>\n            <\/div>\n        <\/div>\n    <\/div>\n\n<\/section>\n\n","protected":false},"excerpt":{"rendered":"","protected":false},"author":3,"featured_media":3154,"parent":6669,"menu_order":0,"comment_status":"closed","ping_status":"closed","template":"pages\/product-single.php","meta":[],"acf":[],"_links":{"self":[{"href":"https:\/\/fintecnic.eu\/fr\/wp-json\/wp\/v2\/pages\/6686"}],"collection":[{"href":"https:\/\/fintecnic.eu\/fr\/wp-json\/wp\/v2\/pages"}],"about":[{"href":"https:\/\/fintecnic.eu\/fr\/wp-json\/wp\/v2\/types\/page"}],"author":[{"embeddable":true,"href":"https:\/\/fintecnic.eu\/fr\/wp-json\/wp\/v2\/users\/3"}],"replies":[{"embeddable":true,"href":"https:\/\/fintecnic.eu\/fr\/wp-json\/wp\/v2\/comments?post=6686"}],"version-history":[{"count":2,"href":"https:\/\/fintecnic.eu\/fr\/wp-json\/wp\/v2\/pages\/6686\/revisions"}],"predecessor-version":[{"id":6688,"href":"https:\/\/fintecnic.eu\/fr\/wp-json\/wp\/v2\/pages\/6686\/revisions\/6688"}],"up":[{"embeddable":true,"href":"https:\/\/fintecnic.eu\/fr\/wp-json\/wp\/v2\/pages\/6669"}],"wp:featuredmedia":[{"embeddable":true,"href":"https:\/\/fintecnic.eu\/fr\/wp-json\/wp\/v2\/media\/3154"}],"wp:attachment":[{"href":"https:\/\/fintecnic.eu\/fr\/wp-json\/wp\/v2\/media?parent=6686"}],"curies":[{"name":"wp","href":"https:\/\/api.w.org\/{rel}","templated":true}]}}