{"id":6683,"date":"2021-07-06T13:05:35","date_gmt":"2021-07-06T11:05:35","guid":{"rendered":"https:\/\/fintecnic.eu\/?page_id=6683"},"modified":"2024-03-29T09:19:59","modified_gmt":"2024-03-29T08:19:59","slug":"systeme-iv-futura","status":"publish","type":"page","link":"https:\/\/fintecnic.eu\/fr\/fenetres\/fenetres-en-bois\/systeme-iv-futura\/","title":{"rendered":"Syst\u00e8me IV Futura"},"content":{"rendered":"<section id=\"\" class=\"side_image acf-block  acf-block-id-block_0a9a45331d43afbbc8a8b1da87a04036 acf-block--mb acf-block--mt\">\n        <div class=\"container\">\n        <div class=\"row side_image__row\">\n            <div class=\"col-12 col-lg-10 offset-lg-1\">\n                <div class=\"row\">\n                    <div class=\"col-12 col-md-4 \">\n                        <img decoding=\"async\" class=\"side_image__img\" src=\"https:\/\/fintecnic.eu\/app\/uploads\/2021\/07\/finestra-in-legno-iv-futura.webp\" alt=\"\" loading=\"lazy\">\n                    <\/div>\n                    <div class=\"col-12 col-md-8 \">\n                        <div class=\"side_image__description description\"><p>Profil Futura Plus est une version agrandie du syst\u00e8me IV 68. La construction de la fen\u00eatre du mod\u00e8le Plus est compos\u00e9e de 4 couches de bois. Gr\u00e2ce aux diff\u00e9rentes largeurs de profil : 78, 88 ou 92 mm, il est possible d&#8217;utiliser un double vitrage.<\/p>\n<ul>\n<li>Syst\u00e8me \u00e0 3 joints d&#8217;\u00e9tanch\u00e9it\u00e9<\/li>\n<li>Vitrages de 36 \u00e0 48 mm<\/li>\n<li>Largeurs disponibles : 78, 88, 92 mm<\/li>\n<li>Bordure thermique sur le vantail et le dormant<\/li>\n<\/ul>\n<\/div>\n                    <\/div>\n                <\/div>\n            <\/div>\n        <\/div>\n    <\/div>\n\n<\/section>\n\n","protected":false},"excerpt":{"rendered":"","protected":false},"author":3,"featured_media":3192,"parent":6669,"menu_order":0,"comment_status":"closed","ping_status":"closed","template":"pages\/product-single.php","meta":[],"acf":[],"_links":{"self":[{"href":"https:\/\/fintecnic.eu\/fr\/wp-json\/wp\/v2\/pages\/6683"}],"collection":[{"href":"https:\/\/fintecnic.eu\/fr\/wp-json\/wp\/v2\/pages"}],"about":[{"href":"https:\/\/fintecnic.eu\/fr\/wp-json\/wp\/v2\/types\/page"}],"author":[{"embeddable":true,"href":"https:\/\/fintecnic.eu\/fr\/wp-json\/wp\/v2\/users\/3"}],"replies":[{"embeddable":true,"href":"https:\/\/fintecnic.eu\/fr\/wp-json\/wp\/v2\/comments?post=6683"}],"version-history":[{"count":2,"href":"https:\/\/fintecnic.eu\/fr\/wp-json\/wp\/v2\/pages\/6683\/revisions"}],"predecessor-version":[{"id":6685,"href":"https:\/\/fintecnic.eu\/fr\/wp-json\/wp\/v2\/pages\/6683\/revisions\/6685"}],"up":[{"embeddable":true,"href":"https:\/\/fintecnic.eu\/fr\/wp-json\/wp\/v2\/pages\/6669"}],"wp:featuredmedia":[{"embeddable":true,"href":"https:\/\/fintecnic.eu\/fr\/wp-json\/wp\/v2\/media\/3192"}],"wp:attachment":[{"href":"https:\/\/fintecnic.eu\/fr\/wp-json\/wp\/v2\/media?parent=6683"}],"curies":[{"name":"wp","href":"https:\/\/api.w.org\/{rel}","templated":true}]}}