{"id":6679,"date":"2021-07-06T13:06:34","date_gmt":"2021-07-06T11:06:34","guid":{"rendered":"https:\/\/fintecnic.eu\/?page_id=6679"},"modified":"2024-03-29T09:18:30","modified_gmt":"2024-03-29T08:18:30","slug":"systeme-iv-francais","status":"publish","type":"page","link":"https:\/\/fintecnic.eu\/fr\/fenetres\/fenetres-en-bois\/systeme-iv-francais\/","title":{"rendered":"Syst\u00e8me IV Fran\u00e7ais"},"content":{"rendered":"<section id=\"\" class=\"side_image acf-block  acf-block-id-block_e5733e4fd28782191a70eef84c2d9ad5 acf-block--mb acf-block--mt\">\n        <div class=\"container\">\n        <div class=\"row side_image__row\">\n            <div class=\"col-12 col-lg-10 offset-lg-1\">\n                <div class=\"row\">\n                    <div class=\"col-12 col-md-4 \">\n                        <img decoding=\"async\" class=\"side_image__img\" src=\"https:\/\/fintecnic.eu\/app\/uploads\/2021\/07\/finestra-in-legno-iv-francese-modello-parigi.webp\" alt=\"\" loading=\"lazy\">\n                    <\/div>\n                    <div class=\"col-12 col-md-8 \">\n                        <div class=\"side_image__description description\"><p>Les fen\u00eatres en bois de la s\u00e9rie Parigi sont fabriqu\u00e9es selon le syst\u00e8me fran\u00e7ais. Une \u00e9paisseur de profil de 68 mm garantit d&#8217;excellentes performances structurelles. Les caract\u00e9ristiques esth\u00e9tiques tr\u00e8s sp\u00e9cifiques des fen\u00eatres de la s\u00e9rie Belgio rendent ce produit tr\u00e8s populaire en Belgique, aux Pays-Bas et en France. Dans ce type de fen\u00eatres, les appuis en aluminium sont remplac\u00e9s par des appuis enti\u00e8rement en bois.<\/p>\n<ul>\n<li>Syst\u00e8me \u00e0 2 joints d&#8217;\u00e9tanch\u00e9it\u00e9<\/li>\n<li>3 couches de bois<\/li>\n<li>Largueur du cadre : 68 mm<\/li>\n<li>Appuis en bois<\/li>\n<\/ul>\n<\/div>\n                    <\/div>\n                <\/div>\n            <\/div>\n        <\/div>\n    <\/div>\n\n<\/section>\n\n","protected":false},"excerpt":{"rendered":"","protected":false},"author":3,"featured_media":3170,"parent":6669,"menu_order":0,"comment_status":"closed","ping_status":"closed","template":"pages\/product-single.php","meta":[],"acf":[],"_links":{"self":[{"href":"https:\/\/fintecnic.eu\/fr\/wp-json\/wp\/v2\/pages\/6679"}],"collection":[{"href":"https:\/\/fintecnic.eu\/fr\/wp-json\/wp\/v2\/pages"}],"about":[{"href":"https:\/\/fintecnic.eu\/fr\/wp-json\/wp\/v2\/types\/page"}],"author":[{"embeddable":true,"href":"https:\/\/fintecnic.eu\/fr\/wp-json\/wp\/v2\/users\/3"}],"replies":[{"embeddable":true,"href":"https:\/\/fintecnic.eu\/fr\/wp-json\/wp\/v2\/comments?post=6679"}],"version-history":[{"count":3,"href":"https:\/\/fintecnic.eu\/fr\/wp-json\/wp\/v2\/pages\/6679\/revisions"}],"predecessor-version":[{"id":6682,"href":"https:\/\/fintecnic.eu\/fr\/wp-json\/wp\/v2\/pages\/6679\/revisions\/6682"}],"up":[{"embeddable":true,"href":"https:\/\/fintecnic.eu\/fr\/wp-json\/wp\/v2\/pages\/6669"}],"wp:featuredmedia":[{"embeddable":true,"href":"https:\/\/fintecnic.eu\/fr\/wp-json\/wp\/v2\/media\/3170"}],"wp:attachment":[{"href":"https:\/\/fintecnic.eu\/fr\/wp-json\/wp\/v2\/media?parent=6679"}],"curies":[{"name":"wp","href":"https:\/\/api.w.org\/{rel}","templated":true}]}}