{"id":6675,"date":"2021-07-06T13:02:19","date_gmt":"2021-07-06T11:02:19","guid":{"rendered":"https:\/\/fintecnic.eu\/?page_id=6675"},"modified":"2024-03-29T09:16:22","modified_gmt":"2024-03-29T08:16:22","slug":"systeme-anglais","status":"publish","type":"page","link":"https:\/\/fintecnic.eu\/fr\/fenetres\/fenetres-en-bois\/systeme-anglais\/","title":{"rendered":"Syst\u00e8me anglais"},"content":{"rendered":"<section id=\"\" class=\"side_image acf-block  acf-block-id-block_13b01149ac6b5e1fb35c7904a58dd1a2 acf-block--mb acf-block--mt\">\n        <div class=\"container\">\n        <div class=\"row side_image__row\">\n            <div class=\"col-12 col-lg-10 offset-lg-1\">\n                <div class=\"row\">\n                    <div class=\"col-12 col-md-4 \">\n                        <img decoding=\"async\" class=\"side_image__img\" src=\"https:\/\/fintecnic.eu\/app\/uploads\/2021\/07\/finestra-in-legno-inglese-modello.webp\" alt=\"\" loading=\"lazy\">\n                    <\/div>\n                    <div class=\"col-12 col-md-8 \">\n                        <div class=\"side_image__description description\"><p>Les fen\u00eatres London sont des fen\u00eatres classiques anglaises qui s&#8217;ouvrent vers l&#8217;ext\u00e9rieur. Cela permet d&#8217;\u00e9conomiser de l&#8217;espace utile. Ce type de fen\u00eatre est \u00e9galement populaire aux Pays-Bas. Leur caract\u00e8re peut \u00eatre mis en valeur avec des ajouts tels que des meneaux d\u00e9coratifs.<\/p>\n<ul>\n<li>Syst\u00e8me \u00e0 2 joints d&#8217;\u00e9tanch\u00e9it\u00e9<\/li>\n<li>Ouverture vers l&#8217;ext\u00e9rieur<\/li>\n<li>\u00c9maux \u00e9cologiques et imperm\u00e9ables \u00e0 l&#8217;eau<\/li>\n<\/ul>\n<\/div>\n                    <\/div>\n                <\/div>\n            <\/div>\n        <\/div>\n    <\/div>\n\n<\/section>\n\n","protected":false},"excerpt":{"rendered":"","protected":false},"author":3,"featured_media":3184,"parent":6669,"menu_order":0,"comment_status":"closed","ping_status":"closed","template":"pages\/product-single.php","meta":[],"acf":[],"_links":{"self":[{"href":"https:\/\/fintecnic.eu\/fr\/wp-json\/wp\/v2\/pages\/6675"}],"collection":[{"href":"https:\/\/fintecnic.eu\/fr\/wp-json\/wp\/v2\/pages"}],"about":[{"href":"https:\/\/fintecnic.eu\/fr\/wp-json\/wp\/v2\/types\/page"}],"author":[{"embeddable":true,"href":"https:\/\/fintecnic.eu\/fr\/wp-json\/wp\/v2\/users\/3"}],"replies":[{"embeddable":true,"href":"https:\/\/fintecnic.eu\/fr\/wp-json\/wp\/v2\/comments?post=6675"}],"version-history":[{"count":3,"href":"https:\/\/fintecnic.eu\/fr\/wp-json\/wp\/v2\/pages\/6675\/revisions"}],"predecessor-version":[{"id":6678,"href":"https:\/\/fintecnic.eu\/fr\/wp-json\/wp\/v2\/pages\/6675\/revisions\/6678"}],"up":[{"embeddable":true,"href":"https:\/\/fintecnic.eu\/fr\/wp-json\/wp\/v2\/pages\/6669"}],"wp:featuredmedia":[{"embeddable":true,"href":"https:\/\/fintecnic.eu\/fr\/wp-json\/wp\/v2\/media\/3184"}],"wp:attachment":[{"href":"https:\/\/fintecnic.eu\/fr\/wp-json\/wp\/v2\/media?parent=6675"}],"curies":[{"name":"wp","href":"https:\/\/api.w.org\/{rel}","templated":true}]}}