{"id":6647,"date":"2021-07-06T14:02:26","date_gmt":"2021-07-06T12:02:26","guid":{"rendered":"https:\/\/fintecnic.eu\/?page_id=6647"},"modified":"2024-03-29T08:33:22","modified_gmt":"2024-03-29T07:33:22","slug":"fenetres-coulissantes-smart-slide","status":"publish","type":"page","link":"https:\/\/fintecnic.eu\/fr\/fenetres\/fenetres-coulissantes-en-pvc\/fenetres-coulissantes-smart-slide\/","title":{"rendered":"Fen\u00eatres coulissantes Smart-Slide"},"content":{"rendered":"<section id=\"\" class=\"side_image acf-block  acf-block-id-block_2d8dc5ed6217f26a28ee4771c61cc581 acf-block--mb acf-block--mt\">\n        <div class=\"container\">\n        <div class=\"row side_image__row\">\n            <div class=\"col-12 col-lg-10 offset-lg-1\">\n                <div class=\"row\">\n                    <div class=\"col-12 col-md-4 \">\n                        <img decoding=\"async\" class=\"side_image__img\" src=\"https:\/\/fintecnic.eu\/app\/uploads\/2021\/07\/finestre-scorrevoli-smartslide.webp\" alt=\"\" loading=\"lazy\">\n                    <\/div>\n                    <div class=\"col-12 col-md-8 \">\n                        <div class=\"side_image__description description\"><p>Les portes coulissantes Aluplast Smart-Slide repr\u00e9sentent la derni\u00e8re technologie et la plus haute qualit\u00e9. Ce mod\u00e8le se distingue par sa facilit\u00e9 d&#8217;utilisation et sa fiabilit\u00e9, tandis que les solutions techniques utilis\u00e9es permettent d&#8217;atteindre des performances remarquables en termes d&#8217;\u00e9tanch\u00e9it\u00e9 \u00e0 l&#8217;eau, de perm\u00e9abilit\u00e9 \u00e0 l&#8217;air et de r\u00e9sistance aux vents.<\/p>\n<p>Un nouveau m\u00e9canisme r\u00e9volutionnaire permet une manipulation simple et intuitive. Les ferrures sp\u00e9ciales offrent une ouverture et une fermeture fluides des battants. De plus, ce nouveau m\u00e9canisme permet de gagner de l&#8217;espace, ce qui constitue un \u00e9norme avantage lorsque l&#8217;espace est limit\u00e9. Tout cela est rendu possible gr\u00e2ce \u00e0 l&#8217;application de nouvelles solutions de conception permettant l&#8217;ouverture des portes sans avoir besoin de les basculer, ce qui constitue une alternative int\u00e9ressante aux portes coulissantes levantes HST.<\/p>\n<p>La profondeur d&#8217;installation du battant est de 70 mm, tandis que celle du cadre est de 140 mm, offrant ainsi \u00e0 ces portes coulissantes une large gamme d&#8217;applications.<\/p>\n<p>Gr\u00e2ce \u00e0 sa conception innovante, les portes smart-slide permettent la cr\u00e9ation d&#8217;une structure vitr\u00e9e aux dimensions du battant de 1,5 m x 2,3 m. Les battants sont verrouill\u00e9s sur tout le pourtour, offrant une grande force de pression tout en maintenant une l\u00e9g\u00e8ret\u00e9 lors de l&#8217;ouverture et de la fermeture.<\/p>\n<p>En achetant nos portes Smart-Slide, vous pouvez \u00eatre assur\u00e9 de la plus haute qualit\u00e9 et d&#8217;une livraison rapide, ce qui, associ\u00e9 \u00e0 des prix avantageux, garantit la satisfaction continue de nos clients.<\/p>\n<\/div>\n                    <\/div>\n                <\/div>\n            <\/div>\n        <\/div>\n    <\/div>\n\n<\/section>\n\n\n\n<section id=\"\" class=\"title_description_image acf-block  acf-block-id-block_3397e6239843a1d1c66137da6ed55355 acf-block--mb acf-block--mt\">\n\n        \n    <div class=\"container\">\n        <div class=\"row\">\n            <div class=\"col-12 col-md-10 offset-md-1\">\n\n                <div class=\"title_description_image__heading\">\n                    <div class=\"title_description_image__heading__left\">\n\n                                \n\n\n                    <\/div>\n\n                                            <a href=\"#block_3397e6239843a1d1c66137da6ed55355\" class=\"title_description_image__heading__btn btn-oval-gray\"><i class=\"fal fa-arrow-down\"><\/i><\/a>\n                                    <\/div>\n\n            <\/div>\n        <\/div>\n\n                    <div class=\"row\">\n                <div class=\"col-12\">\n                    <div class=\"title_description_image__img\" id=\"block_3397e6239843a1d1c66137da6ed55355\">\n                                                <img decoding=\"async\" src=\"https:\/\/fintecnic.eu\/app\/uploads\/2023\/11\/pvc-alluminio-fintecnic-lodz-italia-finestre-finestre-dalla-polonia-finestre-scorrevoli-smart-slide-implementazione-scaled-1460x820-c-default.webp\" alt=\"\" loading=\"lazy\"\n                             srcset=\"\n                                    https:\/\/fintecnic.eu\/app\/uploads\/2023\/11\/pvc-alluminio-fintecnic-lodz-italia-finestre-finestre-dalla-polonia-finestre-scorrevoli-smart-slide-implementazione-scaled-365x205-c-default.webp 365w,\n                                    https:\/\/fintecnic.eu\/app\/uploads\/2023\/11\/pvc-alluminio-fintecnic-lodz-italia-finestre-finestre-dalla-polonia-finestre-scorrevoli-smart-slide-implementazione-scaled-730x410-c-default.webp 730w,\n                                    https:\/\/fintecnic.eu\/app\/uploads\/2023\/11\/pvc-alluminio-fintecnic-lodz-italia-finestre-finestre-dalla-polonia-finestre-scorrevoli-smart-slide-implementazione-scaled-1460x820-c-default.webp 1460w,\n                                    https:\/\/fintecnic.eu\/app\/uploads\/2023\/11\/pvc-alluminio-fintecnic-lodz-italia-finestre-finestre-dalla-polonia-finestre-scorrevoli-smart-slide-implementazione-scaled-2920x1640-c-default.webp 2920w\"\n                        >\n                    <\/div>\n                <\/div>\n            <\/div>\n            <\/div>\n\n<\/section>\n\n\n\n<section id=\"\" class=\"files_block image_tabs acf-block  acf-block-id-block_e30d01167f7a204381f2aa6f11fed6ef acf-block--mb acf-block--mt\">\n\n    <div class=\"container\">\n        <div class=\"row\">\n            <div class=\"col-12 col-md-10 offset-md-1\">\n\n                            \n\n\n\n                                    <div data-tabs class=\"files_block__tabs\">\n                        <div data-tabs-container class=\"files_block__tabs__buttons\"><\/div>\n                        \n                            <div data-tab=\"Galerie\" class=\"image_tabs__content\">\n\n                                <div class=\"row\">\n\n                                                                            \n                                                                                    <a href=\"https:\/\/fintecnic.eu\/app\/uploads\/2021\/07\/finestre-scorrevoli-smartslide-1.jpeg\" data-fancybox=\"tab-0\" data-caption=\"\" class=\"col-12 image_tabs__content__item\">\n                                                <figure>\n                                                    <img decoding=\"async\" src=\"https:\/\/fintecnic.eu\/app\/uploads\/2021\/07\/finestre-scorrevoli-smartslide-1.jpeg\" alt=\"\">\n                                                    <figcaption><\/figcaption>\n                                                <\/figure>\n                                            <\/a>\n                                        \n                                                                            \n                                                                                    <a href=\"https:\/\/fintecnic.eu\/app\/uploads\/2023\/10\/smart-slide-scorrevoli-chiuso-pvc-alluminio-fintecnic-lodz-italia-finestre-finestre-dalla-polonia.jpg\" data-fancybox=\"tab-0\" data-caption=\"\" class=\"col-12 image_tabs__content__item\">\n                                                <figure>\n                                                    <img decoding=\"async\" src=\"https:\/\/fintecnic.eu\/app\/uploads\/2023\/10\/smart-slide-scorrevoli-chiuso-pvc-alluminio-fintecnic-lodz-italia-finestre-finestre-dalla-polonia.jpg\" alt=\"\">\n                                                    <figcaption><\/figcaption>\n                                                <\/figure>\n                                            <\/a>\n                                        \n                                    \n                                    \n                                                                    <\/div>\n\n\n                            <\/div>\n\n                        \n                            <div data-tab=\"Sections\" class=\"image_tabs__content\">\n\n                                <div class=\"row\">\n\n                                                                            \n                                        \n                                            <a href=\"https:\/\/fintecnic.eu\/app\/uploads\/2021\/07\/smart-slide-sezione-2.jpeg\" data-fancybox=\"tab-1\" data-caption=\"\" class=\"col-12 col-sm-6 col-md-4 image_tabs__content__item\">\n                                                <figure>\n                                                    <img decoding=\"async\" src=\"https:\/\/fintecnic.eu\/app\/uploads\/2021\/07\/smart-slide-sezione-2-500x259-c-default.jpeg\" alt=\"\">\n                                                    <figcaption><\/figcaption>\n                                                <\/figure>\n                                            <\/a>\n                                        \n                                                                            \n                                        \n                                            <a href=\"https:\/\/fintecnic.eu\/app\/uploads\/2021\/07\/smart-slide-sezione.jpeg\" data-fancybox=\"tab-1\" data-caption=\"\" class=\"col-12 col-sm-6 col-md-4 image_tabs__content__item\">\n                                                <figure>\n                                                    <img decoding=\"async\" src=\"https:\/\/fintecnic.eu\/app\/uploads\/2021\/07\/smart-slide-sezione-500x259-c-default.jpeg\" alt=\"\">\n                                                    <figcaption><\/figcaption>\n                                                <\/figure>\n                                            <\/a>\n                                        \n                                                                            \n                                        \n                                            <a href=\"https:\/\/fintecnic.eu\/app\/uploads\/2021\/07\/sezione-tecnico-smartslide-finestre-dalla-polonia-fintecnic.jpeg\" data-fancybox=\"tab-1\" data-caption=\"\" class=\"col-12 col-sm-6 col-md-4 image_tabs__content__item\">\n                                                <figure>\n                                                    <img decoding=\"async\" src=\"https:\/\/fintecnic.eu\/app\/uploads\/2021\/07\/sezione-tecnico-smartslide-finestre-dalla-polonia-fintecnic-500x259-c-default.jpeg\" alt=\"\">\n                                                    <figcaption><\/figcaption>\n                                                <\/figure>\n                                            <\/a>\n                                        \n                                    \n                                    \n                                                                    <\/div>\n\n\n                            <\/div>\n\n                        \n                            <div data-tab=\"Fichiers\" class=\"image_tabs__content\">\n\n                                <div class=\"row\">\n\n                                    \n                                    \n                                                                            <div class=\"col-12\">\n\n                                            <div class=\"files_block__tabs__content\">\n\n                                                                                                    <a href=\"https:\/\/fintecnic.eu\/app\/uploads\/2023\/10\/folder-12s-smart-slide-pl-2022-02-1_63a2f82072b0e0_59809008.pdf\" download class=\"files_block__file\" aria-label=\"Pobierz T\u00e9l\u00e9charger la brochure\">\n                                                        <span class=\"files_block__file__title\">T\u00e9l\u00e9charger la brochure<\/span>\n                                                        <span class=\"files_block__file__download\">T\u00e9l\u00e9charger<\/span>\n                                                    <\/a>\n                                                \n                                            <\/div>\n\n                                        <\/div>\n                                                                    <\/div>\n\n\n                            <\/div>\n\n                                            <\/div>\n                \n\n            <\/div>\n        <\/div>\n    <\/div>\n\n<\/section>\n\n","protected":false},"excerpt":{"rendered":"","protected":false},"author":3,"featured_media":1356,"parent":6618,"menu_order":0,"comment_status":"closed","ping_status":"closed","template":"pages\/product-single.php","meta":[],"acf":[],"_links":{"self":[{"href":"https:\/\/fintecnic.eu\/fr\/wp-json\/wp\/v2\/pages\/6647"}],"collection":[{"href":"https:\/\/fintecnic.eu\/fr\/wp-json\/wp\/v2\/pages"}],"about":[{"href":"https:\/\/fintecnic.eu\/fr\/wp-json\/wp\/v2\/types\/page"}],"author":[{"embeddable":true,"href":"https:\/\/fintecnic.eu\/fr\/wp-json\/wp\/v2\/users\/3"}],"replies":[{"embeddable":true,"href":"https:\/\/fintecnic.eu\/fr\/wp-json\/wp\/v2\/comments?post=6647"}],"version-history":[{"count":3,"href":"https:\/\/fintecnic.eu\/fr\/wp-json\/wp\/v2\/pages\/6647\/revisions"}],"predecessor-version":[{"id":6650,"href":"https:\/\/fintecnic.eu\/fr\/wp-json\/wp\/v2\/pages\/6647\/revisions\/6650"}],"up":[{"embeddable":true,"href":"https:\/\/fintecnic.eu\/fr\/wp-json\/wp\/v2\/pages\/6618"}],"wp:featuredmedia":[{"embeddable":true,"href":"https:\/\/fintecnic.eu\/fr\/wp-json\/wp\/v2\/media\/1356"}],"wp:attachment":[{"href":"https:\/\/fintecnic.eu\/fr\/wp-json\/wp\/v2\/media?parent=6647"}],"curies":[{"name":"wp","href":"https:\/\/api.w.org\/{rel}","templated":true}]}}